{"id":131,"date":"2025-05-29T11:01:02","date_gmt":"2025-05-29T11:01:02","guid":{"rendered":"https:\/\/www.mutuacat.cat\/empresa\/?page_id=131"},"modified":"2026-01-07T08:13:37","modified_gmt":"2026-01-07T08:13:37","slug":"enginyeria","status":"publish","type":"page","link":"https:\/\/www.mutuacat.cat\/empresa\/prevencio\/enginyeria\/","title":{"rendered":"Enginyeria"},"content":{"rendered":"\t\t<div data-elementor-type=\"wp-page\" data-elementor-id=\"131\" class=\"elementor elementor-131\" data-elementor-post-type=\"page\">\n\t\t\t\t<div class=\"elementor-element elementor-element-2fed5ccc e-flex e-con-boxed e-con e-parent\" data-id=\"2fed5ccc\" data-element_type=\"container\" data-e-type=\"container\">\n\t\t\t\t\t<div class=\"e-con-inner\">\n\t\t<div class=\"elementor-element elementor-element-ebed0d7 e-con-full e-flex e-con e-child\" data-id=\"ebed0d7\" data-element_type=\"container\" data-e-type=\"container\">\n\t\t\t\t<div class=\"elementor-element elementor-element-5aaf1d4d elementor-widget elementor-widget-heading\" data-id=\"5aaf1d4d\" data-element_type=\"widget\" data-e-type=\"widget\" data-widget_type=\"heading.default\">\n\t\t\t\t<div class=\"elementor-widget-container\">\n\t\t\t\t\t<p class=\"elementor-heading-title elementor-size-default\">Prevenci\u00f3<\/p>\t\t\t\t<\/div>\n\t\t\t\t<\/div>\n\t\t\t\t<div class=\"elementor-element elementor-element-179fd73b elementor-widget elementor-widget-heading\" data-id=\"179fd73b\" data-element_type=\"widget\" data-e-type=\"widget\" data-widget_type=\"heading.default\">\n\t\t\t\t<div class=\"elementor-widget-container\">\n\t\t\t\t\t<h1 class=\"elementor-heading-title elementor-size-default\">Enginyeria aplicada a la prevenci\u00f3<\/h1>\t\t\t\t<\/div>\n\t\t\t\t<\/div>\n\t\t\t\t<\/div>\n\t\t<div class=\"elementor-element elementor-element-57e8ad9a e-con-full e-flex e-con e-child\" data-id=\"57e8ad9a\" data-element_type=\"container\" data-e-type=\"container\">\n\t\t<div class=\"elementor-element elementor-element-1b9cca44 e-con-full e-flex e-con e-child\" data-id=\"1b9cca44\" data-element_type=\"container\" data-e-type=\"container\">\n\t\t\t\t<div class=\"elementor-element elementor-element-f9f2e0c elementor-widget elementor-widget-heading\" data-id=\"f9f2e0c\" data-element_type=\"widget\" data-e-type=\"widget\" data-widget_type=\"heading.default\">\n\t\t\t\t<div class=\"elementor-widget-container\">\n\t\t\t\t\t<h2 class=\"elementor-heading-title elementor-size-default\">\nTecnologia, experi\u00e8ncia i comprom\u00eds per reduir riscos i millorar la salut laboral.<\/h2>\t\t\t\t<\/div>\n\t\t\t\t<\/div>\n\t\t\t\t<div class=\"elementor-element elementor-element-6eb4e891 elementor-widget elementor-widget-text-editor\" data-id=\"6eb4e891\" data-element_type=\"widget\" data-e-type=\"widget\" data-widget_type=\"text-editor.default\">\n\t\t\t\t<div class=\"elementor-widget-container\">\n\t\t\t\t\t\t\t\t\t<p>Molts aspectes importants de la prevenci\u00f3 de riscos laborals estan estretament vinculats amb l\u2019enginyeria. Entre ells, la seguretat de les m\u00e0quines i de les insta<span lang=\"en\"><span lang=\"es\">l\u00b7l<\/span><\/span>acions, el control del risc d\u2019incendi o explosi\u00f3, la seguretat en les obres de construcci\u00f3, el disseny dels llocs de treball, etc.<\/p><p>Tot plegat requereix una visi\u00f3 \u00e0mplia, que integri els coneixements del t\u00e8cnic de prevenci\u00f3 i els de l\u2019enginyer. L\u2019equip de Mutuacat compta amb professionals amb capacitaci\u00f3 i una amplia experi\u00e8ncia en ambdues facetes, l\u2019enginyeria i la prevenci\u00f3.<\/p>\t\t\t\t\t\t\t\t<\/div>\n\t\t\t\t<\/div>\n\t\t\t\t<\/div>\n\t\t<div class=\"elementor-element elementor-element-52c32167 e-con-full e-flex e-con e-child\" data-id=\"52c32167\" data-element_type=\"container\" data-e-type=\"container\" data-settings=\"{&quot;background_background&quot;:&quot;classic&quot;}\">\n\t\t\t\t<div class=\"elementor-element elementor-element-1f9412a elementor-cta--layout-image-left elementor-cta--valign-top sticky-element elementor-cta--skin-classic elementor-animated-content elementor-bg-transform elementor-bg-transform-zoom-in elementor-widget elementor-widget-global elementor-global-1325 elementor-widget-call-to-action\" data-id=\"1f9412a\" data-element_type=\"widget\" data-e-type=\"widget\" data-widget_type=\"call-to-action.default\">\n\t\t\t\t<div class=\"elementor-widget-container\">\n\t\t\t\t\t\t\t<div class=\"elementor-cta\">\n\t\t\t\t\t\t\t<div class=\"elementor-cta__content\">\n\t\t\t\t\t\t\t\t\t<div class=\"elementor-content-item elementor-cta__content-item elementor-icon-wrapper elementor-cta__icon elementor-view-default\">\n\t\t\t\t\t\t<div class=\"elementor-icon\">\n\t\t\t\t\t\t\t<svg aria-hidden=\"true\" class=\"e-font-icon-svg e-far-comments\" viewBox=\"0 0 576 512\" xmlns=\"http:\/\/www.w3.org\/2000\/svg\"><path d=\"M532 386.2c27.5-27.1 44-61.1 44-98.2 0-80-76.5-146.1-176.2-157.9C368.3 72.5 294.3 32 208 32 93.1 32 0 103.6 0 192c0 37 16.5 71 44 98.2-15.3 30.7-37.3 54.5-37.7 54.9-6.3 6.7-8.1 16.5-4.4 25 3.6 8.5 12 14 21.2 14 53.5 0 96.7-20.2 125.2-38.8 9.2 2.1 18.7 3.7 28.4 4.9C208.1 407.6 281.8 448 368 448c20.8 0 40.8-2.4 59.8-6.8C456.3 459.7 499.4 480 553 480c9.2 0 17.5-5.5 21.2-14 3.6-8.5 1.9-18.3-4.4-25-.4-.3-22.5-24.1-37.8-54.8zm-392.8-92.3L122.1 305c-14.1 9.1-28.5 16.3-43.1 21.4 2.7-4.7 5.4-9.7 8-14.8l15.5-31.1L77.7 256C64.2 242.6 48 220.7 48 192c0-60.7 73.3-112 160-112s160 51.3 160 112-73.3 112-160 112c-16.5 0-33-1.9-49-5.6l-19.8-4.5zM498.3 352l-24.7 24.4 15.5 31.1c2.6 5.1 5.3 10.1 8 14.8-14.6-5.1-29-12.3-43.1-21.4l-17.1-11.1-19.9 4.6c-16 3.7-32.5 5.6-49 5.6-54 0-102.2-20.1-131.3-49.7C338 339.5 416 272.9 416 192c0-3.4-.4-6.7-.7-10C479.7 196.5 528 238.8 528 288c0 28.7-16.2 50.6-29.7 64z\"><\/path><\/svg>\t\t\t\t\t\t<\/div>\n\t\t\t\t\t<\/div>\n\t\t\t\t\n\t\t\t\t\t\t\t\t\t<h2 class=\"elementor-cta__title elementor-cta__content-item elementor-content-item\">\n\t\t\t\t\t\tEn parlem?\t\t\t\t\t<\/h2>\n\t\t\t\t\n\t\t\t\t\t\t\t\t\t<div class=\"elementor-cta__description elementor-cta__content-item elementor-content-item\">\n\t\t\t\t\t\tDemana'ns m\u00e9s informaci\u00f3 o pressupost.\t\t\t\t\t<\/div>\n\t\t\t\t\n\t\t\t\t\t\t\t\t\t<div class=\"elementor-cta__button-wrapper elementor-cta__content-item elementor-content-item \">\n\t\t\t\t\t<a class=\"elementor-cta__button elementor-button elementor-size-\" href=\"https:\/\/www.mutuacat.cat\/empresa\/prevencio\/contacte\/\">\n\t\t\t\t\t\tContactar\t\t\t\t\t<\/a>\n\t\t\t\t\t<\/div>\n\t\t\t\t\t\t\t<\/div>\n\t\t\t\t\t\t<\/div>\n\t\t\t\t\t\t<\/div>\n\t\t\t\t<\/div>\n\t\t\t\t<\/div>\n\t\t\t\t<\/div>\n\t\t<div class=\"elementor-element elementor-element-d653d75 e-grid e-con-full e-con e-child\" data-id=\"d653d75\" data-element_type=\"container\" data-e-type=\"container\">\n\t\t\t\t<div class=\"elementor-element elementor-element-f58b8f4 ekit-equal-height-disable elementor-widget elementor-widget-elementskit-icon-box\" data-id=\"f58b8f4\" data-element_type=\"widget\" data-e-type=\"widget\" data-widget_type=\"elementskit-icon-box.default\">\n\t\t\t\t<div class=\"elementor-widget-container\">\n\t\t\t\t\t<div class=\"ekit-wid-con\" >        <!-- link opening -->\n                <a href=\"#\" class=\"ekit_global_links\">\n                <!-- end link opening -->\n\n        <div class=\"elementskit-infobox text-center text-center icon-top-align elementor-animation-   \">\n                    <div class=\"elementskit-box-header elementor-animation-\">\n                <div class=\"elementskit-info-box-icon  \">\n                    <i aria-hidden=\"true\" class=\"elementkit-infobox-icon icon icon-Helmet\"><\/i>\n                <\/div>\n          <\/div>\n                        <div class=\"box-body\">\n                            <h3 class=\"elementskit-info-box-title\">\n                    Coordinaci\u00f3 de seguretat i salut                <\/h3>\n                        \t\t  \t<p>Coordinaci\u00f3 de projectes d\u2019obra.<br \/>\nVisites d\u2019obra i pres\u00e8ncia activa.<br \/>\nGesti\u00f3 documental i legal.<\/p>\n                                <\/div>\n        \n        \n                <\/div>\n                <\/a>\n        <\/div>\t\t\t\t<\/div>\n\t\t\t\t<\/div>\n\t\t\t\t<div class=\"elementor-element elementor-element-205a720 ekit-equal-height-disable elementor-widget elementor-widget-elementskit-icon-box\" data-id=\"205a720\" data-element_type=\"widget\" data-e-type=\"widget\" data-widget_type=\"elementskit-icon-box.default\">\n\t\t\t\t<div class=\"elementor-widget-container\">\n\t\t\t\t\t<div class=\"ekit-wid-con\" >        <!-- link opening -->\n                <a href=\"#\" class=\"ekit_global_links\">\n                <!-- end link opening -->\n\n        <div class=\"elementskit-infobox text-center text-center icon-top-align elementor-animation-   \">\n                    <div class=\"elementskit-box-header elementor-animation-\">\n                <div class=\"elementskit-info-box-icon  \">\n                    <i aria-hidden=\"true\" class=\"elementkit-infobox-icon icon icon-cogwheel-outline\"><\/i>\n                <\/div>\n          <\/div>\n                        <div class=\"box-body\">\n                            <h3 class=\"elementskit-info-box-title\">\n                    Assessorament t\u00e8cnic industrial                <\/h3>\n                        \t\t  \t<p>Disseny segur de maquin\u00e0ria i instal\u00b7lacions.<br \/>\nAvaluaci\u00f3 de riscos industrials.<br \/>\nIntegraci\u00f3 de sistemes de seguretat.<\/p>\n                                <\/div>\n        \n        \n                <\/div>\n                <\/a>\n        <\/div>\t\t\t\t<\/div>\n\t\t\t\t<\/div>\n\t\t\t\t<div class=\"elementor-element elementor-element-f67c35b ekit-equal-height-disable elementor-widget elementor-widget-elementskit-icon-box\" data-id=\"f67c35b\" data-element_type=\"widget\" data-e-type=\"widget\" data-widget_type=\"elementskit-icon-box.default\">\n\t\t\t\t<div class=\"elementor-widget-container\">\n\t\t\t\t\t<div class=\"ekit-wid-con\" >        <!-- link opening -->\n                <a href=\"#\" class=\"ekit_global_links\">\n                <!-- end link opening -->\n\n        <div class=\"elementskit-infobox text-center text-center icon-top-align elementor-animation-   \">\n                    <div class=\"elementskit-box-header elementor-animation-\">\n                <div class=\"elementskit-info-box-icon  \">\n                    <i aria-hidden=\"true\" class=\"elementkit-infobox-icon icon icon-Document-Search\"><\/i>\n                <\/div>\n          <\/div>\n                        <div class=\"box-body\">\n                            <h3 class=\"elementskit-info-box-title\">\n                    Informes t\u00e8cnics                <\/h3>\n                        \t\t  \t<p>Seguretat industrial.<br \/>\nRiscos psicosocials.<br \/>\nErgonomia i disseny de llocs de treball.<br \/>\nI molts m\u00e9s<\/p>\n                                <\/div>\n        \n        \n                <\/div>\n                <\/a>\n        <\/div>\t\t\t\t<\/div>\n\t\t\t\t<\/div>\n\t\t\t\t<\/div>\n\t\t\t\t\t<\/div>\n\t\t\t\t<\/div>\n\t\t\t\t<\/div>\n\t\t","protected":false},"excerpt":{"rendered":"<p>Prevenci\u00f3 Enginyeria aplicada a la prevenci\u00f3 Tecnologia, experi\u00e8ncia i comprom\u00eds per reduir riscos i millorar la salut laboral. Molts aspectes importants de la prevenci\u00f3 de riscos laborals estan estretament vinculats amb l\u2019enginyeria. Entre ells, la seguretat de les m\u00e0quines i de les instal\u00b7lacions, el control del risc d\u2019incendi o explosi\u00f3, la seguretat en les obres [&hellip;]<\/p>\n","protected":false},"author":4,"featured_media":2224,"parent":119,"menu_order":0,"comment_status":"closed","ping_status":"closed","template":"","meta":{"_acf_changed":false,"footnotes":""},"class_list":["post-131","page","type-page","status-publish","has-post-thumbnail","hentry"],"acf":[],"yoast_head":"<!-- This site is optimized with the Yoast SEO plugin v26.9 - https:\/\/yoast.com\/product\/yoast-seo-wordpress\/ -->\n<title>Enginyeria aplicada a la prevenci\u00f3 empresarial - Mutuacat Empresa<\/title>\n<meta name=\"description\" content=\"Treballem per reduir qualsevol tipus de risc a la teva empresa. Fem diversos tipus de controls i augmentem la seguretat dels treballadors.\" \/>\n<meta name=\"robots\" content=\"index, follow, max-snippet:-1, max-image-preview:large, max-video-preview:-1\" \/>\n<link rel=\"canonical\" href=\"https:\/\/www.mutuacat.cat\/empresa\/prevencio\/enginyeria\/\" \/>\n<meta property=\"og:locale\" content=\"ca_ES\" \/>\n<meta property=\"og:type\" content=\"article\" \/>\n<meta property=\"og:title\" content=\"Enginyeria aplicada a la prevenci\u00f3 empresarial - Mutuacat Empresa\" \/>\n<meta property=\"og:description\" content=\"Treballem per reduir qualsevol tipus de risc a la teva empresa. Fem diversos tipus de controls i augmentem la seguretat dels treballadors.\" \/>\n<meta property=\"og:url\" content=\"https:\/\/www.mutuacat.cat\/empresa\/prevencio\/enginyeria\/\" \/>\n<meta property=\"og:site_name\" content=\"Mutuacat Empresa\" \/>\n<meta property=\"article:modified_time\" content=\"2026-01-07T08:13:37+00:00\" \/>\n<meta property=\"og:image\" content=\"https:\/\/www.mutuacat.cat\/empresa\/wp-content\/uploads\/2025\/08\/17.png\" \/>\n\t<meta property=\"og:image:width\" content=\"1949\" \/>\n\t<meta property=\"og:image:height\" content=\"673\" \/>\n\t<meta property=\"og:image:type\" content=\"image\/png\" \/>\n<meta name=\"twitter:card\" content=\"summary_large_image\" \/>\n<meta name=\"twitter:label1\" content=\"Temps estimat de lectura\" \/>\n\t<meta name=\"twitter:data1\" content=\"1 minut\" \/>\n<script type=\"application\/ld+json\" class=\"yoast-schema-graph\">{\"@context\":\"https:\/\/schema.org\",\"@graph\":[{\"@type\":\"WebPage\",\"@id\":\"https:\/\/www.mutuacat.cat\/empresa\/prevencio\/enginyeria\/\",\"url\":\"https:\/\/www.mutuacat.cat\/empresa\/prevencio\/enginyeria\/\",\"name\":\"Enginyeria aplicada a la prevenci\u00f3 empresarial - Mutuacat Empresa\",\"isPartOf\":{\"@id\":\"https:\/\/www.mutuacat.cat\/empresa\/#website\"},\"primaryImageOfPage\":{\"@id\":\"https:\/\/www.mutuacat.cat\/empresa\/prevencio\/enginyeria\/#primaryimage\"},\"image\":{\"@id\":\"https:\/\/www.mutuacat.cat\/empresa\/prevencio\/enginyeria\/#primaryimage\"},\"thumbnailUrl\":\"https:\/\/www.mutuacat.cat\/empresa\/wp-content\/uploads\/2025\/08\/17.png\",\"datePublished\":\"2025-05-29T11:01:02+00:00\",\"dateModified\":\"2026-01-07T08:13:37+00:00\",\"description\":\"Treballem per reduir qualsevol tipus de risc a la teva empresa. Fem diversos tipus de controls i augmentem la seguretat dels treballadors.\",\"breadcrumb\":{\"@id\":\"https:\/\/www.mutuacat.cat\/empresa\/prevencio\/enginyeria\/#breadcrumb\"},\"inLanguage\":\"ca\",\"potentialAction\":[{\"@type\":\"ReadAction\",\"target\":[\"https:\/\/www.mutuacat.cat\/empresa\/prevencio\/enginyeria\/\"]}]},{\"@type\":\"ImageObject\",\"inLanguage\":\"ca\",\"@id\":\"https:\/\/www.mutuacat.cat\/empresa\/prevencio\/enginyeria\/#primaryimage\",\"url\":\"https:\/\/www.mutuacat.cat\/empresa\/wp-content\/uploads\/2025\/08\/17.png\",\"contentUrl\":\"https:\/\/www.mutuacat.cat\/empresa\/wp-content\/uploads\/2025\/08\/17.png\",\"width\":1949,\"height\":673},{\"@type\":\"BreadcrumbList\",\"@id\":\"https:\/\/www.mutuacat.cat\/empresa\/prevencio\/enginyeria\/#breadcrumb\",\"itemListElement\":[{\"@type\":\"ListItem\",\"position\":1,\"name\":\"Inici\",\"item\":\"https:\/\/www.mutuacat.cat\/empresa\/\"},{\"@type\":\"ListItem\",\"position\":2,\"name\":\"Prevenci\u00f3 de riscos laborals\",\"item\":\"https:\/\/www.mutuacat.cat\/empresa\/prevencio\/\"},{\"@type\":\"ListItem\",\"position\":3,\"name\":\"Enginyeria\"}]},{\"@type\":\"WebSite\",\"@id\":\"https:\/\/www.mutuacat.cat\/empresa\/#website\",\"url\":\"https:\/\/www.mutuacat.cat\/empresa\/\",\"name\":\"Mutuacat Empresa\",\"description\":\"\",\"potentialAction\":[{\"@type\":\"SearchAction\",\"target\":{\"@type\":\"EntryPoint\",\"urlTemplate\":\"https:\/\/www.mutuacat.cat\/empresa\/?s={search_term_string}\"},\"query-input\":{\"@type\":\"PropertyValueSpecification\",\"valueRequired\":true,\"valueName\":\"search_term_string\"}}],\"inLanguage\":\"ca\"}]}<\/script>\n<!-- \/ Yoast SEO plugin. -->","yoast_head_json":{"title":"Enginyeria aplicada a la prevenci\u00f3 empresarial - Mutuacat Empresa","description":"Treballem per reduir qualsevol tipus de risc a la teva empresa. Fem diversos tipus de controls i augmentem la seguretat dels treballadors.","robots":{"index":"index","follow":"follow","max-snippet":"max-snippet:-1","max-image-preview":"max-image-preview:large","max-video-preview":"max-video-preview:-1"},"canonical":"https:\/\/www.mutuacat.cat\/empresa\/prevencio\/enginyeria\/","og_locale":"ca_ES","og_type":"article","og_title":"Enginyeria aplicada a la prevenci\u00f3 empresarial - Mutuacat Empresa","og_description":"Treballem per reduir qualsevol tipus de risc a la teva empresa. Fem diversos tipus de controls i augmentem la seguretat dels treballadors.","og_url":"https:\/\/www.mutuacat.cat\/empresa\/prevencio\/enginyeria\/","og_site_name":"Mutuacat Empresa","article_modified_time":"2026-01-07T08:13:37+00:00","og_image":[{"width":1949,"height":673,"url":"https:\/\/www.mutuacat.cat\/empresa\/wp-content\/uploads\/2025\/08\/17.png","type":"image\/png"}],"twitter_card":"summary_large_image","twitter_misc":{"Temps estimat de lectura":"1 minut"},"schema":{"@context":"https:\/\/schema.org","@graph":[{"@type":"WebPage","@id":"https:\/\/www.mutuacat.cat\/empresa\/prevencio\/enginyeria\/","url":"https:\/\/www.mutuacat.cat\/empresa\/prevencio\/enginyeria\/","name":"Enginyeria aplicada a la prevenci\u00f3 empresarial - Mutuacat Empresa","isPartOf":{"@id":"https:\/\/www.mutuacat.cat\/empresa\/#website"},"primaryImageOfPage":{"@id":"https:\/\/www.mutuacat.cat\/empresa\/prevencio\/enginyeria\/#primaryimage"},"image":{"@id":"https:\/\/www.mutuacat.cat\/empresa\/prevencio\/enginyeria\/#primaryimage"},"thumbnailUrl":"https:\/\/www.mutuacat.cat\/empresa\/wp-content\/uploads\/2025\/08\/17.png","datePublished":"2025-05-29T11:01:02+00:00","dateModified":"2026-01-07T08:13:37+00:00","description":"Treballem per reduir qualsevol tipus de risc a la teva empresa. Fem diversos tipus de controls i augmentem la seguretat dels treballadors.","breadcrumb":{"@id":"https:\/\/www.mutuacat.cat\/empresa\/prevencio\/enginyeria\/#breadcrumb"},"inLanguage":"ca","potentialAction":[{"@type":"ReadAction","target":["https:\/\/www.mutuacat.cat\/empresa\/prevencio\/enginyeria\/"]}]},{"@type":"ImageObject","inLanguage":"ca","@id":"https:\/\/www.mutuacat.cat\/empresa\/prevencio\/enginyeria\/#primaryimage","url":"https:\/\/www.mutuacat.cat\/empresa\/wp-content\/uploads\/2025\/08\/17.png","contentUrl":"https:\/\/www.mutuacat.cat\/empresa\/wp-content\/uploads\/2025\/08\/17.png","width":1949,"height":673},{"@type":"BreadcrumbList","@id":"https:\/\/www.mutuacat.cat\/empresa\/prevencio\/enginyeria\/#breadcrumb","itemListElement":[{"@type":"ListItem","position":1,"name":"Inici","item":"https:\/\/www.mutuacat.cat\/empresa\/"},{"@type":"ListItem","position":2,"name":"Prevenci\u00f3 de riscos laborals","item":"https:\/\/www.mutuacat.cat\/empresa\/prevencio\/"},{"@type":"ListItem","position":3,"name":"Enginyeria"}]},{"@type":"WebSite","@id":"https:\/\/www.mutuacat.cat\/empresa\/#website","url":"https:\/\/www.mutuacat.cat\/empresa\/","name":"Mutuacat Empresa","description":"","potentialAction":[{"@type":"SearchAction","target":{"@type":"EntryPoint","urlTemplate":"https:\/\/www.mutuacat.cat\/empresa\/?s={search_term_string}"},"query-input":{"@type":"PropertyValueSpecification","valueRequired":true,"valueName":"search_term_string"}}],"inLanguage":"ca"}]}},"_links":{"self":[{"href":"https:\/\/www.mutuacat.cat\/empresa\/wp-json\/wp\/v2\/pages\/131","targetHints":{"allow":["GET"]}}],"collection":[{"href":"https:\/\/www.mutuacat.cat\/empresa\/wp-json\/wp\/v2\/pages"}],"about":[{"href":"https:\/\/www.mutuacat.cat\/empresa\/wp-json\/wp\/v2\/types\/page"}],"author":[{"embeddable":true,"href":"https:\/\/www.mutuacat.cat\/empresa\/wp-json\/wp\/v2\/users\/4"}],"replies":[{"embeddable":true,"href":"https:\/\/www.mutuacat.cat\/empresa\/wp-json\/wp\/v2\/comments?post=131"}],"version-history":[{"count":64,"href":"https:\/\/www.mutuacat.cat\/empresa\/wp-json\/wp\/v2\/pages\/131\/revisions"}],"predecessor-version":[{"id":3880,"href":"https:\/\/www.mutuacat.cat\/empresa\/wp-json\/wp\/v2\/pages\/131\/revisions\/3880"}],"up":[{"embeddable":true,"href":"https:\/\/www.mutuacat.cat\/empresa\/wp-json\/wp\/v2\/pages\/119"}],"wp:featuredmedia":[{"embeddable":true,"href":"https:\/\/www.mutuacat.cat\/empresa\/wp-json\/wp\/v2\/media\/2224"}],"wp:attachment":[{"href":"https:\/\/www.mutuacat.cat\/empresa\/wp-json\/wp\/v2\/media?parent=131"}],"curies":[{"name":"wp","href":"https:\/\/api.w.org\/{rel}","templated":true}]}}