{"id":3,"date":"2025-02-20T10:27:57","date_gmt":"2025-02-20T10:27:57","guid":{"rendered":"https:\/\/www.mutuacat.cat\/empresa\/?page_id=3"},"modified":"2026-01-12T12:08:16","modified_gmt":"2026-01-12T12:08:16","slug":"politica-de-privacitat","status":"publish","type":"page","link":"https:\/\/www.mutuacat.cat\/empresa\/politica-de-privacitat\/","title":{"rendered":"Pol\u00edtica de privacitat"},"content":{"rendered":"\n<div class=\"wp-block-group is-layout-constrained wp-container-core-group-is-layout-821db4e5 wp-block-group-is-layout-constrained\" style=\"padding-top:50px;padding-right:30px;padding-bottom:50px;padding-left:30px\">\n<h3 class=\"wp-block-heading\">INTRODUCCI\u00d3<\/h3>\n\n\n\n<p>L\u2019acc\u00e9s a alguns productes i serveis de Som Prevenci\u00f3 S.L. requereix que ens confi\u00efs dades personals. La teva privacitat \u00e9s molt important per nosaltres i \u00e9s per aix\u00f2 que en aquesta Pol\u00edtica de Privacitat t\u2019expliquem quines dades recollim, com les utilitzem i amb quina finalitat, entre altres indicacions, en conformitat amb el que disposa el Reglament (UE) 2016\/679 de 27 d\u2019abril de 2016 (RGPD) relatiu a la protecci\u00f3 de les persones f\u00edsiques pel que fa al tractament de dades personals i a la lliure circulaci\u00f3 d\u2019aquestes dades i la resta de normativa vigent en mat\u00e8ria de protecci\u00f3 de dades personals, i per la Llei 34\/2002, de 11 de juliol, de Serveis de la Societat de la Informaci\u00f3 i del Comer\u00e7 Electr\u00f2nic (LSSICE)<\/p>\n\n\n\n<p>Abans de l\u2019enviament de formularis de sol\u00b7licitud d\u2019informaci\u00f3 o d\u2019inscripci\u00f3 als nostres cursos, haur\u00e0s d\u2019acceptar la nostra pol\u00edtica de privacitat, prestant aix\u00ed el teu consentiment expr\u00e9s i informat en relaci\u00f3 al tractament de les teves dades. T\u2019informem que mai demanarem m\u00e9s informaci\u00f3 de la necess\u00e0ria per als serveis requerits, mai la compartirem amb tercers, excepte per obligaci\u00f3 legal o amb la teva autoritzaci\u00f3 pr\u00e8via, i mai utilitzarem les teves dades per a una finalitat diferent de la indicada pr\u00e8viament.<\/p>\n\n\n\n<p>Aix\u00ed mateix, t\u2019informem que Som Prevenci\u00f3, S.L. t\u00e9 implementades les mesures de seguretat necess\u00e0ries, d\u2019\u00edndole t\u00e8cnica i organitzativa, per a garantir i protegir la confidencialitat, integritat i disponibilitat de les dades que ens facilitis.<\/p>\n\n\n\n<h3 class=\"wp-block-heading\">RESPONSABLE DEL TRACTAMENT:<\/h3>\n\n\n\n<ul class=\"wp-block-list\">\n<li>Ra\u00f3 social:&nbsp;<strong>SOM PREVENCI\u00d3, SL<\/strong><\/li>\n\n\n\n<li>NIF:&nbsp;<strong>B-63256739<\/strong><\/li>\n\n\n\n<li>Domicili social:&nbsp;<strong>Moss\u00e8n Serap\u00ed Ferrer 39-41 \u2013 08242 Manresa (Barcelona)<\/strong><\/li>\n\n\n\n<li>Tel\u00e8fon:&nbsp;<strong>938 72 45 32<\/strong><\/li>\n\n\n\n<li>Correu Electr\u00f2nic:<strong>&nbsp;info@somprevencio.cat<\/strong><\/li>\n<\/ul>\n\n\n\n<h3 class=\"wp-block-heading\"><strong>FINALITAT DEL TRACTAMENT<\/strong><\/h3>\n\n\n\n<p>Tractem les dades i la informaci\u00f3 que ens faciliten les persones interessades amb la finalitat de:<\/p>\n\n\n\n<ol class=\"wp-block-list\">\n<li>Gestionar l\u2019\u00fas de les funcionalitats posades a disposici\u00f3 a trav\u00e9s del lloc web, entre elles, la resposta a sol\u00b7licituds i\/o consultes realitzades, la preparaci\u00f3 de pressupostos o la inscripci\u00f3 a cursos. Les dades tractades amb aquesta finalitat es conservaran mentre es mantingui la relaci\u00f3 contractual i\/o negocial entre l\u2019Usuari i Som Prevenci\u00f3, SL. Per al cas que les sol\u00b7licituds efectuades per un usuari no mantinguin una relaci\u00f3 contractual, les dades es conservaran fins haver resolt la sol\u00b7licitud.<\/li>\n\n\n\n<li>Mantenir informats als Usuaris de productes i\/o serveis de Som Prevenci\u00f3, SL, a trav\u00e9s de correu electr\u00f2nic o mitjans de comunicaci\u00f3 electr\u00f2nica equivalents, sempre que l\u2019Usuari hagi prestat el seu consentiment marcant la casella corresponent.<\/li>\n<\/ol>\n\n\n\n<p>D\u2019acord amb la LSSICE,&nbsp;Som Prevenci\u00f3 S.L.&nbsp;no realitza pr\u00e0ctiques de SPAM, per tant, no envia correus comercials per e-mail que no hagin estat pr\u00e8viament sol\u00b7licitats o autoritzats per l\u2019usuari. En totes les comunicacions que rebr\u00e0 del prestador, l\u2019usuari t\u00e9 la possibilitat de cancel\u00b7lar el seu consentiment expr\u00e9s per rebre les nostres comunicacions.<\/p>\n\n\n\n<p>No tractarem les seves dades personals per a cap altra finalitat de les descrites excepte per obligaci\u00f3 legal o requeriment judicial.<\/p>\n\n\n\n<h3 class=\"wp-block-heading\"><strong>LEGITIMACI\u00d3<\/strong>&nbsp;DEL TRACTAMENT<\/h3>\n\n\n\n<p>El tractament d\u2019aquestes dades est\u00e0 legitimat per l\u2019execuci\u00f3 de les obligacions contractuals i\/o negocials.<\/p>\n\n\n\n<p>En relaci\u00f3 als formulari de la p\u00e0gina web, l\u2019Usuari ha d\u2019omplir els marcats com a \u201cobligatoris\u201d. No completar les dades personals requerides o fer-ho parcialment pot suposar que Som Prevenci\u00f3, S.L. no pugui atendre les seves sol\u00b7licituds i, en conseq\u00fc\u00e8ncia, Som Prevenci\u00f3, SL quedar\u00e0 exonerada de tota responsabilitat per la no prestaci\u00f3 o la prestaci\u00f3 incompleta dels serveis sol\u00b7licitats.<\/p>\n\n\n\n<p>Les dades personals que l\u2019Usuari facilita a Som Prevenci\u00f3 SL han de ser actuals perqu\u00e8 la informaci\u00f3 dels registres estigui actualitzada i sense errors. L\u2019Usuari respondr\u00e0 de la veracitat de les dades facilitades.<\/p>\n\n\n\n<h3 class=\"wp-block-heading\"><strong>CONSERVACI\u00d3 DE LES DADES<\/strong><\/h3>\n\n\n\n<p>Som Prevenci\u00f3 S.L. conservar\u00e0 les dades facilitades pels usuaris mentre duri la relaci\u00f3 comercial o aquest exerceixi el seu dret de cancel\u00b7laci\u00f3 o oposici\u00f3, o limitaci\u00f3 al tractament. Tanmateix, conservarem les teves dades en els terminis legalment previstos en les disposicions aplicables.<\/p>\n\n\n\n<h3 class=\"wp-block-heading\"><strong>COMUNICACI\u00d3 DE LES DADES<\/strong><\/h3>\n\n\n\n<p>No es comunicaran a altres tercers, excepte obligaci\u00f3 legal o amb el consentiment expr\u00e9s de l\u2019interessat.<\/p>\n\n\n\n<h3 class=\"wp-block-heading\"><strong>TRANSFER\u00c8NCIES INTERNACIONALS DE DADES<\/strong><\/h3>\n\n\n\n<p>No es realitzen transfer\u00e8ncies internacionals de dades a tercers pa\u00efsos fora de la Uni\u00f3 Europea.<\/p>\n\n\n\n<h3 class=\"wp-block-heading\"><strong>DRETS DE LES PERSONES INTERESSADES<\/strong><\/h3>\n\n\n\n<p>Les persones interessades tenen dret a retirar el consentiment en qualsevol moment. Aix\u00ed mateix, t\u2019informem que podr\u00e0s exercir els seus drets d\u2019acc\u00e9s, rectificaci\u00f3 i supressi\u00f3 (Dret a l\u2019oblit), limitaci\u00f3 de les dades, portabilitat de les dades i oposici\u00f3, enviant un escrit a Moss\u00e8n Serap\u00ed Ferrer 39-41 \u2013 08242 Manresa (Barcelona), o correu electr\u00f2nic a info@somprevencio.cat.<\/p>\n\n\n\n<p>Aix\u00ed mateix, t\u2019informem que podr\u00e0s revocar el consentiment de l\u2019enviament de comunicacions comercials enviant un correu electr\u00f2nic a info@somprevencio.cat.<\/p>\n\n\n\n<p>La persona interessada pot presentar una reclamaci\u00f3 davant l\u2019autoritat de control en mat\u00e8ria de protecci\u00f3 de dades competent, que actualment \u00e9s l\u2019Ag\u00e8ncia Espanyola de Protecci\u00f3 de Dades (AEPD), a trav\u00e9s de la seva seu electr\u00f2nica:&nbsp;<a href=\"http:\/\/www.sedeagpd.gob.es\/sede-electronica-web\" rel=\"noreferrer noopener\" target=\"_blank\">www.sedeagpd.gob.es\/sede-electronica-web<\/a>, o enviant un escrit a C\/ Jorge Juan n\u00ba6 \u2013 28001 MADRID.<\/p>\n\n\n\n<h3 class=\"wp-block-heading\"><strong>MESURES DE SEGURETAT<\/strong><\/h3>\n\n\n\n<p>Som Prevenci\u00f3, SL informa que el tractament que realitza de dades personals es realitza en tot moment d\u2019acord amb la normativa aplicable en mat\u00e8ria de protecci\u00f3 de dades i dels serveis de la societat de la informaci\u00f3.<\/p>\n\n\n\n<p>Som Prevenci\u00f3, SL informa que t\u00e9 implantades les mesures de seguretat d\u2019\u00edndole t\u00e8cnica i organitzatives necess\u00e0ries que garanteixin la seguretat de les dades de car\u00e0cter personal de l\u2019Usuari i evitin la seva alteraci\u00f3, p\u00e8rdua, tractament i\/o acc\u00e9s no autoritzat d\u2019acord amb l\u2019estat de la tecnologia, la naturalesa de les dades emmagatzemades i els riscos a qu\u00e8 estan exposats, tant si provenen de l\u2019acci\u00f3 humana o del medi f\u00edsic o natural, de conformitat amb el que preveu la normativa vigent.<\/p>\n<\/div>\n","protected":false},"excerpt":{"rendered":"<p>INTRODUCCI\u00d3 L\u2019acc\u00e9s a alguns productes i serveis de Som Prevenci\u00f3 S.L. requereix que ens confi\u00efs dades personals. La teva privacitat \u00e9s molt important per nosaltres i \u00e9s per aix\u00f2 que en aquesta Pol\u00edtica de Privacitat t\u2019expliquem quines dades recollim, com les utilitzem i amb quina finalitat, entre altres indicacions, en conformitat amb el que disposa [&hellip;]<\/p>\n","protected":false},"author":1,"featured_media":0,"parent":0,"menu_order":0,"comment_status":"closed","ping_status":"open","template":"","meta":{"_acf_changed":false,"footnotes":""},"class_list":["post-3","page","type-page","status-publish","hentry"],"acf":[],"yoast_head":"<!-- This site is optimized with the Yoast SEO plugin v26.9 - https:\/\/yoast.com\/product\/yoast-seo-wordpress\/ -->\n<title>Pol\u00edtica de privacitat - Mutuacat Empresa<\/title>\n<meta name=\"description\" content=\"P\u00e0gina de la pol\u00edtica de privaciatt del lloc web de Mutuacat Empresa.\" \/>\n<meta name=\"robots\" content=\"index, follow, max-snippet:-1, max-image-preview:large, max-video-preview:-1\" \/>\n<link rel=\"canonical\" href=\"https:\/\/www.mutuacat.cat\/empresa\/politica-de-privacitat\/\" \/>\n<meta property=\"og:locale\" content=\"ca_ES\" \/>\n<meta property=\"og:type\" content=\"article\" \/>\n<meta property=\"og:title\" content=\"Pol\u00edtica de privacitat - Mutuacat Empresa\" \/>\n<meta property=\"og:description\" content=\"P\u00e0gina de la pol\u00edtica de privaciatt del lloc web de Mutuacat Empresa.\" \/>\n<meta property=\"og:url\" content=\"https:\/\/www.mutuacat.cat\/empresa\/politica-de-privacitat\/\" \/>\n<meta property=\"og:site_name\" content=\"Mutuacat Empresa\" \/>\n<meta property=\"article:modified_time\" content=\"2026-01-12T12:08:16+00:00\" \/>\n<meta property=\"og:image\" content=\"https:\/\/www.mutuacat.cat\/empresa\/wp-content\/uploads\/2025\/09\/Mutuacat-centered.png\" \/>\n\t<meta property=\"og:image:width\" content=\"1200\" \/>\n\t<meta property=\"og:image:height\" content=\"675\" \/>\n\t<meta property=\"og:image:type\" content=\"image\/png\" \/>\n<meta name=\"twitter:card\" content=\"summary_large_image\" \/>\n<meta name=\"twitter:label1\" content=\"Temps estimat de lectura\" \/>\n\t<meta name=\"twitter:data1\" content=\"5 minuts\" \/>\n<script type=\"application\/ld+json\" class=\"yoast-schema-graph\">{\"@context\":\"https:\/\/schema.org\",\"@graph\":[{\"@type\":\"WebPage\",\"@id\":\"https:\/\/www.mutuacat.cat\/empresa\/politica-de-privacitat\/\",\"url\":\"https:\/\/www.mutuacat.cat\/empresa\/politica-de-privacitat\/\",\"name\":\"Pol\u00edtica de privacitat - Mutuacat Empresa\",\"isPartOf\":{\"@id\":\"https:\/\/www.mutuacat.cat\/empresa\/#website\"},\"datePublished\":\"2025-02-20T10:27:57+00:00\",\"dateModified\":\"2026-01-12T12:08:16+00:00\",\"description\":\"P\u00e0gina de la pol\u00edtica de privaciatt del lloc web de Mutuacat Empresa.\",\"breadcrumb\":{\"@id\":\"https:\/\/www.mutuacat.cat\/empresa\/politica-de-privacitat\/#breadcrumb\"},\"inLanguage\":\"ca\",\"potentialAction\":[{\"@type\":\"ReadAction\",\"target\":[\"https:\/\/www.mutuacat.cat\/empresa\/politica-de-privacitat\/\"]}]},{\"@type\":\"BreadcrumbList\",\"@id\":\"https:\/\/www.mutuacat.cat\/empresa\/politica-de-privacitat\/#breadcrumb\",\"itemListElement\":[{\"@type\":\"ListItem\",\"position\":1,\"name\":\"Inici\",\"item\":\"https:\/\/www.mutuacat.cat\/empresa\/\"},{\"@type\":\"ListItem\",\"position\":2,\"name\":\"Pol\u00edtica de privacitat\"}]},{\"@type\":\"WebSite\",\"@id\":\"https:\/\/www.mutuacat.cat\/empresa\/#website\",\"url\":\"https:\/\/www.mutuacat.cat\/empresa\/\",\"name\":\"Mutuacat Empresa\",\"description\":\"\",\"potentialAction\":[{\"@type\":\"SearchAction\",\"target\":{\"@type\":\"EntryPoint\",\"urlTemplate\":\"https:\/\/www.mutuacat.cat\/empresa\/?s={search_term_string}\"},\"query-input\":{\"@type\":\"PropertyValueSpecification\",\"valueRequired\":true,\"valueName\":\"search_term_string\"}}],\"inLanguage\":\"ca\"}]}<\/script>\n<!-- \/ Yoast SEO plugin. -->","yoast_head_json":{"title":"Pol\u00edtica de privacitat - Mutuacat Empresa","description":"P\u00e0gina de la pol\u00edtica de privaciatt del lloc web de Mutuacat Empresa.","robots":{"index":"index","follow":"follow","max-snippet":"max-snippet:-1","max-image-preview":"max-image-preview:large","max-video-preview":"max-video-preview:-1"},"canonical":"https:\/\/www.mutuacat.cat\/empresa\/politica-de-privacitat\/","og_locale":"ca_ES","og_type":"article","og_title":"Pol\u00edtica de privacitat - Mutuacat Empresa","og_description":"P\u00e0gina de la pol\u00edtica de privaciatt del lloc web de Mutuacat Empresa.","og_url":"https:\/\/www.mutuacat.cat\/empresa\/politica-de-privacitat\/","og_site_name":"Mutuacat Empresa","article_modified_time":"2026-01-12T12:08:16+00:00","og_image":[{"width":1200,"height":675,"url":"https:\/\/www.mutuacat.cat\/empresa\/wp-content\/uploads\/2025\/09\/Mutuacat-centered.png","type":"image\/png"}],"twitter_card":"summary_large_image","twitter_misc":{"Temps estimat de lectura":"5 minuts"},"schema":{"@context":"https:\/\/schema.org","@graph":[{"@type":"WebPage","@id":"https:\/\/www.mutuacat.cat\/empresa\/politica-de-privacitat\/","url":"https:\/\/www.mutuacat.cat\/empresa\/politica-de-privacitat\/","name":"Pol\u00edtica de privacitat - Mutuacat Empresa","isPartOf":{"@id":"https:\/\/www.mutuacat.cat\/empresa\/#website"},"datePublished":"2025-02-20T10:27:57+00:00","dateModified":"2026-01-12T12:08:16+00:00","description":"P\u00e0gina de la pol\u00edtica de privaciatt del lloc web de Mutuacat Empresa.","breadcrumb":{"@id":"https:\/\/www.mutuacat.cat\/empresa\/politica-de-privacitat\/#breadcrumb"},"inLanguage":"ca","potentialAction":[{"@type":"ReadAction","target":["https:\/\/www.mutuacat.cat\/empresa\/politica-de-privacitat\/"]}]},{"@type":"BreadcrumbList","@id":"https:\/\/www.mutuacat.cat\/empresa\/politica-de-privacitat\/#breadcrumb","itemListElement":[{"@type":"ListItem","position":1,"name":"Inici","item":"https:\/\/www.mutuacat.cat\/empresa\/"},{"@type":"ListItem","position":2,"name":"Pol\u00edtica de privacitat"}]},{"@type":"WebSite","@id":"https:\/\/www.mutuacat.cat\/empresa\/#website","url":"https:\/\/www.mutuacat.cat\/empresa\/","name":"Mutuacat Empresa","description":"","potentialAction":[{"@type":"SearchAction","target":{"@type":"EntryPoint","urlTemplate":"https:\/\/www.mutuacat.cat\/empresa\/?s={search_term_string}"},"query-input":{"@type":"PropertyValueSpecification","valueRequired":true,"valueName":"search_term_string"}}],"inLanguage":"ca"}]}},"_links":{"self":[{"href":"https:\/\/www.mutuacat.cat\/empresa\/wp-json\/wp\/v2\/pages\/3","targetHints":{"allow":["GET"]}}],"collection":[{"href":"https:\/\/www.mutuacat.cat\/empresa\/wp-json\/wp\/v2\/pages"}],"about":[{"href":"https:\/\/www.mutuacat.cat\/empresa\/wp-json\/wp\/v2\/types\/page"}],"author":[{"embeddable":true,"href":"https:\/\/www.mutuacat.cat\/empresa\/wp-json\/wp\/v2\/users\/1"}],"replies":[{"embeddable":true,"href":"https:\/\/www.mutuacat.cat\/empresa\/wp-json\/wp\/v2\/comments?post=3"}],"version-history":[{"count":2,"href":"https:\/\/www.mutuacat.cat\/empresa\/wp-json\/wp\/v2\/pages\/3\/revisions"}],"predecessor-version":[{"id":3591,"href":"https:\/\/www.mutuacat.cat\/empresa\/wp-json\/wp\/v2\/pages\/3\/revisions\/3591"}],"wp:attachment":[{"href":"https:\/\/www.mutuacat.cat\/empresa\/wp-json\/wp\/v2\/media?parent=3"}],"curies":[{"name":"wp","href":"https:\/\/api.w.org\/{rel}","templated":true}]}}