{"id":3587,"date":"2025-11-25T14:40:26","date_gmt":"2025-11-25T14:40:26","guid":{"rendered":"https:\/\/www.mutuacat.cat\/empresa\/?page_id=3587"},"modified":"2025-12-23T09:16:27","modified_gmt":"2025-12-23T09:16:27","slug":"avis-legal","status":"publish","type":"page","link":"https:\/\/www.mutuacat.cat\/empresa\/avis-legal\/","title":{"rendered":"Av\u00eds legal"},"content":{"rendered":"\n<div class=\"wp-block-group is-layout-constrained wp-container-core-group-is-layout-f444e35e wp-block-group-is-layout-constrained\" style=\"padding-top:50px;padding-right:30px;padding-bottom:50px;padding-left:30px\">\n<h2 class=\"wp-block-heading\" id=\"1-condicio-d-usuaril-acces-o-us-del-lloc-web-www-mutuacat-cat-implica-tenir-ne-la-condicio-d-usuari-i-l-acceptacio-de-les-condicions-generals-d-utilitzacio-sense-perjudici-d-aquelles-condicions-particulars-que-es-puguin-pactar-individualment-que-adquiriran-tambe-forca-obligatoria-entre-les-parts\"><strong>1. Condici\u00f3 d\u2019USUARI<\/strong><\/h2>\n\n\n\n<p id=\"1-condicio-d-usuaril-acces-o-us-del-lloc-web-www-mutuacat-cat-implica-tenir-ne-la-condicio-d-usuari-i-l-acceptacio-de-les-condicions-generals-d-utilitzacio-sense-perjudici-d-aquelles-condicions-particulars-que-es-puguin-pactar-individualment-que-adquiriran-tambe-forca-obligatoria-entre-les-parts\">L\u2019acc\u00e9s o \u00fas del lloc web www.somprevencio.cat implica tenir-ne la condici\u00f3 d\u2019USUARI i l\u2019acceptaci\u00f3 de les condicions generals d\u2019utilitzaci\u00f3, sense perjudici d\u2019aquelles condicions particulars que es puguin pactar individualment, que adquiriran tamb\u00e9 for\u00e7a obligat\u00f2ria entre les parts.<\/p>\n\n\n\n<h2 class=\"wp-block-heading\" id=\"2-condicio-de-titular\"><strong>2. Condici\u00f3 de TITULAR<\/strong><\/h2>\n\n\n\n<p>En compliment del que disposa l\u2019article 10 de la Llei 34\/2002, d\u201911 de juliol, de serveis de la societat de la informaci\u00f3 i de comer\u00e7 electr\u00f2nic, es posa en coneixement dels USUARIS del web www.somprevencio.cat, de forma directa i gratu\u00efta, la seg\u00fcent informaci\u00f3, relativa al TITULAR del domini:<br>1. Nom: SOM PREVENCI\u00d3 SL.<br>2. Nom Comercial: SOM PREVENCI\u00d3<br>3. Domicili: c. Moss\u00e8n i Serapi Farr\u00e9, 39 baixos \u2013 08242 Manresa (Barcelona)<br>4. Adre\u00e7a de correu electr\u00f2nic: info@somprevencio.cat<br>5. Tel\u00e8fon: 938 72 45 32<br>6. CIF: B-63256739<br>7. Inscrita al Registre Mercantil de Barcelona<\/p>\n\n\n\n<h2 class=\"wp-block-heading\" id=\"3-objecte\"><strong>3. Objecte<\/strong><\/h2>\n\n\n\n<p>A trav\u00e9s del web www.somprevencio.cat, SOM PREVENCI\u00d3 SL, en endavant el TITULAR, facilita als seus USUARIS l\u2019acc\u00e9s a informacions i a la utilitzaci\u00f3 de diferents serveis posats a disposici\u00f3 tant per part del TITULAR com per part de tercers.<\/p>\n\n\n\n<h2 class=\"wp-block-heading\" id=\"4-condicions-d-us\"><strong>4. Condicions d\u2019\u00fas<\/strong><\/h2>\n\n\n\n<p>L\u2019acc\u00e9s al web tindr\u00e0 car\u00e0cter gratu\u00eft, sense perjudici que algun dels serveis als quals es pot accedir estigui subjecte al pagament d\u2019un preu.<br>L\u2019USUARI assumeix la responsabilitat en l\u2019\u00fas del lloc web.<br>Per fer \u00fas dels serveis, els menors d\u2019edat requeriran el perm\u00eds dels seus pares o tutors, els quals seran responsables dels actes duts a terme pels menors al seu c\u00e0rrec.<br>L\u2019USUARI es compromet a fer un \u00fas adequat dels continguts i serveis que ofereix www.somprevencio.cat, i a abstenir-se d\u2019utilitzar-los amb finalitats il\u00b7l\u00edcites o que contravinguin els interessos de tercers, que siguin contraris als drets humans o que provoquin danys en els sistemes del lloc o en els dels seus prove\u00efdors o tercers.<br>El TITULAR disposa de la infraestructura necess\u00e0ria per evitar danys derivats de l\u2019exist\u00e8ncia de virus inform\u00e0tics, malgrat que no es fa responsable dels danys potencials o errors que, a causa de la pres\u00e8ncia de qualsevol virus, pugui sofrir el sistema inform\u00e0tic de l\u2019USUARI quan aquest accedeixi al lloc web o l\u2019utilitzi.<br>El TITULAR es reserva el dret d\u2019efectuar, sense previ av\u00eds, les modificacions que consideri oportunes al seu lloc web, i podr\u00e0 canviar, suprimir i afegir tant els continguts i serveis que es presten, com la forma en qu\u00e8 aquests apareixen presentats o localitzats.<\/p>\n\n\n\n<h2 class=\"wp-block-heading\" id=\"5-propietat-industrial-i-intel-lectual\"><strong>5. Propietat industrial i intel\u00b7lectual<\/strong><\/h2>\n\n\n\n<p>Totes les marques, noms comercials o signes distintius de qualsevol classe que apareixen al lloc www.somprevencio.cat s\u00f3n propietat del TITULAR o de tercers, sense que pugui entendre\u2019s que l\u2019\u00fas o acc\u00e9s al web i\/o als serveis atribueixi a l\u2019USUARI cap tipus de dret sobre les marques, noms comercials o signes distintius.<\/p>\n\n\n\n<p>Aix\u00ed mateix, els continguts s\u00f3n propietat intel\u00b7lectual del TITULAR o de tercers, sense que puguin entendre\u2019s cedits a l\u2019USUARI, ni que aquest pugui fer-ne un \u00fas m\u00e9s enll\u00e0 de l\u2019estrictament necessari per a la utilitzaci\u00f3 correcta del lloc web.<br>Aquesta cl\u00e0usula inclou, a t\u00edtol enunciatiu i no limitatiu: imatges, so, v\u00eddeo, programari, textos, marques, logotips, combinacions de colors, estructura i disseny, etc.<\/p>\n\n\n\n<p>En virtut del disposat en el Reial decret legislatiu 1\/1996, de 12 d\u2019abril, pel qual s\u2019aprova el text ref\u00f3s de la Llei de propietat intel\u00b7lectual, queden expressament prohibides la reproducci\u00f3, distribuci\u00f3, i comunicaci\u00f3 p\u00fablica, inclosa la modalitat de posada a disposici\u00f3 de la totalitat o part dels continguts d\u2019aquest lloc web, amb finalitats comercials, en qualsevol suport i per qualsevol mitj\u00e0 t\u00e8cnic, sense l\u2019autoritzaci\u00f3 del TITULAR.<\/p>\n\n\n\n<p>L\u2019USUARI s\u2019haur\u00e0 d\u2019abstenir de suprimir, alterar, eludir o manipular qualsevol dispositiu de protecci\u00f3 o sistema de seguretat que es trobi instal\u00b7lat a www.somprevencio.cat<\/p>\n\n\n\n<h2 class=\"wp-block-heading\" id=\"6-proteccio-de-dades-de-caracter-personal\"><strong>6. Protecci\u00f3 de dades de car\u00e0cter personal<\/strong><\/h2>\n\n\n\n<p>El TITULAR es reserva la facultat d\u2019incloure en un fitxer de dades de car\u00e0cter personal aquella informaci\u00f3 facilitada per l\u2019USUARI, complint amb les directrius marcades pel Reglament (UE) 2016\/679, de 27 d\u2019abril, relatiu a la protecci\u00f3 de les persones f\u00edsiques pel que fa al tractament de dades personals i a la lliure circulaci\u00f3 d\u2019aquestes.<\/p>\n\n\n\n<p>La finalitat d\u2019aquest fitxer ser\u00e0 la de prestar els nostres serveis i comunicar-nos amb l\u2019usuari. Aquestes dades no es cediran a tercers excepte per obligaci\u00f3 legal o per donar compliment a l\u2019objecte d\u2019un contracte o si l\u2019usuari sol\u00b7licita informaci\u00f3 de productes no comercialitzats per Som prevenci\u00f3.<\/p>\n\n\n\n<p>L\u2019USUARI podr\u00e0 exercir els drets d\u2019acc\u00e9s, rectificaci\u00f3, cancel\u00b7laci\u00f3, supressi\u00f3, oposici\u00f3, limitaci\u00f3, i portabilitat, dirigint a l\u2019efecte un correu electr\u00f2nic a l\u2019adre\u00e7a info@somprevencio.cat indicant la referencia RGPD.<\/p>\n\n\n\n<p>Informaci\u00f3 addicional sobre Protecci\u00f3 de Dades:<br><em>6.1. Responsable del tractament.<\/em><br>Identitat: SOM PREVENCIO SL \u2013 CIF B-63256739<br>Adre\u00e7a: C\/ Moss\u00e8n Serapi, 39-41 \u2013 Manresa 08242<br>Tel\u00e8fon: 938 72 45 32<\/p>\n\n\n\n<p>Correu: info@somprevencio.cat<\/p>\n\n\n\n<p><em>6.2. Delegat de Protecci\u00f3 de Dades.<\/em><br>El Delegat de Protecci\u00f3 de Dades \u00e9s la persona que s\u2019encarrega de protegir el dret fonamental a la protecci\u00f3 de dades personals a SOM PREVENCI\u00d3 SL i s\u2019encarrega del compliment de la normativa de protecci\u00f3 de dades. S\u2019hi pot contactar enviant un correu electr\u00f2nic a info@somprevencio.cat<\/p>\n\n\n\n<p><em>6.3. Finalitat del tractament de les dades.<\/em><br>Les dades personals que es puguin recollir en aquest formulari per part de SOM PREVENCI\u00d3 SL seran utilitzades per poder contactar amb els clients, oferir-los serveis, publicitat i prospecci\u00f3 comercial.<br>En cap cas s\u2019utilitzaran per cap altra finalitat que no s\u2019hagi especificat en aquest apartat, especialment per a l\u2019enviament de publicitat, si aix\u00ed s\u2019ha manifestat; ni tampoc seran cedides a tercers, a menys que s\u2019hagi sol\u00b7licitat informaci\u00f3 de productes no comercialitzats per Som Prevenci\u00f3.<br>Les dades personals que ens hagueu proporcionat es conservaran per un per\u00edode de 10 anys (o pel per\u00edode que determini la normativa espec\u00edfica en la mat\u00e8ria), o b\u00e9 fins que l\u2019interessat<br>expressament en sol\u00b7liciti la seva supressi\u00f3.<\/p>\n\n\n\n<p><em>6.4. Legitimaci\u00f3 del tractament de dades.<\/em><br>La legitimaci\u00f3 per a la finalitat principal es troba recollida en una de les bases jur\u00eddiques establertes al RGPD, concretament a l\u2019article 6.1.a), doncs SOM PREVENCI\u00d3 SL sol\u00b7licita expressament el consentiment dels interessats per a qu\u00e8 les seves dades puguin ser tractades amb la finalitat prevista en el punt anterior.<\/p>\n\n\n\n<p><em>6.5. Destinataris de les dades.<\/em><br>No es preveu que es cedeixin les dades recollides mitjan\u00e7ant el present document a tercers, amb finalitats diferents a les exposades m\u00e9s amunt. S\u00ed que es cediran, per\u00f2, quan es tracti d\u2019una obligaci\u00f3 legal, del compliment de l\u2019objecte d\u2019un contracte o si es sol\u00b7licita informaci\u00f3 de productes no comercialitzats per Som Prevenci\u00f3.<\/p>\n\n\n\n<p><em>6.6. Exercici dels drets propis.<\/em><br>Es podran exercir, de manera gratu\u00efta, els drets d\u2019acc\u00e9s, rectificaci\u00f3, cancel\u00b7laci\u00f3, oposici\u00f3, supressi\u00f3, limitaci\u00f3, i portabilitat, enviant un correu electr\u00f2nic a info@somprevencio.cat, acompanyat d\u2019una c\u00f2pia del DNI o document equivalent acreditatiu, o b\u00e9 dirigint-se a les instal\u00b7lacions de SOM PREVENCI\u00d3 SL, al C\/ Moss\u00e8n Serapi, 39-41, 08242 Manresa.<\/p>\n\n\n\n<h2 class=\"wp-block-heading\" id=\"7-xarxes-socials\"><strong>7. Xarxes socials<\/strong><\/h2>\n\n\n\n<p>En el cas que el TITULAR tingui pres\u00e8ncia a les xarxes socials, el tractament de les dades que es realitzi de les persones que connectin amb el TITULAR a trav\u00e9s d\u2019aquests canals es regir\u00e0 igualment per aquestes condicions generals d\u2019\u00fas, sens perjudici d\u2019aquelles condicions espec\u00edfiques inherents a la xarxa social que correspongui.<br>El TITULAR tractar\u00e0 les dades de l\u2019USUARI amb les finalitats d\u2019administrar correctament la seva pres\u00e8ncia a les xarxes socials, informar-lo d\u2019activitats, productes o serveis del TITULAR o de tercers que puguin estar relacionats amb la seva activitat, aix\u00ed com per a qualsevol altra finalitat que les normatives de les xarxes socials puguin permetre.<\/p>\n\n\n\n<h2 class=\"wp-block-heading\" id=\"8-exclusio-de-garanties-i-responsabilitat\"><strong>8. Exclusi\u00f3 de garanties i responsabilitat<\/strong><\/h2>\n\n\n\n<p>El TITULAR no es fa responsable, en cap cas, dels danys i perjudicis de qualsevol classe que es poguessin ocasionar pel mal funcionament del lloc web citant, a t\u00edtol merament enunciatiu: errors o omissions en els continguts, manca de disponibilitat del lloc, transmissi\u00f3 de virus o programes lesius en els continguts, malgrat haver adoptat totes les mesures tecnol\u00f2giques per evitar-ho.<\/p>\n\n\n\n<h2 class=\"wp-block-heading\" id=\"9-enllacos\"><strong>9. Enlla\u00e7os<\/strong><\/h2>\n\n\n\n<p>En cas que a www.somprevencio.cat es dispos\u00e9s d\u2019enlla\u00e7os a altres llocs d\u2019Internet, el TITULAR no exercir\u00e0 cap tipus de control sobre aquests llocs ni sobre els seus continguts. En cap cas el TITULAR assumir\u00e0 cap responsabilitat pels continguts dels enlla\u00e7os pertanyents a llocs web aliens, ni en garantir\u00e0 la disponibilitat t\u00e8cnica, qualitat, fiabilitat, exactitud, amplitud, veracitat, validesa ni constitucionalitat de qualsevol material o informaci\u00f3 continguda en cap d\u2019aquests enlla\u00e7os o altres llocs d\u2019Internet. De la mateixa manera, l\u2019enlla\u00e7 d\u2019aquestes connexions externes no implicar\u00e0 cap tipus d\u2019associaci\u00f3, fusi\u00f3 o participaci\u00f3 amb les entitats connectades.<\/p>\n\n\n\n<h2 class=\"wp-block-heading\" id=\"10-vigencia-i-modificacions-de-les-condicions-generals-d-us\"><strong>10. Vig\u00e8ncia i modificacions de les condicions generals d\u2019\u00fas<\/strong><\/h2>\n\n\n\n<p>Aquestes condicions romandran en vigor de forma indefinida, sense perjudici de la seva modificaci\u00f3, que podr\u00e0 ser duta a terme pel TITULAR en qualsevol moment, essent degudament publicada al lloc web.<\/p>\n\n\n\n<h2 class=\"wp-block-heading\" id=\"11-jurisdiccio-i-legislacio-aplicable\"><strong>11. Jurisdicci\u00f3 i legislaci\u00f3 aplicable<\/strong><\/h2>\n\n\n\n<p>Les relacions entre USUARI i TITULAR es regiran per la normativa estatal aplicable, i se sotmetran a la jurisdicci\u00f3 dels \u00f2rgans jurisdiccionals de la localitat de Manresa.<\/p>\n<\/div>\n","protected":false},"excerpt":{"rendered":"<p>1. Condici\u00f3 d\u2019USUARI L\u2019acc\u00e9s o \u00fas del lloc web www.somprevencio.cat implica tenir-ne la condici\u00f3 d\u2019USUARI i l\u2019acceptaci\u00f3 de les condicions generals d\u2019utilitzaci\u00f3, sense perjudici d\u2019aquelles condicions particulars que es puguin pactar individualment, que adquiriran tamb\u00e9 for\u00e7a obligat\u00f2ria entre les parts. 2. Condici\u00f3 de TITULAR En compliment del que disposa l\u2019article 10 de la Llei 34\/2002, [&hellip;]<\/p>\n","protected":false},"author":4,"featured_media":0,"parent":0,"menu_order":0,"comment_status":"closed","ping_status":"closed","template":"","meta":{"_acf_changed":false,"footnotes":""},"class_list":["post-3587","page","type-page","status-publish","hentry"],"acf":[],"yoast_head":"<!-- This site is optimized with the Yoast SEO plugin v26.9 - https:\/\/yoast.com\/product\/yoast-seo-wordpress\/ -->\n<title>Av\u00eds legal - Mutuacat Empresa<\/title>\n<meta name=\"description\" content=\"P\u00e0gina de l&#039;av\u00eds legal del lloc web de Mutuacat Empresa.\" \/>\n<meta name=\"robots\" content=\"index, follow, max-snippet:-1, max-image-preview:large, max-video-preview:-1\" \/>\n<link rel=\"canonical\" href=\"https:\/\/www.mutuacat.cat\/empresa\/avis-legal\/\" \/>\n<meta property=\"og:locale\" content=\"ca_ES\" \/>\n<meta property=\"og:type\" content=\"article\" \/>\n<meta property=\"og:title\" content=\"Av\u00eds legal - Mutuacat Empresa\" \/>\n<meta property=\"og:description\" content=\"P\u00e0gina de l&#039;av\u00eds legal del lloc web de Mutuacat Empresa.\" \/>\n<meta property=\"og:url\" content=\"https:\/\/www.mutuacat.cat\/empresa\/avis-legal\/\" \/>\n<meta property=\"og:site_name\" content=\"Mutuacat Empresa\" \/>\n<meta property=\"article:modified_time\" content=\"2025-12-23T09:16:27+00:00\" \/>\n<meta property=\"og:image\" content=\"https:\/\/www.mutuacat.cat\/empresa\/wp-content\/uploads\/2025\/09\/Mutuacat-centered.png\" \/>\n\t<meta property=\"og:image:width\" content=\"1200\" \/>\n\t<meta property=\"og:image:height\" content=\"675\" \/>\n\t<meta property=\"og:image:type\" content=\"image\/png\" \/>\n<meta name=\"twitter:card\" content=\"summary_large_image\" \/>\n<meta name=\"twitter:label1\" content=\"Temps estimat de lectura\" \/>\n\t<meta name=\"twitter:data1\" content=\"8 minuts\" \/>\n<script type=\"application\/ld+json\" class=\"yoast-schema-graph\">{\"@context\":\"https:\/\/schema.org\",\"@graph\":[{\"@type\":\"WebPage\",\"@id\":\"https:\/\/www.mutuacat.cat\/empresa\/avis-legal\/\",\"url\":\"https:\/\/www.mutuacat.cat\/empresa\/avis-legal\/\",\"name\":\"Av\u00eds legal - Mutuacat Empresa\",\"isPartOf\":{\"@id\":\"https:\/\/www.mutuacat.cat\/empresa\/#website\"},\"datePublished\":\"2025-11-25T14:40:26+00:00\",\"dateModified\":\"2025-12-23T09:16:27+00:00\",\"description\":\"P\u00e0gina de l'av\u00eds legal del lloc web de Mutuacat Empresa.\",\"breadcrumb\":{\"@id\":\"https:\/\/www.mutuacat.cat\/empresa\/avis-legal\/#breadcrumb\"},\"inLanguage\":\"ca\",\"potentialAction\":[{\"@type\":\"ReadAction\",\"target\":[\"https:\/\/www.mutuacat.cat\/empresa\/avis-legal\/\"]}]},{\"@type\":\"BreadcrumbList\",\"@id\":\"https:\/\/www.mutuacat.cat\/empresa\/avis-legal\/#breadcrumb\",\"itemListElement\":[{\"@type\":\"ListItem\",\"position\":1,\"name\":\"Inici\",\"item\":\"https:\/\/www.mutuacat.cat\/empresa\/\"},{\"@type\":\"ListItem\",\"position\":2,\"name\":\"Av\u00eds legal\"}]},{\"@type\":\"WebSite\",\"@id\":\"https:\/\/www.mutuacat.cat\/empresa\/#website\",\"url\":\"https:\/\/www.mutuacat.cat\/empresa\/\",\"name\":\"Mutuacat Empresa\",\"description\":\"\",\"potentialAction\":[{\"@type\":\"SearchAction\",\"target\":{\"@type\":\"EntryPoint\",\"urlTemplate\":\"https:\/\/www.mutuacat.cat\/empresa\/?s={search_term_string}\"},\"query-input\":{\"@type\":\"PropertyValueSpecification\",\"valueRequired\":true,\"valueName\":\"search_term_string\"}}],\"inLanguage\":\"ca\"}]}<\/script>\n<!-- \/ Yoast SEO plugin. -->","yoast_head_json":{"title":"Av\u00eds legal - Mutuacat Empresa","description":"P\u00e0gina de l'av\u00eds legal del lloc web de Mutuacat Empresa.","robots":{"index":"index","follow":"follow","max-snippet":"max-snippet:-1","max-image-preview":"max-image-preview:large","max-video-preview":"max-video-preview:-1"},"canonical":"https:\/\/www.mutuacat.cat\/empresa\/avis-legal\/","og_locale":"ca_ES","og_type":"article","og_title":"Av\u00eds legal - Mutuacat Empresa","og_description":"P\u00e0gina de l'av\u00eds legal del lloc web de Mutuacat Empresa.","og_url":"https:\/\/www.mutuacat.cat\/empresa\/avis-legal\/","og_site_name":"Mutuacat Empresa","article_modified_time":"2025-12-23T09:16:27+00:00","og_image":[{"width":1200,"height":675,"url":"https:\/\/www.mutuacat.cat\/empresa\/wp-content\/uploads\/2025\/09\/Mutuacat-centered.png","type":"image\/png"}],"twitter_card":"summary_large_image","twitter_misc":{"Temps estimat de lectura":"8 minuts"},"schema":{"@context":"https:\/\/schema.org","@graph":[{"@type":"WebPage","@id":"https:\/\/www.mutuacat.cat\/empresa\/avis-legal\/","url":"https:\/\/www.mutuacat.cat\/empresa\/avis-legal\/","name":"Av\u00eds legal - Mutuacat Empresa","isPartOf":{"@id":"https:\/\/www.mutuacat.cat\/empresa\/#website"},"datePublished":"2025-11-25T14:40:26+00:00","dateModified":"2025-12-23T09:16:27+00:00","description":"P\u00e0gina de l'av\u00eds legal del lloc web de Mutuacat Empresa.","breadcrumb":{"@id":"https:\/\/www.mutuacat.cat\/empresa\/avis-legal\/#breadcrumb"},"inLanguage":"ca","potentialAction":[{"@type":"ReadAction","target":["https:\/\/www.mutuacat.cat\/empresa\/avis-legal\/"]}]},{"@type":"BreadcrumbList","@id":"https:\/\/www.mutuacat.cat\/empresa\/avis-legal\/#breadcrumb","itemListElement":[{"@type":"ListItem","position":1,"name":"Inici","item":"https:\/\/www.mutuacat.cat\/empresa\/"},{"@type":"ListItem","position":2,"name":"Av\u00eds legal"}]},{"@type":"WebSite","@id":"https:\/\/www.mutuacat.cat\/empresa\/#website","url":"https:\/\/www.mutuacat.cat\/empresa\/","name":"Mutuacat Empresa","description":"","potentialAction":[{"@type":"SearchAction","target":{"@type":"EntryPoint","urlTemplate":"https:\/\/www.mutuacat.cat\/empresa\/?s={search_term_string}"},"query-input":{"@type":"PropertyValueSpecification","valueRequired":true,"valueName":"search_term_string"}}],"inLanguage":"ca"}]}},"_links":{"self":[{"href":"https:\/\/www.mutuacat.cat\/empresa\/wp-json\/wp\/v2\/pages\/3587","targetHints":{"allow":["GET"]}}],"collection":[{"href":"https:\/\/www.mutuacat.cat\/empresa\/wp-json\/wp\/v2\/pages"}],"about":[{"href":"https:\/\/www.mutuacat.cat\/empresa\/wp-json\/wp\/v2\/types\/page"}],"author":[{"embeddable":true,"href":"https:\/\/www.mutuacat.cat\/empresa\/wp-json\/wp\/v2\/users\/4"}],"replies":[{"embeddable":true,"href":"https:\/\/www.mutuacat.cat\/empresa\/wp-json\/wp\/v2\/comments?post=3587"}],"version-history":[{"count":3,"href":"https:\/\/www.mutuacat.cat\/empresa\/wp-json\/wp\/v2\/pages\/3587\/revisions"}],"predecessor-version":[{"id":3590,"href":"https:\/\/www.mutuacat.cat\/empresa\/wp-json\/wp\/v2\/pages\/3587\/revisions\/3590"}],"wp:attachment":[{"href":"https:\/\/www.mutuacat.cat\/empresa\/wp-json\/wp\/v2\/media?parent=3587"}],"curies":[{"name":"wp","href":"https:\/\/api.w.org\/{rel}","templated":true}]}}