{"id":3920,"date":"2026-01-12T12:09:38","date_gmt":"2026-01-12T12:09:38","guid":{"rendered":"https:\/\/www.mutuacat.cat\/empresa\/?page_id=3920"},"modified":"2026-01-12T12:12:44","modified_gmt":"2026-01-12T12:12:44","slug":"politica-de-galetes","status":"publish","type":"page","link":"https:\/\/www.mutuacat.cat\/empresa\/politica-de-galetes\/","title":{"rendered":"Pol\u00edtica de galetes"},"content":{"rendered":"\n<div class=\"wp-block-group is-layout-constrained wp-container-core-group-is-layout-ba0f1825 wp-block-group-is-layout-constrained\" style=\"margin-top:0;margin-bottom:0;padding-top:60px;padding-right:40px;padding-bottom:60px;padding-left:40px\">\n<h2 class=\"wp-block-heading\"><strong>Pol\u00edtica de galetes<em>(cookies)<\/em><\/strong><\/h2>\n\n\n\n<p>Aquesta pol\u00edtica de privacitat estableix com M\u00fatuacat utilitza i protegeix qualsevol informaci\u00f3 que vost\u00e8 d\u00f3na quan s\u2019utilitza aquest lloc web. M\u00fatuacat es compromet a garantir que la seva privacitat est\u00e0 protegida. Si li demanem que ens proporcioni certa informaci\u00f3 per la qual vost\u00e8 pot ser identificat a l\u2019usar aquest lloc web, llavors pot estar segur que nom\u00e9s s\u2019utilitzar\u00e0 d\u2019acord amb aquesta declaraci\u00f3 de privacitat. M\u00fatuacat pot canviar aquesta pol\u00edtica de tant en tant en actualitzar aquesta p\u00e0gina. \u00c9s recomanable visitar aquesta p\u00e0gina de tant en tant per assegurar-se que est\u00e0 satisfet amb els canvis.<\/p>\n\n\n\n<h2 class=\"wp-block-heading\"><strong>Qu\u00e8 fem amb la informaci\u00f3 que recopilem<\/strong><\/h2>\n\n\n\n<p>Recollim aquesta informaci\u00f3 per entendre les seves necessitats i oferir-li un millor servei, i en particular per les seg\u00fcents raons:<\/p>\n\n\n\n<p>Manteniment de registres interns.<br>Podem utilitzar la informaci\u00f3 per millorar els nostres productes i serveis.<\/p>\n\n\n\n<h2 class=\"wp-block-heading\"><strong>Seguretat<\/strong><\/h2>\n\n\n\n<p>El nostre comprom\u00eds \u00e9s assegurar que la seva informaci\u00f3 estigui segura. Per tal d\u2019evitar l\u2019acc\u00e9s no autoritzat o la seva divulgaci\u00f3, hem posat en marxa procediments f\u00edsics, electr\u00f2nics i administratius apropiats per salvaguardar i mantenir 100% segura la informaci\u00f3 que recopilem en l\u00ednia.<\/p>\n\n\n\n<h2 class=\"wp-block-heading\"><strong>Com utilitzem les galetes<\/strong><\/h2>\n\n\n\n<p>Una galeta, o&nbsp;<em>cookie<\/em>, \u00e9s un petit arxiu que demana perm\u00eds per ser col\u2022locat al disc dur del seu ordinador. Una vegada que vost\u00e8 est\u00e0 d\u2019acord amb aix\u00f2, l\u2019arxiu s\u2019afegeix i la galeta ajuda a analitzar el tr\u00e0nsit web o permet saber quan vost\u00e8 visita un lloc en particular. Les galetes permeten que la web li respongui a vost\u00e8 com a individu podent adaptar les seves operacions a les seves necessitats, gustos i recordar la informaci\u00f3 sobre les seves prefer\u00e8ncies.<\/p>\n\n\n\n<p>Utilitzem galetes de registre de tr\u00e0nsit per identificar quines p\u00e0gines s\u2019estan utilitzant. Aix\u00f2 ens ajuda a analitzar dades sobre el tr\u00e0nsit de la p\u00e0gina web i millorar el nostre lloc web per tal d\u2019adaptar-lo a les necessitats del client. Nom\u00e9s utilitzem aquesta informaci\u00f3 per a fins d\u2019an\u00e0lisi estad\u00edstica. Despr\u00e9s les dades s\u2019eliminen del sistema.<\/p>\n\n\n\n<p>L\u2019aplicaci\u00f3 que utilitzem per obtenir i analitzar la informaci\u00f3 de la navegaci\u00f3 \u00e9s: Google Analytics (www.google.com\/analytics) i Google Tag Manager.<\/p>\n\n\n\n<p>Aquesta aplicaci\u00f3 ha estat desenvolupada per Google, que ens presta el servei d\u2019an\u00e0lisi de l\u2019audi\u00e8ncia de la nostra p\u00e0gina. Aquesta empresa pot utilitzar aquestes dades per millorar els seus propis serveis i per oferir serveis a altres empreses. Pots con\u00e8ixer aquests altres usos des de l\u2019enlla\u00e7 www.google.com\/analytics.<\/p>\n\n\n\n<p>Aquesta eina no obt\u00e9 dades dels noms o cognoms dels usuaris ni de l\u2019adre\u00e7a postal des d\u2019on es connecten. La informaci\u00f3 que obt\u00e9 est\u00e0 relacionada, per exemple, amb el nombre de p\u00e0gines vistes, l\u2019idioma, xarxa social en la qual es publiquen les nostres not\u00edcies, la ciutat a la qual est\u00e0 assignada l\u2019adre\u00e7a IP des de la qual accedeixen els usuaris, el nombre d\u2019usuaris que ens visiten, la freq\u00fc\u00e8ncia i reincid\u00e8ncia de les visites, el temps de visita, el navegador que fan servir, l\u2019operador o tipus de terminal des del qual es realitza la visita.<\/p>\n\n\n\n<p>En aquest web utilitzem la funci\u00f3 de rem\u00e0rqueting per recollir informaci\u00f3 sobre la navegaci\u00f3 i poder oferir publicitat sobre els nostres productes \/ serveis pels quals estava interessat. Igualment , podrem fer arribar publicitat sobre els nostres productes \/ serveis en visitar altres llocs de la Xarxa Display (grup de llocs web (inclosos llocs web espec\u00edfics de Google, com ara Google Finance, Gmail, Blogger i YouTube) que mostren anuncis d\u2019AdWords).<\/p>\n\n\n\n<p>Utilitzem Benhmark per a la recollida i an\u00e1lisi de dades sobre la informaci\u00f3 de navegaci\u00f3 (http:\/\/www.benchmarkemail.com\/about-benchmark-email\/security-privacy)<\/p>\n\n\n\n<p>Aquesta informaci\u00f3 la fem servir per millorar la nostra p\u00e0gina, detectar noves necessitats i valorar les millores a introduir amb la finalitat d\u2019oferir un millor servei als usuaris que ens visiten.<\/p>\n\n\n\n<p>En general, les galetes ens ajuden a oferir-li un millor lloc web, de manera que ens permet ajudar a trobar aquelles p\u00e0gines que troba \u00fatils. Una galeta de cap manera ens d\u00f3na acc\u00e9s al seu ordinador o a qualsevol informaci\u00f3 sobre vost\u00e8, excepte les dades que vost\u00e8 decideixi compartir amb nosaltres. Podeu triar entre acceptar o refusar galetes. La majoria dels navegadors web accepten galetes autom\u00e0ticament, per\u00f2 vost\u00e8 pot modificar la configuraci\u00f3 del navegador per rebutjar galetes si ho prefereix.<\/p>\n\n\n\n<h2 class=\"wp-block-heading\"><strong>Enlla\u00e7os a altres llocs web<\/strong><\/h2>\n\n\n\n<p>El nostre lloc web pot contenir enlla\u00e7os a altres llocs d\u2019inter\u00e8s. No obstant aix\u00f2, una vegada que hagi utilitzat aquests enlla\u00e7os per sortir del nostre lloc, ha de tenir en compte que no tenim cap control sobre aquest altre lloc web. Per tant, no podem ser responsables de la protecci\u00f3 i privacitat de qualsevol informaci\u00f3 que vost\u00e8 proporcioni en visitar aquests llocs i aquests llocs no es regeixen per aquesta declaraci\u00f3 de privacitat. \u00c9s recomanable anar amb compte i llegir la declaraci\u00f3 de privacitat aplicable al lloc web en q\u00fcesti\u00f3.<\/p>\n\n\n\n<h2 class=\"wp-block-heading\"><strong>El control de la seva informaci\u00f3 personal<\/strong><\/h2>\n\n\n\n<p>Pots control\u00b7lar l\u2019\u00fas de les galetes en el teu navegador de la seg\u00fcents maneres:<br>\u2013 Chrome, des de\u00a0<a href=\"http:\/\/support.google.com\/chrome\/bin\/answer.py?hl=es&amp;answer=95647\">http:\/\/support.google.com\/chrome\/bin\/answer.py?hl=es&amp;answer=95647<\/a><br>\u2013 Explorer, des de<a href=\"http:\/\/windows.microsoft.com\/es-es\/windows7\/how-to-manage-cookies-in-internet-explorer-9\">\u00a0http:\/\/windows.microsoft.com\/es-es\/windows7\/how-to-manage-cookies-in-internet-explorer-9<\/a><br>\u2013 Firefox, des de\u00a0<a href=\"http:\/\/support.mozilla.org\/es\/kb\/habilitar-y-deshabilitar-cookies-que-los-sitios-we\">http:\/\/support.mozilla.org\/es\/kb\/habilitar-y-deshabilitar-cookies-que-los-sitios-we<\/a><br>\u2013 Safari, des de\u00a0<a href=\"https:\/\/support.apple.com\/kb\/PH19214?viewlocale=es_ES&amp;locale=en_US\">https:\/\/support.apple.com\/kb\/PH19214?viewlocale=es_ES&amp;locale=en_US<\/a><\/p>\n\n\n\n<p>Vost\u00e8 pot optar per restringir la recopilaci\u00f3 o l\u2019\u00fas de la seva informaci\u00f3 personal de les seg\u00fcents maneres:<\/p>\n\n\n\n<p>No vendrem, distribuirem o cedirem la seva informaci\u00f3 personal a tercers tret que tinguem el seu perm\u00eds o estiguem obligats per llei a fer-ho. Podem utilitzar la seva informaci\u00f3 personal per enviar-li informaci\u00f3 promocional sobre tercers que pensem que pot resultar-li interessant.<\/p>\n\n\n\n<p>Pot sol\u2022licitar detalls de la informaci\u00f3 personal que tenim sobre vost\u00e8 en virtut de la Llei de Protecci\u00f3 de Dades de 1998.<\/p>\n\n\n\n<p>Si creu que qualsevol informaci\u00f3 que tenim sobre vost\u00e8 \u00e9s incorrecta o incompleta, ens pot escriure un correu electr\u00f2nic a mutua@mutuacat.cat tan aviat com sigui possible. En la major brevetat es corregir\u00e0 qualsevol informaci\u00f3 que sigui incorrecta.<\/p>\n<\/div>\n","protected":false},"excerpt":{"rendered":"<p>Pol\u00edtica de galetes(cookies) Aquesta pol\u00edtica de privacitat estableix com M\u00fatuacat utilitza i protegeix qualsevol informaci\u00f3 que vost\u00e8 d\u00f3na quan s\u2019utilitza aquest lloc web. M\u00fatuacat es compromet a garantir que la seva privacitat est\u00e0 protegida. Si li demanem que ens proporcioni certa informaci\u00f3 per la qual vost\u00e8 pot ser identificat a l\u2019usar aquest lloc web, llavors [&hellip;]<\/p>\n","protected":false},"author":4,"featured_media":0,"parent":0,"menu_order":0,"comment_status":"closed","ping_status":"closed","template":"","meta":{"_acf_changed":false,"footnotes":""},"class_list":["post-3920","page","type-page","status-publish","hentry"],"acf":[],"yoast_head":"<!-- This site is optimized with the Yoast SEO plugin v26.9 - https:\/\/yoast.com\/product\/yoast-seo-wordpress\/ -->\n<title>Pol\u00edtica de galetes - Mutuacat Empresa<\/title>\n<meta name=\"robots\" content=\"index, follow, max-snippet:-1, max-image-preview:large, max-video-preview:-1\" \/>\n<link rel=\"canonical\" href=\"https:\/\/www.mutuacat.cat\/empresa\/politica-de-galetes\/\" \/>\n<meta property=\"og:locale\" content=\"ca_ES\" \/>\n<meta property=\"og:type\" content=\"article\" \/>\n<meta property=\"og:title\" content=\"Pol\u00edtica de galetes - Mutuacat Empresa\" \/>\n<meta property=\"og:description\" content=\"Pol\u00edtica de galetes(cookies) Aquesta pol\u00edtica de privacitat estableix com M\u00fatuacat utilitza i protegeix qualsevol informaci\u00f3 que vost\u00e8 d\u00f3na quan s\u2019utilitza aquest lloc web. M\u00fatuacat es compromet a garantir que la seva privacitat est\u00e0 protegida. Si li demanem que ens proporcioni certa informaci\u00f3 per la qual vost\u00e8 pot ser identificat a l\u2019usar aquest lloc web, llavors [&hellip;]\" \/>\n<meta property=\"og:url\" content=\"https:\/\/www.mutuacat.cat\/empresa\/politica-de-galetes\/\" \/>\n<meta property=\"og:site_name\" content=\"Mutuacat Empresa\" \/>\n<meta property=\"article:modified_time\" content=\"2026-01-12T12:12:44+00:00\" \/>\n<meta property=\"og:image\" content=\"https:\/\/www.mutuacat.cat\/empresa\/wp-content\/uploads\/2025\/09\/Mutuacat-centered.png\" \/>\n\t<meta property=\"og:image:width\" content=\"1200\" \/>\n\t<meta property=\"og:image:height\" content=\"675\" \/>\n\t<meta property=\"og:image:type\" content=\"image\/png\" \/>\n<meta name=\"twitter:card\" content=\"summary_large_image\" \/>\n<meta name=\"twitter:label1\" content=\"Temps estimat de lectura\" \/>\n\t<meta name=\"twitter:data1\" content=\"6 minuts\" \/>\n<script type=\"application\/ld+json\" class=\"yoast-schema-graph\">{\"@context\":\"https:\/\/schema.org\",\"@graph\":[{\"@type\":\"WebPage\",\"@id\":\"https:\/\/www.mutuacat.cat\/empresa\/politica-de-galetes\/\",\"url\":\"https:\/\/www.mutuacat.cat\/empresa\/politica-de-galetes\/\",\"name\":\"Pol\u00edtica de galetes - Mutuacat Empresa\",\"isPartOf\":{\"@id\":\"https:\/\/www.mutuacat.cat\/empresa\/#website\"},\"datePublished\":\"2026-01-12T12:09:38+00:00\",\"dateModified\":\"2026-01-12T12:12:44+00:00\",\"breadcrumb\":{\"@id\":\"https:\/\/www.mutuacat.cat\/empresa\/politica-de-galetes\/#breadcrumb\"},\"inLanguage\":\"ca\",\"potentialAction\":[{\"@type\":\"ReadAction\",\"target\":[\"https:\/\/www.mutuacat.cat\/empresa\/politica-de-galetes\/\"]}]},{\"@type\":\"BreadcrumbList\",\"@id\":\"https:\/\/www.mutuacat.cat\/empresa\/politica-de-galetes\/#breadcrumb\",\"itemListElement\":[{\"@type\":\"ListItem\",\"position\":1,\"name\":\"Inici\",\"item\":\"https:\/\/www.mutuacat.cat\/empresa\/\"},{\"@type\":\"ListItem\",\"position\":2,\"name\":\"Pol\u00edtica de galetes\"}]},{\"@type\":\"WebSite\",\"@id\":\"https:\/\/www.mutuacat.cat\/empresa\/#website\",\"url\":\"https:\/\/www.mutuacat.cat\/empresa\/\",\"name\":\"Mutuacat Empresa\",\"description\":\"\",\"potentialAction\":[{\"@type\":\"SearchAction\",\"target\":{\"@type\":\"EntryPoint\",\"urlTemplate\":\"https:\/\/www.mutuacat.cat\/empresa\/?s={search_term_string}\"},\"query-input\":{\"@type\":\"PropertyValueSpecification\",\"valueRequired\":true,\"valueName\":\"search_term_string\"}}],\"inLanguage\":\"ca\"}]}<\/script>\n<!-- \/ Yoast SEO plugin. -->","yoast_head_json":{"title":"Pol\u00edtica de galetes - Mutuacat Empresa","robots":{"index":"index","follow":"follow","max-snippet":"max-snippet:-1","max-image-preview":"max-image-preview:large","max-video-preview":"max-video-preview:-1"},"canonical":"https:\/\/www.mutuacat.cat\/empresa\/politica-de-galetes\/","og_locale":"ca_ES","og_type":"article","og_title":"Pol\u00edtica de galetes - Mutuacat Empresa","og_description":"Pol\u00edtica de galetes(cookies) Aquesta pol\u00edtica de privacitat estableix com M\u00fatuacat utilitza i protegeix qualsevol informaci\u00f3 que vost\u00e8 d\u00f3na quan s\u2019utilitza aquest lloc web. M\u00fatuacat es compromet a garantir que la seva privacitat est\u00e0 protegida. Si li demanem que ens proporcioni certa informaci\u00f3 per la qual vost\u00e8 pot ser identificat a l\u2019usar aquest lloc web, llavors [&hellip;]","og_url":"https:\/\/www.mutuacat.cat\/empresa\/politica-de-galetes\/","og_site_name":"Mutuacat Empresa","article_modified_time":"2026-01-12T12:12:44+00:00","og_image":[{"width":1200,"height":675,"url":"https:\/\/www.mutuacat.cat\/empresa\/wp-content\/uploads\/2025\/09\/Mutuacat-centered.png","type":"image\/png"}],"twitter_card":"summary_large_image","twitter_misc":{"Temps estimat de lectura":"6 minuts"},"schema":{"@context":"https:\/\/schema.org","@graph":[{"@type":"WebPage","@id":"https:\/\/www.mutuacat.cat\/empresa\/politica-de-galetes\/","url":"https:\/\/www.mutuacat.cat\/empresa\/politica-de-galetes\/","name":"Pol\u00edtica de galetes - Mutuacat Empresa","isPartOf":{"@id":"https:\/\/www.mutuacat.cat\/empresa\/#website"},"datePublished":"2026-01-12T12:09:38+00:00","dateModified":"2026-01-12T12:12:44+00:00","breadcrumb":{"@id":"https:\/\/www.mutuacat.cat\/empresa\/politica-de-galetes\/#breadcrumb"},"inLanguage":"ca","potentialAction":[{"@type":"ReadAction","target":["https:\/\/www.mutuacat.cat\/empresa\/politica-de-galetes\/"]}]},{"@type":"BreadcrumbList","@id":"https:\/\/www.mutuacat.cat\/empresa\/politica-de-galetes\/#breadcrumb","itemListElement":[{"@type":"ListItem","position":1,"name":"Inici","item":"https:\/\/www.mutuacat.cat\/empresa\/"},{"@type":"ListItem","position":2,"name":"Pol\u00edtica de galetes"}]},{"@type":"WebSite","@id":"https:\/\/www.mutuacat.cat\/empresa\/#website","url":"https:\/\/www.mutuacat.cat\/empresa\/","name":"Mutuacat Empresa","description":"","potentialAction":[{"@type":"SearchAction","target":{"@type":"EntryPoint","urlTemplate":"https:\/\/www.mutuacat.cat\/empresa\/?s={search_term_string}"},"query-input":{"@type":"PropertyValueSpecification","valueRequired":true,"valueName":"search_term_string"}}],"inLanguage":"ca"}]}},"_links":{"self":[{"href":"https:\/\/www.mutuacat.cat\/empresa\/wp-json\/wp\/v2\/pages\/3920","targetHints":{"allow":["GET"]}}],"collection":[{"href":"https:\/\/www.mutuacat.cat\/empresa\/wp-json\/wp\/v2\/pages"}],"about":[{"href":"https:\/\/www.mutuacat.cat\/empresa\/wp-json\/wp\/v2\/types\/page"}],"author":[{"embeddable":true,"href":"https:\/\/www.mutuacat.cat\/empresa\/wp-json\/wp\/v2\/users\/4"}],"replies":[{"embeddable":true,"href":"https:\/\/www.mutuacat.cat\/empresa\/wp-json\/wp\/v2\/comments?post=3920"}],"version-history":[{"count":2,"href":"https:\/\/www.mutuacat.cat\/empresa\/wp-json\/wp\/v2\/pages\/3920\/revisions"}],"predecessor-version":[{"id":3923,"href":"https:\/\/www.mutuacat.cat\/empresa\/wp-json\/wp\/v2\/pages\/3920\/revisions\/3923"}],"wp:attachment":[{"href":"https:\/\/www.mutuacat.cat\/empresa\/wp-json\/wp\/v2\/media?parent=3920"}],"curies":[{"name":"wp","href":"https:\/\/api.w.org\/{rel}","templated":true}]}}