{"id":3025,"date":"2025-11-11T09:25:20","date_gmt":"2025-11-11T09:25:20","guid":{"rendered":"https:\/\/www.mutuacat.cat\/empresa\/?post_type=product&#038;p=3025"},"modified":"2026-02-17T11:53:52","modified_gmt":"2026-02-17T11:53:52","slug":"auditor-en-sistemas-de-gestion-de-prevencion-de-riesgos-laborales","status":"publish","type":"product","link":"https:\/\/www.mutuacat.cat\/empresa\/formacio\/auditor-en-sistemas-de-gestion-de-prevencion-de-riesgos-laborales\/","title":{"rendered":"Auditor en Sistemas de Gesti\u00f3n de Prevenci\u00f3n de Riesgos Laborales"},"content":{"rendered":"\t\t<div data-elementor-type=\"product-post\" data-elementor-id=\"3025\" class=\"elementor elementor-3025\" data-elementor-post-type=\"product\">\n\t\t\t\t<div class=\"elementor-element elementor-element-50cae97 e-flex e-con-boxed e-con e-parent\" data-id=\"50cae97\" data-element_type=\"container\" data-e-type=\"container\">\n\t\t\t\t\t<div class=\"e-con-inner\">\n\t\t\t\t<div class=\"elementor-element elementor-element-903893f e-n-tabs-mobile elementor-widget elementor-widget-n-tabs\" data-id=\"903893f\" data-element_type=\"widget\" data-e-type=\"widget\" data-settings=\"{&quot;horizontal_scroll&quot;:&quot;disable&quot;}\" data-widget_type=\"nested-tabs.default\">\n\t\t\t\t<div class=\"elementor-widget-container\">\n\t\t\t\t\t\t\t<div class=\"e-n-tabs\" data-widget-number=\"151226687\" aria-label=\"Tabuladors. Obre elements amb Retorn o Espai, tanca amb Esc i navega amb les tecles de fletxa.\">\n\t\t\t<div class=\"e-n-tabs-heading\" role=\"tablist\">\n\t\t\t\t\t<button id=\"e-n-tab-title-1512266871\" data-tab-title-id=\"e-n-tab-title-1512266871\" class=\"e-n-tab-title\" aria-selected=\"true\" data-tab-index=\"1\" role=\"tab\" tabindex=\"0\" aria-controls=\"e-n-tab-content-1512266871\" style=\"--n-tabs-title-order: 1;\">\n\t\t\t\t\t\t<span class=\"e-n-tab-title-text\">\n\t\t\t\tDestinatarios\t\t\t<\/span>\n\t\t<\/button>\n\t\t\t\t<button id=\"e-n-tab-title-1512266872\" data-tab-title-id=\"e-n-tab-title-1512266872\" class=\"e-n-tab-title\" aria-selected=\"false\" data-tab-index=\"2\" role=\"tab\" tabindex=\"-1\" aria-controls=\"e-n-tab-content-1512266872\" style=\"--n-tabs-title-order: 2;\">\n\t\t\t\t\t\t<span class=\"e-n-tab-title-text\">\n\t\t\t\tTutor\u00edas\t\t\t<\/span>\n\t\t<\/button>\n\t\t\t\t<button id=\"e-n-tab-title-1512266873\" data-tab-title-id=\"e-n-tab-title-1512266873\" class=\"e-n-tab-title\" aria-selected=\"false\" data-tab-index=\"3\" role=\"tab\" tabindex=\"-1\" aria-controls=\"e-n-tab-content-1512266873\" style=\"--n-tabs-title-order: 3;\">\n\t\t\t\t\t\t<span class=\"e-n-tab-title-text\">\n\t\t\t\tContenidos\t\t\t<\/span>\n\t\t<\/button>\n\t\t\t\t\t<\/div>\n\t\t\t<div class=\"e-n-tabs-content\">\n\t\t\t\t<div id=\"e-n-tab-content-1512266871\" role=\"tabpanel\" aria-labelledby=\"e-n-tab-title-1512266871\" data-tab-index=\"1\" style=\"--n-tabs-title-order: 1;\" class=\"e-active elementor-element elementor-element-b16a00e e-con-full e-flex e-con e-child\" data-id=\"b16a00e\" data-element_type=\"container\" data-e-type=\"container\">\n\t\t<div class=\"elementor-element elementor-element-35e4242 e-flex e-con-boxed e-con e-child\" data-id=\"35e4242\" data-element_type=\"container\" data-e-type=\"container\">\n\t\t\t\t\t<div class=\"e-con-inner\">\n\t\t\t\t<div class=\"elementor-element elementor-element-43b27f8 elementor-widget elementor-widget-heading\" data-id=\"43b27f8\" data-element_type=\"widget\" data-e-type=\"widget\" data-widget_type=\"heading.default\">\n\t\t\t\t<div class=\"elementor-widget-container\">\n\t\t\t\t\t<h2 class=\"elementor-heading-title elementor-size-default\">Destinatarios<\/h2>\t\t\t\t<\/div>\n\t\t\t\t<\/div>\n\t\t\t\t<div class=\"elementor-element elementor-element-070476e elementor-widget elementor-widget-text-editor\" data-id=\"070476e\" data-element_type=\"widget\" data-e-type=\"widget\" data-widget_type=\"text-editor.default\">\n\t\t\t\t<div class=\"elementor-widget-container\">\n\t\t\t\t\t\t\t\t\t<p>A\u00a0t\u00e9cnicos superiores de prevenci\u00f3n de riesgos laborales.<\/p>\t\t\t\t\t\t\t\t<\/div>\n\t\t\t\t<\/div>\n\t\t\t\t\t<\/div>\n\t\t\t\t<\/div>\n\t\t\t\t<\/div>\n\t\t<div id=\"e-n-tab-content-1512266872\" role=\"tabpanel\" aria-labelledby=\"e-n-tab-title-1512266872\" data-tab-index=\"2\" style=\"--n-tabs-title-order: 2;\" class=\" elementor-element elementor-element-f4f232c e-flex e-con-boxed e-con e-child\" data-id=\"f4f232c\" data-element_type=\"container\" data-e-type=\"container\">\n\t\t\t\t\t<div class=\"e-con-inner\">\n\t\t<div class=\"elementor-element elementor-element-b5d39fd e-con-full e-flex e-con e-child\" data-id=\"b5d39fd\" data-element_type=\"container\" data-e-type=\"container\">\n\t\t\t\t<div class=\"elementor-element elementor-element-ba77dff elementor-widget elementor-widget-heading\" data-id=\"ba77dff\" data-element_type=\"widget\" data-e-type=\"widget\" data-widget_type=\"heading.default\">\n\t\t\t\t<div class=\"elementor-widget-container\">\n\t\t\t\t\t<h2 class=\"elementor-heading-title elementor-size-default\">Tutor\u00edas<\/h2>\t\t\t\t<\/div>\n\t\t\t\t<\/div>\n\t\t\t\t<div class=\"elementor-element elementor-element-fe942be elementor-widget elementor-widget-text-editor\" data-id=\"fe942be\" data-element_type=\"widget\" data-e-type=\"widget\" data-widget_type=\"text-editor.default\">\n\t\t\t\t<div class=\"elementor-widget-container\">\n\t\t\t\t\t\t\t\t\t<p>A cada alumno se le asigna un coordinador espec\u00edfico que se encarga de realizar un seguimiento personalizado del aprendizaje.<\/p>\t\t\t\t\t\t\t\t<\/div>\n\t\t\t\t<\/div>\n\t\t\t\t<\/div>\n\t\t\t\t\t<\/div>\n\t\t\t\t<\/div>\n\t\t<div id=\"e-n-tab-content-1512266873\" role=\"tabpanel\" aria-labelledby=\"e-n-tab-title-1512266873\" data-tab-index=\"3\" style=\"--n-tabs-title-order: 3;\" class=\" elementor-element elementor-element-0912ca8 e-con-full e-flex e-con e-child\" data-id=\"0912ca8\" data-element_type=\"container\" data-e-type=\"container\">\n\t\t<div class=\"elementor-element elementor-element-fad3bd2 e-con-full e-flex e-con e-child\" data-id=\"fad3bd2\" data-element_type=\"container\" data-e-type=\"container\">\n\t\t\t\t<div class=\"elementor-element elementor-element-3d00f19 elementor-widget elementor-widget-heading\" data-id=\"3d00f19\" data-element_type=\"widget\" data-e-type=\"widget\" data-widget_type=\"heading.default\">\n\t\t\t\t<div class=\"elementor-widget-container\">\n\t\t\t\t\t<h2 class=\"elementor-heading-title elementor-size-default\">Contenidos<\/h2>\t\t\t\t<\/div>\n\t\t\t\t<\/div>\n\t\t\t\t<div class=\"elementor-element elementor-element-aa2b30d elementor-widget elementor-widget-text-editor\" data-id=\"aa2b30d\" data-element_type=\"widget\" data-e-type=\"widget\" data-widget_type=\"text-editor.default\">\n\t\t\t\t<div class=\"elementor-widget-container\">\n\t\t\t\t\t\t\t\t\t<p>Siguiendo las recomendaciones del Instituto Nacional de Seguridad e Higiene en el Trabajo (INSHT), el curso se estructura en los siguientes cap\u00edtulos:<\/p><ul><li><strong>Cap\u00edtulo 1:<\/strong>\u00a0Auditor\u00edas. Conceptos generales<\/li><li><strong>Cap\u00edtulo 2:<\/strong>\u00a0La organizaci\u00f3n empresarial. An\u00e1lisis de modelos de gesti\u00f3n<\/li><li><strong>Cap\u00edtulo 3:\u00a0<\/strong>El Sistema de Gesti\u00f3n PRL<\/li><li><strong>Cap\u00edtulo 4:<\/strong>\u00a0Protagonistas de la auditor\u00eda<\/li><li><strong>Cap\u00edtulo 5:\u00a0<\/strong>Criterios de actuaci\u00f3n en el proceso de auditor\u00eda del SGPRL<\/li><li><strong>Cap\u00edtulo 6:\u00a0<\/strong>Metodolog\u00eda del proceso de auditor\u00eda del SGPRL<\/li><\/ul>\t\t\t\t\t\t\t\t<\/div>\n\t\t\t\t<\/div>\n\t\t\t\t<\/div>\n\t\t\t\t<\/div>\n\t\t\t\t\t<\/div>\n\t\t<\/div>\n\t\t\t\t\t\t<\/div>\n\t\t\t\t<\/div>\n\t\t\t\t\t<\/div>\n\t\t\t\t<\/div>\n\t\t\t\t<\/div>\n\t\t","protected":false},"excerpt":{"rendered":"<p>El curso tiene por objetivo capacitar a t\u00e9cnicos superiores de prevenci\u00f3n de riesgos laborales para desarrollar las funciones de auditor\u00eda de los sistemas de prevenci\u00f3n de riesgos laborales en las empresas, en funci\u00f3n de los requerimientos legales establecidos.<\/p>\n","protected":false},"featured_media":3026,"template":"","meta":{"_acf_changed":false},"product_brand":[],"product_cat":[57,53],"product_tag":[67],"class_list":{"0":"post-3025","1":"product","2":"type-product","3":"status-publish","4":"has-post-thumbnail","6":"product_cat-cursos-despecialitzacio-en-prl","7":"product_cat-prevencio-de-riscos-laborals","8":"product_tag-en-linia","10":"first","11":"instock","12":"virtual","13":"product-type-simple"},"acf":[],"yoast_head":"<!-- This site is optimized with the Yoast SEO plugin v26.9 - https:\/\/yoast.com\/product\/yoast-seo-wordpress\/ -->\n<title>Curso de auditor en Sistemas de Gesti\u00f3n de Prevenci\u00f3n de Riesgos Laborales - Mutuacat Empresa<\/title>\n<meta name=\"description\" content=\"Con este curso en l\u00ednea los alumnos podr\u00e1n desarrollar las funciones de auditor\u00eda de los sistemas de prevenci\u00f3n de riesgos laborales en las empresas.\" \/>\n<meta name=\"robots\" content=\"index, follow, max-snippet:-1, max-image-preview:large, max-video-preview:-1\" \/>\n<link rel=\"canonical\" href=\"https:\/\/www.mutuacat.cat\/empresa\/formacio\/auditor-en-sistemas-de-gestion-de-prevencion-de-riesgos-laborales\/\" \/>\n<meta property=\"og:locale\" content=\"ca_ES\" \/>\n<meta property=\"og:type\" content=\"article\" \/>\n<meta property=\"og:title\" content=\"Curso de auditor en Sistemas de Gesti\u00f3n de Prevenci\u00f3n de Riesgos Laborales - Mutuacat Empresa\" \/>\n<meta property=\"og:description\" content=\"Con este curso en l\u00ednea los alumnos podr\u00e1n desarrollar las funciones de auditor\u00eda de los sistemas de prevenci\u00f3n de riesgos laborales en las empresas.\" \/>\n<meta property=\"og:url\" content=\"https:\/\/www.mutuacat.cat\/empresa\/formacio\/auditor-en-sistemas-de-gestion-de-prevencion-de-riesgos-laborales\/\" \/>\n<meta property=\"og:site_name\" content=\"Mutuacat Empresa\" \/>\n<meta property=\"article:modified_time\" content=\"2026-02-17T11:53:52+00:00\" \/>\n<meta property=\"og:image\" content=\"https:\/\/www.mutuacat.cat\/empresa\/wp-content\/uploads\/2025\/11\/xcurs-auditor-1.jpg.pagespeed.ic_.8_pp51VoAl.webp\" \/>\n\t<meta property=\"og:image:width\" content=\"800\" \/>\n\t<meta property=\"og:image:height\" content=\"800\" \/>\n\t<meta property=\"og:image:type\" content=\"image\/webp\" \/>\n<meta name=\"twitter:card\" content=\"summary_large_image\" \/>\n<meta name=\"twitter:label1\" content=\"Temps estimat de lectura\" \/>\n\t<meta name=\"twitter:data1\" content=\"2 minuts\" \/>\n<script type=\"application\/ld+json\" class=\"yoast-schema-graph\">{\"@context\":\"https:\/\/schema.org\",\"@graph\":[{\"@type\":\"WebPage\",\"@id\":\"https:\/\/www.mutuacat.cat\/empresa\/formacio\/auditor-en-sistemas-de-gestion-de-prevencion-de-riesgos-laborales\/\",\"url\":\"https:\/\/www.mutuacat.cat\/empresa\/formacio\/auditor-en-sistemas-de-gestion-de-prevencion-de-riesgos-laborales\/\",\"name\":\"Curso de auditor en Sistemas de Gesti\u00f3n de Prevenci\u00f3n de Riesgos Laborales - Mutuacat Empresa\",\"isPartOf\":{\"@id\":\"https:\/\/www.mutuacat.cat\/empresa\/#website\"},\"primaryImageOfPage\":{\"@id\":\"https:\/\/www.mutuacat.cat\/empresa\/formacio\/auditor-en-sistemas-de-gestion-de-prevencion-de-riesgos-laborales\/#primaryimage\"},\"image\":{\"@id\":\"https:\/\/www.mutuacat.cat\/empresa\/formacio\/auditor-en-sistemas-de-gestion-de-prevencion-de-riesgos-laborales\/#primaryimage\"},\"thumbnailUrl\":\"https:\/\/www.mutuacat.cat\/empresa\/wp-content\/uploads\/2025\/11\/xcurs-auditor-1.jpg.pagespeed.ic_.8_pp51VoAl.webp\",\"datePublished\":\"2025-11-11T09:25:20+00:00\",\"dateModified\":\"2026-02-17T11:53:52+00:00\",\"description\":\"Con este curso en l\u00ednea los alumnos podr\u00e1n desarrollar las funciones de auditor\u00eda de los sistemas de prevenci\u00f3n de riesgos laborales en las empresas.\",\"breadcrumb\":{\"@id\":\"https:\/\/www.mutuacat.cat\/empresa\/formacio\/auditor-en-sistemas-de-gestion-de-prevencion-de-riesgos-laborales\/#breadcrumb\"},\"inLanguage\":\"ca\",\"potentialAction\":[{\"@type\":\"ReadAction\",\"target\":[\"https:\/\/www.mutuacat.cat\/empresa\/formacio\/auditor-en-sistemas-de-gestion-de-prevencion-de-riesgos-laborales\/\"]}]},{\"@type\":\"ImageObject\",\"inLanguage\":\"ca\",\"@id\":\"https:\/\/www.mutuacat.cat\/empresa\/formacio\/auditor-en-sistemas-de-gestion-de-prevencion-de-riesgos-laborales\/#primaryimage\",\"url\":\"https:\/\/www.mutuacat.cat\/empresa\/wp-content\/uploads\/2025\/11\/xcurs-auditor-1.jpg.pagespeed.ic_.8_pp51VoAl.webp\",\"contentUrl\":\"https:\/\/www.mutuacat.cat\/empresa\/wp-content\/uploads\/2025\/11\/xcurs-auditor-1.jpg.pagespeed.ic_.8_pp51VoAl.webp\",\"width\":800,\"height\":800},{\"@type\":\"BreadcrumbList\",\"@id\":\"https:\/\/www.mutuacat.cat\/empresa\/formacio\/auditor-en-sistemas-de-gestion-de-prevencion-de-riesgos-laborales\/#breadcrumb\",\"itemListElement\":[{\"@type\":\"ListItem\",\"position\":1,\"name\":\"Inici\",\"item\":\"https:\/\/www.mutuacat.cat\/empresa\/\"},{\"@type\":\"ListItem\",\"position\":2,\"name\":\"Formaci\u00f3\",\"item\":\"https:\/\/www.mutuacat.cat\/empresa\/formacio\/\"},{\"@type\":\"ListItem\",\"position\":3,\"name\":\"Auditor en Sistemas de Gesti\u00f3n de Prevenci\u00f3n de Riesgos Laborales\"}]},{\"@type\":\"WebSite\",\"@id\":\"https:\/\/www.mutuacat.cat\/empresa\/#website\",\"url\":\"https:\/\/www.mutuacat.cat\/empresa\/\",\"name\":\"Mutuacat Empresa\",\"description\":\"\",\"potentialAction\":[{\"@type\":\"SearchAction\",\"target\":{\"@type\":\"EntryPoint\",\"urlTemplate\":\"https:\/\/www.mutuacat.cat\/empresa\/?s={search_term_string}\"},\"query-input\":{\"@type\":\"PropertyValueSpecification\",\"valueRequired\":true,\"valueName\":\"search_term_string\"}}],\"inLanguage\":\"ca\"}]}<\/script>\n<!-- \/ Yoast SEO plugin. -->","yoast_head_json":{"title":"Curso de auditor en Sistemas de Gesti\u00f3n de Prevenci\u00f3n de Riesgos Laborales - Mutuacat Empresa","description":"Con este curso en l\u00ednea los alumnos podr\u00e1n desarrollar las funciones de auditor\u00eda de los sistemas de prevenci\u00f3n de riesgos laborales en las empresas.","robots":{"index":"index","follow":"follow","max-snippet":"max-snippet:-1","max-image-preview":"max-image-preview:large","max-video-preview":"max-video-preview:-1"},"canonical":"https:\/\/www.mutuacat.cat\/empresa\/formacio\/auditor-en-sistemas-de-gestion-de-prevencion-de-riesgos-laborales\/","og_locale":"ca_ES","og_type":"article","og_title":"Curso de auditor en Sistemas de Gesti\u00f3n de Prevenci\u00f3n de Riesgos Laborales - Mutuacat Empresa","og_description":"Con este curso en l\u00ednea los alumnos podr\u00e1n desarrollar las funciones de auditor\u00eda de los sistemas de prevenci\u00f3n de riesgos laborales en las empresas.","og_url":"https:\/\/www.mutuacat.cat\/empresa\/formacio\/auditor-en-sistemas-de-gestion-de-prevencion-de-riesgos-laborales\/","og_site_name":"Mutuacat Empresa","article_modified_time":"2026-02-17T11:53:52+00:00","og_image":[{"width":800,"height":800,"url":"https:\/\/www.mutuacat.cat\/empresa\/wp-content\/uploads\/2025\/11\/xcurs-auditor-1.jpg.pagespeed.ic_.8_pp51VoAl.webp","type":"image\/webp"}],"twitter_card":"summary_large_image","twitter_misc":{"Temps estimat de lectura":"2 minuts"},"schema":{"@context":"https:\/\/schema.org","@graph":[{"@type":"WebPage","@id":"https:\/\/www.mutuacat.cat\/empresa\/formacio\/auditor-en-sistemas-de-gestion-de-prevencion-de-riesgos-laborales\/","url":"https:\/\/www.mutuacat.cat\/empresa\/formacio\/auditor-en-sistemas-de-gestion-de-prevencion-de-riesgos-laborales\/","name":"Curso de auditor en Sistemas de Gesti\u00f3n de Prevenci\u00f3n de Riesgos Laborales - Mutuacat Empresa","isPartOf":{"@id":"https:\/\/www.mutuacat.cat\/empresa\/#website"},"primaryImageOfPage":{"@id":"https:\/\/www.mutuacat.cat\/empresa\/formacio\/auditor-en-sistemas-de-gestion-de-prevencion-de-riesgos-laborales\/#primaryimage"},"image":{"@id":"https:\/\/www.mutuacat.cat\/empresa\/formacio\/auditor-en-sistemas-de-gestion-de-prevencion-de-riesgos-laborales\/#primaryimage"},"thumbnailUrl":"https:\/\/www.mutuacat.cat\/empresa\/wp-content\/uploads\/2025\/11\/xcurs-auditor-1.jpg.pagespeed.ic_.8_pp51VoAl.webp","datePublished":"2025-11-11T09:25:20+00:00","dateModified":"2026-02-17T11:53:52+00:00","description":"Con este curso en l\u00ednea los alumnos podr\u00e1n desarrollar las funciones de auditor\u00eda de los sistemas de prevenci\u00f3n de riesgos laborales en las empresas.","breadcrumb":{"@id":"https:\/\/www.mutuacat.cat\/empresa\/formacio\/auditor-en-sistemas-de-gestion-de-prevencion-de-riesgos-laborales\/#breadcrumb"},"inLanguage":"ca","potentialAction":[{"@type":"ReadAction","target":["https:\/\/www.mutuacat.cat\/empresa\/formacio\/auditor-en-sistemas-de-gestion-de-prevencion-de-riesgos-laborales\/"]}]},{"@type":"ImageObject","inLanguage":"ca","@id":"https:\/\/www.mutuacat.cat\/empresa\/formacio\/auditor-en-sistemas-de-gestion-de-prevencion-de-riesgos-laborales\/#primaryimage","url":"https:\/\/www.mutuacat.cat\/empresa\/wp-content\/uploads\/2025\/11\/xcurs-auditor-1.jpg.pagespeed.ic_.8_pp51VoAl.webp","contentUrl":"https:\/\/www.mutuacat.cat\/empresa\/wp-content\/uploads\/2025\/11\/xcurs-auditor-1.jpg.pagespeed.ic_.8_pp51VoAl.webp","width":800,"height":800},{"@type":"BreadcrumbList","@id":"https:\/\/www.mutuacat.cat\/empresa\/formacio\/auditor-en-sistemas-de-gestion-de-prevencion-de-riesgos-laborales\/#breadcrumb","itemListElement":[{"@type":"ListItem","position":1,"name":"Inici","item":"https:\/\/www.mutuacat.cat\/empresa\/"},{"@type":"ListItem","position":2,"name":"Formaci\u00f3","item":"https:\/\/www.mutuacat.cat\/empresa\/formacio\/"},{"@type":"ListItem","position":3,"name":"Auditor en Sistemas de Gesti\u00f3n de Prevenci\u00f3n de Riesgos Laborales"}]},{"@type":"WebSite","@id":"https:\/\/www.mutuacat.cat\/empresa\/#website","url":"https:\/\/www.mutuacat.cat\/empresa\/","name":"Mutuacat Empresa","description":"","potentialAction":[{"@type":"SearchAction","target":{"@type":"EntryPoint","urlTemplate":"https:\/\/www.mutuacat.cat\/empresa\/?s={search_term_string}"},"query-input":{"@type":"PropertyValueSpecification","valueRequired":true,"valueName":"search_term_string"}}],"inLanguage":"ca"}]}},"_links":{"self":[{"href":"https:\/\/www.mutuacat.cat\/empresa\/wp-json\/wp\/v2\/product\/3025","targetHints":{"allow":["GET"]}}],"collection":[{"href":"https:\/\/www.mutuacat.cat\/empresa\/wp-json\/wp\/v2\/product"}],"about":[{"href":"https:\/\/www.mutuacat.cat\/empresa\/wp-json\/wp\/v2\/types\/product"}],"version-history":[{"count":6,"href":"https:\/\/www.mutuacat.cat\/empresa\/wp-json\/wp\/v2\/product\/3025\/revisions"}],"predecessor-version":[{"id":3033,"href":"https:\/\/www.mutuacat.cat\/empresa\/wp-json\/wp\/v2\/product\/3025\/revisions\/3033"}],"wp:featuredmedia":[{"embeddable":true,"href":"https:\/\/www.mutuacat.cat\/empresa\/wp-json\/wp\/v2\/media\/3026"}],"wp:attachment":[{"href":"https:\/\/www.mutuacat.cat\/empresa\/wp-json\/wp\/v2\/media?parent=3025"}],"wp:term":[{"taxonomy":"product_brand","embeddable":true,"href":"https:\/\/www.mutuacat.cat\/empresa\/wp-json\/wp\/v2\/product_brand?post=3025"},{"taxonomy":"product_cat","embeddable":true,"href":"https:\/\/www.mutuacat.cat\/empresa\/wp-json\/wp\/v2\/product_cat?post=3025"},{"taxonomy":"product_tag","embeddable":true,"href":"https:\/\/www.mutuacat.cat\/empresa\/wp-json\/wp\/v2\/product_tag?post=3025"}],"curies":[{"name":"wp","href":"https:\/\/api.w.org\/{rel}","templated":true}]}}