{"id":3036,"date":"2025-11-11T09:53:17","date_gmt":"2025-11-11T09:53:17","guid":{"rendered":"https:\/\/www.mutuacat.cat\/empresa\/?post_type=product&#038;p=3036"},"modified":"2026-03-02T12:28:27","modified_gmt":"2026-03-02T12:28:27","slug":"coordinador-de-seguretat-i-salut-en-obres-de-construccio","status":"publish","type":"product","link":"https:\/\/www.mutuacat.cat\/empresa\/formacio\/coordinador-de-seguretat-i-salut-en-obres-de-construccio\/","title":{"rendered":"Coordinador de seguretat i salut en obres de construcci\u00f3"},"content":{"rendered":"\t\t<div data-elementor-type=\"product-post\" data-elementor-id=\"3036\" class=\"elementor elementor-3036\" data-elementor-post-type=\"product\">\n\t\t\t\t<div class=\"elementor-element elementor-element-50cae97 e-flex e-con-boxed e-con e-parent\" data-id=\"50cae97\" data-element_type=\"container\" data-e-type=\"container\">\n\t\t\t\t\t<div class=\"e-con-inner\">\n\t\t\t\t<div class=\"elementor-element elementor-element-903893f e-n-tabs-mobile elementor-widget elementor-widget-n-tabs\" data-id=\"903893f\" data-element_type=\"widget\" data-e-type=\"widget\" data-settings=\"{&quot;horizontal_scroll&quot;:&quot;disable&quot;}\" data-widget_type=\"nested-tabs.default\">\n\t\t\t\t<div class=\"elementor-widget-container\">\n\t\t\t\t\t\t\t<div class=\"e-n-tabs\" data-widget-number=\"151226687\" aria-label=\"Tabuladors. Obre elements amb Retorn o Espai, tanca amb Esc i navega amb les tecles de fletxa.\">\n\t\t\t<div class=\"e-n-tabs-heading\" role=\"tablist\">\n\t\t\t\t\t<button id=\"e-n-tab-title-1512266871\" data-tab-title-id=\"e-n-tab-title-1512266871\" class=\"e-n-tab-title\" aria-selected=\"true\" data-tab-index=\"1\" role=\"tab\" tabindex=\"0\" aria-controls=\"e-n-tab-content-1512266871\" style=\"--n-tabs-title-order: 1;\">\n\t\t\t\t\t\t<span class=\"e-n-tab-title-text\">\n\t\t\t\tDestinataris\t\t\t<\/span>\n\t\t<\/button>\n\t\t\t\t<button id=\"e-n-tab-title-1512266872\" data-tab-title-id=\"e-n-tab-title-1512266872\" class=\"e-n-tab-title\" aria-selected=\"false\" data-tab-index=\"2\" role=\"tab\" tabindex=\"-1\" aria-controls=\"e-n-tab-content-1512266872\" style=\"--n-tabs-title-order: 2;\">\n\t\t\t\t\t\t<span class=\"e-n-tab-title-text\">\n\t\t\t\tContinguts\t\t\t<\/span>\n\t\t<\/button>\n\t\t\t\t<button id=\"e-n-tab-title-1512266873\" data-tab-title-id=\"e-n-tab-title-1512266873\" class=\"e-n-tab-title\" aria-selected=\"false\" data-tab-index=\"3\" role=\"tab\" tabindex=\"-1\" aria-controls=\"e-n-tab-content-1512266873\" style=\"--n-tabs-title-order: 3;\">\n\t\t\t\t\t\t<span class=\"e-n-tab-title-text\">\n\t\t\t\tTutories\t\t\t<\/span>\n\t\t<\/button>\n\t\t\t\t<button id=\"e-n-tab-title-1512266874\" data-tab-title-id=\"e-n-tab-title-1512266874\" class=\"e-n-tab-title\" aria-selected=\"false\" data-tab-index=\"4\" role=\"tab\" tabindex=\"-1\" aria-controls=\"e-n-tab-content-1512266874\" style=\"--n-tabs-title-order: 4;\">\n\t\t\t\t\t\t<span class=\"e-n-tab-title-text\">\n\t\t\t\tAvaluaci\u00f3\t\t\t<\/span>\n\t\t<\/button>\n\t\t\t\t<button id=\"e-n-tab-title-1512266875\" data-tab-title-id=\"e-n-tab-title-1512266875\" class=\"e-n-tab-title\" aria-selected=\"false\" data-tab-index=\"5\" role=\"tab\" tabindex=\"-1\" aria-controls=\"e-n-tab-content-1512266875\" style=\"--n-tabs-title-order: 5;\">\n\t\t\t\t\t\t<span class=\"e-n-tab-title-text\">\n\t\t\t\tTitulaci\u00f3\t\t\t<\/span>\n\t\t<\/button>\n\t\t\t\t\t<\/div>\n\t\t\t<div class=\"e-n-tabs-content\">\n\t\t\t\t<div id=\"e-n-tab-content-1512266871\" role=\"tabpanel\" aria-labelledby=\"e-n-tab-title-1512266871\" data-tab-index=\"1\" style=\"--n-tabs-title-order: 1;\" class=\"e-active elementor-element elementor-element-b16a00e e-con-full e-flex e-con e-child\" data-id=\"b16a00e\" data-element_type=\"container\" data-e-type=\"container\">\n\t\t<div class=\"elementor-element elementor-element-35e4242 e-flex e-con-boxed e-con e-child\" data-id=\"35e4242\" data-element_type=\"container\" data-e-type=\"container\">\n\t\t\t\t\t<div class=\"e-con-inner\">\n\t\t\t\t<div class=\"elementor-element elementor-element-43b27f8 elementor-widget elementor-widget-heading\" data-id=\"43b27f8\" data-element_type=\"widget\" data-e-type=\"widget\" data-widget_type=\"heading.default\">\n\t\t\t\t<div class=\"elementor-widget-container\">\n\t\t\t\t\t<h2 class=\"elementor-heading-title elementor-size-default\">Destinataris<\/h2>\t\t\t\t<\/div>\n\t\t\t\t<\/div>\n\t\t\t\t<div class=\"elementor-element elementor-element-070476e elementor-widget elementor-widget-text-editor\" data-id=\"070476e\" data-element_type=\"widget\" data-e-type=\"widget\" data-widget_type=\"text-editor.default\">\n\t\t\t\t<div class=\"elementor-widget-container\">\n\t\t\t\t\t\t\t\t\t<p>Enginyers dedicats a la construcci\u00f3, Arquitectes, Arquitectes t\u00e8cnics, Promotors del sector immobiliari, Empreses constructores, T\u00e8cnics de Prevenci\u00f3 de Riscos, Responsables de seguretat i salut, Treballadors aut\u00f2noms.<\/p><h5>Sortides professionals<\/h5><p>Les funcions del coordinador de seguretat i salut s\u00f3n les seg\u00fcents:<\/p><ol><li><span class=\"tlid-translation translation\"><span class=\"\" title=\"\">Coordinar l\u2019<\/span><span title=\"\">aplicaci\u00f3 dels<\/span>\u00a0<span title=\"\">principis<\/span>\u00a0<span class=\"\" title=\"\">generals<\/span>\u00a0<span class=\"\" title=\"\">de prevenci\u00f3<\/span>\u00a0<span title=\"\">i<\/span>\u00a0<span title=\"\">de seguretat<\/span><\/span><\/li><li><span class=\"tlid-translation translation\"><span class=\"\" title=\"\">Coordinar les<\/span>\u00a0<span title=\"\">activitats<\/span>\u00a0<span title=\"\">de l\u2019obra<\/span><\/span><\/li><li><span class=\"tlid-translation translation\"><span title=\"\">Aprovar el<\/span>\u00a0<span title=\"\">pla de<\/span>\u00a0<span title=\"\">seguretat<\/span>\u00a0<span title=\"\">i<\/span>\u00a0<span title=\"\">salut<\/span><\/span><\/li><li><span class=\"tlid-translation translation\"><span class=\"\" title=\"\">Organitzar la<\/span>\u00a0<span title=\"\">coordinaci\u00f3<\/span>\u00a0<span title=\"\">d\u2019activitats<\/span>\u00a0<span title=\"\">empresarials<\/span>\u00a0<span title=\"\">prevista en l\u2019article<\/span>\u00a0<span title=\"\">24<\/span>\u00a0<span title=\"\">de la Llei<\/span>\u00a0<span title=\"\">de Prevenci\u00f3<\/span>\u00a0<span title=\"\">de Riscos<\/span>\u00a0<span title=\"\">Laborals.<\/span><\/span><\/li><li><span class=\"tlid-translation translation\"><span title=\"\">Coordinar les<\/span>\u00a0<span title=\"\">accions<\/span>\u00a0<span title=\"\">i els<\/span>\u00a0<span title=\"\">funcions<\/span>\u00a0<span title=\"\">de<\/span>\u00a0<span title=\"\">control de l\u2019aplicaci\u00f3<\/span>\u00a0<span title=\"\">correcta dels<\/span>\u00a0<span title=\"\">m\u00e8todes<\/span>\u00a0<span title=\"\">de treball.<\/span><\/span><\/li><li><span class=\"tlid-translation translation\"><span class=\"\" title=\"\">Adoptar les<\/span>\u00a0<span title=\"\">mesures<\/span>\u00a0<span title=\"\">necess\u00e0ries<\/span>\u00a0<span title=\"\">perqu\u00e8<\/span>\u00a0<span title=\"\">nom\u00e9s les<\/span>\u00a0<span title=\"\">persones<\/span>\u00a0<span title=\"\">autoritzades<\/span>\u00a0<span title=\"\">puguin<\/span>\u00a0<span title=\"\">accedir a l\u2019obra<\/span><span title=\"\">.<\/span><\/span><\/li><\/ol>\t\t\t\t\t\t\t\t<\/div>\n\t\t\t\t<\/div>\n\t\t\t\t\t<\/div>\n\t\t\t\t<\/div>\n\t\t\t\t<\/div>\n\t\t<div id=\"e-n-tab-content-1512266872\" role=\"tabpanel\" aria-labelledby=\"e-n-tab-title-1512266872\" data-tab-index=\"2\" style=\"--n-tabs-title-order: 2;\" class=\" elementor-element elementor-element-f4f232c e-flex e-con-boxed e-con e-child\" data-id=\"f4f232c\" data-element_type=\"container\" data-e-type=\"container\">\n\t\t\t\t\t<div class=\"e-con-inner\">\n\t\t<div class=\"elementor-element elementor-element-b5d39fd e-con-full e-flex e-con e-child\" data-id=\"b5d39fd\" data-element_type=\"container\" data-e-type=\"container\">\n\t\t\t\t<div class=\"elementor-element elementor-element-ba77dff elementor-widget elementor-widget-heading\" data-id=\"ba77dff\" data-element_type=\"widget\" data-e-type=\"widget\" data-widget_type=\"heading.default\">\n\t\t\t\t<div class=\"elementor-widget-container\">\n\t\t\t\t\t<h2 class=\"elementor-heading-title elementor-size-default\">Estructura i continguts<\/h2>\t\t\t\t<\/div>\n\t\t\t\t<\/div>\n\t\t\t\t<div class=\"elementor-element elementor-element-fe942be elementor-widget elementor-widget-text-editor\" data-id=\"fe942be\" data-element_type=\"widget\" data-e-type=\"widget\" data-widget_type=\"text-editor.default\">\n\t\t\t\t<div class=\"elementor-widget-container\">\n\t\t\t\t\t\t\t\t\t<p><strong>M\u00f2dul A.<\/strong>\u00a0<span class=\"tlid-translation translation\">Conceptes b\u00e0sics sobre seguretat i salut en el treball. Marc normatiu.<\/span><\/p><p><strong>M\u00f2dul B.<\/strong>\u00a0<span class=\"tlid-translation translation\">El coordinador en mat\u00e8ria de seguretat i salut.<\/span><\/p><p><strong>M\u00f2dul C.<\/strong>\u00a0<span class=\"tlid-translation translation\">\u00c0mbit jur\u00eddic de la prevenci\u00f3 de riscos laborals. marc Normatiu.<\/span><\/p><p><strong>M\u00f2dul D. <\/strong><span class=\"tlid-translation translation\">Gesti\u00f3 de la prevenci\u00f3 de riscos laborals.<\/span><\/p><p><strong>M\u00f2dul E<\/strong>.\u00a0<span class=\"tlid-translation translation\">T\u00e8cniques de comunicaci\u00f3. motivaci\u00f3 i negociaci\u00f3.<\/span><\/p><p><strong>M\u00f2dul F.<\/strong>\u00a0<span class=\"tlid-translation translation\">An\u00e0lisi de les condicions d\u2019implantaci\u00f3 en les obres de construcci\u00f3.<\/span><\/p><p><strong>M\u00f2dul G<\/strong>.\u00a0<span class=\"tlid-translation translation\">Equips de treball. Proteccions co<span lang=\"en\"><span lang=\"es\">l\u00b7l<\/span><\/span>ectives. Equips de protecci\u00f3 individual.<\/span><\/p><p><strong>M\u00f2dul H<\/strong>.\u00a0<span class=\"tlid-translation translation\">Condicions de seguretat en les obres d\u2019edificaci\u00f3.<\/span><\/p><p><strong>M\u00f2dul I<\/strong>.\u00a0<span class=\"tlid-translation translation\">Condicions de seguretat en les obres civils.<\/span><\/p><p><strong>M\u00f2dul K<\/strong>.\u00a0<span class=\"tlid-translation translation\">Part pr\u00e0ctica. Simulaci\u00f3 situacions possibles.<\/span><\/p><h3>\u00a0<\/h3>\t\t\t\t\t\t\t\t<\/div>\n\t\t\t\t<\/div>\n\t\t\t\t<\/div>\n\t\t\t\t\t<\/div>\n\t\t\t\t<\/div>\n\t\t<div id=\"e-n-tab-content-1512266873\" role=\"tabpanel\" aria-labelledby=\"e-n-tab-title-1512266873\" data-tab-index=\"3\" style=\"--n-tabs-title-order: 3;\" class=\" elementor-element elementor-element-0912ca8 e-con-full e-flex e-con e-child\" data-id=\"0912ca8\" data-element_type=\"container\" data-e-type=\"container\">\n\t\t<div class=\"elementor-element elementor-element-fad3bd2 e-con-full e-flex e-con e-child\" data-id=\"fad3bd2\" data-element_type=\"container\" data-e-type=\"container\">\n\t\t\t\t<div class=\"elementor-element elementor-element-3d00f19 elementor-widget elementor-widget-heading\" data-id=\"3d00f19\" data-element_type=\"widget\" data-e-type=\"widget\" data-widget_type=\"heading.default\">\n\t\t\t\t<div class=\"elementor-widget-container\">\n\t\t\t\t\t<h2 class=\"elementor-heading-title elementor-size-default\">Tutories<\/h2>\t\t\t\t<\/div>\n\t\t\t\t<\/div>\n\t\t\t\t<div class=\"elementor-element elementor-element-aa2b30d elementor-widget elementor-widget-text-editor\" data-id=\"aa2b30d\" data-element_type=\"widget\" data-e-type=\"widget\" data-widget_type=\"text-editor.default\">\n\t\t\t\t<div class=\"elementor-widget-container\">\n\t\t\t\t\t\t\t\t\t<p>A cada alumne se li assigna un tutor espec\u00edfic que s\u2019encarrega de fer un seguiment personalitzat de l\u2019aprenentatge.<\/p>\t\t\t\t\t\t\t\t<\/div>\n\t\t\t\t<\/div>\n\t\t\t\t<\/div>\n\t\t\t\t<\/div>\n\t\t<div id=\"e-n-tab-content-1512266874\" role=\"tabpanel\" aria-labelledby=\"e-n-tab-title-1512266874\" data-tab-index=\"4\" style=\"--n-tabs-title-order: 4;\" class=\" elementor-element elementor-element-5f73593 e-con-full e-flex e-con e-child\" data-id=\"5f73593\" data-element_type=\"container\" data-e-type=\"container\">\n\t\t\t\t<div class=\"elementor-element elementor-element-861f1a6 elementor-widget elementor-widget-heading\" data-id=\"861f1a6\" data-element_type=\"widget\" data-e-type=\"widget\" data-widget_type=\"heading.default\">\n\t\t\t\t<div class=\"elementor-widget-container\">\n\t\t\t\t\t<h2 class=\"elementor-heading-title elementor-size-default\">Metodologia<\/h2>\t\t\t\t<\/div>\n\t\t\t\t<\/div>\n\t\t<div class=\"elementor-element elementor-element-ee8a64c e-con-full e-flex e-con e-child\" data-id=\"ee8a64c\" data-element_type=\"container\" data-e-type=\"container\">\n\t\t\t\t<div class=\"elementor-element elementor-element-c2a7475 elementor-widget elementor-widget-text-editor\" data-id=\"c2a7475\" data-element_type=\"widget\" data-e-type=\"widget\" data-widget_type=\"text-editor.default\">\n\t\t\t\t<div class=\"elementor-widget-container\">\n\t\t\t\t\t\t\t\t\t<p>El curs es desenvolupa a trav\u00e9s d\u2019Internet. L\u2019alumne accedeix a una aula virtual on disposa dels materials del curs, les activitats d\u2019avaluaci\u00f3 i altres recursos d\u2019aprenentatge i comunicaci\u00f3. Cada cap\u00edtol est\u00e0 format per una part te\u00f2rica i una d\u2019exercicis d\u2019auto comprovaci\u00f3, aix\u00ed com d\u2019un cas pr\u00e0ctic. Els alumnes tindran a la seva disposici\u00f3 un expert les 24 hores del dia, amb el que podran intercanviar opinions i consultar qualsevol dubte que se\u2019ls presenti.<\/p><h5>Durada del curs<\/h5><p>La metodologia online permet que l&#8217;alumne realitzi la part te\u00f2rica al seu ritme. Disposa de <strong>6 mesos<\/strong> per completar la formaci\u00f3 des del moment de l&#8217;alta a la plataforma. Si no es finalitza passat aquest termini, el curs es tanca i caldr\u00e0 contractar-lo novament per reprendre&#8217;l.<\/p>\t\t\t\t\t\t\t\t<\/div>\n\t\t\t\t<\/div>\n\t\t\t\t<\/div>\n\t\t\t\t<\/div>\n\t\t<div id=\"e-n-tab-content-1512266875\" role=\"tabpanel\" aria-labelledby=\"e-n-tab-title-1512266875\" data-tab-index=\"5\" style=\"--n-tabs-title-order: 5;\" class=\" elementor-element elementor-element-de65e72 e-con-full e-flex e-con e-child\" data-id=\"de65e72\" data-element_type=\"container\" data-e-type=\"container\">\n\t\t<div class=\"elementor-element elementor-element-1e5d4c8 e-con-full e-flex e-con e-child\" data-id=\"1e5d4c8\" data-element_type=\"container\" data-e-type=\"container\">\n\t\t\t\t<div class=\"elementor-element elementor-element-8c46c09 elementor-widget elementor-widget-heading\" data-id=\"8c46c09\" data-element_type=\"widget\" data-e-type=\"widget\" data-widget_type=\"heading.default\">\n\t\t\t\t<div class=\"elementor-widget-container\">\n\t\t\t\t\t<h2 class=\"elementor-heading-title elementor-size-default\">Titulaci\u00f3<\/h2>\t\t\t\t<\/div>\n\t\t\t\t<\/div>\n\t\t\t\t<div class=\"elementor-element elementor-element-5032438 elementor-widget elementor-widget-text-editor\" data-id=\"5032438\" data-element_type=\"widget\" data-e-type=\"widget\" data-widget_type=\"text-editor.default\">\n\t\t\t\t<div class=\"elementor-widget-container\">\n\t\t\t\t\t\t\t\t\t<p>Per obtenir el t\u00edtol de Coordinador de seguretat i salut, s\u2019han de superar tots els tests d\u2019avaluaci\u00f3 del curs i els casos pr\u00e0ctics corresponents, a m\u00e9s de la mem\u00f2ria de la part pr\u00e0ctica.<\/p><p>El Curs proporciona una titulaci\u00f3 v\u00e0lida a tot Espanya per actuar com a Coordinador de Seguretat i Salut en la Construcci\u00f3. El Reial Decret 1627\/1997, de 24 d\u2019octubre, pel qual s\u2019estableixen disposicions m\u00ednimes de seguretat i salut en les obres de construcci\u00f3, descriu la figura i les funcions del coordinador de seguretat i salut. La guia t\u00e8cnica de l\u2019INSST per a l\u2019avaluaci\u00f3 i prevenci\u00f3 de riscos relatius a les obres de construcci\u00f3 estableix en el seu annex B el temari m\u00ednim que han de realitzar els coordinadors de seguretat.<\/p>\t\t\t\t\t\t\t\t<\/div>\n\t\t\t\t<\/div>\n\t\t\t\t<\/div>\n\t\t\t\t<\/div>\n\t\t\t\t\t<\/div>\n\t\t<\/div>\n\t\t\t\t\t\t<\/div>\n\t\t\t\t<\/div>\n\t\t\t\t\t<\/div>\n\t\t\t\t<\/div>\n\t\t\t\t<\/div>\n\t\t","protected":false},"excerpt":{"rendered":"<p>L\u2019objectiu principal \u00e9s formar especialistes que puguin desenvolupar les funcions de coordinadors en mat\u00e8ria de seguretat i salut previstes en el RD 1627\/97, d\u2019acord al contingut formatiu aprovat en la Comissi\u00f3 Nacional de Seguretat i Salut en el Treball i recomanat per l\u2019Institut de seguretat i Higiene en el Treball i el Ministeri de Treball i Afers Socials. Adaptat a l\u2019edici\u00f3 de 2012.<\/p>\n","protected":false},"featured_media":3041,"template":"","meta":{"_acf_changed":false},"product_brand":[],"product_cat":[57,53],"product_tag":[67],"class_list":{"0":"post-3036","1":"product","2":"type-product","3":"status-publish","4":"has-post-thumbnail","6":"product_cat-cursos-despecialitzacio-en-prl","7":"product_cat-prevencio-de-riscos-laborals","8":"product_tag-en-linia","10":"first","11":"instock","12":"virtual","13":"product-type-simple"},"acf":[],"yoast_head":"<!-- This site is optimized with the Yoast SEO plugin v26.9 - https:\/\/yoast.com\/product\/yoast-seo-wordpress\/ -->\n<title>Curs de coordinador de seguretat i salut en obres de construcci\u00f3 - Mutuacat Empresa<\/title>\n<meta name=\"robots\" content=\"index, follow, max-snippet:-1, max-image-preview:large, max-video-preview:-1\" \/>\n<link rel=\"canonical\" href=\"https:\/\/www.mutuacat.cat\/empresa\/formacio\/coordinador-de-seguretat-i-salut-en-obres-de-construccio\/\" \/>\n<meta property=\"og:locale\" content=\"ca_ES\" \/>\n<meta property=\"og:type\" content=\"article\" \/>\n<meta property=\"og:title\" content=\"Curs de coordinador de seguretat i salut en obres de construcci\u00f3 - Mutuacat Empresa\" \/>\n<meta property=\"og:description\" content=\"L\u2019objectiu principal \u00e9s formar especialistes que puguin desenvolupar les funcions de coordinadors en mat\u00e8ria de seguretat i salut previstes en el RD 1627\/97, d\u2019acord al contingut formatiu aprovat en la Comissi\u00f3 Nacional de Seguretat i Salut en el Treball i recomanat per l\u2019Institut de seguretat i Higiene en el Treball i el Ministeri de Treball i Afers Socials. Adaptat a l\u2019edici\u00f3 de 2012.\" \/>\n<meta property=\"og:url\" content=\"https:\/\/www.mutuacat.cat\/empresa\/formacio\/coordinador-de-seguretat-i-salut-en-obres-de-construccio\/\" \/>\n<meta property=\"og:site_name\" content=\"Mutuacat Empresa\" \/>\n<meta property=\"article:modified_time\" content=\"2026-03-02T12:28:27+00:00\" \/>\n<meta property=\"og:image\" content=\"https:\/\/www.mutuacat.cat\/empresa\/wp-content\/uploads\/2025\/11\/xcurs-coordinador.jpg.pagespeed.ic_.rRwsU9MdXr.jpeg\" \/>\n\t<meta property=\"og:image:width\" content=\"800\" \/>\n\t<meta property=\"og:image:height\" content=\"800\" \/>\n\t<meta property=\"og:image:type\" content=\"image\/jpeg\" \/>\n<meta name=\"twitter:card\" content=\"summary_large_image\" \/>\n<script type=\"application\/ld+json\" class=\"yoast-schema-graph\">{\"@context\":\"https:\/\/schema.org\",\"@graph\":[{\"@type\":\"WebPage\",\"@id\":\"https:\/\/www.mutuacat.cat\/empresa\/formacio\/coordinador-de-seguretat-i-salut-en-obres-de-construccio\/\",\"url\":\"https:\/\/www.mutuacat.cat\/empresa\/formacio\/coordinador-de-seguretat-i-salut-en-obres-de-construccio\/\",\"name\":\"Curs de coordinador de seguretat i salut en obres de construcci\u00f3 - Mutuacat Empresa\",\"isPartOf\":{\"@id\":\"https:\/\/www.mutuacat.cat\/empresa\/#website\"},\"primaryImageOfPage\":{\"@id\":\"https:\/\/www.mutuacat.cat\/empresa\/formacio\/coordinador-de-seguretat-i-salut-en-obres-de-construccio\/#primaryimage\"},\"image\":{\"@id\":\"https:\/\/www.mutuacat.cat\/empresa\/formacio\/coordinador-de-seguretat-i-salut-en-obres-de-construccio\/#primaryimage\"},\"thumbnailUrl\":\"https:\/\/www.mutuacat.cat\/empresa\/wp-content\/uploads\/2025\/11\/xcurs-coordinador.jpg.pagespeed.ic_.rRwsU9MdXr.jpeg\",\"datePublished\":\"2025-11-11T09:53:17+00:00\",\"dateModified\":\"2026-03-02T12:28:27+00:00\",\"breadcrumb\":{\"@id\":\"https:\/\/www.mutuacat.cat\/empresa\/formacio\/coordinador-de-seguretat-i-salut-en-obres-de-construccio\/#breadcrumb\"},\"inLanguage\":\"ca\",\"potentialAction\":[{\"@type\":\"ReadAction\",\"target\":[\"https:\/\/www.mutuacat.cat\/empresa\/formacio\/coordinador-de-seguretat-i-salut-en-obres-de-construccio\/\"]}]},{\"@type\":\"ImageObject\",\"inLanguage\":\"ca\",\"@id\":\"https:\/\/www.mutuacat.cat\/empresa\/formacio\/coordinador-de-seguretat-i-salut-en-obres-de-construccio\/#primaryimage\",\"url\":\"https:\/\/www.mutuacat.cat\/empresa\/wp-content\/uploads\/2025\/11\/xcurs-coordinador.jpg.pagespeed.ic_.rRwsU9MdXr.jpeg\",\"contentUrl\":\"https:\/\/www.mutuacat.cat\/empresa\/wp-content\/uploads\/2025\/11\/xcurs-coordinador.jpg.pagespeed.ic_.rRwsU9MdXr.jpeg\",\"width\":800,\"height\":800},{\"@type\":\"BreadcrumbList\",\"@id\":\"https:\/\/www.mutuacat.cat\/empresa\/formacio\/coordinador-de-seguretat-i-salut-en-obres-de-construccio\/#breadcrumb\",\"itemListElement\":[{\"@type\":\"ListItem\",\"position\":1,\"name\":\"Inici\",\"item\":\"https:\/\/www.mutuacat.cat\/empresa\/\"},{\"@type\":\"ListItem\",\"position\":2,\"name\":\"Formaci\u00f3\",\"item\":\"https:\/\/www.mutuacat.cat\/empresa\/formacio\/\"},{\"@type\":\"ListItem\",\"position\":3,\"name\":\"Coordinador de seguretat i salut en obres de construcci\u00f3\"}]},{\"@type\":\"WebSite\",\"@id\":\"https:\/\/www.mutuacat.cat\/empresa\/#website\",\"url\":\"https:\/\/www.mutuacat.cat\/empresa\/\",\"name\":\"Mutuacat Empresa\",\"description\":\"\",\"potentialAction\":[{\"@type\":\"SearchAction\",\"target\":{\"@type\":\"EntryPoint\",\"urlTemplate\":\"https:\/\/www.mutuacat.cat\/empresa\/?s={search_term_string}\"},\"query-input\":{\"@type\":\"PropertyValueSpecification\",\"valueRequired\":true,\"valueName\":\"search_term_string\"}}],\"inLanguage\":\"ca\"}]}<\/script>\n<!-- \/ Yoast SEO plugin. -->","yoast_head_json":{"title":"Curs de coordinador de seguretat i salut en obres de construcci\u00f3 - Mutuacat Empresa","robots":{"index":"index","follow":"follow","max-snippet":"max-snippet:-1","max-image-preview":"max-image-preview:large","max-video-preview":"max-video-preview:-1"},"canonical":"https:\/\/www.mutuacat.cat\/empresa\/formacio\/coordinador-de-seguretat-i-salut-en-obres-de-construccio\/","og_locale":"ca_ES","og_type":"article","og_title":"Curs de coordinador de seguretat i salut en obres de construcci\u00f3 - Mutuacat Empresa","og_description":"L\u2019objectiu principal \u00e9s formar especialistes que puguin desenvolupar les funcions de coordinadors en mat\u00e8ria de seguretat i salut previstes en el RD 1627\/97, d\u2019acord al contingut formatiu aprovat en la Comissi\u00f3 Nacional de Seguretat i Salut en el Treball i recomanat per l\u2019Institut de seguretat i Higiene en el Treball i el Ministeri de Treball i Afers Socials. Adaptat a l\u2019edici\u00f3 de 2012.","og_url":"https:\/\/www.mutuacat.cat\/empresa\/formacio\/coordinador-de-seguretat-i-salut-en-obres-de-construccio\/","og_site_name":"Mutuacat Empresa","article_modified_time":"2026-03-02T12:28:27+00:00","og_image":[{"width":800,"height":800,"url":"https:\/\/www.mutuacat.cat\/empresa\/wp-content\/uploads\/2025\/11\/xcurs-coordinador.jpg.pagespeed.ic_.rRwsU9MdXr.jpeg","type":"image\/jpeg"}],"twitter_card":"summary_large_image","schema":{"@context":"https:\/\/schema.org","@graph":[{"@type":"WebPage","@id":"https:\/\/www.mutuacat.cat\/empresa\/formacio\/coordinador-de-seguretat-i-salut-en-obres-de-construccio\/","url":"https:\/\/www.mutuacat.cat\/empresa\/formacio\/coordinador-de-seguretat-i-salut-en-obres-de-construccio\/","name":"Curs de coordinador de seguretat i salut en obres de construcci\u00f3 - Mutuacat Empresa","isPartOf":{"@id":"https:\/\/www.mutuacat.cat\/empresa\/#website"},"primaryImageOfPage":{"@id":"https:\/\/www.mutuacat.cat\/empresa\/formacio\/coordinador-de-seguretat-i-salut-en-obres-de-construccio\/#primaryimage"},"image":{"@id":"https:\/\/www.mutuacat.cat\/empresa\/formacio\/coordinador-de-seguretat-i-salut-en-obres-de-construccio\/#primaryimage"},"thumbnailUrl":"https:\/\/www.mutuacat.cat\/empresa\/wp-content\/uploads\/2025\/11\/xcurs-coordinador.jpg.pagespeed.ic_.rRwsU9MdXr.jpeg","datePublished":"2025-11-11T09:53:17+00:00","dateModified":"2026-03-02T12:28:27+00:00","breadcrumb":{"@id":"https:\/\/www.mutuacat.cat\/empresa\/formacio\/coordinador-de-seguretat-i-salut-en-obres-de-construccio\/#breadcrumb"},"inLanguage":"ca","potentialAction":[{"@type":"ReadAction","target":["https:\/\/www.mutuacat.cat\/empresa\/formacio\/coordinador-de-seguretat-i-salut-en-obres-de-construccio\/"]}]},{"@type":"ImageObject","inLanguage":"ca","@id":"https:\/\/www.mutuacat.cat\/empresa\/formacio\/coordinador-de-seguretat-i-salut-en-obres-de-construccio\/#primaryimage","url":"https:\/\/www.mutuacat.cat\/empresa\/wp-content\/uploads\/2025\/11\/xcurs-coordinador.jpg.pagespeed.ic_.rRwsU9MdXr.jpeg","contentUrl":"https:\/\/www.mutuacat.cat\/empresa\/wp-content\/uploads\/2025\/11\/xcurs-coordinador.jpg.pagespeed.ic_.rRwsU9MdXr.jpeg","width":800,"height":800},{"@type":"BreadcrumbList","@id":"https:\/\/www.mutuacat.cat\/empresa\/formacio\/coordinador-de-seguretat-i-salut-en-obres-de-construccio\/#breadcrumb","itemListElement":[{"@type":"ListItem","position":1,"name":"Inici","item":"https:\/\/www.mutuacat.cat\/empresa\/"},{"@type":"ListItem","position":2,"name":"Formaci\u00f3","item":"https:\/\/www.mutuacat.cat\/empresa\/formacio\/"},{"@type":"ListItem","position":3,"name":"Coordinador de seguretat i salut en obres de construcci\u00f3"}]},{"@type":"WebSite","@id":"https:\/\/www.mutuacat.cat\/empresa\/#website","url":"https:\/\/www.mutuacat.cat\/empresa\/","name":"Mutuacat Empresa","description":"","potentialAction":[{"@type":"SearchAction","target":{"@type":"EntryPoint","urlTemplate":"https:\/\/www.mutuacat.cat\/empresa\/?s={search_term_string}"},"query-input":{"@type":"PropertyValueSpecification","valueRequired":true,"valueName":"search_term_string"}}],"inLanguage":"ca"}]}},"_links":{"self":[{"href":"https:\/\/www.mutuacat.cat\/empresa\/wp-json\/wp\/v2\/product\/3036","targetHints":{"allow":["GET"]}}],"collection":[{"href":"https:\/\/www.mutuacat.cat\/empresa\/wp-json\/wp\/v2\/product"}],"about":[{"href":"https:\/\/www.mutuacat.cat\/empresa\/wp-json\/wp\/v2\/types\/product"}],"version-history":[{"count":8,"href":"https:\/\/www.mutuacat.cat\/empresa\/wp-json\/wp\/v2\/product\/3036\/revisions"}],"predecessor-version":[{"id":4647,"href":"https:\/\/www.mutuacat.cat\/empresa\/wp-json\/wp\/v2\/product\/3036\/revisions\/4647"}],"wp:featuredmedia":[{"embeddable":true,"href":"https:\/\/www.mutuacat.cat\/empresa\/wp-json\/wp\/v2\/media\/3041"}],"wp:attachment":[{"href":"https:\/\/www.mutuacat.cat\/empresa\/wp-json\/wp\/v2\/media?parent=3036"}],"wp:term":[{"taxonomy":"product_brand","embeddable":true,"href":"https:\/\/www.mutuacat.cat\/empresa\/wp-json\/wp\/v2\/product_brand?post=3036"},{"taxonomy":"product_cat","embeddable":true,"href":"https:\/\/www.mutuacat.cat\/empresa\/wp-json\/wp\/v2\/product_cat?post=3036"},{"taxonomy":"product_tag","embeddable":true,"href":"https:\/\/www.mutuacat.cat\/empresa\/wp-json\/wp\/v2\/product_tag?post=3036"}],"curies":[{"name":"wp","href":"https:\/\/api.w.org\/{rel}","templated":true}]}}