{"id":3073,"date":"2025-11-11T10:19:15","date_gmt":"2025-11-11T10:19:15","guid":{"rendered":"https:\/\/www.mutuacat.cat\/empresa\/?post_type=product&#038;p=3073"},"modified":"2026-04-13T09:51:37","modified_gmt":"2026-04-13T09:51:37","slug":"basic-de-construccio-metall-en-construccio-60h","status":"publish","type":"product","link":"https:\/\/www.mutuacat.cat\/empresa\/formacio\/basic-de-construccio-metall-en-construccio-60h\/","title":{"rendered":"B\u00e0sic de construcci\u00f3\/metall en construcci\u00f3 (60h)"},"content":{"rendered":"\t\t<div data-elementor-type=\"product-post\" data-elementor-id=\"3073\" class=\"elementor elementor-3073\" data-elementor-post-type=\"product\">\n\t\t\t\t<div class=\"elementor-element elementor-element-50cae97 e-flex e-con-boxed e-con e-parent\" data-id=\"50cae97\" data-element_type=\"container\" data-e-type=\"container\">\n\t\t\t\t\t<div class=\"e-con-inner\">\n\t\t\t\t<div class=\"elementor-element elementor-element-903893f e-n-tabs-mobile elementor-widget elementor-widget-n-tabs\" data-id=\"903893f\" data-element_type=\"widget\" data-e-type=\"widget\" data-settings=\"{&quot;horizontal_scroll&quot;:&quot;disable&quot;}\" data-widget_type=\"nested-tabs.default\">\n\t\t\t\t<div class=\"elementor-widget-container\">\n\t\t\t\t\t\t\t<div class=\"e-n-tabs\" data-widget-number=\"151226687\" aria-label=\"Tabuladors. Obre elements amb Retorn o Espai, tanca amb Esc i navega amb les tecles de fletxa.\">\n\t\t\t<div class=\"e-n-tabs-heading\" role=\"tablist\">\n\t\t\t\t\t<button id=\"e-n-tab-title-1512266871\" data-tab-title-id=\"e-n-tab-title-1512266871\" class=\"e-n-tab-title\" aria-selected=\"true\" data-tab-index=\"1\" role=\"tab\" tabindex=\"0\" aria-controls=\"e-n-tab-content-1512266871\" style=\"--n-tabs-title-order: 1;\">\n\t\t\t\t\t\t<span class=\"e-n-tab-title-text\">\n\t\t\t\tConvocat\u00f2ries\t\t\t<\/span>\n\t\t<\/button>\n\t\t\t\t<button id=\"e-n-tab-title-1512266872\" data-tab-title-id=\"e-n-tab-title-1512266872\" class=\"e-n-tab-title\" aria-selected=\"false\" data-tab-index=\"2\" role=\"tab\" tabindex=\"-1\" aria-controls=\"e-n-tab-content-1512266872\" style=\"--n-tabs-title-order: 2;\">\n\t\t\t\t\t\t<span class=\"e-n-tab-title-text\">\n\t\t\t\tDestinataris\t\t\t<\/span>\n\t\t<\/button>\n\t\t\t\t<button id=\"e-n-tab-title-1512266873\" data-tab-title-id=\"e-n-tab-title-1512266873\" class=\"e-n-tab-title\" aria-selected=\"false\" data-tab-index=\"3\" role=\"tab\" tabindex=\"-1\" aria-controls=\"e-n-tab-content-1512266873\" style=\"--n-tabs-title-order: 3;\">\n\t\t\t\t\t\t<span class=\"e-n-tab-title-text\">\n\t\t\t\tObjectius\t\t\t<\/span>\n\t\t<\/button>\n\t\t\t\t<button id=\"e-n-tab-title-1512266874\" data-tab-title-id=\"e-n-tab-title-1512266874\" class=\"e-n-tab-title\" aria-selected=\"false\" data-tab-index=\"4\" role=\"tab\" tabindex=\"-1\" aria-controls=\"e-n-tab-content-1512266874\" style=\"--n-tabs-title-order: 4;\">\n\t\t\t\t\t\t<span class=\"e-n-tab-title-text\">\n\t\t\t\tContinguts\t\t\t<\/span>\n\t\t<\/button>\n\t\t\t\t\t<\/div>\n\t\t\t<div class=\"e-n-tabs-content\">\n\t\t\t\t<div id=\"e-n-tab-content-1512266871\" role=\"tabpanel\" aria-labelledby=\"e-n-tab-title-1512266871\" data-tab-index=\"1\" style=\"--n-tabs-title-order: 1;\" class=\"e-active elementor-element elementor-element-b16a00e e-con-full e-flex e-con e-child\" data-id=\"b16a00e\" data-element_type=\"container\" data-e-type=\"container\">\n\t\t<div class=\"elementor-element elementor-element-35e4242 e-flex e-con-boxed e-con e-child\" data-id=\"35e4242\" data-element_type=\"container\" data-e-type=\"container\">\n\t\t\t\t\t<div class=\"e-con-inner\">\n\t\t\t\t<div class=\"elementor-element elementor-element-43b27f8 elementor-widget elementor-widget-heading\" data-id=\"43b27f8\" data-element_type=\"widget\" data-e-type=\"widget\" data-widget_type=\"heading.default\">\n\t\t\t\t<div class=\"elementor-widget-container\">\n\t\t\t\t\t<h2 class=\"elementor-heading-title elementor-size-default\">Convocat\u00f2ries<\/h2>\t\t\t\t<\/div>\n\t\t\t\t<\/div>\n\t\t\t\t<div class=\"elementor-element elementor-element-02ec4f0 elementor-widget elementor-widget-shortcode\" data-id=\"02ec4f0\" data-element_type=\"widget\" data-e-type=\"widget\" data-widget_type=\"shortcode.default\">\n\t\t\t\t<div class=\"elementor-widget-container\">\n\t\t\t\t\t\t\t<div class=\"elementor-shortcode\"><details class=\"curs-convocatoria\" open><summary><div class=\"curs-convocatoria__icons\"><span><i class=\"fas fa-map-marker-alt\"><\/i> Vic<\/span><span><i class=\"far fa-calendar-alt\"><\/i> <b>maig 2026:<\/b> Del 04\/05 al 27\/05<\/span><\/div><div class=\"curs-convocatoria__button\"><a href=\"https:\/\/www.mutuacat.cat\/empresa\/formacio\/basic-de-construccio-metall-en-construccio-60h\/?add-to-cart=4848\">Inscriu-te<\/a><\/div><\/summary><div class=\"curs-convocatoria__content\"><div class=\"curs-convocatoria__dates\"><b>Dates<\/b>: 4, 5, 6 i 27 de maig<\/div><div class=\"curs-convocatoria__horaris\"><b>Horari<\/b>:  de 15:00 a 20:00h<\/div><div class=\"curs-convocatoria__lloc\"><b>Lloc<\/b>: c\/ Mol\u00ed d'en Saborit - Planta 4 - Despatx 5 - Vic (<a target=\"_blank\" href=\"https:\/\/www.google.com\/maps\/search\/?api=1&query=c\/ Mol\u00ed d'en Saborit - Planta 4 - Despatx 5 - Vic\">Veure mapa<\/a>)<\/div><div class=\"curs-convocatoria__preu\"><b>Preu<\/b>: <span class=\"woocommerce-Price-amount amount\"><bdi>360,00&nbsp;<span class=\"woocommerce-Price-currencySymbol\">&euro;<\/span><\/bdi><\/span><\/div><\/div><\/details>\t\t<div data-elementor-type=\"container\" data-elementor-id=\"4196\" class=\"elementor elementor-4196\" data-elementor-post-type=\"elementor_library\">\n\t\t\t\t<div class=\"elementor-element elementor-element-2c3003e2 e-flex e-con-boxed e-con e-child\" data-id=\"2c3003e2\" data-element_type=\"container\" data-e-type=\"container\" data-settings=\"{&quot;background_background&quot;:&quot;classic&quot;}\">\n\t\t\t\t\t<div class=\"e-con-inner\">\n\t\t\t\t<div class=\"elementor-element elementor-element-6f0dfdae elementor-widget elementor-widget-heading\" data-id=\"6f0dfdae\" data-element_type=\"widget\" data-e-type=\"widget\" data-widget_type=\"heading.default\">\n\t\t\t\t<div class=\"elementor-widget-container\">\n\t\t\t\t\t<h2 class=\"elementor-heading-title elementor-size-default\">Condicions del curs<\/h2>\t\t\t\t<\/div>\n\t\t\t\t<\/div>\n\t\t\t\t<div class=\"elementor-element elementor-element-302a187 elementor-widget elementor-widget-text-editor\" data-id=\"302a187\" data-element_type=\"widget\" data-e-type=\"widget\" data-widget_type=\"text-editor.default\">\n\t\t\t\t<div class=\"elementor-widget-container\">\n\t\t\t\t\t\t\t\t\t<ul><li>L&#8217;organitzaci\u00f3 es reserva la possibilitat de suspendre el curs si no s&#8217;arriba a un nombre m\u00ednim d&#8217;inscripcions.<\/li><li>El diploma es lliurar\u00e0 un cop abonat l&#8217;import de la formaci\u00f3.<\/li><li>Si l&#8217;alumne cancel\u00b7la la seva inscripci\u00f3 a menys de 72 hores de l&#8217;inici del curs, es cobrar\u00e0 l&#8217;import sencer de la formaci\u00f3.<\/li><\/ul>\t\t\t\t\t\t\t\t<\/div>\n\t\t\t\t<\/div>\n\t\t\t\t\t<\/div>\n\t\t\t\t<\/div>\n\t\t\t\t<\/div>\n\t\t<\/div>\n\t\t\t\t\t\t<\/div>\n\t\t\t\t<\/div>\n\t\t\t\t\t<\/div>\n\t\t\t\t<\/div>\n\t\t\t\t<\/div>\n\t\t<div id=\"e-n-tab-content-1512266872\" role=\"tabpanel\" aria-labelledby=\"e-n-tab-title-1512266872\" data-tab-index=\"2\" style=\"--n-tabs-title-order: 2;\" class=\" elementor-element elementor-element-ef2717d e-flex e-con-boxed e-con e-child\" data-id=\"ef2717d\" data-element_type=\"container\" data-e-type=\"container\">\n\t\t\t\t\t<div class=\"e-con-inner\">\n\t\t\t\t<div class=\"elementor-element elementor-element-67ac6b5 elementor-widget elementor-widget-heading\" data-id=\"67ac6b5\" data-element_type=\"widget\" data-e-type=\"widget\" data-widget_type=\"heading.default\">\n\t\t\t\t<div class=\"elementor-widget-container\">\n\t\t\t\t\t<h2 class=\"elementor-heading-title elementor-size-default\">Destinataris<\/h2>\t\t\t\t<\/div>\n\t\t\t\t<\/div>\n\t\t\t\t<div class=\"elementor-element elementor-element-6fa7a18 elementor-widget elementor-widget-text-editor\" data-id=\"6fa7a18\" data-element_type=\"widget\" data-e-type=\"widget\" data-widget_type=\"text-editor.default\">\n\t\t\t\t<div class=\"elementor-widget-container\">\n\t\t\t\t\t\t\t\t\t<div class=\"col col-12 col-md-8 col-lg-9\"><p>Treballadors que desitgin formaci\u00f3 per a l&#8217;exercici de les funcions de nivell b\u00e0sic de prevenci\u00f3 de riscos laborals en empresa emmarcades al sector de la construcci\u00f3.<\/p><\/div><div class=\"col col-md-4 col-lg-3 text-center content-icon\">\u00a0<\/div>\t\t\t\t\t\t\t\t<\/div>\n\t\t\t\t<\/div>\n\t\t\t\t\t<\/div>\n\t\t\t\t<\/div>\n\t\t<div id=\"e-n-tab-content-1512266873\" role=\"tabpanel\" aria-labelledby=\"e-n-tab-title-1512266873\" data-tab-index=\"3\" style=\"--n-tabs-title-order: 3;\" class=\" elementor-element elementor-element-2ac0600 e-flex e-con-boxed e-con e-child\" data-id=\"2ac0600\" data-element_type=\"container\" data-e-type=\"container\">\n\t\t\t\t\t<div class=\"e-con-inner\">\n\t\t\t\t<div class=\"elementor-element elementor-element-62c881e elementor-widget elementor-widget-heading\" data-id=\"62c881e\" data-element_type=\"widget\" data-e-type=\"widget\" data-widget_type=\"heading.default\">\n\t\t\t\t<div class=\"elementor-widget-container\">\n\t\t\t\t\t<h2 class=\"elementor-heading-title elementor-size-default\">Objectius<\/h2>\t\t\t\t<\/div>\n\t\t\t\t<\/div>\n\t\t\t\t<div class=\"elementor-element elementor-element-e9a1880 elementor-widget elementor-widget-text-editor\" data-id=\"e9a1880\" data-element_type=\"widget\" data-e-type=\"widget\" data-widget_type=\"text-editor.default\">\n\t\t\t\t<div class=\"elementor-widget-container\">\n\t\t\t\t\t\t\t\t\t<p><strong>Objectiu General:<\/strong><\/p><p>Formar tots els treballadors sobre les situacions de risc en l&#8217;activitat de construcci\u00f3, identificar-les, prevenir-les, afrontar-les i actuar en cas que es materialitzin. Aquest curs constitueix el nucli d&#8217;un curs b\u00e0sic de prevenci\u00f3 de riscos laborals, segons el que preveu la Llei 31\/1995, de prevenci\u00f3 de riscos laborals a l&#8217;art. 32 i al RD 39\/1997 Reglament dels Serveis de Prevenci\u00f3 als arts. 34 i 35, i als annexos III i IV.<\/p><p><strong>Objectius espec\u00edfics:<\/strong><\/p><ol><li>Promoure els comportaments segurs i la utilitzaci\u00f3 correcta dels equips de treball i protecci\u00f3, i fomentar l&#8217;inter\u00e8s i la cooperaci\u00f3 dels treballadors en una acci\u00f3 preventiva integrada.<\/li><li>Promoure, en particular, les actuacions preventives b\u00e0siques, com ara l&#8217;ordre, la neteja, la senyalitzaci\u00f3 i el manteniment general, i efectuar-ne el seguiment i el control.<\/li><li>Realitzar avaluacions elementals de riscos i, si escau, establir mesures preventives del mateix car\u00e0cter compatibles amb el grau de formaci\u00f3.<\/li><li>Col\u00b7laborar en l&#8217;avaluaci\u00f3 i el control dels riscos generals i espec\u00edfics de l&#8217;empresa, efectuant visites a aquest efecte, atenci\u00f3 a queixes i suggeriments, registre de dades i totes les funcions an\u00e0logues que siguin necess\u00e0ries.<\/li><li>Actuar en cas d&#8217;emerg\u00e8ncia i primers auxilis gestionant les primeres intervencions a aquest efecte.<\/li><li>Cooperar amb els serveis de prevenci\u00f3, si escau.<\/li><\/ol>\t\t\t\t\t\t\t\t<\/div>\n\t\t\t\t<\/div>\n\t\t\t\t\t<\/div>\n\t\t\t\t<\/div>\n\t\t<div id=\"e-n-tab-content-1512266874\" role=\"tabpanel\" aria-labelledby=\"e-n-tab-title-1512266874\" data-tab-index=\"4\" style=\"--n-tabs-title-order: 4;\" class=\" elementor-element elementor-element-f4f232c e-flex e-con-boxed e-con e-child\" data-id=\"f4f232c\" data-element_type=\"container\" data-e-type=\"container\">\n\t\t\t\t\t<div class=\"e-con-inner\">\n\t\t<div class=\"elementor-element elementor-element-b5d39fd e-con-full e-flex e-con e-child\" data-id=\"b5d39fd\" data-element_type=\"container\" data-e-type=\"container\">\n\t\t\t\t<div class=\"elementor-element elementor-element-ba77dff elementor-widget elementor-widget-heading\" data-id=\"ba77dff\" data-element_type=\"widget\" data-e-type=\"widget\" data-widget_type=\"heading.default\">\n\t\t\t\t<div class=\"elementor-widget-container\">\n\t\t\t\t\t<h2 class=\"elementor-heading-title elementor-size-default\">Temari<\/h2>\t\t\t\t<\/div>\n\t\t\t\t<\/div>\n\t\t\t\t<div class=\"elementor-element elementor-element-fe942be elementor-widget elementor-widget-text-editor\" data-id=\"fe942be\" data-element_type=\"widget\" data-e-type=\"widget\" data-widget_type=\"text-editor.default\">\n\t\t\t\t<div class=\"elementor-widget-container\">\n\t\t\t\t\t\t\t\t\t<p><b>1. CONCEPTES B\u00c0SICS SOBRE SEGURETAT I SALUT<br \/><\/b>1.1. El treball i la salut. Els riscos professionals. Factors de risc.<br \/>1.2. Danys derivats del treball. Els accidents de treball i les malalties professionals. Altres patologies derivades del treball.<br \/>1.3. Marc normatiu b\u00e0sic en mat\u00e8ria de prevenci\u00f3 de riscos laborals. Deures i obligacions b\u00e0siques en aquesta mat\u00e8ria.<\/p><p><b>2. RISCOS GENERALS I LA SEVA PREVENCI\u00d3<br \/><\/b>2.1. Riscos relacionats amb les condicions de seguretat.<br \/>2.2. Riscos relacionats amb el medi ambient de treball.<br \/>2.3. La c\u00e0rrega de treball, la fatiga i la insatisfacci\u00f3 laboral.<br \/>2.4. Sistemes elementals de control de riscos. Mitjans de protecci\u00f3 col\u00b7lectiva i equips de protecci\u00f3 individual.<br \/>2.5. Plans d\u2019emerg\u00e8ncia i evacuaci\u00f3.<br \/>2.6. El control de la salut dels treballadors.<\/p><p><b>3. RISCOS ESPEC\u00cdFICS I LA SEVA PREVENCI\u00d3 EN EL SECTOR DE LA CONSTRUCCI\u00d3<br \/><\/b>3.1. Diferents fases d\u2019obra i les seves proteccions corresponents (xarxes, baranes, bastides, plataformes de treball, escales, etc.).<br \/>3.2. Implantaci\u00f3 d\u2019obra. Locals higienicosanitaris, instal\u00b7lacions provisionals, etc.<\/p><p><b>4. ELEMENTS B\u00c0SICS DE GESTI\u00d3 DE LA PREVENCI\u00d3 DE RISCOS<br \/><\/b>4.1. Organismes p\u00fablics relacionats amb la seguretat i salut en el treball.<br \/>4.2. Organitzaci\u00f3 preventiva del treball: \u201crutines\u201d b\u00e0siques.<br \/>4.3. Documentaci\u00f3: recollida, elaboraci\u00f3 i arxiu.<br \/>4.4. Representaci\u00f3 de les persones treballadores. Drets i obligacions (delegats de prevenci\u00f3, comit\u00e8 de seguretat i salut, persones treballadores designades, etc.).<\/p><p><b>5. PRIMERS AUXILIS<br \/><\/b>5.1. Procediments generals.<br \/>5.2. Pla d\u2019actuaci\u00f3.<\/p><p><strong>6. COMPLIMENT OPERATIU I LEGAL. CONCEPTES GENERALS, RESPONSABILITATS I CANALS DE CONSULTA<\/strong><\/p>\t\t\t\t\t\t\t\t<\/div>\n\t\t\t\t<\/div>\n\t\t\t\t<\/div>\n\t\t\t\t\t<\/div>\n\t\t\t\t<\/div>\n\t\t\t\t\t<\/div>\n\t\t<\/div>\n\t\t\t\t\t\t<\/div>\n\t\t\t\t<\/div>\n\t\t\t\t\t<\/div>\n\t\t\t\t<\/div>\n\t\t\t\t<\/div>\n\t\t","protected":false},"excerpt":{"rendered":"<p class=\"x_MsoNormal\"><span data-olk-copy-source=\"MessageBody\">Proporcionar als treballadors la formaci\u00f3 necess\u00e0ria per recon\u00e8ixer, avaluar i minimitzar els riscos inherents als treballs de construcci\u00f3, i per intervenir de manera adequada davant qualsevol situaci\u00f3 de perill que es materialitzi.<\/span><\/p>\n","protected":false},"featured_media":3074,"template":"","meta":{"_acf_changed":false},"product_brand":[],"product_cat":[59,53],"product_tag":[69],"class_list":{"0":"post-3073","1":"product","2":"type-product","3":"status-publish","4":"has-post-thumbnail","6":"product_cat-conveni-metall-construccio","7":"product_cat-prevencio-de-riscos-laborals","8":"product_tag-presencial","10":"first","11":"instock","12":"virtual","13":"product-type-simple"},"acf":[],"yoast_head":"<!-- This site is optimized with the Yoast SEO plugin v26.9 - https:\/\/yoast.com\/product\/yoast-seo-wordpress\/ -->\n<title>B\u00e0sic de construcci\u00f3\/metall en construcci\u00f3 (60h) - Mutuacat Empresa<\/title>\n<meta name=\"robots\" content=\"index, follow, max-snippet:-1, max-image-preview:large, max-video-preview:-1\" \/>\n<link rel=\"canonical\" href=\"https:\/\/www.mutuacat.cat\/empresa\/formacio\/basic-de-construccio-metall-en-construccio-60h\/\" \/>\n<meta property=\"og:locale\" content=\"ca_ES\" \/>\n<meta property=\"og:type\" content=\"article\" \/>\n<meta property=\"og:title\" content=\"B\u00e0sic de construcci\u00f3\/metall en construcci\u00f3 (60h) - Mutuacat Empresa\" \/>\n<meta property=\"og:description\" content=\"Proporcionar als treballadors la formaci\u00f3 necess\u00e0ria per recon\u00e8ixer, avaluar i minimitzar els riscos inherents als treballs de construcci\u00f3, i per intervenir de manera adequada davant qualsevol situaci\u00f3 de perill que es materialitzi.\" \/>\n<meta property=\"og:url\" content=\"https:\/\/www.mutuacat.cat\/empresa\/formacio\/basic-de-construccio-metall-en-construccio-60h\/\" \/>\n<meta property=\"og:site_name\" content=\"Mutuacat Empresa\" \/>\n<meta property=\"article:modified_time\" content=\"2026-04-13T09:51:37+00:00\" \/>\n<meta property=\"og:image\" content=\"https:\/\/www.mutuacat.cat\/empresa\/wp-content\/uploads\/2025\/11\/xmetall-construccio-1.jpg.pagespeed.ic_.np2Mwg_uQE.jpeg\" \/>\n\t<meta property=\"og:image:width\" content=\"900\" \/>\n\t<meta property=\"og:image:height\" content=\"900\" \/>\n\t<meta property=\"og:image:type\" content=\"image\/jpeg\" \/>\n<meta name=\"twitter:card\" content=\"summary_large_image\" \/>\n<meta name=\"twitter:label1\" content=\"Temps estimat de lectura\" \/>\n\t<meta name=\"twitter:data1\" content=\"6 minuts\" \/>\n<script type=\"application\/ld+json\" class=\"yoast-schema-graph\">{\"@context\":\"https:\/\/schema.org\",\"@graph\":[{\"@type\":\"WebPage\",\"@id\":\"https:\/\/www.mutuacat.cat\/empresa\/formacio\/basic-de-construccio-metall-en-construccio-60h\/\",\"url\":\"https:\/\/www.mutuacat.cat\/empresa\/formacio\/basic-de-construccio-metall-en-construccio-60h\/\",\"name\":\"B\u00e0sic de construcci\u00f3\/metall en construcci\u00f3 (60h) - Mutuacat Empresa\",\"isPartOf\":{\"@id\":\"https:\/\/www.mutuacat.cat\/empresa\/#website\"},\"primaryImageOfPage\":{\"@id\":\"https:\/\/www.mutuacat.cat\/empresa\/formacio\/basic-de-construccio-metall-en-construccio-60h\/#primaryimage\"},\"image\":{\"@id\":\"https:\/\/www.mutuacat.cat\/empresa\/formacio\/basic-de-construccio-metall-en-construccio-60h\/#primaryimage\"},\"thumbnailUrl\":\"https:\/\/www.mutuacat.cat\/empresa\/wp-content\/uploads\/2025\/11\/xmetall-construccio-1.jpg.pagespeed.ic_.np2Mwg_uQE.jpeg\",\"datePublished\":\"2025-11-11T10:19:15+00:00\",\"dateModified\":\"2026-04-13T09:51:37+00:00\",\"breadcrumb\":{\"@id\":\"https:\/\/www.mutuacat.cat\/empresa\/formacio\/basic-de-construccio-metall-en-construccio-60h\/#breadcrumb\"},\"inLanguage\":\"ca\",\"potentialAction\":[{\"@type\":\"ReadAction\",\"target\":[\"https:\/\/www.mutuacat.cat\/empresa\/formacio\/basic-de-construccio-metall-en-construccio-60h\/\"]}]},{\"@type\":\"ImageObject\",\"inLanguage\":\"ca\",\"@id\":\"https:\/\/www.mutuacat.cat\/empresa\/formacio\/basic-de-construccio-metall-en-construccio-60h\/#primaryimage\",\"url\":\"https:\/\/www.mutuacat.cat\/empresa\/wp-content\/uploads\/2025\/11\/xmetall-construccio-1.jpg.pagespeed.ic_.np2Mwg_uQE.jpeg\",\"contentUrl\":\"https:\/\/www.mutuacat.cat\/empresa\/wp-content\/uploads\/2025\/11\/xmetall-construccio-1.jpg.pagespeed.ic_.np2Mwg_uQE.jpeg\",\"width\":900,\"height\":900},{\"@type\":\"BreadcrumbList\",\"@id\":\"https:\/\/www.mutuacat.cat\/empresa\/formacio\/basic-de-construccio-metall-en-construccio-60h\/#breadcrumb\",\"itemListElement\":[{\"@type\":\"ListItem\",\"position\":1,\"name\":\"Inici\",\"item\":\"https:\/\/www.mutuacat.cat\/empresa\/\"},{\"@type\":\"ListItem\",\"position\":2,\"name\":\"Formaci\u00f3\",\"item\":\"https:\/\/www.mutuacat.cat\/empresa\/formacio\/\"},{\"@type\":\"ListItem\",\"position\":3,\"name\":\"B\u00e0sic de construcci\u00f3\/metall en construcci\u00f3 (60h)\"}]},{\"@type\":\"WebSite\",\"@id\":\"https:\/\/www.mutuacat.cat\/empresa\/#website\",\"url\":\"https:\/\/www.mutuacat.cat\/empresa\/\",\"name\":\"Mutuacat Empresa\",\"description\":\"\",\"potentialAction\":[{\"@type\":\"SearchAction\",\"target\":{\"@type\":\"EntryPoint\",\"urlTemplate\":\"https:\/\/www.mutuacat.cat\/empresa\/?s={search_term_string}\"},\"query-input\":{\"@type\":\"PropertyValueSpecification\",\"valueRequired\":true,\"valueName\":\"search_term_string\"}}],\"inLanguage\":\"ca\"}]}<\/script>\n<!-- \/ Yoast SEO plugin. -->","yoast_head_json":{"title":"B\u00e0sic de construcci\u00f3\/metall en construcci\u00f3 (60h) - Mutuacat Empresa","robots":{"index":"index","follow":"follow","max-snippet":"max-snippet:-1","max-image-preview":"max-image-preview:large","max-video-preview":"max-video-preview:-1"},"canonical":"https:\/\/www.mutuacat.cat\/empresa\/formacio\/basic-de-construccio-metall-en-construccio-60h\/","og_locale":"ca_ES","og_type":"article","og_title":"B\u00e0sic de construcci\u00f3\/metall en construcci\u00f3 (60h) - Mutuacat Empresa","og_description":"Proporcionar als treballadors la formaci\u00f3 necess\u00e0ria per recon\u00e8ixer, avaluar i minimitzar els riscos inherents als treballs de construcci\u00f3, i per intervenir de manera adequada davant qualsevol situaci\u00f3 de perill que es materialitzi.","og_url":"https:\/\/www.mutuacat.cat\/empresa\/formacio\/basic-de-construccio-metall-en-construccio-60h\/","og_site_name":"Mutuacat Empresa","article_modified_time":"2026-04-13T09:51:37+00:00","og_image":[{"width":900,"height":900,"url":"https:\/\/www.mutuacat.cat\/empresa\/wp-content\/uploads\/2025\/11\/xmetall-construccio-1.jpg.pagespeed.ic_.np2Mwg_uQE.jpeg","type":"image\/jpeg"}],"twitter_card":"summary_large_image","twitter_misc":{"Temps estimat de lectura":"6 minuts"},"schema":{"@context":"https:\/\/schema.org","@graph":[{"@type":"WebPage","@id":"https:\/\/www.mutuacat.cat\/empresa\/formacio\/basic-de-construccio-metall-en-construccio-60h\/","url":"https:\/\/www.mutuacat.cat\/empresa\/formacio\/basic-de-construccio-metall-en-construccio-60h\/","name":"B\u00e0sic de construcci\u00f3\/metall en construcci\u00f3 (60h) - Mutuacat Empresa","isPartOf":{"@id":"https:\/\/www.mutuacat.cat\/empresa\/#website"},"primaryImageOfPage":{"@id":"https:\/\/www.mutuacat.cat\/empresa\/formacio\/basic-de-construccio-metall-en-construccio-60h\/#primaryimage"},"image":{"@id":"https:\/\/www.mutuacat.cat\/empresa\/formacio\/basic-de-construccio-metall-en-construccio-60h\/#primaryimage"},"thumbnailUrl":"https:\/\/www.mutuacat.cat\/empresa\/wp-content\/uploads\/2025\/11\/xmetall-construccio-1.jpg.pagespeed.ic_.np2Mwg_uQE.jpeg","datePublished":"2025-11-11T10:19:15+00:00","dateModified":"2026-04-13T09:51:37+00:00","breadcrumb":{"@id":"https:\/\/www.mutuacat.cat\/empresa\/formacio\/basic-de-construccio-metall-en-construccio-60h\/#breadcrumb"},"inLanguage":"ca","potentialAction":[{"@type":"ReadAction","target":["https:\/\/www.mutuacat.cat\/empresa\/formacio\/basic-de-construccio-metall-en-construccio-60h\/"]}]},{"@type":"ImageObject","inLanguage":"ca","@id":"https:\/\/www.mutuacat.cat\/empresa\/formacio\/basic-de-construccio-metall-en-construccio-60h\/#primaryimage","url":"https:\/\/www.mutuacat.cat\/empresa\/wp-content\/uploads\/2025\/11\/xmetall-construccio-1.jpg.pagespeed.ic_.np2Mwg_uQE.jpeg","contentUrl":"https:\/\/www.mutuacat.cat\/empresa\/wp-content\/uploads\/2025\/11\/xmetall-construccio-1.jpg.pagespeed.ic_.np2Mwg_uQE.jpeg","width":900,"height":900},{"@type":"BreadcrumbList","@id":"https:\/\/www.mutuacat.cat\/empresa\/formacio\/basic-de-construccio-metall-en-construccio-60h\/#breadcrumb","itemListElement":[{"@type":"ListItem","position":1,"name":"Inici","item":"https:\/\/www.mutuacat.cat\/empresa\/"},{"@type":"ListItem","position":2,"name":"Formaci\u00f3","item":"https:\/\/www.mutuacat.cat\/empresa\/formacio\/"},{"@type":"ListItem","position":3,"name":"B\u00e0sic de construcci\u00f3\/metall en construcci\u00f3 (60h)"}]},{"@type":"WebSite","@id":"https:\/\/www.mutuacat.cat\/empresa\/#website","url":"https:\/\/www.mutuacat.cat\/empresa\/","name":"Mutuacat Empresa","description":"","potentialAction":[{"@type":"SearchAction","target":{"@type":"EntryPoint","urlTemplate":"https:\/\/www.mutuacat.cat\/empresa\/?s={search_term_string}"},"query-input":{"@type":"PropertyValueSpecification","valueRequired":true,"valueName":"search_term_string"}}],"inLanguage":"ca"}]}},"_links":{"self":[{"href":"https:\/\/www.mutuacat.cat\/empresa\/wp-json\/wp\/v2\/product\/3073","targetHints":{"allow":["GET"]}}],"collection":[{"href":"https:\/\/www.mutuacat.cat\/empresa\/wp-json\/wp\/v2\/product"}],"about":[{"href":"https:\/\/www.mutuacat.cat\/empresa\/wp-json\/wp\/v2\/types\/product"}],"version-history":[{"count":78,"href":"https:\/\/www.mutuacat.cat\/empresa\/wp-json\/wp\/v2\/product\/3073\/revisions"}],"predecessor-version":[{"id":4850,"href":"https:\/\/www.mutuacat.cat\/empresa\/wp-json\/wp\/v2\/product\/3073\/revisions\/4850"}],"wp:featuredmedia":[{"embeddable":true,"href":"https:\/\/www.mutuacat.cat\/empresa\/wp-json\/wp\/v2\/media\/3074"}],"wp:attachment":[{"href":"https:\/\/www.mutuacat.cat\/empresa\/wp-json\/wp\/v2\/media?parent=3073"}],"wp:term":[{"taxonomy":"product_brand","embeddable":true,"href":"https:\/\/www.mutuacat.cat\/empresa\/wp-json\/wp\/v2\/product_brand?post=3073"},{"taxonomy":"product_cat","embeddable":true,"href":"https:\/\/www.mutuacat.cat\/empresa\/wp-json\/wp\/v2\/product_cat?post=3073"},{"taxonomy":"product_tag","embeddable":true,"href":"https:\/\/www.mutuacat.cat\/empresa\/wp-json\/wp\/v2\/product_tag?post=3073"}],"curies":[{"name":"wp","href":"https:\/\/api.w.org\/{rel}","templated":true}]}}