{"id":3079,"date":"2025-11-11T10:24:07","date_gmt":"2025-11-11T10:24:07","guid":{"rendered":"https:\/\/www.mutuacat.cat\/empresa\/?post_type=product&#038;p=3079"},"modified":"2026-03-03T06:31:24","modified_gmt":"2026-03-03T06:31:24","slug":"c-12-reciclatge-operaris-en-treballs-de-mecanica-manteniment-i-reparacio-de-maquines-equips-industrials-i-o-equips-electromecanics-4h","status":"publish","type":"product","link":"https:\/\/www.mutuacat.cat\/empresa\/formacio\/c-12-reciclatge-operaris-en-treballs-de-mecanica-manteniment-i-reparacio-de-maquines-equips-industrials-i-o-equips-electromecanics-4h\/","title":{"rendered":"C.12 (Reciclatge) \u2013 Operaris en treballs de mec\u00e0nica, manteniment i reparaci\u00f3 de m\u00e0quines, equips industrials i\/o equips electromec\u00e0nics (4h)"},"content":{"rendered":"\t\t<div data-elementor-type=\"product-post\" data-elementor-id=\"3079\" class=\"elementor elementor-3079\" data-elementor-post-type=\"product\">\n\t\t\t\t<div class=\"elementor-element elementor-element-50cae97 e-flex e-con-boxed e-con e-parent\" data-id=\"50cae97\" data-element_type=\"container\" data-e-type=\"container\">\n\t\t\t\t\t<div class=\"e-con-inner\">\n\t\t\t\t<div class=\"elementor-element elementor-element-9d64bf8 e-n-tabs-mobile elementor-widget elementor-widget-n-tabs\" data-id=\"9d64bf8\" data-element_type=\"widget\" data-e-type=\"widget\" data-settings=\"{&quot;horizontal_scroll&quot;:&quot;disable&quot;}\" data-widget_type=\"nested-tabs.default\">\n\t\t\t\t<div class=\"elementor-widget-container\">\n\t\t\t\t\t\t\t<div class=\"e-n-tabs\" data-widget-number=\"165039096\" aria-label=\"Tabuladors. Obre elements amb Retorn o Espai, tanca amb Esc i navega amb les tecles de fletxa.\">\n\t\t\t<div class=\"e-n-tabs-heading\" role=\"tablist\">\n\t\t\t\t\t<button id=\"e-n-tab-title-1650390961\" data-tab-title-id=\"e-n-tab-title-1650390961\" class=\"e-n-tab-title\" aria-selected=\"true\" data-tab-index=\"1\" role=\"tab\" tabindex=\"0\" aria-controls=\"e-n-tab-content-1650390961\" style=\"--n-tabs-title-order: 1;\">\n\t\t\t\t\t\t<span class=\"e-n-tab-title-text\">\n\t\t\t\tConvocat\u00f2ries\t\t\t<\/span>\n\t\t<\/button>\n\t\t\t\t<button id=\"e-n-tab-title-1650390962\" data-tab-title-id=\"e-n-tab-title-1650390962\" class=\"e-n-tab-title\" aria-selected=\"false\" data-tab-index=\"2\" role=\"tab\" tabindex=\"-1\" aria-controls=\"e-n-tab-content-1650390962\" style=\"--n-tabs-title-order: 2;\">\n\t\t\t\t\t\t<span class=\"e-n-tab-title-text\">\n\t\t\t\tDestinataris\t\t\t<\/span>\n\t\t<\/button>\n\t\t\t\t<button id=\"e-n-tab-title-1650390963\" data-tab-title-id=\"e-n-tab-title-1650390963\" class=\"e-n-tab-title\" aria-selected=\"false\" data-tab-index=\"3\" role=\"tab\" tabindex=\"-1\" aria-controls=\"e-n-tab-content-1650390963\" style=\"--n-tabs-title-order: 3;\">\n\t\t\t\t\t\t<span class=\"e-n-tab-title-text\">\n\t\t\t\tObjectius\t\t\t<\/span>\n\t\t<\/button>\n\t\t\t\t<button id=\"e-n-tab-title-1650390964\" data-tab-title-id=\"e-n-tab-title-1650390964\" class=\"e-n-tab-title\" aria-selected=\"false\" data-tab-index=\"4\" role=\"tab\" tabindex=\"-1\" aria-controls=\"e-n-tab-content-1650390964\" style=\"--n-tabs-title-order: 4;\">\n\t\t\t\t\t\t<span class=\"e-n-tab-title-text\">\n\t\t\t\tContinguts\t\t\t<\/span>\n\t\t<\/button>\n\t\t\t\t\t<\/div>\n\t\t\t<div class=\"e-n-tabs-content\">\n\t\t\t\t<div id=\"e-n-tab-content-1650390961\" role=\"tabpanel\" aria-labelledby=\"e-n-tab-title-1650390961\" data-tab-index=\"1\" style=\"--n-tabs-title-order: 1;\" class=\"e-active elementor-element elementor-element-4f8c079 e-con-full e-flex e-con e-child\" data-id=\"4f8c079\" data-element_type=\"container\" data-e-type=\"container\">\n\t\t<div class=\"elementor-element elementor-element-d3218dc e-flex e-con-boxed e-con e-child\" data-id=\"d3218dc\" data-element_type=\"container\" data-e-type=\"container\">\n\t\t\t\t\t<div class=\"e-con-inner\">\n\t\t\t\t<div class=\"elementor-element elementor-element-b629b66 elementor-widget elementor-widget-heading\" data-id=\"b629b66\" data-element_type=\"widget\" data-e-type=\"widget\" data-widget_type=\"heading.default\">\n\t\t\t\t<div class=\"elementor-widget-container\">\n\t\t\t\t\t<h2 class=\"elementor-heading-title elementor-size-default\">Convocat\u00f2ries<\/h2>\t\t\t\t<\/div>\n\t\t\t\t<\/div>\n\t\t\t\t<div class=\"elementor-element elementor-element-82be6cf elementor-widget elementor-widget-shortcode\" data-id=\"82be6cf\" data-element_type=\"widget\" data-e-type=\"widget\" data-widget_type=\"shortcode.default\">\n\t\t\t\t<div class=\"elementor-widget-container\">\n\t\t\t\t\t\t\t<div class=\"elementor-shortcode\"><details class=\"curs-convocatoria\" open><summary><div class=\"curs-convocatoria__icons\"><span><i class=\"fas fa-map-marker-alt\"><\/i> Vic<\/span><span><i class=\"far fa-calendar-alt\"><\/i> <b>22 abril 2026<\/b><\/span><\/div><div class=\"curs-convocatoria__button\"><a href=\"https:\/\/www.mutuacat.cat\/empresa\/formacio\/c-12-reciclatge-operaris-en-treballs-de-mecanica-manteniment-i-reparacio-de-maquines-equips-industrials-i-o-equips-electromecanics-4h\/?add-to-cart=4683\">Inscriu-te<\/a><\/div><\/summary><div class=\"curs-convocatoria__content\"><div class=\"curs-convocatoria__dates\"><b>Dates<\/b>: 22 d'abril<\/div><div class=\"curs-convocatoria__horaris\"><b>Horari<\/b>: 15:00 - 19:00h<\/div><div class=\"curs-convocatoria__lloc\"><b>Lloc<\/b>: c\/ Mol\u00ed d'en Saborit - Planta 4 - Despatx 5 - Vic (<a target=\"_blank\" href=\"https:\/\/www.google.com\/maps\/search\/?api=1&query=c\/ Mol\u00ed d'en Saborit - Planta 4 - Despatx 5 - Vic\">Veure mapa<\/a>)<\/div><div class=\"curs-convocatoria__preu\"><b>Preu<\/b>: <span class=\"woocommerce-Price-amount amount\"><bdi>100,00&nbsp;<span class=\"woocommerce-Price-currencySymbol\">&euro;<\/span><\/bdi><\/span><\/div><\/div><\/details>\t\t<div data-elementor-type=\"container\" data-elementor-id=\"4196\" class=\"elementor elementor-4196\" data-elementor-post-type=\"elementor_library\">\n\t\t\t\t<div class=\"elementor-element elementor-element-2c3003e2 e-flex e-con-boxed e-con e-child\" data-id=\"2c3003e2\" data-element_type=\"container\" data-e-type=\"container\" data-settings=\"{&quot;background_background&quot;:&quot;classic&quot;}\">\n\t\t\t\t\t<div class=\"e-con-inner\">\n\t\t\t\t<div class=\"elementor-element elementor-element-6f0dfdae elementor-widget elementor-widget-heading\" data-id=\"6f0dfdae\" data-element_type=\"widget\" data-e-type=\"widget\" data-widget_type=\"heading.default\">\n\t\t\t\t<div class=\"elementor-widget-container\">\n\t\t\t\t\t<h2 class=\"elementor-heading-title elementor-size-default\">Condicions del curs<\/h2>\t\t\t\t<\/div>\n\t\t\t\t<\/div>\n\t\t\t\t<div class=\"elementor-element elementor-element-302a187 elementor-widget elementor-widget-text-editor\" data-id=\"302a187\" data-element_type=\"widget\" data-e-type=\"widget\" data-widget_type=\"text-editor.default\">\n\t\t\t\t<div class=\"elementor-widget-container\">\n\t\t\t\t\t\t\t\t\t<ul><li>L&#8217;organitzaci\u00f3 es reserva la possibilitat de suspendre el curs si no s&#8217;arriba a un nombre m\u00ednim d&#8217;inscripcions.<\/li><li>El diploma es lliurar\u00e0 un cop abonat l&#8217;import de la formaci\u00f3.<\/li><li>Si l&#8217;alumne cancel\u00b7la la seva inscripci\u00f3 a menys de 72 hores de l&#8217;inici del curs, es cobrar\u00e0 l&#8217;import sencer de la formaci\u00f3.<\/li><\/ul>\t\t\t\t\t\t\t\t<\/div>\n\t\t\t\t<\/div>\n\t\t\t\t\t<\/div>\n\t\t\t\t<\/div>\n\t\t\t\t<\/div>\n\t\t<\/div>\n\t\t\t\t\t\t<\/div>\n\t\t\t\t<\/div>\n\t\t\t\t\t<\/div>\n\t\t\t\t<\/div>\n\t\t\t\t<\/div>\n\t\t<div id=\"e-n-tab-content-1650390962\" role=\"tabpanel\" aria-labelledby=\"e-n-tab-title-1650390962\" data-tab-index=\"2\" style=\"--n-tabs-title-order: 2;\" class=\" elementor-element elementor-element-171da13 e-flex e-con-boxed e-con e-child\" data-id=\"171da13\" data-element_type=\"container\" data-e-type=\"container\">\n\t\t\t\t\t<div class=\"e-con-inner\">\n\t\t\t\t<div class=\"elementor-element elementor-element-fc4752a elementor-widget elementor-widget-heading\" data-id=\"fc4752a\" data-element_type=\"widget\" data-e-type=\"widget\" data-widget_type=\"heading.default\">\n\t\t\t\t<div class=\"elementor-widget-container\">\n\t\t\t\t\t<h2 class=\"elementor-heading-title elementor-size-default\">Destinataris<\/h2>\t\t\t\t<\/div>\n\t\t\t\t<\/div>\n\t\t\t\t<div class=\"elementor-element elementor-element-6ccd4ac elementor-widget elementor-widget-text-editor\" data-id=\"6ccd4ac\" data-element_type=\"widget\" data-e-type=\"widget\" data-widget_type=\"text-editor.default\">\n\t\t\t\t<div class=\"elementor-widget-container\">\n\t\t\t\t\t\t\t\t\t<p>El curs s&#8217;adre\u00e7a a treballadors que desenvolupen la seva activitat en empreses enquadrades en el marc del Conveni Col\u00b7lectiu Estatal de la Ind\u00fastria, la Tecnologia i els Serveis del Sector del Metall dins de les \u00e0rees de producci\u00f3 i\/o manteniment i que realitzen treballs de mec\u00e0nica, manteniment i reparaci\u00f3 de m\u00e0quines, equips industrials i\/o equips electromec\u00e0nics (ind\u00fastria aeroespacial, etc.).<\/p>\t\t\t\t\t\t\t\t<\/div>\n\t\t\t\t<\/div>\n\t\t\t\t\t<\/div>\n\t\t\t\t<\/div>\n\t\t<div id=\"e-n-tab-content-1650390963\" role=\"tabpanel\" aria-labelledby=\"e-n-tab-title-1650390963\" data-tab-index=\"3\" style=\"--n-tabs-title-order: 3;\" class=\" elementor-element elementor-element-52ee54f e-flex e-con-boxed e-con e-child\" data-id=\"52ee54f\" data-element_type=\"container\" data-e-type=\"container\">\n\t\t\t\t\t<div class=\"e-con-inner\">\n\t\t\t\t<div class=\"elementor-element elementor-element-430bc51 elementor-widget elementor-widget-heading\" data-id=\"430bc51\" data-element_type=\"widget\" data-e-type=\"widget\" data-widget_type=\"heading.default\">\n\t\t\t\t<div class=\"elementor-widget-container\">\n\t\t\t\t\t<h2 class=\"elementor-heading-title elementor-size-default\">Objectius<\/h2>\t\t\t\t<\/div>\n\t\t\t\t<\/div>\n\t\t\t\t<div class=\"elementor-element elementor-element-4d72ecb elementor-widget elementor-widget-text-editor\" data-id=\"4d72ecb\" data-element_type=\"widget\" data-e-type=\"widget\" data-widget_type=\"text-editor.default\">\n\t\t\t\t<div class=\"elementor-widget-container\">\n\t\t\t\t\t\t\t\t\t<p><strong>Objectiu general:<\/strong><\/p><ul><li>Formar l&#8217;alumne perqu\u00e8 adquireixi els coneixements b\u00e0sics en mat\u00e8ria de prevenci\u00f3 de riscos laborals de l&#8217;ofici desenvolupat dins l&#8217;\u00e0rea de producci\u00f3 i\/o manteniment.<br \/>\u00a0<\/li><\/ul><p><strong>Objectius espec\u00edfics:<\/strong><\/p><ul><li>Con\u00e9ixer els procediments de treball assegurances de treball que afecten l&#8217;ofici desenvolupat.<\/li><li>Saber identificar i prendre les mesures oportunes per evitar els riscs espec\u00edfics del lloc de treball.<\/li><li>Aprendre a utilitzar els mecanismes tant per a la verificaci\u00f3, la identificaci\u00f3 i la vigil\u00e0ncia del lloc de treball i el seu entorn, com per a la planificaci\u00f3 de les tasques des d&#8217;un punt de vista preventiu.<\/li><li>Aplicar els coneixements adquirits a la prevenci\u00f3 dels riscos derivats de la utilitzaci\u00f3 de mitjans auxiliars, equips i eines.<\/li><li>Con\u00e8ixer quins s\u00f3n els drets i els deures en mat\u00e8ria preventiva.<\/li><li>Assimilar la import\u00e0ncia de la participaci\u00f3 i de la implicaci\u00f3 de cada treballador en l&#8217;aplicaci\u00f3 de la prevenci\u00f3 a les feines que desenvolupi.<\/li><li>Adquirir nocions sobre el marc normatiu general i espec\u00edfic daplicaci\u00f3.<\/li><\/ul>\t\t\t\t\t\t\t\t<\/div>\n\t\t\t\t<\/div>\n\t\t\t\t\t<\/div>\n\t\t\t\t<\/div>\n\t\t<div id=\"e-n-tab-content-1650390964\" role=\"tabpanel\" aria-labelledby=\"e-n-tab-title-1650390964\" data-tab-index=\"4\" style=\"--n-tabs-title-order: 4;\" class=\" elementor-element elementor-element-1ce6242 e-flex e-con-boxed e-con e-child\" data-id=\"1ce6242\" data-element_type=\"container\" data-e-type=\"container\">\n\t\t\t\t\t<div class=\"e-con-inner\">\n\t\t<div class=\"elementor-element elementor-element-9006f88 e-con-full e-flex e-con e-child\" data-id=\"9006f88\" data-element_type=\"container\" data-e-type=\"container\">\n\t\t\t\t<div class=\"elementor-element elementor-element-bd649b6 elementor-widget elementor-widget-heading\" data-id=\"bd649b6\" data-element_type=\"widget\" data-e-type=\"widget\" data-widget_type=\"heading.default\">\n\t\t\t\t<div class=\"elementor-widget-container\">\n\t\t\t\t\t<h2 class=\"elementor-heading-title elementor-size-default\">Temari<\/h2>\t\t\t\t<\/div>\n\t\t\t\t<\/div>\n\t\t\t\t<div class=\"elementor-element elementor-element-0b77d94 elementor-widget elementor-widget-text-editor\" data-id=\"0b77d94\" data-element_type=\"widget\" data-e-type=\"widget\" data-widget_type=\"text-editor.default\">\n\t\t\t\t<div class=\"elementor-widget-container\">\n\t\t\t\t\t\t\t\t\t<ol><li><strong>Definici\u00f3 dels treballs:<\/strong> Descripci\u00f3 dels procediments i processos segurs de la feina del lloc de treball.<\/li><li><strong>T\u00e8cniques preventives espec\u00edfiques.<\/strong><ul><li><strong>Aplicaci\u00f3 del pla de seguretat i salut<\/strong> a la tasca concreta. Avaluaci\u00f3 i informaci\u00f3 espec\u00edfica de riscos.<\/li><li><strong>Riscos espec\u00edfics i mesures preventives:<\/strong> Caigudes a diferent nivell. Caigudes al mateix nivell. Trepitjades sobre objectes. Caigudes dobjectes en manipulaci\u00f3. Caiguda dobjectes despresos. Cops contra objectes m\u00f2bils i imm\u00f2bils. Riscos derivats de l&#8217;\u00fas de m\u00e0quines, eines i estris. Riscos derivats de la manipulaci\u00f3 manual de c\u00e0rregues. Sobreesfor\u00e7os. Risc de projecci\u00f3 de fragments o part\u00edcules. Contactes amb subst\u00e0ncies c\u00e0ustiques o corrosives. Exposici\u00f3 a contaminants qu\u00edmics: inhalaci\u00f3 o ingesti\u00f3 de subst\u00e0ncies nocives. Regs derivats de l\u00fas daparells daire comprimit. Riscos derivats de l&#8217;\u00fas de ponts elevadors i, si escau, treballs en fossat. Regs derivats de la soldadura. Riscos per contacte el\u00e8ctric. Riscos en espais confinats. Exposici\u00f3 a soroll i vibracions. Atropellaments per vehicles. Atrapaments per peces met\u00e0l\u00b7liques o transmissions. Cremades pel motor. Atmosferes explosives.<\/li><li><strong>Proteccions col\u00b7lectives<\/strong> (col\u00b7locaci\u00f3, usos i obligacions i manteniment).<\/li><li><strong>Proteccions individuals<\/strong> (col\u00b7locaci\u00f3, usos i obligacions i manteniment).<\/li><\/ul><\/li><li><strong>Mitjans auxiliars, equips i eines:<\/strong> Riscos derivats de l\u00fas dels mitjans auxiliars, equips i eines emprats en lactivitat de lofici.<\/li><\/ol>\t\t\t\t\t\t\t\t<\/div>\n\t\t\t\t<\/div>\n\t\t\t\t<\/div>\n\t\t\t\t\t<\/div>\n\t\t\t\t<\/div>\n\t\t\t\t\t<\/div>\n\t\t<\/div>\n\t\t\t\t\t\t<\/div>\n\t\t\t\t<\/div>\n\t\t\t\t\t<\/div>\n\t\t\t\t<\/div>\n\t\t\t\t<\/div>\n\t\t","protected":false},"excerpt":{"rendered":"<p>Operaris en treballs de mec\u00e0nica, manteniment i reparaci\u00f3 de m\u00e0quines, equips industrials i\/o equips electromec\u00e0nics.<\/p>\n","protected":false},"featured_media":3080,"template":"","meta":{"_acf_changed":false},"product_brand":[],"product_cat":[59,53],"product_tag":[69],"class_list":{"0":"post-3079","1":"product","2":"type-product","3":"status-publish","4":"has-post-thumbnail","6":"product_cat-conveni-metall-construccio","7":"product_cat-prevencio-de-riscos-laborals","8":"product_tag-presencial","10":"first","11":"instock","12":"virtual","13":"product-type-simple"},"acf":[],"yoast_head":"<!-- This site is optimized with the Yoast SEO plugin v26.9 - https:\/\/yoast.com\/product\/yoast-seo-wordpress\/ -->\n<title>C.12 (Reciclatge) \u2013 Operaris en treballs de mec\u00e0nica, manteniment i reparaci\u00f3 de m\u00e0quines, equips industrials i\/o equips electromec\u00e0nics (4h) - Mutuacat Empresa<\/title>\n<meta name=\"robots\" content=\"index, follow, max-snippet:-1, max-image-preview:large, max-video-preview:-1\" \/>\n<link rel=\"canonical\" href=\"https:\/\/www.mutuacat.cat\/empresa\/formacio\/c-12-reciclatge-operaris-en-treballs-de-mecanica-manteniment-i-reparacio-de-maquines-equips-industrials-i-o-equips-electromecanics-4h\/\" \/>\n<meta property=\"og:locale\" content=\"ca_ES\" \/>\n<meta property=\"og:type\" content=\"article\" \/>\n<meta property=\"og:title\" content=\"C.12 (Reciclatge) \u2013 Operaris en treballs de mec\u00e0nica, manteniment i reparaci\u00f3 de m\u00e0quines, equips industrials i\/o equips electromec\u00e0nics (4h) - Mutuacat Empresa\" \/>\n<meta property=\"og:description\" content=\"Operaris en treballs de mec\u00e0nica, manteniment i reparaci\u00f3 de m\u00e0quines, equips industrials i\/o equips electromec\u00e0nics.\" \/>\n<meta property=\"og:url\" content=\"https:\/\/www.mutuacat.cat\/empresa\/formacio\/c-12-reciclatge-operaris-en-treballs-de-mecanica-manteniment-i-reparacio-de-maquines-equips-industrials-i-o-equips-electromecanics-4h\/\" \/>\n<meta property=\"og:site_name\" content=\"Mutuacat Empresa\" \/>\n<meta property=\"article:modified_time\" content=\"2026-03-03T06:31:24+00:00\" \/>\n<meta property=\"og:image\" content=\"https:\/\/www.mutuacat.cat\/empresa\/wp-content\/uploads\/2025\/11\/xc12-reciclatge-1.jpg.pagespeed.ic_.5Slwd8tQbb.jpeg\" \/>\n\t<meta property=\"og:image:width\" content=\"800\" \/>\n\t<meta property=\"og:image:height\" content=\"800\" \/>\n\t<meta property=\"og:image:type\" content=\"image\/jpeg\" \/>\n<meta name=\"twitter:card\" content=\"summary_large_image\" \/>\n<script type=\"application\/ld+json\" class=\"yoast-schema-graph\">{\"@context\":\"https:\/\/schema.org\",\"@graph\":[{\"@type\":\"WebPage\",\"@id\":\"https:\/\/www.mutuacat.cat\/empresa\/formacio\/c-12-reciclatge-operaris-en-treballs-de-mecanica-manteniment-i-reparacio-de-maquines-equips-industrials-i-o-equips-electromecanics-4h\/\",\"url\":\"https:\/\/www.mutuacat.cat\/empresa\/formacio\/c-12-reciclatge-operaris-en-treballs-de-mecanica-manteniment-i-reparacio-de-maquines-equips-industrials-i-o-equips-electromecanics-4h\/\",\"name\":\"C.12 (Reciclatge) \u2013 Operaris en treballs de mec\u00e0nica, manteniment i reparaci\u00f3 de m\u00e0quines, equips industrials i\/o equips electromec\u00e0nics (4h) - Mutuacat Empresa\",\"isPartOf\":{\"@id\":\"https:\/\/www.mutuacat.cat\/empresa\/#website\"},\"primaryImageOfPage\":{\"@id\":\"https:\/\/www.mutuacat.cat\/empresa\/formacio\/c-12-reciclatge-operaris-en-treballs-de-mecanica-manteniment-i-reparacio-de-maquines-equips-industrials-i-o-equips-electromecanics-4h\/#primaryimage\"},\"image\":{\"@id\":\"https:\/\/www.mutuacat.cat\/empresa\/formacio\/c-12-reciclatge-operaris-en-treballs-de-mecanica-manteniment-i-reparacio-de-maquines-equips-industrials-i-o-equips-electromecanics-4h\/#primaryimage\"},\"thumbnailUrl\":\"https:\/\/www.mutuacat.cat\/empresa\/wp-content\/uploads\/2025\/11\/xc12-reciclatge-1.jpg.pagespeed.ic_.5Slwd8tQbb.jpeg\",\"datePublished\":\"2025-11-11T10:24:07+00:00\",\"dateModified\":\"2026-03-03T06:31:24+00:00\",\"breadcrumb\":{\"@id\":\"https:\/\/www.mutuacat.cat\/empresa\/formacio\/c-12-reciclatge-operaris-en-treballs-de-mecanica-manteniment-i-reparacio-de-maquines-equips-industrials-i-o-equips-electromecanics-4h\/#breadcrumb\"},\"inLanguage\":\"ca\",\"potentialAction\":[{\"@type\":\"ReadAction\",\"target\":[\"https:\/\/www.mutuacat.cat\/empresa\/formacio\/c-12-reciclatge-operaris-en-treballs-de-mecanica-manteniment-i-reparacio-de-maquines-equips-industrials-i-o-equips-electromecanics-4h\/\"]}]},{\"@type\":\"ImageObject\",\"inLanguage\":\"ca\",\"@id\":\"https:\/\/www.mutuacat.cat\/empresa\/formacio\/c-12-reciclatge-operaris-en-treballs-de-mecanica-manteniment-i-reparacio-de-maquines-equips-industrials-i-o-equips-electromecanics-4h\/#primaryimage\",\"url\":\"https:\/\/www.mutuacat.cat\/empresa\/wp-content\/uploads\/2025\/11\/xc12-reciclatge-1.jpg.pagespeed.ic_.5Slwd8tQbb.jpeg\",\"contentUrl\":\"https:\/\/www.mutuacat.cat\/empresa\/wp-content\/uploads\/2025\/11\/xc12-reciclatge-1.jpg.pagespeed.ic_.5Slwd8tQbb.jpeg\",\"width\":800,\"height\":800},{\"@type\":\"BreadcrumbList\",\"@id\":\"https:\/\/www.mutuacat.cat\/empresa\/formacio\/c-12-reciclatge-operaris-en-treballs-de-mecanica-manteniment-i-reparacio-de-maquines-equips-industrials-i-o-equips-electromecanics-4h\/#breadcrumb\",\"itemListElement\":[{\"@type\":\"ListItem\",\"position\":1,\"name\":\"Inici\",\"item\":\"https:\/\/www.mutuacat.cat\/empresa\/\"},{\"@type\":\"ListItem\",\"position\":2,\"name\":\"Formaci\u00f3\",\"item\":\"https:\/\/www.mutuacat.cat\/empresa\/formacio\/\"},{\"@type\":\"ListItem\",\"position\":3,\"name\":\"C.12 (Reciclatge) \u2013 Operaris en treballs de mec\u00e0nica, manteniment i reparaci\u00f3 de m\u00e0quines, equips industrials i\/o equips electromec\u00e0nics (4h)\"}]},{\"@type\":\"WebSite\",\"@id\":\"https:\/\/www.mutuacat.cat\/empresa\/#website\",\"url\":\"https:\/\/www.mutuacat.cat\/empresa\/\",\"name\":\"Mutuacat Empresa\",\"description\":\"\",\"potentialAction\":[{\"@type\":\"SearchAction\",\"target\":{\"@type\":\"EntryPoint\",\"urlTemplate\":\"https:\/\/www.mutuacat.cat\/empresa\/?s={search_term_string}\"},\"query-input\":{\"@type\":\"PropertyValueSpecification\",\"valueRequired\":true,\"valueName\":\"search_term_string\"}}],\"inLanguage\":\"ca\"}]}<\/script>\n<!-- \/ Yoast SEO plugin. -->","yoast_head_json":{"title":"C.12 (Reciclatge) \u2013 Operaris en treballs de mec\u00e0nica, manteniment i reparaci\u00f3 de m\u00e0quines, equips industrials i\/o equips electromec\u00e0nics (4h) - Mutuacat Empresa","robots":{"index":"index","follow":"follow","max-snippet":"max-snippet:-1","max-image-preview":"max-image-preview:large","max-video-preview":"max-video-preview:-1"},"canonical":"https:\/\/www.mutuacat.cat\/empresa\/formacio\/c-12-reciclatge-operaris-en-treballs-de-mecanica-manteniment-i-reparacio-de-maquines-equips-industrials-i-o-equips-electromecanics-4h\/","og_locale":"ca_ES","og_type":"article","og_title":"C.12 (Reciclatge) \u2013 Operaris en treballs de mec\u00e0nica, manteniment i reparaci\u00f3 de m\u00e0quines, equips industrials i\/o equips electromec\u00e0nics (4h) - Mutuacat Empresa","og_description":"Operaris en treballs de mec\u00e0nica, manteniment i reparaci\u00f3 de m\u00e0quines, equips industrials i\/o equips electromec\u00e0nics.","og_url":"https:\/\/www.mutuacat.cat\/empresa\/formacio\/c-12-reciclatge-operaris-en-treballs-de-mecanica-manteniment-i-reparacio-de-maquines-equips-industrials-i-o-equips-electromecanics-4h\/","og_site_name":"Mutuacat Empresa","article_modified_time":"2026-03-03T06:31:24+00:00","og_image":[{"width":800,"height":800,"url":"https:\/\/www.mutuacat.cat\/empresa\/wp-content\/uploads\/2025\/11\/xc12-reciclatge-1.jpg.pagespeed.ic_.5Slwd8tQbb.jpeg","type":"image\/jpeg"}],"twitter_card":"summary_large_image","schema":{"@context":"https:\/\/schema.org","@graph":[{"@type":"WebPage","@id":"https:\/\/www.mutuacat.cat\/empresa\/formacio\/c-12-reciclatge-operaris-en-treballs-de-mecanica-manteniment-i-reparacio-de-maquines-equips-industrials-i-o-equips-electromecanics-4h\/","url":"https:\/\/www.mutuacat.cat\/empresa\/formacio\/c-12-reciclatge-operaris-en-treballs-de-mecanica-manteniment-i-reparacio-de-maquines-equips-industrials-i-o-equips-electromecanics-4h\/","name":"C.12 (Reciclatge) \u2013 Operaris en treballs de mec\u00e0nica, manteniment i reparaci\u00f3 de m\u00e0quines, equips industrials i\/o equips electromec\u00e0nics (4h) - Mutuacat Empresa","isPartOf":{"@id":"https:\/\/www.mutuacat.cat\/empresa\/#website"},"primaryImageOfPage":{"@id":"https:\/\/www.mutuacat.cat\/empresa\/formacio\/c-12-reciclatge-operaris-en-treballs-de-mecanica-manteniment-i-reparacio-de-maquines-equips-industrials-i-o-equips-electromecanics-4h\/#primaryimage"},"image":{"@id":"https:\/\/www.mutuacat.cat\/empresa\/formacio\/c-12-reciclatge-operaris-en-treballs-de-mecanica-manteniment-i-reparacio-de-maquines-equips-industrials-i-o-equips-electromecanics-4h\/#primaryimage"},"thumbnailUrl":"https:\/\/www.mutuacat.cat\/empresa\/wp-content\/uploads\/2025\/11\/xc12-reciclatge-1.jpg.pagespeed.ic_.5Slwd8tQbb.jpeg","datePublished":"2025-11-11T10:24:07+00:00","dateModified":"2026-03-03T06:31:24+00:00","breadcrumb":{"@id":"https:\/\/www.mutuacat.cat\/empresa\/formacio\/c-12-reciclatge-operaris-en-treballs-de-mecanica-manteniment-i-reparacio-de-maquines-equips-industrials-i-o-equips-electromecanics-4h\/#breadcrumb"},"inLanguage":"ca","potentialAction":[{"@type":"ReadAction","target":["https:\/\/www.mutuacat.cat\/empresa\/formacio\/c-12-reciclatge-operaris-en-treballs-de-mecanica-manteniment-i-reparacio-de-maquines-equips-industrials-i-o-equips-electromecanics-4h\/"]}]},{"@type":"ImageObject","inLanguage":"ca","@id":"https:\/\/www.mutuacat.cat\/empresa\/formacio\/c-12-reciclatge-operaris-en-treballs-de-mecanica-manteniment-i-reparacio-de-maquines-equips-industrials-i-o-equips-electromecanics-4h\/#primaryimage","url":"https:\/\/www.mutuacat.cat\/empresa\/wp-content\/uploads\/2025\/11\/xc12-reciclatge-1.jpg.pagespeed.ic_.5Slwd8tQbb.jpeg","contentUrl":"https:\/\/www.mutuacat.cat\/empresa\/wp-content\/uploads\/2025\/11\/xc12-reciclatge-1.jpg.pagespeed.ic_.5Slwd8tQbb.jpeg","width":800,"height":800},{"@type":"BreadcrumbList","@id":"https:\/\/www.mutuacat.cat\/empresa\/formacio\/c-12-reciclatge-operaris-en-treballs-de-mecanica-manteniment-i-reparacio-de-maquines-equips-industrials-i-o-equips-electromecanics-4h\/#breadcrumb","itemListElement":[{"@type":"ListItem","position":1,"name":"Inici","item":"https:\/\/www.mutuacat.cat\/empresa\/"},{"@type":"ListItem","position":2,"name":"Formaci\u00f3","item":"https:\/\/www.mutuacat.cat\/empresa\/formacio\/"},{"@type":"ListItem","position":3,"name":"C.12 (Reciclatge) \u2013 Operaris en treballs de mec\u00e0nica, manteniment i reparaci\u00f3 de m\u00e0quines, equips industrials i\/o equips electromec\u00e0nics (4h)"}]},{"@type":"WebSite","@id":"https:\/\/www.mutuacat.cat\/empresa\/#website","url":"https:\/\/www.mutuacat.cat\/empresa\/","name":"Mutuacat Empresa","description":"","potentialAction":[{"@type":"SearchAction","target":{"@type":"EntryPoint","urlTemplate":"https:\/\/www.mutuacat.cat\/empresa\/?s={search_term_string}"},"query-input":{"@type":"PropertyValueSpecification","valueRequired":true,"valueName":"search_term_string"}}],"inLanguage":"ca"}]}},"_links":{"self":[{"href":"https:\/\/www.mutuacat.cat\/empresa\/wp-json\/wp\/v2\/product\/3079","targetHints":{"allow":["GET"]}}],"collection":[{"href":"https:\/\/www.mutuacat.cat\/empresa\/wp-json\/wp\/v2\/product"}],"about":[{"href":"https:\/\/www.mutuacat.cat\/empresa\/wp-json\/wp\/v2\/types\/product"}],"version-history":[{"count":24,"href":"https:\/\/www.mutuacat.cat\/empresa\/wp-json\/wp\/v2\/product\/3079\/revisions"}],"predecessor-version":[{"id":4700,"href":"https:\/\/www.mutuacat.cat\/empresa\/wp-json\/wp\/v2\/product\/3079\/revisions\/4700"}],"wp:featuredmedia":[{"embeddable":true,"href":"https:\/\/www.mutuacat.cat\/empresa\/wp-json\/wp\/v2\/media\/3080"}],"wp:attachment":[{"href":"https:\/\/www.mutuacat.cat\/empresa\/wp-json\/wp\/v2\/media?parent=3079"}],"wp:term":[{"taxonomy":"product_brand","embeddable":true,"href":"https:\/\/www.mutuacat.cat\/empresa\/wp-json\/wp\/v2\/product_brand?post=3079"},{"taxonomy":"product_cat","embeddable":true,"href":"https:\/\/www.mutuacat.cat\/empresa\/wp-json\/wp\/v2\/product_cat?post=3079"},{"taxonomy":"product_tag","embeddable":true,"href":"https:\/\/www.mutuacat.cat\/empresa\/wp-json\/wp\/v2\/product_tag?post=3079"}],"curies":[{"name":"wp","href":"https:\/\/api.w.org\/{rel}","templated":true}]}}