{"id":3087,"date":"2025-11-11T10:29:52","date_gmt":"2025-11-11T10:29:52","guid":{"rendered":"https:\/\/www.mutuacat.cat\/empresa\/?post_type=product&#038;p=3087"},"modified":"2026-03-27T07:20:36","modified_gmt":"2026-03-27T07:20:36","slug":"c-12-operaris-en-treballs-de-mecanica-manteniment-i-reparacio-de-maquines-equips-industrials-i-o-equips-electromecanics-8h","status":"publish","type":"product","link":"https:\/\/www.mutuacat.cat\/empresa\/formacio\/c-12-operaris-en-treballs-de-mecanica-manteniment-i-reparacio-de-maquines-equips-industrials-i-o-equips-electromecanics-8h\/","title":{"rendered":"C.12 Operaris en treballs de mec\u00e0nica, manteniment i reparaci\u00f3 de m\u00e0quines, equips industrials i\/o equips electromec\u00e0nics (8h)"},"content":{"rendered":"\t\t<div data-elementor-type=\"product-post\" data-elementor-id=\"3087\" class=\"elementor elementor-3087\" data-elementor-post-type=\"product\">\n\t\t\t\t<div class=\"elementor-element elementor-element-50cae97 e-flex e-con-boxed e-con e-parent\" data-id=\"50cae97\" data-element_type=\"container\" data-e-type=\"container\">\n\t\t\t\t\t<div class=\"e-con-inner\">\n\t\t\t\t<div class=\"elementor-element elementor-element-847b078 e-n-tabs-mobile elementor-widget elementor-widget-n-tabs\" data-id=\"847b078\" data-element_type=\"widget\" data-e-type=\"widget\" data-settings=\"{&quot;horizontal_scroll&quot;:&quot;disable&quot;}\" data-widget_type=\"nested-tabs.default\">\n\t\t\t\t<div class=\"elementor-widget-container\">\n\t\t\t\t\t\t\t<div class=\"e-n-tabs\" data-widget-number=\"138915960\" aria-label=\"Tabuladors. Obre elements amb Retorn o Espai, tanca amb Esc i navega amb les tecles de fletxa.\">\n\t\t\t<div class=\"e-n-tabs-heading\" role=\"tablist\">\n\t\t\t\t\t<button id=\"e-n-tab-title-1389159601\" data-tab-title-id=\"e-n-tab-title-1389159601\" class=\"e-n-tab-title\" aria-selected=\"true\" data-tab-index=\"1\" role=\"tab\" tabindex=\"0\" aria-controls=\"e-n-tab-content-1389159601\" style=\"--n-tabs-title-order: 1;\">\n\t\t\t\t\t\t<span class=\"e-n-tab-title-text\">\n\t\t\t\tConvocat\u00f2ries\t\t\t<\/span>\n\t\t<\/button>\n\t\t\t\t<button id=\"e-n-tab-title-1389159602\" data-tab-title-id=\"e-n-tab-title-1389159602\" class=\"e-n-tab-title\" aria-selected=\"false\" data-tab-index=\"2\" role=\"tab\" tabindex=\"-1\" aria-controls=\"e-n-tab-content-1389159602\" style=\"--n-tabs-title-order: 2;\">\n\t\t\t\t\t\t<span class=\"e-n-tab-title-text\">\n\t\t\t\tObjectius\t\t\t<\/span>\n\t\t<\/button>\n\t\t\t\t<button id=\"e-n-tab-title-1389159603\" data-tab-title-id=\"e-n-tab-title-1389159603\" class=\"e-n-tab-title\" aria-selected=\"false\" data-tab-index=\"3\" role=\"tab\" tabindex=\"-1\" aria-controls=\"e-n-tab-content-1389159603\" style=\"--n-tabs-title-order: 3;\">\n\t\t\t\t\t\t<span class=\"e-n-tab-title-text\">\n\t\t\t\tContinguts\t\t\t<\/span>\n\t\t<\/button>\n\t\t\t\t\t<\/div>\n\t\t\t<div class=\"e-n-tabs-content\">\n\t\t\t\t<div id=\"e-n-tab-content-1389159601\" role=\"tabpanel\" aria-labelledby=\"e-n-tab-title-1389159601\" data-tab-index=\"1\" style=\"--n-tabs-title-order: 1;\" class=\"e-active elementor-element elementor-element-c1a8a68 e-con-full e-flex e-con e-child\" data-id=\"c1a8a68\" data-element_type=\"container\" data-e-type=\"container\">\n\t\t<div class=\"elementor-element elementor-element-e53d85b e-flex e-con-boxed e-con e-child\" data-id=\"e53d85b\" data-element_type=\"container\" data-e-type=\"container\">\n\t\t\t\t\t<div class=\"e-con-inner\">\n\t\t\t\t<div class=\"elementor-element elementor-element-16338ca elementor-widget elementor-widget-heading\" data-id=\"16338ca\" data-element_type=\"widget\" data-e-type=\"widget\" data-widget_type=\"heading.default\">\n\t\t\t\t<div class=\"elementor-widget-container\">\n\t\t\t\t\t<h2 class=\"elementor-heading-title elementor-size-default\">Convocat\u00f2ries<\/h2>\t\t\t\t<\/div>\n\t\t\t\t<\/div>\n\t\t\t\t\t<\/div>\n\t\t\t\t<\/div>\n\t\t\t\t<div class=\"elementor-element elementor-element-efae0de elementor-widget elementor-widget-shortcode\" data-id=\"efae0de\" data-element_type=\"widget\" data-e-type=\"widget\" data-widget_type=\"shortcode.default\">\n\t\t\t\t<div class=\"elementor-widget-container\">\n\t\t\t\t\t\t\t<div class=\"elementor-shortcode\"><details class=\"curs-convocatoria\" open><summary><div class=\"curs-convocatoria__icons\"><span><i class=\"fas fa-map-marker-alt\"><\/i> Vic<\/span><span><i class=\"far fa-calendar-alt\"><\/i> <b>maig 2026:<\/b> Del 13\/05 al 14\/05<\/span><\/div><div class=\"curs-convocatoria__button\"><a href=\"https:\/\/www.mutuacat.cat\/empresa\/formacio\/c-12-operaris-en-treballs-de-mecanica-manteniment-i-reparacio-de-maquines-equips-industrials-i-o-equips-electromecanics-8h\/?add-to-cart=4854\">Inscriu-te<\/a><\/div><\/summary><div class=\"curs-convocatoria__content\"><div class=\"curs-convocatoria__dates\"><b>Dates<\/b>: 13 i 14 de maig<\/div><div class=\"curs-convocatoria__horaris\"><b>Horari<\/b>: <br>13 de maig: de 17:00 a 20:00h.<br>14 de maig: de 15:00 a 20:00h<\/div><div class=\"curs-convocatoria__lloc\"><b>Lloc<\/b>: c\/ Mol\u00ed d'en Saborit - Planta 4 - Despatx 5 - Vic (<a target=\"_blank\" href=\"https:\/\/www.google.com\/maps\/search\/?api=1&query=c\/ Mol\u00ed d'en Saborit - Planta 4 - Despatx 5 - Vic\">Veure mapa<\/a>)<\/div><div class=\"curs-convocatoria__preu\"><b>Preu<\/b>: <span class=\"woocommerce-Price-amount amount\"><bdi>153,00&nbsp;<span class=\"woocommerce-Price-currencySymbol\">&euro;<\/span><\/bdi><\/span><\/div><\/div><\/details>\t\t<div data-elementor-type=\"container\" data-elementor-id=\"4196\" class=\"elementor elementor-4196\" data-elementor-post-type=\"elementor_library\">\n\t\t\t\t<div class=\"elementor-element elementor-element-2c3003e2 e-flex e-con-boxed e-con e-child\" data-id=\"2c3003e2\" data-element_type=\"container\" data-e-type=\"container\" data-settings=\"{&quot;background_background&quot;:&quot;classic&quot;}\">\n\t\t\t\t\t<div class=\"e-con-inner\">\n\t\t\t\t<div class=\"elementor-element elementor-element-6f0dfdae elementor-widget elementor-widget-heading\" data-id=\"6f0dfdae\" data-element_type=\"widget\" data-e-type=\"widget\" data-widget_type=\"heading.default\">\n\t\t\t\t<div class=\"elementor-widget-container\">\n\t\t\t\t\t<h2 class=\"elementor-heading-title elementor-size-default\">Condicions del curs<\/h2>\t\t\t\t<\/div>\n\t\t\t\t<\/div>\n\t\t\t\t<div class=\"elementor-element elementor-element-302a187 elementor-widget elementor-widget-text-editor\" data-id=\"302a187\" data-element_type=\"widget\" data-e-type=\"widget\" data-widget_type=\"text-editor.default\">\n\t\t\t\t<div class=\"elementor-widget-container\">\n\t\t\t\t\t\t\t\t\t<ul><li>L&#8217;organitzaci\u00f3 es reserva la possibilitat de suspendre el curs si no s&#8217;arriba a un nombre m\u00ednim d&#8217;inscripcions.<\/li><li>El diploma es lliurar\u00e0 un cop abonat l&#8217;import de la formaci\u00f3.<\/li><li>Si l&#8217;alumne cancel\u00b7la la seva inscripci\u00f3 a menys de 72 hores de l&#8217;inici del curs, es cobrar\u00e0 l&#8217;import sencer de la formaci\u00f3.<\/li><\/ul>\t\t\t\t\t\t\t\t<\/div>\n\t\t\t\t<\/div>\n\t\t\t\t\t<\/div>\n\t\t\t\t<\/div>\n\t\t\t\t<\/div>\n\t\t<\/div>\n\t\t\t\t\t\t<\/div>\n\t\t\t\t<\/div>\n\t\t\t\t<\/div>\n\t\t<div id=\"e-n-tab-content-1389159602\" role=\"tabpanel\" aria-labelledby=\"e-n-tab-title-1389159602\" data-tab-index=\"2\" style=\"--n-tabs-title-order: 2;\" class=\" elementor-element elementor-element-ff96b94 e-flex e-con-boxed e-con e-child\" data-id=\"ff96b94\" data-element_type=\"container\" data-e-type=\"container\">\n\t\t\t\t\t<div class=\"e-con-inner\">\n\t\t\t\t<div class=\"elementor-element elementor-element-6b81b03 elementor-widget elementor-widget-heading\" data-id=\"6b81b03\" data-element_type=\"widget\" data-e-type=\"widget\" data-widget_type=\"heading.default\">\n\t\t\t\t<div class=\"elementor-widget-container\">\n\t\t\t\t\t<h2 class=\"elementor-heading-title elementor-size-default\">Objectius<\/h2>\t\t\t\t<\/div>\n\t\t\t\t<\/div>\n\t\t\t\t<div class=\"elementor-element elementor-element-a3f22fd elementor-widget elementor-widget-text-editor\" data-id=\"a3f22fd\" data-element_type=\"widget\" data-e-type=\"widget\" data-widget_type=\"text-editor.default\">\n\t\t\t\t<div class=\"elementor-widget-container\">\n\t\t\t\t\t\t\t\t\t<p><strong>OBJECTIU GENERAL<\/strong><\/p><p>Capacitar els alumnes perqu\u00e8 obtinguin coneixements suficients en Prevenci\u00f3 de Riscos Laborals perqu\u00e8 puguin desenvolupar sense riscos els treballs relacionats amb la seva activitat la maquin\u00e0ria o utensilis afins.<\/p><p><strong>OBJECTIUS ESPEC\u00cdFICS<\/strong><\/p><p>Tenir coneixements sobre M\u00e0quines. Equips el\u00e8ctrics. Equips electromec\u00e0nics aix\u00ed com sobre les activitats necess\u00e0ries per dur a terme el muntatge, reparaci\u00f3 i manteniment dels mateixos.<\/p>\t\t\t\t\t\t\t\t<\/div>\n\t\t\t\t<\/div>\n\t\t\t\t\t<\/div>\n\t\t\t\t<\/div>\n\t\t<div id=\"e-n-tab-content-1389159603\" role=\"tabpanel\" aria-labelledby=\"e-n-tab-title-1389159603\" data-tab-index=\"3\" style=\"--n-tabs-title-order: 3;\" class=\" elementor-element elementor-element-fa2171c e-flex e-con-boxed e-con e-child\" data-id=\"fa2171c\" data-element_type=\"container\" data-e-type=\"container\">\n\t\t\t\t\t<div class=\"e-con-inner\">\n\t\t<div class=\"elementor-element elementor-element-b24ca13 e-con-full e-flex e-con e-child\" data-id=\"b24ca13\" data-element_type=\"container\" data-e-type=\"container\">\n\t\t\t\t<div class=\"elementor-element elementor-element-14d7523 elementor-widget elementor-widget-heading\" data-id=\"14d7523\" data-element_type=\"widget\" data-e-type=\"widget\" data-widget_type=\"heading.default\">\n\t\t\t\t<div class=\"elementor-widget-container\">\n\t\t\t\t\t<h2 class=\"elementor-heading-title elementor-size-default\">Temari<\/h2>\t\t\t\t<\/div>\n\t\t\t\t<\/div>\n\t\t\t\t<div class=\"elementor-element elementor-element-501dae1 elementor-widget elementor-widget-text-editor\" data-id=\"501dae1\" data-element_type=\"widget\" data-e-type=\"widget\" data-widget_type=\"text-editor.default\">\n\t\t\t\t<div class=\"elementor-widget-container\">\n\t\t\t\t\t\t\t\t\t<p><strong>2.1 Definici\u00f3 dels treballs.<\/strong><\/p><ul><li>Descripci\u00f3 dels procediments i processos segurs de la feina del lloc de treball.<\/li><\/ul><p><strong>2.2 T\u00e8cniques preventives espec\u00edfiques<\/strong><\/p><ul><li>Aplicaci\u00f3 del pla de seguretat i salut a la tasca concreta. Avaluaci\u00f3 i informaci\u00f3 espec\u00edfica de riscos.<\/li><li>Riscos espec\u00edfics i mesures preventives.<\/li><li>Caigudes a diferent nivell.<\/li><li>Caigudes al mateix nivell.<\/li><li>Trepitjades sobre objectes.<\/li><li>Caigudes dobjectes en manipulaci\u00f3.<\/li><li>Caiguda dobjectes despresos.<\/li><li>Cops contra objectes m\u00f2bils i imm\u00f2bils.<\/li><li>Riscos derivats de l&#8217;\u00fas de m\u00e0quines, eines i estris.<\/li><li>Riscos derivats de la manipulaci\u00f3 manual de c\u00e0rregues.<\/li><li>Sobreesfor\u00e7os.<\/li><li>Risc de projecci\u00f3 de fragments o part\u00edcules.<\/li><li>Contactes amb subst\u00e0ncies c\u00e0ustiques o corrosives.<\/li><li>Exposici\u00f3 a contaminants qu\u00edmics: inhalaci\u00f3 o ingesti\u00f3 de subst\u00e0ncies nocives. Riscos derivats de l\u00fas daparells daire comprimit.<\/li><li>Riscos derivats de l&#8217;\u00fas de ponts elevadors i, si escau, treballs en fossat.<\/li><li>Riscos derivats de la soldadura.<\/li><li>Riscos per contacte el\u00e8ctric.<\/li><li>Riscos en espais confinats.<\/li><li>Exposici\u00f3 a soroll i vibracions. Atropellaments per vehicles.<\/li><li>Atrapaments per peces met\u00e0l\u00b7liques o transmissions.<\/li><li>Cremades pel motor.<\/li><li>Atmosferes explosives.<\/li><li>Proteccions col\u00b7lectives (col\u00b7locaci\u00f3, usos i obligacions i manteniment).<\/li><li>Proteccions individuals (col\u00b7locaci\u00f3, usos i obligacions i manteniment).<\/li><\/ul><p><strong>2.3 Mitjans auxiliars, equips i eines<\/strong><\/p><ul><li>Riscos derivats de l&#8217;\u00fas dels mitjans auxiliars, els equips i les eines emprats en l&#8217;activitat de l&#8217;ofici.<\/li><\/ul>\t\t\t\t\t\t\t\t<\/div>\n\t\t\t\t<\/div>\n\t\t\t\t<\/div>\n\t\t\t\t\t<\/div>\n\t\t\t\t<\/div>\n\t\t\t\t\t<\/div>\n\t\t<\/div>\n\t\t\t\t\t\t<\/div>\n\t\t\t\t<\/div>\n\t\t\t\t\t<\/div>\n\t\t\t\t<\/div>\n\t\t\t\t<\/div>\n\t\t","protected":false},"excerpt":{"rendered":"<p>Mitjan\u00e7ant aquesta formaci\u00f3, la persona treballadora adquireix els coneixements b\u00e0sics necessaris per identificar els riscos derivats del seu ofici. Aix\u00f2 el capacita per aplicar bones pr\u00e0ctiques preventives a la seva activitat i contribuir al control dels riscos a l&#8217;entorn de treball, aix\u00ed com a evitar o minimitzar els danys que se&#8217;n puguin derivar.<\/p>\n","protected":false},"featured_media":3088,"template":"","meta":{"_acf_changed":false},"product_brand":[],"product_cat":[59,53],"product_tag":[69],"class_list":{"0":"post-3087","1":"product","2":"type-product","3":"status-publish","4":"has-post-thumbnail","6":"product_cat-conveni-metall-construccio","7":"product_cat-prevencio-de-riscos-laborals","8":"product_tag-presencial","10":"first","11":"instock","12":"virtual","13":"product-type-simple"},"acf":[],"yoast_head":"<!-- This site is optimized with the Yoast SEO plugin v26.9 - https:\/\/yoast.com\/product\/yoast-seo-wordpress\/ -->\n<title>Curs C.12 Operaris en treballs de mec\u00e0nica, manteniment i reparaci\u00f3 de m\u00e0quines, equips industrials i\/o equips electromec\u00e0nics (8h) - Mutuacat Empresa<\/title>\n<meta name=\"robots\" content=\"index, follow, max-snippet:-1, max-image-preview:large, max-video-preview:-1\" \/>\n<link rel=\"canonical\" href=\"https:\/\/www.mutuacat.cat\/empresa\/formacio\/c-12-operaris-en-treballs-de-mecanica-manteniment-i-reparacio-de-maquines-equips-industrials-i-o-equips-electromecanics-8h\/\" \/>\n<meta property=\"og:locale\" content=\"ca_ES\" \/>\n<meta property=\"og:type\" content=\"article\" \/>\n<meta property=\"og:title\" content=\"Curs C.12 Operaris en treballs de mec\u00e0nica, manteniment i reparaci\u00f3 de m\u00e0quines, equips industrials i\/o equips electromec\u00e0nics (8h) - Mutuacat Empresa\" \/>\n<meta property=\"og:description\" content=\"Mitjan\u00e7ant aquesta formaci\u00f3, la persona treballadora adquireix els coneixements b\u00e0sics necessaris per identificar els riscos derivats del seu ofici. Aix\u00f2 el capacita per aplicar bones pr\u00e0ctiques preventives a la seva activitat i contribuir al control dels riscos a l&#039;entorn de treball, aix\u00ed com a evitar o minimitzar els danys que se&#039;n puguin derivar.\" \/>\n<meta property=\"og:url\" content=\"https:\/\/www.mutuacat.cat\/empresa\/formacio\/c-12-operaris-en-treballs-de-mecanica-manteniment-i-reparacio-de-maquines-equips-industrials-i-o-equips-electromecanics-8h\/\" \/>\n<meta property=\"og:site_name\" content=\"Mutuacat Empresa\" \/>\n<meta property=\"article:modified_time\" content=\"2026-03-27T07:20:36+00:00\" \/>\n<meta property=\"og:image\" content=\"https:\/\/www.mutuacat.cat\/empresa\/wp-content\/uploads\/2025\/11\/xcursos-oficis-2.jpg.pagespeed.ic_.MKcIq4re-t.webp\" \/>\n\t<meta property=\"og:image:width\" content=\"800\" \/>\n\t<meta property=\"og:image:height\" content=\"800\" \/>\n\t<meta property=\"og:image:type\" content=\"image\/webp\" \/>\n<meta name=\"twitter:card\" content=\"summary_large_image\" \/>\n<meta name=\"twitter:label1\" content=\"Temps estimat de lectura\" \/>\n\t<meta name=\"twitter:data1\" content=\"4 minuts\" \/>\n<script type=\"application\/ld+json\" class=\"yoast-schema-graph\">{\"@context\":\"https:\/\/schema.org\",\"@graph\":[{\"@type\":\"WebPage\",\"@id\":\"https:\/\/www.mutuacat.cat\/empresa\/formacio\/c-12-operaris-en-treballs-de-mecanica-manteniment-i-reparacio-de-maquines-equips-industrials-i-o-equips-electromecanics-8h\/\",\"url\":\"https:\/\/www.mutuacat.cat\/empresa\/formacio\/c-12-operaris-en-treballs-de-mecanica-manteniment-i-reparacio-de-maquines-equips-industrials-i-o-equips-electromecanics-8h\/\",\"name\":\"Curs C.12 Operaris en treballs de mec\u00e0nica, manteniment i reparaci\u00f3 de m\u00e0quines, equips industrials i\/o equips electromec\u00e0nics (8h) - Mutuacat Empresa\",\"isPartOf\":{\"@id\":\"https:\/\/www.mutuacat.cat\/empresa\/#website\"},\"primaryImageOfPage\":{\"@id\":\"https:\/\/www.mutuacat.cat\/empresa\/formacio\/c-12-operaris-en-treballs-de-mecanica-manteniment-i-reparacio-de-maquines-equips-industrials-i-o-equips-electromecanics-8h\/#primaryimage\"},\"image\":{\"@id\":\"https:\/\/www.mutuacat.cat\/empresa\/formacio\/c-12-operaris-en-treballs-de-mecanica-manteniment-i-reparacio-de-maquines-equips-industrials-i-o-equips-electromecanics-8h\/#primaryimage\"},\"thumbnailUrl\":\"https:\/\/www.mutuacat.cat\/empresa\/wp-content\/uploads\/2025\/11\/xcursos-oficis-2.jpg.pagespeed.ic_.MKcIq4re-t.webp\",\"datePublished\":\"2025-11-11T10:29:52+00:00\",\"dateModified\":\"2026-03-27T07:20:36+00:00\",\"breadcrumb\":{\"@id\":\"https:\/\/www.mutuacat.cat\/empresa\/formacio\/c-12-operaris-en-treballs-de-mecanica-manteniment-i-reparacio-de-maquines-equips-industrials-i-o-equips-electromecanics-8h\/#breadcrumb\"},\"inLanguage\":\"ca\",\"potentialAction\":[{\"@type\":\"ReadAction\",\"target\":[\"https:\/\/www.mutuacat.cat\/empresa\/formacio\/c-12-operaris-en-treballs-de-mecanica-manteniment-i-reparacio-de-maquines-equips-industrials-i-o-equips-electromecanics-8h\/\"]}]},{\"@type\":\"ImageObject\",\"inLanguage\":\"ca\",\"@id\":\"https:\/\/www.mutuacat.cat\/empresa\/formacio\/c-12-operaris-en-treballs-de-mecanica-manteniment-i-reparacio-de-maquines-equips-industrials-i-o-equips-electromecanics-8h\/#primaryimage\",\"url\":\"https:\/\/www.mutuacat.cat\/empresa\/wp-content\/uploads\/2025\/11\/xcursos-oficis-2.jpg.pagespeed.ic_.MKcIq4re-t.webp\",\"contentUrl\":\"https:\/\/www.mutuacat.cat\/empresa\/wp-content\/uploads\/2025\/11\/xcursos-oficis-2.jpg.pagespeed.ic_.MKcIq4re-t.webp\",\"width\":800,\"height\":800},{\"@type\":\"BreadcrumbList\",\"@id\":\"https:\/\/www.mutuacat.cat\/empresa\/formacio\/c-12-operaris-en-treballs-de-mecanica-manteniment-i-reparacio-de-maquines-equips-industrials-i-o-equips-electromecanics-8h\/#breadcrumb\",\"itemListElement\":[{\"@type\":\"ListItem\",\"position\":1,\"name\":\"Inici\",\"item\":\"https:\/\/www.mutuacat.cat\/empresa\/\"},{\"@type\":\"ListItem\",\"position\":2,\"name\":\"Formaci\u00f3\",\"item\":\"https:\/\/www.mutuacat.cat\/empresa\/formacio\/\"},{\"@type\":\"ListItem\",\"position\":3,\"name\":\"C.12 Operaris en treballs de mec\u00e0nica, manteniment i reparaci\u00f3 de m\u00e0quines, equips industrials i\/o equips electromec\u00e0nics (8h)\"}]},{\"@type\":\"WebSite\",\"@id\":\"https:\/\/www.mutuacat.cat\/empresa\/#website\",\"url\":\"https:\/\/www.mutuacat.cat\/empresa\/\",\"name\":\"Mutuacat Empresa\",\"description\":\"\",\"potentialAction\":[{\"@type\":\"SearchAction\",\"target\":{\"@type\":\"EntryPoint\",\"urlTemplate\":\"https:\/\/www.mutuacat.cat\/empresa\/?s={search_term_string}\"},\"query-input\":{\"@type\":\"PropertyValueSpecification\",\"valueRequired\":true,\"valueName\":\"search_term_string\"}}],\"inLanguage\":\"ca\"}]}<\/script>\n<!-- \/ Yoast SEO plugin. -->","yoast_head_json":{"title":"Curs C.12 Operaris en treballs de mec\u00e0nica, manteniment i reparaci\u00f3 de m\u00e0quines, equips industrials i\/o equips electromec\u00e0nics (8h) - Mutuacat Empresa","robots":{"index":"index","follow":"follow","max-snippet":"max-snippet:-1","max-image-preview":"max-image-preview:large","max-video-preview":"max-video-preview:-1"},"canonical":"https:\/\/www.mutuacat.cat\/empresa\/formacio\/c-12-operaris-en-treballs-de-mecanica-manteniment-i-reparacio-de-maquines-equips-industrials-i-o-equips-electromecanics-8h\/","og_locale":"ca_ES","og_type":"article","og_title":"Curs C.12 Operaris en treballs de mec\u00e0nica, manteniment i reparaci\u00f3 de m\u00e0quines, equips industrials i\/o equips electromec\u00e0nics (8h) - Mutuacat Empresa","og_description":"Mitjan\u00e7ant aquesta formaci\u00f3, la persona treballadora adquireix els coneixements b\u00e0sics necessaris per identificar els riscos derivats del seu ofici. Aix\u00f2 el capacita per aplicar bones pr\u00e0ctiques preventives a la seva activitat i contribuir al control dels riscos a l'entorn de treball, aix\u00ed com a evitar o minimitzar els danys que se'n puguin derivar.","og_url":"https:\/\/www.mutuacat.cat\/empresa\/formacio\/c-12-operaris-en-treballs-de-mecanica-manteniment-i-reparacio-de-maquines-equips-industrials-i-o-equips-electromecanics-8h\/","og_site_name":"Mutuacat Empresa","article_modified_time":"2026-03-27T07:20:36+00:00","og_image":[{"width":800,"height":800,"url":"https:\/\/www.mutuacat.cat\/empresa\/wp-content\/uploads\/2025\/11\/xcursos-oficis-2.jpg.pagespeed.ic_.MKcIq4re-t.webp","type":"image\/webp"}],"twitter_card":"summary_large_image","twitter_misc":{"Temps estimat de lectura":"4 minuts"},"schema":{"@context":"https:\/\/schema.org","@graph":[{"@type":"WebPage","@id":"https:\/\/www.mutuacat.cat\/empresa\/formacio\/c-12-operaris-en-treballs-de-mecanica-manteniment-i-reparacio-de-maquines-equips-industrials-i-o-equips-electromecanics-8h\/","url":"https:\/\/www.mutuacat.cat\/empresa\/formacio\/c-12-operaris-en-treballs-de-mecanica-manteniment-i-reparacio-de-maquines-equips-industrials-i-o-equips-electromecanics-8h\/","name":"Curs C.12 Operaris en treballs de mec\u00e0nica, manteniment i reparaci\u00f3 de m\u00e0quines, equips industrials i\/o equips electromec\u00e0nics (8h) - Mutuacat Empresa","isPartOf":{"@id":"https:\/\/www.mutuacat.cat\/empresa\/#website"},"primaryImageOfPage":{"@id":"https:\/\/www.mutuacat.cat\/empresa\/formacio\/c-12-operaris-en-treballs-de-mecanica-manteniment-i-reparacio-de-maquines-equips-industrials-i-o-equips-electromecanics-8h\/#primaryimage"},"image":{"@id":"https:\/\/www.mutuacat.cat\/empresa\/formacio\/c-12-operaris-en-treballs-de-mecanica-manteniment-i-reparacio-de-maquines-equips-industrials-i-o-equips-electromecanics-8h\/#primaryimage"},"thumbnailUrl":"https:\/\/www.mutuacat.cat\/empresa\/wp-content\/uploads\/2025\/11\/xcursos-oficis-2.jpg.pagespeed.ic_.MKcIq4re-t.webp","datePublished":"2025-11-11T10:29:52+00:00","dateModified":"2026-03-27T07:20:36+00:00","breadcrumb":{"@id":"https:\/\/www.mutuacat.cat\/empresa\/formacio\/c-12-operaris-en-treballs-de-mecanica-manteniment-i-reparacio-de-maquines-equips-industrials-i-o-equips-electromecanics-8h\/#breadcrumb"},"inLanguage":"ca","potentialAction":[{"@type":"ReadAction","target":["https:\/\/www.mutuacat.cat\/empresa\/formacio\/c-12-operaris-en-treballs-de-mecanica-manteniment-i-reparacio-de-maquines-equips-industrials-i-o-equips-electromecanics-8h\/"]}]},{"@type":"ImageObject","inLanguage":"ca","@id":"https:\/\/www.mutuacat.cat\/empresa\/formacio\/c-12-operaris-en-treballs-de-mecanica-manteniment-i-reparacio-de-maquines-equips-industrials-i-o-equips-electromecanics-8h\/#primaryimage","url":"https:\/\/www.mutuacat.cat\/empresa\/wp-content\/uploads\/2025\/11\/xcursos-oficis-2.jpg.pagespeed.ic_.MKcIq4re-t.webp","contentUrl":"https:\/\/www.mutuacat.cat\/empresa\/wp-content\/uploads\/2025\/11\/xcursos-oficis-2.jpg.pagespeed.ic_.MKcIq4re-t.webp","width":800,"height":800},{"@type":"BreadcrumbList","@id":"https:\/\/www.mutuacat.cat\/empresa\/formacio\/c-12-operaris-en-treballs-de-mecanica-manteniment-i-reparacio-de-maquines-equips-industrials-i-o-equips-electromecanics-8h\/#breadcrumb","itemListElement":[{"@type":"ListItem","position":1,"name":"Inici","item":"https:\/\/www.mutuacat.cat\/empresa\/"},{"@type":"ListItem","position":2,"name":"Formaci\u00f3","item":"https:\/\/www.mutuacat.cat\/empresa\/formacio\/"},{"@type":"ListItem","position":3,"name":"C.12 Operaris en treballs de mec\u00e0nica, manteniment i reparaci\u00f3 de m\u00e0quines, equips industrials i\/o equips electromec\u00e0nics (8h)"}]},{"@type":"WebSite","@id":"https:\/\/www.mutuacat.cat\/empresa\/#website","url":"https:\/\/www.mutuacat.cat\/empresa\/","name":"Mutuacat Empresa","description":"","potentialAction":[{"@type":"SearchAction","target":{"@type":"EntryPoint","urlTemplate":"https:\/\/www.mutuacat.cat\/empresa\/?s={search_term_string}"},"query-input":{"@type":"PropertyValueSpecification","valueRequired":true,"valueName":"search_term_string"}}],"inLanguage":"ca"}]}},"_links":{"self":[{"href":"https:\/\/www.mutuacat.cat\/empresa\/wp-json\/wp\/v2\/product\/3087","targetHints":{"allow":["GET"]}}],"collection":[{"href":"https:\/\/www.mutuacat.cat\/empresa\/wp-json\/wp\/v2\/product"}],"about":[{"href":"https:\/\/www.mutuacat.cat\/empresa\/wp-json\/wp\/v2\/types\/product"}],"version-history":[{"count":25,"href":"https:\/\/www.mutuacat.cat\/empresa\/wp-json\/wp\/v2\/product\/3087\/revisions"}],"predecessor-version":[{"id":4856,"href":"https:\/\/www.mutuacat.cat\/empresa\/wp-json\/wp\/v2\/product\/3087\/revisions\/4856"}],"wp:featuredmedia":[{"embeddable":true,"href":"https:\/\/www.mutuacat.cat\/empresa\/wp-json\/wp\/v2\/media\/3088"}],"wp:attachment":[{"href":"https:\/\/www.mutuacat.cat\/empresa\/wp-json\/wp\/v2\/media?parent=3087"}],"wp:term":[{"taxonomy":"product_brand","embeddable":true,"href":"https:\/\/www.mutuacat.cat\/empresa\/wp-json\/wp\/v2\/product_brand?post=3087"},{"taxonomy":"product_cat","embeddable":true,"href":"https:\/\/www.mutuacat.cat\/empresa\/wp-json\/wp\/v2\/product_cat?post=3087"},{"taxonomy":"product_tag","embeddable":true,"href":"https:\/\/www.mutuacat.cat\/empresa\/wp-json\/wp\/v2\/product_tag?post=3087"}],"curies":[{"name":"wp","href":"https:\/\/api.w.org\/{rel}","templated":true}]}}