{"id":3090,"date":"2025-11-11T10:31:29","date_gmt":"2025-11-11T10:31:29","guid":{"rendered":"https:\/\/www.mutuacat.cat\/empresa\/?post_type=product&#038;p=3090"},"modified":"2026-03-27T07:15:49","modified_gmt":"2026-03-27T07:15:49","slug":"c-12-operaris-en-treballs-de-mecanica-manteniment-i-reparacio-de-maquines-equips-industrials-i-o-equips-electromecanics-20h","status":"publish","type":"product","link":"https:\/\/www.mutuacat.cat\/empresa\/formacio\/c-12-operaris-en-treballs-de-mecanica-manteniment-i-reparacio-de-maquines-equips-industrials-i-o-equips-electromecanics-20h\/","title":{"rendered":"C.12 Operaris en treballs de mec\u00e0nica, manteniment i reparaci\u00f3 de m\u00e0quines, equips industrials i\/o equips electromec\u00e0nics\u2026 (20h)"},"content":{"rendered":"\t\t<div data-elementor-type=\"product-post\" data-elementor-id=\"3090\" class=\"elementor elementor-3090\" data-elementor-post-type=\"product\">\n\t\t\t\t<div class=\"elementor-element elementor-element-b111b0a e-flex e-con-boxed e-con e-parent\" data-id=\"b111b0a\" data-element_type=\"container\" data-e-type=\"container\">\n\t\t\t\t\t<div class=\"e-con-inner\">\n\t\t\t\t<div class=\"elementor-element elementor-element-b30df3b e-n-tabs-mobile elementor-widget elementor-widget-n-tabs\" data-id=\"b30df3b\" data-element_type=\"widget\" data-e-type=\"widget\" data-settings=\"{&quot;horizontal_scroll&quot;:&quot;disable&quot;}\" data-widget_type=\"nested-tabs.default\">\n\t\t\t\t<div class=\"elementor-widget-container\">\n\t\t\t\t\t\t\t<div class=\"e-n-tabs\" data-widget-number=\"187752251\" aria-label=\"Tabuladors. Obre elements amb Retorn o Espai, tanca amb Esc i navega amb les tecles de fletxa.\">\n\t\t\t<div class=\"e-n-tabs-heading\" role=\"tablist\">\n\t\t\t\t\t<button id=\"e-n-tab-title-1877522511\" data-tab-title-id=\"e-n-tab-title-1877522511\" class=\"e-n-tab-title\" aria-selected=\"true\" data-tab-index=\"1\" role=\"tab\" tabindex=\"0\" aria-controls=\"e-n-tab-content-1877522511\" style=\"--n-tabs-title-order: 1;\">\n\t\t\t\t\t\t<span class=\"e-n-tab-title-text\">\n\t\t\t\tConvocat\u00f2ries\t\t\t<\/span>\n\t\t<\/button>\n\t\t\t\t<button id=\"e-n-tab-title-1877522512\" data-tab-title-id=\"e-n-tab-title-1877522512\" class=\"e-n-tab-title\" aria-selected=\"false\" data-tab-index=\"2\" role=\"tab\" tabindex=\"-1\" aria-controls=\"e-n-tab-content-1877522512\" style=\"--n-tabs-title-order: 2;\">\n\t\t\t\t\t\t<span class=\"e-n-tab-title-text\">\n\t\t\t\tObjectius\t\t\t<\/span>\n\t\t<\/button>\n\t\t\t\t<button id=\"e-n-tab-title-1877522513\" data-tab-title-id=\"e-n-tab-title-1877522513\" class=\"e-n-tab-title\" aria-selected=\"false\" data-tab-index=\"3\" role=\"tab\" tabindex=\"-1\" aria-controls=\"e-n-tab-content-1877522513\" style=\"--n-tabs-title-order: 3;\">\n\t\t\t\t\t\t<span class=\"e-n-tab-title-text\">\n\t\t\t\tContinguts\t\t\t<\/span>\n\t\t<\/button>\n\t\t\t\t\t<\/div>\n\t\t\t<div class=\"e-n-tabs-content\">\n\t\t\t\t<div id=\"e-n-tab-content-1877522511\" role=\"tabpanel\" aria-labelledby=\"e-n-tab-title-1877522511\" data-tab-index=\"1\" style=\"--n-tabs-title-order: 1;\" class=\"e-active elementor-element elementor-element-0fb666e e-con-full e-flex e-con e-child\" data-id=\"0fb666e\" data-element_type=\"container\" data-e-type=\"container\">\n\t\t<div class=\"elementor-element elementor-element-e9e1e52 e-flex e-con-boxed e-con e-child\" data-id=\"e9e1e52\" data-element_type=\"container\" data-e-type=\"container\">\n\t\t\t\t\t<div class=\"e-con-inner\">\n\t\t\t\t<div class=\"elementor-element elementor-element-088b559 elementor-widget elementor-widget-heading\" data-id=\"088b559\" data-element_type=\"widget\" data-e-type=\"widget\" data-widget_type=\"heading.default\">\n\t\t\t\t<div class=\"elementor-widget-container\">\n\t\t\t\t\t<h2 class=\"elementor-heading-title elementor-size-default\">Convocat\u00f2ries<\/h2>\t\t\t\t<\/div>\n\t\t\t\t<\/div>\n\t\t\t\t<div class=\"elementor-element elementor-element-253e67f elementor-widget elementor-widget-shortcode\" data-id=\"253e67f\" data-element_type=\"widget\" data-e-type=\"widget\" data-widget_type=\"shortcode.default\">\n\t\t\t\t<div class=\"elementor-widget-container\">\n\t\t\t\t\t\t\t<div class=\"elementor-shortcode\"><details class=\"curs-convocatoria\" open><summary><div class=\"curs-convocatoria__icons\"><span><i class=\"fas fa-map-marker-alt\"><\/i> Vic<\/span><span><i class=\"far fa-calendar-alt\"><\/i> <b>maig 2026:<\/b> Del 11\/05 al 14\/05<\/span><\/div><div class=\"curs-convocatoria__button\"><a href=\"https:\/\/www.mutuacat.cat\/empresa\/formacio\/c-12-operaris-en-treballs-de-mecanica-manteniment-i-reparacio-de-maquines-equips-industrials-i-o-equips-electromecanics-20h\/?add-to-cart=4851\">Inscriu-te<\/a><\/div><\/summary><div class=\"curs-convocatoria__content\"><div class=\"curs-convocatoria__dates\"><b>Dates<\/b>: 11, 12, 13 i 14 de maig<\/div><div class=\"curs-convocatoria__horaris\"><b>Horari<\/b>:  de 15:00 a 20:00h<\/div><div class=\"curs-convocatoria__lloc\"><b>Lloc<\/b>: c\/ Mol\u00ed d'en Saborit - Planta 4 - Despatx 5 - Vic (<a target=\"_blank\" href=\"https:\/\/www.google.com\/maps\/search\/?api=1&query=c\/ Mol\u00ed d'en Saborit - Planta 4 - Despatx 5 - Vic\">Veure mapa<\/a>)<\/div><div class=\"curs-convocatoria__preu\"><b>Preu<\/b>: <span class=\"woocommerce-Price-amount amount\"><bdi>287,00&nbsp;<span class=\"woocommerce-Price-currencySymbol\">&euro;<\/span><\/bdi><\/span><\/div><\/div><\/details>\t\t<div data-elementor-type=\"container\" data-elementor-id=\"4196\" class=\"elementor elementor-4196\" data-elementor-post-type=\"elementor_library\">\n\t\t\t\t<div class=\"elementor-element elementor-element-2c3003e2 e-flex e-con-boxed e-con e-child\" data-id=\"2c3003e2\" data-element_type=\"container\" data-e-type=\"container\" data-settings=\"{&quot;background_background&quot;:&quot;classic&quot;}\">\n\t\t\t\t\t<div class=\"e-con-inner\">\n\t\t\t\t<div class=\"elementor-element elementor-element-6f0dfdae elementor-widget elementor-widget-heading\" data-id=\"6f0dfdae\" data-element_type=\"widget\" data-e-type=\"widget\" data-widget_type=\"heading.default\">\n\t\t\t\t<div class=\"elementor-widget-container\">\n\t\t\t\t\t<h2 class=\"elementor-heading-title elementor-size-default\">Condicions del curs<\/h2>\t\t\t\t<\/div>\n\t\t\t\t<\/div>\n\t\t\t\t<div class=\"elementor-element elementor-element-302a187 elementor-widget elementor-widget-text-editor\" data-id=\"302a187\" data-element_type=\"widget\" data-e-type=\"widget\" data-widget_type=\"text-editor.default\">\n\t\t\t\t<div class=\"elementor-widget-container\">\n\t\t\t\t\t\t\t\t\t<ul><li>L&#8217;organitzaci\u00f3 es reserva la possibilitat de suspendre el curs si no s&#8217;arriba a un nombre m\u00ednim d&#8217;inscripcions.<\/li><li>El diploma es lliurar\u00e0 un cop abonat l&#8217;import de la formaci\u00f3.<\/li><li>Si l&#8217;alumne cancel\u00b7la la seva inscripci\u00f3 a menys de 72 hores de l&#8217;inici del curs, es cobrar\u00e0 l&#8217;import sencer de la formaci\u00f3.<\/li><\/ul>\t\t\t\t\t\t\t\t<\/div>\n\t\t\t\t<\/div>\n\t\t\t\t\t<\/div>\n\t\t\t\t<\/div>\n\t\t\t\t<\/div>\n\t\t<\/div>\n\t\t\t\t\t\t<\/div>\n\t\t\t\t<\/div>\n\t\t\t\t\t<\/div>\n\t\t\t\t<\/div>\n\t\t\t\t<\/div>\n\t\t<div id=\"e-n-tab-content-1877522512\" role=\"tabpanel\" aria-labelledby=\"e-n-tab-title-1877522512\" data-tab-index=\"2\" style=\"--n-tabs-title-order: 2;\" class=\" elementor-element elementor-element-f533c85 e-flex e-con-boxed e-con e-child\" data-id=\"f533c85\" data-element_type=\"container\" data-e-type=\"container\">\n\t\t\t\t\t<div class=\"e-con-inner\">\n\t\t\t\t<div class=\"elementor-element elementor-element-4d49dd0 elementor-widget elementor-widget-heading\" data-id=\"4d49dd0\" data-element_type=\"widget\" data-e-type=\"widget\" data-widget_type=\"heading.default\">\n\t\t\t\t<div class=\"elementor-widget-container\">\n\t\t\t\t\t<h2 class=\"elementor-heading-title elementor-size-default\">Objectius<\/h2>\t\t\t\t<\/div>\n\t\t\t\t<\/div>\n\t\t\t\t<div class=\"elementor-element elementor-element-5ef753f elementor-widget elementor-widget-text-editor\" data-id=\"5ef753f\" data-element_type=\"widget\" data-e-type=\"widget\" data-widget_type=\"text-editor.default\">\n\t\t\t\t<div class=\"elementor-widget-container\">\n\t\t\t\t\t\t\t\t\t<h5>OBJECTIU GENERAL<\/h5>\nAdquirir uns coneixements preventius b\u00e0sics i generals, que li permetin l&#8217;aplicaci\u00f3 de t\u00e8cniques segures de treball durant l&#8217;execuci\u00f3 de les unitats d&#8217;obra que dugui a terme.\n<h5>OBJECTIUS ESPEC\u00cdFICS<\/h5>\n<ul>\n \t<li>Identificar quines activitats, sistemes d&#8217;execuci\u00f3, materials i equips de treball s&#8217;inclouen en el concepte de la unitat d&#8217;obra dels treballs. de la unitat d&#8217;obra concreta, aix\u00ed com con\u00e8ixer les t\u00e8cniques preventives espec\u00edfiques per a la seva aplicaci\u00f3 en cada cas.<\/li>\n \t<li>Aplicar els mecanismes per a la verificaci\u00f3, identificaci\u00f3 i vigil\u00e0ncia del lloc de treball i el seu entorn, aix\u00ed com per a la planificaci\u00f3 de les tasques des d&#8217;un punt de vista preventiu.<\/li>\n \t<li>Identificar quins riscos es deriven de la interfer\u00e8ncia entre activitats i aprendre els procediments d&#8217;actuaci\u00f3.<\/li>\n \t<li>Con\u00e8ixer els drets i deures de la persona treballadora en mat\u00e8ria preventiva.<\/li>\n \t<li>Promoure la participaci\u00f3 i de la implicaci\u00f3 de cada treballador en l&#8217;aplicaci\u00f3 de la prevenci\u00f3 a la seva unitat d&#8217;obra.<\/li>\n \t<li>Con\u00e8ixer el marc normatiu general i espec\u00edfic d&#8217;aplicaci\u00f3.<\/li>\n<\/ul>\t\t\t\t\t\t\t\t<\/div>\n\t\t\t\t<\/div>\n\t\t\t\t\t<\/div>\n\t\t\t\t<\/div>\n\t\t<div id=\"e-n-tab-content-1877522513\" role=\"tabpanel\" aria-labelledby=\"e-n-tab-title-1877522513\" data-tab-index=\"3\" style=\"--n-tabs-title-order: 3;\" class=\" elementor-element elementor-element-13cb59f e-flex e-con-boxed e-con e-child\" data-id=\"13cb59f\" data-element_type=\"container\" data-e-type=\"container\">\n\t\t\t\t\t<div class=\"e-con-inner\">\n\t\t<div class=\"elementor-element elementor-element-9e1cebd e-con-full e-flex e-con e-child\" data-id=\"9e1cebd\" data-element_type=\"container\" data-e-type=\"container\">\n\t\t\t\t<div class=\"elementor-element elementor-element-128f0ee elementor-widget elementor-widget-heading\" data-id=\"128f0ee\" data-element_type=\"widget\" data-e-type=\"widget\" data-widget_type=\"heading.default\">\n\t\t\t\t<div class=\"elementor-widget-container\">\n\t\t\t\t\t<h2 class=\"elementor-heading-title elementor-size-default\">Temari<\/h2>\t\t\t\t<\/div>\n\t\t\t\t<\/div>\n\t\t\t\t<div class=\"elementor-element elementor-element-cbbe012 elementor-widget elementor-widget-text-editor\" data-id=\"cbbe012\" data-element_type=\"widget\" data-e-type=\"widget\" data-widget_type=\"text-editor.default\">\n\t\t\t\t<div class=\"elementor-widget-container\">\n\t\t\t\t\t\t\t\t\t<h5><strong>1. Part comuna o troncal <\/strong>(12 hores)<\/h5>\n<strong>1.1 Verificaci\u00f3, identificaci\u00f3 i vigil\u00e0ncia del lloc de treball i el seu entorn.<\/strong>\n<ul>\n \t<li>Riscos i mesures preventives.<\/li>\n \t<li>Coneixement de lentorn del lloc de treball. Planificaci\u00f3 de les tasques des del punt de vista preventiu.<\/li>\n \t<li>Emmagatzematge i aplec de materials.<\/li>\n \t<li>Manipulaci\u00f3 de productes qu\u00edmics. Fitxa de dades de seguretat. Simbologia.<\/li>\n \t<li>Ordre i neteja.<\/li>\n \t<li>Senyalitzaci\u00f3. Tr\u00e0nsit pel centre de treball.<\/li>\n<\/ul>\n<strong>1.2 Interfer\u00e8ncies entre activitats.<\/strong>\n<ul>\n \t<li>Activitats simult\u00e0nies o successives.<\/li>\n<\/ul>\n<strong>1.3 Drets i obligacions.<\/strong>\n<ul>\n \t<li>Marc normatiu general i espec\u00edfic.<\/li>\n \t<li>Organitzaci\u00f3 de la prevenci\u00f3.<\/li>\n \t<li>Foment de la presa de consci\u00e8ncia sobre la import\u00e0ncia d&#8217;involucrar-se a la prevenci\u00f3 de riscos laborals.<\/li>\n \t<li>Participaci\u00f3, informaci\u00f3, consulta i propostes.<\/li>\n<\/ul>\n<strong>1.4 Seguretat vi\u00e0ria.<\/strong>\n\n<strong>1.5 Primers auxilis i mesures demerg\u00e8ncia.<\/strong>\n<ul>\n \t<li>Coneixements espec\u00edfics b\u00e0sics. Objectius i funcions.<\/li>\n<\/ul>\n&nbsp;\n<h5><strong>2. Part espec\u00edfica <\/strong>(8 hores)<\/h5>\n<strong>2.1 Definici\u00f3 dels treballs.<\/strong>\n<ul>\n \t<li>Descripci\u00f3 dels procediments i processos segurs de la feina del lloc de treball.<\/li>\n<\/ul>\n<strong>2.2 T\u00e8cniques preventives espec\u00edfiques<\/strong>\n<ul>\n \t<li>Aplicaci\u00f3 del pla de seguretat i salut a la tasca concreta. Avaluaci\u00f3 i informaci\u00f3 espec\u00edfica de riscos.<\/li>\n \t<li>Riscos espec\u00edfics i mesures preventives.<\/li>\n \t<li>Caigudes a diferent nivell. Caigudes al mateix nivell. Trepitjades sobre objectes. Caigudes dobjectes en manipulaci\u00f3. Caiguda dobjectes despresos. Cops contra objectes m\u00f2bils i imm\u00f2bils. Riscos derivats de l&#8217;\u00fas de m\u00e0quines, eines i estris. Riscos derivats de la manipulaci\u00f3 manual de c\u00e0rregues. Sobreesfor\u00e7os. Risc de projecci\u00f3 de fragments o part\u00edcules. Contactes amb subst\u00e0ncies c\u00e0ustiques o corrosives. Exposici\u00f3 a contaminants qu\u00edmics: inhalaci\u00f3 o ingesti\u00f3 de subst\u00e0ncies nocives. Riscos derivats de l\u00fas daparells daire comprimit. Riscos derivats de l&#8217;\u00fas de ponts elevadors i, si escau, treballs en fossat. Riscos derivats de la soldadura. Riscos per contacte el\u00e8ctric. Riscos en espais confinats. Exposici\u00f3 a soroll i vibracions. Atropellaments per vehicles. Atrapaments per peces met\u00e0l\u00b7liques o transmissions. Cremades pel motor. Atmosferes explosives.<\/li>\n \t<li>Proteccions col\u00b7lectives (col\u00b7locaci\u00f3, usos i obligacions i manteniment).<\/li>\n \t<li>Proteccions individuals (col\u00b7locaci\u00f3, usos i obligacions i manteniment).<\/li>\n<\/ul>\n<strong>2.3 Mitjans auxiliars, equips i eines<\/strong>\n<ul>\n \t<li>Riscos derivats de l&#8217;\u00fas dels mitjans auxiliars, els equips i les eines emprats en l&#8217;activitat de l&#8217;ofici.<\/li>\n<\/ul>\t\t\t\t\t\t\t\t<\/div>\n\t\t\t\t<\/div>\n\t\t\t\t<\/div>\n\t\t\t\t\t<\/div>\n\t\t\t\t<\/div>\n\t\t\t\t\t<\/div>\n\t\t<\/div>\n\t\t\t\t\t\t<\/div>\n\t\t\t\t<\/div>\n\t\t\t\t\t<\/div>\n\t\t\t\t<\/div>\n\t\t\t\t<\/div>\n\t\t","protected":false},"excerpt":{"rendered":"<p>Mitjan\u00e7ant aquesta formaci\u00f3, la persona treballadora adquireix els coneixements b\u00e0sics necessaris per identificar els riscos derivats del seu ofici. Aix\u00f2 el capacita per aplicar bones pr\u00e0ctiques preventives a la seva activitat i contribuir al control dels riscos a l&#8217;entorn de treball, aix\u00ed com a evitar o minimitzar els danys que se&#8217;n puguin derivar.<\/p>\n","protected":false},"featured_media":3041,"template":"","meta":{"_acf_changed":false},"product_brand":[],"product_cat":[59,53],"product_tag":[69],"class_list":{"0":"post-3090","1":"product","2":"type-product","3":"status-publish","4":"has-post-thumbnail","6":"product_cat-conveni-metall-construccio","7":"product_cat-prevencio-de-riscos-laborals","8":"product_tag-presencial","10":"first","11":"instock","12":"virtual","13":"product-type-simple"},"acf":[],"yoast_head":"<!-- This site is optimized with the Yoast SEO plugin v26.9 - https:\/\/yoast.com\/product\/yoast-seo-wordpress\/ -->\n<title>Curs C.12 Operaris en treballs de mec\u00e0nica, manteniment i reparaci\u00f3 de m\u00e0quines, equips industrials i\/o equips electromec\u00e0nics\u2026 (20h) - Mutuacat Empresa<\/title>\n<meta name=\"robots\" content=\"index, follow, max-snippet:-1, max-image-preview:large, max-video-preview:-1\" \/>\n<link rel=\"canonical\" href=\"https:\/\/www.mutuacat.cat\/empresa\/formacio\/c-12-operaris-en-treballs-de-mecanica-manteniment-i-reparacio-de-maquines-equips-industrials-i-o-equips-electromecanics-20h\/\" \/>\n<meta property=\"og:locale\" content=\"ca_ES\" \/>\n<meta property=\"og:type\" content=\"article\" \/>\n<meta property=\"og:title\" content=\"Curs C.12 Operaris en treballs de mec\u00e0nica, manteniment i reparaci\u00f3 de m\u00e0quines, equips industrials i\/o equips electromec\u00e0nics\u2026 (20h) - Mutuacat Empresa\" \/>\n<meta property=\"og:description\" content=\"Mitjan\u00e7ant aquesta formaci\u00f3, la persona treballadora adquireix els coneixements b\u00e0sics necessaris per identificar els riscos derivats del seu ofici. Aix\u00f2 el capacita per aplicar bones pr\u00e0ctiques preventives a la seva activitat i contribuir al control dels riscos a l&#039;entorn de treball, aix\u00ed com a evitar o minimitzar els danys que se&#039;n puguin derivar.\" \/>\n<meta property=\"og:url\" content=\"https:\/\/www.mutuacat.cat\/empresa\/formacio\/c-12-operaris-en-treballs-de-mecanica-manteniment-i-reparacio-de-maquines-equips-industrials-i-o-equips-electromecanics-20h\/\" \/>\n<meta property=\"og:site_name\" content=\"Mutuacat Empresa\" \/>\n<meta property=\"article:modified_time\" content=\"2026-03-27T07:15:49+00:00\" \/>\n<meta property=\"og:image\" content=\"https:\/\/www.mutuacat.cat\/empresa\/wp-content\/uploads\/2025\/11\/xcurs-coordinador.jpg.pagespeed.ic_.rRwsU9MdXr.jpeg\" \/>\n\t<meta property=\"og:image:width\" content=\"800\" \/>\n\t<meta property=\"og:image:height\" content=\"800\" \/>\n\t<meta property=\"og:image:type\" content=\"image\/jpeg\" \/>\n<meta name=\"twitter:card\" content=\"summary_large_image\" \/>\n<meta name=\"twitter:label1\" content=\"Temps estimat de lectura\" \/>\n\t<meta name=\"twitter:data1\" content=\"7 minuts\" \/>\n<script type=\"application\/ld+json\" class=\"yoast-schema-graph\">{\"@context\":\"https:\/\/schema.org\",\"@graph\":[{\"@type\":\"WebPage\",\"@id\":\"https:\/\/www.mutuacat.cat\/empresa\/formacio\/c-12-operaris-en-treballs-de-mecanica-manteniment-i-reparacio-de-maquines-equips-industrials-i-o-equips-electromecanics-20h\/\",\"url\":\"https:\/\/www.mutuacat.cat\/empresa\/formacio\/c-12-operaris-en-treballs-de-mecanica-manteniment-i-reparacio-de-maquines-equips-industrials-i-o-equips-electromecanics-20h\/\",\"name\":\"Curs C.12 Operaris en treballs de mec\u00e0nica, manteniment i reparaci\u00f3 de m\u00e0quines, equips industrials i\/o equips electromec\u00e0nics\u2026 (20h) - Mutuacat Empresa\",\"isPartOf\":{\"@id\":\"https:\/\/www.mutuacat.cat\/empresa\/#website\"},\"primaryImageOfPage\":{\"@id\":\"https:\/\/www.mutuacat.cat\/empresa\/formacio\/c-12-operaris-en-treballs-de-mecanica-manteniment-i-reparacio-de-maquines-equips-industrials-i-o-equips-electromecanics-20h\/#primaryimage\"},\"image\":{\"@id\":\"https:\/\/www.mutuacat.cat\/empresa\/formacio\/c-12-operaris-en-treballs-de-mecanica-manteniment-i-reparacio-de-maquines-equips-industrials-i-o-equips-electromecanics-20h\/#primaryimage\"},\"thumbnailUrl\":\"https:\/\/www.mutuacat.cat\/empresa\/wp-content\/uploads\/2025\/11\/xcurs-coordinador.jpg.pagespeed.ic_.rRwsU9MdXr.jpeg\",\"datePublished\":\"2025-11-11T10:31:29+00:00\",\"dateModified\":\"2026-03-27T07:15:49+00:00\",\"breadcrumb\":{\"@id\":\"https:\/\/www.mutuacat.cat\/empresa\/formacio\/c-12-operaris-en-treballs-de-mecanica-manteniment-i-reparacio-de-maquines-equips-industrials-i-o-equips-electromecanics-20h\/#breadcrumb\"},\"inLanguage\":\"ca\",\"potentialAction\":[{\"@type\":\"ReadAction\",\"target\":[\"https:\/\/www.mutuacat.cat\/empresa\/formacio\/c-12-operaris-en-treballs-de-mecanica-manteniment-i-reparacio-de-maquines-equips-industrials-i-o-equips-electromecanics-20h\/\"]}]},{\"@type\":\"ImageObject\",\"inLanguage\":\"ca\",\"@id\":\"https:\/\/www.mutuacat.cat\/empresa\/formacio\/c-12-operaris-en-treballs-de-mecanica-manteniment-i-reparacio-de-maquines-equips-industrials-i-o-equips-electromecanics-20h\/#primaryimage\",\"url\":\"https:\/\/www.mutuacat.cat\/empresa\/wp-content\/uploads\/2025\/11\/xcurs-coordinador.jpg.pagespeed.ic_.rRwsU9MdXr.jpeg\",\"contentUrl\":\"https:\/\/www.mutuacat.cat\/empresa\/wp-content\/uploads\/2025\/11\/xcurs-coordinador.jpg.pagespeed.ic_.rRwsU9MdXr.jpeg\",\"width\":800,\"height\":800},{\"@type\":\"BreadcrumbList\",\"@id\":\"https:\/\/www.mutuacat.cat\/empresa\/formacio\/c-12-operaris-en-treballs-de-mecanica-manteniment-i-reparacio-de-maquines-equips-industrials-i-o-equips-electromecanics-20h\/#breadcrumb\",\"itemListElement\":[{\"@type\":\"ListItem\",\"position\":1,\"name\":\"Inici\",\"item\":\"https:\/\/www.mutuacat.cat\/empresa\/\"},{\"@type\":\"ListItem\",\"position\":2,\"name\":\"Formaci\u00f3\",\"item\":\"https:\/\/www.mutuacat.cat\/empresa\/formacio\/\"},{\"@type\":\"ListItem\",\"position\":3,\"name\":\"C.12 Operaris en treballs de mec\u00e0nica, manteniment i reparaci\u00f3 de m\u00e0quines, equips industrials i\/o equips electromec\u00e0nics\u2026 (20h)\"}]},{\"@type\":\"WebSite\",\"@id\":\"https:\/\/www.mutuacat.cat\/empresa\/#website\",\"url\":\"https:\/\/www.mutuacat.cat\/empresa\/\",\"name\":\"Mutuacat Empresa\",\"description\":\"\",\"potentialAction\":[{\"@type\":\"SearchAction\",\"target\":{\"@type\":\"EntryPoint\",\"urlTemplate\":\"https:\/\/www.mutuacat.cat\/empresa\/?s={search_term_string}\"},\"query-input\":{\"@type\":\"PropertyValueSpecification\",\"valueRequired\":true,\"valueName\":\"search_term_string\"}}],\"inLanguage\":\"ca\"}]}<\/script>\n<!-- \/ Yoast SEO plugin. -->","yoast_head_json":{"title":"Curs C.12 Operaris en treballs de mec\u00e0nica, manteniment i reparaci\u00f3 de m\u00e0quines, equips industrials i\/o equips electromec\u00e0nics\u2026 (20h) - Mutuacat Empresa","robots":{"index":"index","follow":"follow","max-snippet":"max-snippet:-1","max-image-preview":"max-image-preview:large","max-video-preview":"max-video-preview:-1"},"canonical":"https:\/\/www.mutuacat.cat\/empresa\/formacio\/c-12-operaris-en-treballs-de-mecanica-manteniment-i-reparacio-de-maquines-equips-industrials-i-o-equips-electromecanics-20h\/","og_locale":"ca_ES","og_type":"article","og_title":"Curs C.12 Operaris en treballs de mec\u00e0nica, manteniment i reparaci\u00f3 de m\u00e0quines, equips industrials i\/o equips electromec\u00e0nics\u2026 (20h) - Mutuacat Empresa","og_description":"Mitjan\u00e7ant aquesta formaci\u00f3, la persona treballadora adquireix els coneixements b\u00e0sics necessaris per identificar els riscos derivats del seu ofici. Aix\u00f2 el capacita per aplicar bones pr\u00e0ctiques preventives a la seva activitat i contribuir al control dels riscos a l'entorn de treball, aix\u00ed com a evitar o minimitzar els danys que se'n puguin derivar.","og_url":"https:\/\/www.mutuacat.cat\/empresa\/formacio\/c-12-operaris-en-treballs-de-mecanica-manteniment-i-reparacio-de-maquines-equips-industrials-i-o-equips-electromecanics-20h\/","og_site_name":"Mutuacat Empresa","article_modified_time":"2026-03-27T07:15:49+00:00","og_image":[{"width":800,"height":800,"url":"https:\/\/www.mutuacat.cat\/empresa\/wp-content\/uploads\/2025\/11\/xcurs-coordinador.jpg.pagespeed.ic_.rRwsU9MdXr.jpeg","type":"image\/jpeg"}],"twitter_card":"summary_large_image","twitter_misc":{"Temps estimat de lectura":"7 minuts"},"schema":{"@context":"https:\/\/schema.org","@graph":[{"@type":"WebPage","@id":"https:\/\/www.mutuacat.cat\/empresa\/formacio\/c-12-operaris-en-treballs-de-mecanica-manteniment-i-reparacio-de-maquines-equips-industrials-i-o-equips-electromecanics-20h\/","url":"https:\/\/www.mutuacat.cat\/empresa\/formacio\/c-12-operaris-en-treballs-de-mecanica-manteniment-i-reparacio-de-maquines-equips-industrials-i-o-equips-electromecanics-20h\/","name":"Curs C.12 Operaris en treballs de mec\u00e0nica, manteniment i reparaci\u00f3 de m\u00e0quines, equips industrials i\/o equips electromec\u00e0nics\u2026 (20h) - Mutuacat Empresa","isPartOf":{"@id":"https:\/\/www.mutuacat.cat\/empresa\/#website"},"primaryImageOfPage":{"@id":"https:\/\/www.mutuacat.cat\/empresa\/formacio\/c-12-operaris-en-treballs-de-mecanica-manteniment-i-reparacio-de-maquines-equips-industrials-i-o-equips-electromecanics-20h\/#primaryimage"},"image":{"@id":"https:\/\/www.mutuacat.cat\/empresa\/formacio\/c-12-operaris-en-treballs-de-mecanica-manteniment-i-reparacio-de-maquines-equips-industrials-i-o-equips-electromecanics-20h\/#primaryimage"},"thumbnailUrl":"https:\/\/www.mutuacat.cat\/empresa\/wp-content\/uploads\/2025\/11\/xcurs-coordinador.jpg.pagespeed.ic_.rRwsU9MdXr.jpeg","datePublished":"2025-11-11T10:31:29+00:00","dateModified":"2026-03-27T07:15:49+00:00","breadcrumb":{"@id":"https:\/\/www.mutuacat.cat\/empresa\/formacio\/c-12-operaris-en-treballs-de-mecanica-manteniment-i-reparacio-de-maquines-equips-industrials-i-o-equips-electromecanics-20h\/#breadcrumb"},"inLanguage":"ca","potentialAction":[{"@type":"ReadAction","target":["https:\/\/www.mutuacat.cat\/empresa\/formacio\/c-12-operaris-en-treballs-de-mecanica-manteniment-i-reparacio-de-maquines-equips-industrials-i-o-equips-electromecanics-20h\/"]}]},{"@type":"ImageObject","inLanguage":"ca","@id":"https:\/\/www.mutuacat.cat\/empresa\/formacio\/c-12-operaris-en-treballs-de-mecanica-manteniment-i-reparacio-de-maquines-equips-industrials-i-o-equips-electromecanics-20h\/#primaryimage","url":"https:\/\/www.mutuacat.cat\/empresa\/wp-content\/uploads\/2025\/11\/xcurs-coordinador.jpg.pagespeed.ic_.rRwsU9MdXr.jpeg","contentUrl":"https:\/\/www.mutuacat.cat\/empresa\/wp-content\/uploads\/2025\/11\/xcurs-coordinador.jpg.pagespeed.ic_.rRwsU9MdXr.jpeg","width":800,"height":800},{"@type":"BreadcrumbList","@id":"https:\/\/www.mutuacat.cat\/empresa\/formacio\/c-12-operaris-en-treballs-de-mecanica-manteniment-i-reparacio-de-maquines-equips-industrials-i-o-equips-electromecanics-20h\/#breadcrumb","itemListElement":[{"@type":"ListItem","position":1,"name":"Inici","item":"https:\/\/www.mutuacat.cat\/empresa\/"},{"@type":"ListItem","position":2,"name":"Formaci\u00f3","item":"https:\/\/www.mutuacat.cat\/empresa\/formacio\/"},{"@type":"ListItem","position":3,"name":"C.12 Operaris en treballs de mec\u00e0nica, manteniment i reparaci\u00f3 de m\u00e0quines, equips industrials i\/o equips electromec\u00e0nics\u2026 (20h)"}]},{"@type":"WebSite","@id":"https:\/\/www.mutuacat.cat\/empresa\/#website","url":"https:\/\/www.mutuacat.cat\/empresa\/","name":"Mutuacat Empresa","description":"","potentialAction":[{"@type":"SearchAction","target":{"@type":"EntryPoint","urlTemplate":"https:\/\/www.mutuacat.cat\/empresa\/?s={search_term_string}"},"query-input":{"@type":"PropertyValueSpecification","valueRequired":true,"valueName":"search_term_string"}}],"inLanguage":"ca"}]}},"_links":{"self":[{"href":"https:\/\/www.mutuacat.cat\/empresa\/wp-json\/wp\/v2\/product\/3090","targetHints":{"allow":["GET"]}}],"collection":[{"href":"https:\/\/www.mutuacat.cat\/empresa\/wp-json\/wp\/v2\/product"}],"about":[{"href":"https:\/\/www.mutuacat.cat\/empresa\/wp-json\/wp\/v2\/types\/product"}],"version-history":[{"count":39,"href":"https:\/\/www.mutuacat.cat\/empresa\/wp-json\/wp\/v2\/product\/3090\/revisions"}],"predecessor-version":[{"id":4853,"href":"https:\/\/www.mutuacat.cat\/empresa\/wp-json\/wp\/v2\/product\/3090\/revisions\/4853"}],"wp:featuredmedia":[{"embeddable":true,"href":"https:\/\/www.mutuacat.cat\/empresa\/wp-json\/wp\/v2\/media\/3041"}],"wp:attachment":[{"href":"https:\/\/www.mutuacat.cat\/empresa\/wp-json\/wp\/v2\/media?parent=3090"}],"wp:term":[{"taxonomy":"product_brand","embeddable":true,"href":"https:\/\/www.mutuacat.cat\/empresa\/wp-json\/wp\/v2\/product_brand?post=3090"},{"taxonomy":"product_cat","embeddable":true,"href":"https:\/\/www.mutuacat.cat\/empresa\/wp-json\/wp\/v2\/product_cat?post=3090"},{"taxonomy":"product_tag","embeddable":true,"href":"https:\/\/www.mutuacat.cat\/empresa\/wp-json\/wp\/v2\/product_tag?post=3090"}],"curies":[{"name":"wp","href":"https:\/\/api.w.org\/{rel}","templated":true}]}}