{"id":3101,"date":"2025-11-11T10:37:19","date_gmt":"2025-11-11T10:37:19","guid":{"rendered":"https:\/\/www.mutuacat.cat\/empresa\/?post_type=product&#038;p=3101"},"modified":"2026-03-03T06:41:55","modified_gmt":"2026-03-03T06:41:55","slug":"oficis-metall-en-construccio-reciclatge-installacions-reparacions-muntatges-carpinteria-metallica-4h","status":"publish","type":"product","link":"https:\/\/www.mutuacat.cat\/empresa\/formacio\/oficis-metall-en-construccio-reciclatge-installacions-reparacions-muntatges-carpinteria-metallica-4h\/","title":{"rendered":"Oficis metall en construcci\u00f3 (reciclatge): Instal\u00b7lacions, reparacions, muntatges, carpinteria met\u00e0l\u00b7lica\u2026 (4h)"},"content":{"rendered":"\t\t<div data-elementor-type=\"product-post\" data-elementor-id=\"3101\" class=\"elementor elementor-3101\" data-elementor-post-type=\"product\">\n\t\t\t\t<div class=\"elementor-element elementor-element-50cae97 e-flex e-con-boxed e-con e-parent\" data-id=\"50cae97\" data-element_type=\"container\" data-e-type=\"container\">\n\t\t\t\t\t<div class=\"e-con-inner\">\n\t\t\t\t<div class=\"elementor-element elementor-element-7f78045 e-n-tabs-mobile elementor-widget elementor-widget-n-tabs\" data-id=\"7f78045\" data-element_type=\"widget\" data-e-type=\"widget\" data-settings=\"{&quot;horizontal_scroll&quot;:&quot;disable&quot;}\" data-widget_type=\"nested-tabs.default\">\n\t\t\t\t<div class=\"elementor-widget-container\">\n\t\t\t\t\t\t\t<div class=\"e-n-tabs\" data-widget-number=\"133660741\" aria-label=\"Tabuladors. Obre elements amb Retorn o Espai, tanca amb Esc i navega amb les tecles de fletxa.\">\n\t\t\t<div class=\"e-n-tabs-heading\" role=\"tablist\">\n\t\t\t\t\t<button id=\"e-n-tab-title-1336607411\" data-tab-title-id=\"e-n-tab-title-1336607411\" class=\"e-n-tab-title\" aria-selected=\"true\" data-tab-index=\"1\" role=\"tab\" tabindex=\"0\" aria-controls=\"e-n-tab-content-1336607411\" style=\"--n-tabs-title-order: 1;\">\n\t\t\t\t\t\t<span class=\"e-n-tab-title-text\">\n\t\t\t\tConvocat\u00f2ries\t\t\t<\/span>\n\t\t<\/button>\n\t\t\t\t<button id=\"e-n-tab-title-1336607412\" data-tab-title-id=\"e-n-tab-title-1336607412\" class=\"e-n-tab-title\" aria-selected=\"false\" data-tab-index=\"2\" role=\"tab\" tabindex=\"-1\" aria-controls=\"e-n-tab-content-1336607412\" style=\"--n-tabs-title-order: 2;\">\n\t\t\t\t\t\t<span class=\"e-n-tab-title-text\">\n\t\t\t\tDestinataris\t\t\t<\/span>\n\t\t<\/button>\n\t\t\t\t<button id=\"e-n-tab-title-1336607413\" data-tab-title-id=\"e-n-tab-title-1336607413\" class=\"e-n-tab-title\" aria-selected=\"false\" data-tab-index=\"3\" role=\"tab\" tabindex=\"-1\" aria-controls=\"e-n-tab-content-1336607413\" style=\"--n-tabs-title-order: 3;\">\n\t\t\t\t\t\t<span class=\"e-n-tab-title-text\">\n\t\t\t\tObjectius\t\t\t<\/span>\n\t\t<\/button>\n\t\t\t\t<button id=\"e-n-tab-title-1336607414\" data-tab-title-id=\"e-n-tab-title-1336607414\" class=\"e-n-tab-title\" aria-selected=\"false\" data-tab-index=\"4\" role=\"tab\" tabindex=\"-1\" aria-controls=\"e-n-tab-content-1336607414\" style=\"--n-tabs-title-order: 4;\">\n\t\t\t\t\t\t<span class=\"e-n-tab-title-text\">\n\t\t\t\tContinguts\t\t\t<\/span>\n\t\t<\/button>\n\t\t\t\t\t<\/div>\n\t\t\t<div class=\"e-n-tabs-content\">\n\t\t\t\t<div id=\"e-n-tab-content-1336607411\" role=\"tabpanel\" aria-labelledby=\"e-n-tab-title-1336607411\" data-tab-index=\"1\" style=\"--n-tabs-title-order: 1;\" class=\"e-active elementor-element elementor-element-85b7d93 e-con-full e-flex e-con e-child\" data-id=\"85b7d93\" data-element_type=\"container\" data-e-type=\"container\">\n\t\t<div class=\"elementor-element elementor-element-7806d90 e-flex e-con-boxed e-con e-child\" data-id=\"7806d90\" data-element_type=\"container\" data-e-type=\"container\">\n\t\t\t\t\t<div class=\"e-con-inner\">\n\t\t\t\t<div class=\"elementor-element elementor-element-f801b1f elementor-widget elementor-widget-heading\" data-id=\"f801b1f\" data-element_type=\"widget\" data-e-type=\"widget\" data-widget_type=\"heading.default\">\n\t\t\t\t<div class=\"elementor-widget-container\">\n\t\t\t\t\t<h2 class=\"elementor-heading-title elementor-size-default\">Convocat\u00f2ries<\/h2>\t\t\t\t<\/div>\n\t\t\t\t<\/div>\n\t\t\t\t<div class=\"elementor-element elementor-element-97571db elementor-widget elementor-widget-shortcode\" data-id=\"97571db\" data-element_type=\"widget\" data-e-type=\"widget\" data-widget_type=\"shortcode.default\">\n\t\t\t\t<div class=\"elementor-widget-container\">\n\t\t\t\t\t\t\t<div class=\"elementor-shortcode\"><details class=\"curs-convocatoria\" open><summary><div class=\"curs-convocatoria__icons\"><span><i class=\"fas fa-map-marker-alt\"><\/i> Vic<\/span><span><i class=\"far fa-calendar-alt\"><\/i> <b>21 abril 2026<\/b><\/span><\/div><div class=\"curs-convocatoria__button\"><a href=\"https:\/\/www.mutuacat.cat\/empresa\/formacio\/oficis-metall-en-construccio-reciclatge-installacions-reparacions-muntatges-carpinteria-metallica-4h\/?add-to-cart=4680\">Inscriu-te<\/a><\/div><\/summary><div class=\"curs-convocatoria__content\"><div class=\"curs-convocatoria__dates\"><b>Dates<\/b>: 21 d'abril<\/div><div class=\"curs-convocatoria__horaris\"><b>Horari<\/b>: de 15:00 a 19:00<\/div><div class=\"curs-convocatoria__lloc\"><b>Lloc<\/b>: c\/ Mol\u00ed d'en Saborit - Planta 4 - Despatx 5 - Vic (<a target=\"_blank\" href=\"https:\/\/www.google.com\/maps\/search\/?api=1&query=c\/ Mol\u00ed d'en Saborit - Planta 4 - Despatx 5 - Vic\">Veure mapa<\/a>)<\/div><div class=\"curs-convocatoria__preu\"><b>Preu<\/b>: <span class=\"woocommerce-Price-amount amount\"><bdi>100,00&nbsp;<span class=\"woocommerce-Price-currencySymbol\">&euro;<\/span><\/bdi><\/span><\/div><\/div><\/details>\t\t<div data-elementor-type=\"container\" data-elementor-id=\"4196\" class=\"elementor elementor-4196\" data-elementor-post-type=\"elementor_library\">\n\t\t\t\t<div class=\"elementor-element elementor-element-2c3003e2 e-flex e-con-boxed e-con e-child\" data-id=\"2c3003e2\" data-element_type=\"container\" data-e-type=\"container\" data-settings=\"{&quot;background_background&quot;:&quot;classic&quot;}\">\n\t\t\t\t\t<div class=\"e-con-inner\">\n\t\t\t\t<div class=\"elementor-element elementor-element-6f0dfdae elementor-widget elementor-widget-heading\" data-id=\"6f0dfdae\" data-element_type=\"widget\" data-e-type=\"widget\" data-widget_type=\"heading.default\">\n\t\t\t\t<div class=\"elementor-widget-container\">\n\t\t\t\t\t<h2 class=\"elementor-heading-title elementor-size-default\">Condicions del curs<\/h2>\t\t\t\t<\/div>\n\t\t\t\t<\/div>\n\t\t\t\t<div class=\"elementor-element elementor-element-302a187 elementor-widget elementor-widget-text-editor\" data-id=\"302a187\" data-element_type=\"widget\" data-e-type=\"widget\" data-widget_type=\"text-editor.default\">\n\t\t\t\t<div class=\"elementor-widget-container\">\n\t\t\t\t\t\t\t\t\t<ul><li>L&#8217;organitzaci\u00f3 es reserva la possibilitat de suspendre el curs si no s&#8217;arriba a un nombre m\u00ednim d&#8217;inscripcions.<\/li><li>El diploma es lliurar\u00e0 un cop abonat l&#8217;import de la formaci\u00f3.<\/li><li>Si l&#8217;alumne cancel\u00b7la la seva inscripci\u00f3 a menys de 72 hores de l&#8217;inici del curs, es cobrar\u00e0 l&#8217;import sencer de la formaci\u00f3.<\/li><\/ul>\t\t\t\t\t\t\t\t<\/div>\n\t\t\t\t<\/div>\n\t\t\t\t\t<\/div>\n\t\t\t\t<\/div>\n\t\t\t\t<\/div>\n\t\t<\/div>\n\t\t\t\t\t\t<\/div>\n\t\t\t\t<\/div>\n\t\t\t\t\t<\/div>\n\t\t\t\t<\/div>\n\t\t\t\t<\/div>\n\t\t<div id=\"e-n-tab-content-1336607412\" role=\"tabpanel\" aria-labelledby=\"e-n-tab-title-1336607412\" data-tab-index=\"2\" style=\"--n-tabs-title-order: 2;\" class=\" elementor-element elementor-element-7466e7b e-flex e-con-boxed e-con e-child\" data-id=\"7466e7b\" data-element_type=\"container\" data-e-type=\"container\">\n\t\t\t\t\t<div class=\"e-con-inner\">\n\t\t\t\t<div class=\"elementor-element elementor-element-835046c elementor-widget elementor-widget-heading\" data-id=\"835046c\" data-element_type=\"widget\" data-e-type=\"widget\" data-widget_type=\"heading.default\">\n\t\t\t\t<div class=\"elementor-widget-container\">\n\t\t\t\t\t<h2 class=\"elementor-heading-title elementor-size-default\">Destinataris<\/h2>\t\t\t\t<\/div>\n\t\t\t\t<\/div>\n\t\t\t\t<div class=\"elementor-element elementor-element-144e73e elementor-widget elementor-widget-text-editor\" data-id=\"144e73e\" data-element_type=\"widget\" data-e-type=\"widget\" data-widget_type=\"text-editor.default\">\n\t\t\t\t<div class=\"elementor-widget-container\">\n\t\t\t\t\t\t\t\t\t<p>Aquest curs s&#8217;adre\u00e7a a tots els professionals del sector del metall que hagin realitzat pr\u00e8viament una formaci\u00f3 PRL de 20 hores i necessitin renovar-la cada 4 anys per complir el Conveni del Metall.<\/p><p>En el cas d&#8217;empreses que necessitin formar diversos treballadors alhora, oferim l&#8217;opci\u00f3 d&#8217;impartir la formaci\u00f3 de manera grupal, sobretot a l&#8217;\u00e0rea de Barcelona i rodalies. Escriu-nos i t&#8217;informem sobre disponibilitat, condicions i preus.<\/p><p><strong>Ocupacions afectades:<\/strong><\/p><ul><li>Ferrallat<\/li><li>Electricitat, muntatge i manteniment d&#8217;instal\u00b7lacions el\u00e8ctriques d&#8217;alta i baixa tensi\u00f3<\/li><li>Fontaneria i instal\u00b7lacions de climatitzaci\u00f3<\/li><li>Instal\u00b7laci\u00f3 d&#8217;ascensors<\/li><li>Operadors d&#8217;aparells elevadors<\/li><li>Operadors d&#8217;equips manuals<\/li><li>Instal\u00b7lacions, reparacions i muntatges d&#8217;estructures met\u00e0l\u00b7liques, serralleria i fusteria met\u00e0l\u00b7lica<\/li><\/ul>\t\t\t\t\t\t\t\t<\/div>\n\t\t\t\t<\/div>\n\t\t\t\t\t<\/div>\n\t\t\t\t<\/div>\n\t\t<div id=\"e-n-tab-content-1336607413\" role=\"tabpanel\" aria-labelledby=\"e-n-tab-title-1336607413\" data-tab-index=\"3\" style=\"--n-tabs-title-order: 3;\" class=\" elementor-element elementor-element-e78a28c e-flex e-con-boxed e-con e-child\" data-id=\"e78a28c\" data-element_type=\"container\" data-e-type=\"container\">\n\t\t\t\t\t<div class=\"e-con-inner\">\n\t\t\t\t<div class=\"elementor-element elementor-element-3923233 elementor-widget elementor-widget-heading\" data-id=\"3923233\" data-element_type=\"widget\" data-e-type=\"widget\" data-widget_type=\"heading.default\">\n\t\t\t\t<div class=\"elementor-widget-container\">\n\t\t\t\t\t<h2 class=\"elementor-heading-title elementor-size-default\">Objectius<\/h2>\t\t\t\t<\/div>\n\t\t\t\t<\/div>\n\t\t\t\t<div class=\"elementor-element elementor-element-8ef8c87 elementor-widget elementor-widget-text-editor\" data-id=\"8ef8c87\" data-element_type=\"widget\" data-e-type=\"widget\" data-widget_type=\"text-editor.default\">\n\t\t\t\t<div class=\"elementor-widget-container\">\n\t\t\t\t\t\t\t\t\t<p>Adquirir uns coneixements preventius b\u00e0sics i generals que permetin l&#8217;aplicaci\u00f3 de t\u00e8cniques segures de treball durant l&#8217;execuci\u00f3 de les unitats d&#8217;obra que dugui a terme.<\/p><p>\u00a0<\/p>\t\t\t\t\t\t\t\t<\/div>\n\t\t\t\t<\/div>\n\t\t\t\t\t<\/div>\n\t\t\t\t<\/div>\n\t\t<div id=\"e-n-tab-content-1336607414\" role=\"tabpanel\" aria-labelledby=\"e-n-tab-title-1336607414\" data-tab-index=\"4\" style=\"--n-tabs-title-order: 4;\" class=\" elementor-element elementor-element-60ee51a e-flex e-con-boxed e-con e-child\" data-id=\"60ee51a\" data-element_type=\"container\" data-e-type=\"container\">\n\t\t\t\t\t<div class=\"e-con-inner\">\n\t\t<div class=\"elementor-element elementor-element-ca5c91f e-con-full e-flex e-con e-child\" data-id=\"ca5c91f\" data-element_type=\"container\" data-e-type=\"container\">\n\t\t\t\t<div class=\"elementor-element elementor-element-3dc3b28 elementor-widget elementor-widget-heading\" data-id=\"3dc3b28\" data-element_type=\"widget\" data-e-type=\"widget\" data-widget_type=\"heading.default\">\n\t\t\t\t<div class=\"elementor-widget-container\">\n\t\t\t\t\t<h2 class=\"elementor-heading-title elementor-size-default\">Temari<\/h2>\t\t\t\t<\/div>\n\t\t\t\t<\/div>\n\t\t\t\t<div class=\"elementor-element elementor-element-d47d0f2 elementor-widget elementor-widget-text-editor\" data-id=\"d47d0f2\" data-element_type=\"widget\" data-e-type=\"widget\" data-widget_type=\"text-editor.default\">\n\t\t\t\t<div class=\"elementor-widget-container\">\n\t\t\t\t\t\t\t\t\t<ol><li><p><strong>Conceptes b\u00e0sics sobre seguretat i salut.<\/strong><\/p><ul><li><p>El treball i la salut. Els riscos professionals. Factors de risc.<\/p><\/li><li><p>Marc normatiu b\u00e0sic en mat\u00e8ria de prevenci\u00f3 de riscs laborals. Deures i obligacions b\u00e0siques en aquesta mat\u00e8ria.<\/p><\/li><\/ul><\/li><li><p><strong>T\u00e8cniques preventives elementals sobre riscos gen\u00e8rics.<\/strong><\/p><ul><li><p>Caigudes a diferent nivell, manipulaci\u00f3 de c\u00e0rregues, mitjans de protecci\u00f3 col\u00b7lectiva, equips de protecci\u00f3 individual, etc.<\/p><\/li><li><p>Mitjans auxiliars (bastides penjades, modulars, cavallets, etc.)<\/p><\/li><li><p>Equips de treball (aparells elevadors, petita maquin\u00e0ria, etc.).<\/p><\/li><li><p>Senyalitzaci\u00f3.<\/p><\/li><li><p>Simbologia dels productes i materials utilitzats a les obres de construcci\u00f3.<\/p><\/li><\/ul><\/li><li><p><strong>Primers auxilis i mesures d&#8217;emerg\u00e8ncia.<\/strong><\/p><ul><li><p>Procediments generals<\/p><\/li><li><p>Pla dactuaci\u00f3.<\/p><\/li><\/ul><\/li><li><p><strong>Drets i obligacions.<\/strong><\/p><\/li><\/ol>\t\t\t\t\t\t\t\t<\/div>\n\t\t\t\t<\/div>\n\t\t\t\t<\/div>\n\t\t\t\t\t<\/div>\n\t\t\t\t<\/div>\n\t\t\t\t\t<\/div>\n\t\t<\/div>\n\t\t\t\t\t\t<\/div>\n\t\t\t\t<\/div>\n\t\t\t\t\t<\/div>\n\t\t\t\t<\/div>\n\t\t\t\t<\/div>\n\t\t","protected":false},"excerpt":{"rendered":"<p>Convocat\u00f2ries Destinataris Objectius Continguts Convocat\u00f2ries Vic 21 abril 2026Inscriu-te Dates: 21 d&#8217;abrilHorari: de 15:00 a 19:00Lloc: c\/ Mol\u00ed d&#8217;en Saborit &#8211; Planta 4 &#8211; Despatx 5 &#8211; Vic (Veure mapa)Preu: 100,00&nbsp;&euro; Condicions del curs L&#8217;organitzaci\u00f3 es reserva la possibilitat de suspendre el curs si no s&#8217;arriba a un nombre m\u00ednim d&#8217;inscripcions. El diploma es lliurar\u00e0 [&hellip;]<\/p>\n","protected":false},"featured_media":3102,"template":"","meta":{"_acf_changed":false},"product_brand":[],"product_cat":[59,53],"product_tag":[69],"class_list":{"0":"post-3101","1":"product","2":"type-product","3":"status-publish","4":"has-post-thumbnail","6":"product_cat-conveni-metall-construccio","7":"product_cat-prevencio-de-riscos-laborals","8":"product_tag-presencial","10":"first","11":"instock","12":"virtual","13":"product-type-simple"},"acf":[],"yoast_head":"<!-- This site is optimized with the Yoast SEO plugin v26.9 - https:\/\/yoast.com\/product\/yoast-seo-wordpress\/ -->\n<title>Oficis metall en construcci\u00f3 (reciclatge): Instal\u00b7lacions, reparacions, muntatges, carpinteria met\u00e0l\u00b7lica\u2026 (4h) - Mutuacat Empresa<\/title>\n<meta name=\"robots\" content=\"index, follow, max-snippet:-1, max-image-preview:large, max-video-preview:-1\" \/>\n<link rel=\"canonical\" href=\"https:\/\/www.mutuacat.cat\/empresa\/formacio\/oficis-metall-en-construccio-reciclatge-installacions-reparacions-muntatges-carpinteria-metallica-4h\/\" \/>\n<meta property=\"og:locale\" content=\"ca_ES\" \/>\n<meta property=\"og:type\" content=\"article\" \/>\n<meta property=\"og:title\" content=\"Oficis metall en construcci\u00f3 (reciclatge): Instal\u00b7lacions, reparacions, muntatges, carpinteria met\u00e0l\u00b7lica\u2026 (4h) - Mutuacat Empresa\" \/>\n<meta property=\"og:description\" content=\"Convocat\u00f2ries Destinataris Objectius Continguts Convocat\u00f2ries Vic 21 abril 2026Inscriu-te Dates: 21 d&#8217;abrilHorari: de 15:00 a 19:00Lloc: c\/ Mol\u00ed d&#8217;en Saborit &#8211; Planta 4 &#8211; Despatx 5 &#8211; Vic (Veure mapa)Preu: 100,00&nbsp;&euro; Condicions del curs L&#8217;organitzaci\u00f3 es reserva la possibilitat de suspendre el curs si no s&#8217;arriba a un nombre m\u00ednim d&#8217;inscripcions. El diploma es lliurar\u00e0 [&hellip;]\" \/>\n<meta property=\"og:url\" content=\"https:\/\/www.mutuacat.cat\/empresa\/formacio\/oficis-metall-en-construccio-reciclatge-installacions-reparacions-muntatges-carpinteria-metallica-4h\/\" \/>\n<meta property=\"og:site_name\" content=\"Mutuacat Empresa\" \/>\n<meta property=\"article:modified_time\" content=\"2026-03-03T06:41:55+00:00\" \/>\n<meta property=\"og:image\" content=\"https:\/\/www.mutuacat.cat\/empresa\/wp-content\/uploads\/2025\/11\/conveni-reciclatge.jpg\" \/>\n\t<meta property=\"og:image:width\" content=\"800\" \/>\n\t<meta property=\"og:image:height\" content=\"800\" \/>\n\t<meta property=\"og:image:type\" content=\"image\/jpeg\" \/>\n<meta name=\"twitter:card\" content=\"summary_large_image\" \/>\n<script type=\"application\/ld+json\" class=\"yoast-schema-graph\">{\"@context\":\"https:\/\/schema.org\",\"@graph\":[{\"@type\":\"WebPage\",\"@id\":\"https:\/\/www.mutuacat.cat\/empresa\/formacio\/oficis-metall-en-construccio-reciclatge-installacions-reparacions-muntatges-carpinteria-metallica-4h\/\",\"url\":\"https:\/\/www.mutuacat.cat\/empresa\/formacio\/oficis-metall-en-construccio-reciclatge-installacions-reparacions-muntatges-carpinteria-metallica-4h\/\",\"name\":\"Oficis metall en construcci\u00f3 (reciclatge): Instal\u00b7lacions, reparacions, muntatges, carpinteria met\u00e0l\u00b7lica\u2026 (4h) - Mutuacat Empresa\",\"isPartOf\":{\"@id\":\"https:\/\/www.mutuacat.cat\/empresa\/#website\"},\"primaryImageOfPage\":{\"@id\":\"https:\/\/www.mutuacat.cat\/empresa\/formacio\/oficis-metall-en-construccio-reciclatge-installacions-reparacions-muntatges-carpinteria-metallica-4h\/#primaryimage\"},\"image\":{\"@id\":\"https:\/\/www.mutuacat.cat\/empresa\/formacio\/oficis-metall-en-construccio-reciclatge-installacions-reparacions-muntatges-carpinteria-metallica-4h\/#primaryimage\"},\"thumbnailUrl\":\"https:\/\/www.mutuacat.cat\/empresa\/wp-content\/uploads\/2025\/11\/conveni-reciclatge.jpg\",\"datePublished\":\"2025-11-11T10:37:19+00:00\",\"dateModified\":\"2026-03-03T06:41:55+00:00\",\"breadcrumb\":{\"@id\":\"https:\/\/www.mutuacat.cat\/empresa\/formacio\/oficis-metall-en-construccio-reciclatge-installacions-reparacions-muntatges-carpinteria-metallica-4h\/#breadcrumb\"},\"inLanguage\":\"ca\",\"potentialAction\":[{\"@type\":\"ReadAction\",\"target\":[\"https:\/\/www.mutuacat.cat\/empresa\/formacio\/oficis-metall-en-construccio-reciclatge-installacions-reparacions-muntatges-carpinteria-metallica-4h\/\"]}]},{\"@type\":\"ImageObject\",\"inLanguage\":\"ca\",\"@id\":\"https:\/\/www.mutuacat.cat\/empresa\/formacio\/oficis-metall-en-construccio-reciclatge-installacions-reparacions-muntatges-carpinteria-metallica-4h\/#primaryimage\",\"url\":\"https:\/\/www.mutuacat.cat\/empresa\/wp-content\/uploads\/2025\/11\/conveni-reciclatge.jpg\",\"contentUrl\":\"https:\/\/www.mutuacat.cat\/empresa\/wp-content\/uploads\/2025\/11\/conveni-reciclatge.jpg\",\"width\":800,\"height\":800},{\"@type\":\"BreadcrumbList\",\"@id\":\"https:\/\/www.mutuacat.cat\/empresa\/formacio\/oficis-metall-en-construccio-reciclatge-installacions-reparacions-muntatges-carpinteria-metallica-4h\/#breadcrumb\",\"itemListElement\":[{\"@type\":\"ListItem\",\"position\":1,\"name\":\"Inici\",\"item\":\"https:\/\/www.mutuacat.cat\/empresa\/\"},{\"@type\":\"ListItem\",\"position\":2,\"name\":\"Formaci\u00f3\",\"item\":\"https:\/\/www.mutuacat.cat\/empresa\/formacio\/\"},{\"@type\":\"ListItem\",\"position\":3,\"name\":\"Oficis metall en construcci\u00f3 (reciclatge): Instal\u00b7lacions, reparacions, muntatges, carpinteria met\u00e0l\u00b7lica\u2026 (4h)\"}]},{\"@type\":\"WebSite\",\"@id\":\"https:\/\/www.mutuacat.cat\/empresa\/#website\",\"url\":\"https:\/\/www.mutuacat.cat\/empresa\/\",\"name\":\"Mutuacat Empresa\",\"description\":\"\",\"potentialAction\":[{\"@type\":\"SearchAction\",\"target\":{\"@type\":\"EntryPoint\",\"urlTemplate\":\"https:\/\/www.mutuacat.cat\/empresa\/?s={search_term_string}\"},\"query-input\":{\"@type\":\"PropertyValueSpecification\",\"valueRequired\":true,\"valueName\":\"search_term_string\"}}],\"inLanguage\":\"ca\"}]}<\/script>\n<!-- \/ Yoast SEO plugin. -->","yoast_head_json":{"title":"Oficis metall en construcci\u00f3 (reciclatge): Instal\u00b7lacions, reparacions, muntatges, carpinteria met\u00e0l\u00b7lica\u2026 (4h) - Mutuacat Empresa","robots":{"index":"index","follow":"follow","max-snippet":"max-snippet:-1","max-image-preview":"max-image-preview:large","max-video-preview":"max-video-preview:-1"},"canonical":"https:\/\/www.mutuacat.cat\/empresa\/formacio\/oficis-metall-en-construccio-reciclatge-installacions-reparacions-muntatges-carpinteria-metallica-4h\/","og_locale":"ca_ES","og_type":"article","og_title":"Oficis metall en construcci\u00f3 (reciclatge): Instal\u00b7lacions, reparacions, muntatges, carpinteria met\u00e0l\u00b7lica\u2026 (4h) - Mutuacat Empresa","og_description":"Convocat\u00f2ries Destinataris Objectius Continguts Convocat\u00f2ries Vic 21 abril 2026Inscriu-te Dates: 21 d&#8217;abrilHorari: de 15:00 a 19:00Lloc: c\/ Mol\u00ed d&#8217;en Saborit &#8211; Planta 4 &#8211; Despatx 5 &#8211; Vic (Veure mapa)Preu: 100,00&nbsp;&euro; Condicions del curs L&#8217;organitzaci\u00f3 es reserva la possibilitat de suspendre el curs si no s&#8217;arriba a un nombre m\u00ednim d&#8217;inscripcions. El diploma es lliurar\u00e0 [&hellip;]","og_url":"https:\/\/www.mutuacat.cat\/empresa\/formacio\/oficis-metall-en-construccio-reciclatge-installacions-reparacions-muntatges-carpinteria-metallica-4h\/","og_site_name":"Mutuacat Empresa","article_modified_time":"2026-03-03T06:41:55+00:00","og_image":[{"width":800,"height":800,"url":"https:\/\/www.mutuacat.cat\/empresa\/wp-content\/uploads\/2025\/11\/conveni-reciclatge.jpg","type":"image\/jpeg"}],"twitter_card":"summary_large_image","schema":{"@context":"https:\/\/schema.org","@graph":[{"@type":"WebPage","@id":"https:\/\/www.mutuacat.cat\/empresa\/formacio\/oficis-metall-en-construccio-reciclatge-installacions-reparacions-muntatges-carpinteria-metallica-4h\/","url":"https:\/\/www.mutuacat.cat\/empresa\/formacio\/oficis-metall-en-construccio-reciclatge-installacions-reparacions-muntatges-carpinteria-metallica-4h\/","name":"Oficis metall en construcci\u00f3 (reciclatge): Instal\u00b7lacions, reparacions, muntatges, carpinteria met\u00e0l\u00b7lica\u2026 (4h) - Mutuacat Empresa","isPartOf":{"@id":"https:\/\/www.mutuacat.cat\/empresa\/#website"},"primaryImageOfPage":{"@id":"https:\/\/www.mutuacat.cat\/empresa\/formacio\/oficis-metall-en-construccio-reciclatge-installacions-reparacions-muntatges-carpinteria-metallica-4h\/#primaryimage"},"image":{"@id":"https:\/\/www.mutuacat.cat\/empresa\/formacio\/oficis-metall-en-construccio-reciclatge-installacions-reparacions-muntatges-carpinteria-metallica-4h\/#primaryimage"},"thumbnailUrl":"https:\/\/www.mutuacat.cat\/empresa\/wp-content\/uploads\/2025\/11\/conveni-reciclatge.jpg","datePublished":"2025-11-11T10:37:19+00:00","dateModified":"2026-03-03T06:41:55+00:00","breadcrumb":{"@id":"https:\/\/www.mutuacat.cat\/empresa\/formacio\/oficis-metall-en-construccio-reciclatge-installacions-reparacions-muntatges-carpinteria-metallica-4h\/#breadcrumb"},"inLanguage":"ca","potentialAction":[{"@type":"ReadAction","target":["https:\/\/www.mutuacat.cat\/empresa\/formacio\/oficis-metall-en-construccio-reciclatge-installacions-reparacions-muntatges-carpinteria-metallica-4h\/"]}]},{"@type":"ImageObject","inLanguage":"ca","@id":"https:\/\/www.mutuacat.cat\/empresa\/formacio\/oficis-metall-en-construccio-reciclatge-installacions-reparacions-muntatges-carpinteria-metallica-4h\/#primaryimage","url":"https:\/\/www.mutuacat.cat\/empresa\/wp-content\/uploads\/2025\/11\/conveni-reciclatge.jpg","contentUrl":"https:\/\/www.mutuacat.cat\/empresa\/wp-content\/uploads\/2025\/11\/conveni-reciclatge.jpg","width":800,"height":800},{"@type":"BreadcrumbList","@id":"https:\/\/www.mutuacat.cat\/empresa\/formacio\/oficis-metall-en-construccio-reciclatge-installacions-reparacions-muntatges-carpinteria-metallica-4h\/#breadcrumb","itemListElement":[{"@type":"ListItem","position":1,"name":"Inici","item":"https:\/\/www.mutuacat.cat\/empresa\/"},{"@type":"ListItem","position":2,"name":"Formaci\u00f3","item":"https:\/\/www.mutuacat.cat\/empresa\/formacio\/"},{"@type":"ListItem","position":3,"name":"Oficis metall en construcci\u00f3 (reciclatge): Instal\u00b7lacions, reparacions, muntatges, carpinteria met\u00e0l\u00b7lica\u2026 (4h)"}]},{"@type":"WebSite","@id":"https:\/\/www.mutuacat.cat\/empresa\/#website","url":"https:\/\/www.mutuacat.cat\/empresa\/","name":"Mutuacat Empresa","description":"","potentialAction":[{"@type":"SearchAction","target":{"@type":"EntryPoint","urlTemplate":"https:\/\/www.mutuacat.cat\/empresa\/?s={search_term_string}"},"query-input":{"@type":"PropertyValueSpecification","valueRequired":true,"valueName":"search_term_string"}}],"inLanguage":"ca"}]}},"_links":{"self":[{"href":"https:\/\/www.mutuacat.cat\/empresa\/wp-json\/wp\/v2\/product\/3101","targetHints":{"allow":["GET"]}}],"collection":[{"href":"https:\/\/www.mutuacat.cat\/empresa\/wp-json\/wp\/v2\/product"}],"about":[{"href":"https:\/\/www.mutuacat.cat\/empresa\/wp-json\/wp\/v2\/types\/product"}],"version-history":[{"count":13,"href":"https:\/\/www.mutuacat.cat\/empresa\/wp-json\/wp\/v2\/product\/3101\/revisions"}],"predecessor-version":[{"id":4706,"href":"https:\/\/www.mutuacat.cat\/empresa\/wp-json\/wp\/v2\/product\/3101\/revisions\/4706"}],"wp:featuredmedia":[{"embeddable":true,"href":"https:\/\/www.mutuacat.cat\/empresa\/wp-json\/wp\/v2\/media\/3102"}],"wp:attachment":[{"href":"https:\/\/www.mutuacat.cat\/empresa\/wp-json\/wp\/v2\/media?parent=3101"}],"wp:term":[{"taxonomy":"product_brand","embeddable":true,"href":"https:\/\/www.mutuacat.cat\/empresa\/wp-json\/wp\/v2\/product_brand?post=3101"},{"taxonomy":"product_cat","embeddable":true,"href":"https:\/\/www.mutuacat.cat\/empresa\/wp-json\/wp\/v2\/product_cat?post=3101"},{"taxonomy":"product_tag","embeddable":true,"href":"https:\/\/www.mutuacat.cat\/empresa\/wp-json\/wp\/v2\/product_tag?post=3101"}],"curies":[{"name":"wp","href":"https:\/\/api.w.org\/{rel}","templated":true}]}}