{"id":3104,"date":"2025-11-11T10:38:39","date_gmt":"2025-11-11T10:38:39","guid":{"rendered":"https:\/\/www.mutuacat.cat\/empresa\/?post_type=product&#038;p=3104"},"modified":"2026-03-27T06:59:34","modified_gmt":"2026-03-27T06:59:34","slug":"oficis-metall-en-construccio-installacions-reparacions-muntatges-carpinteria-metallica-20h","status":"publish","type":"product","link":"https:\/\/www.mutuacat.cat\/empresa\/formacio\/oficis-metall-en-construccio-installacions-reparacions-muntatges-carpinteria-metallica-20h\/","title":{"rendered":"Oficis metall en construcci\u00f3: Instal\u00b7lacions, reparacions, muntatges, carpinteria met\u00e0l\u00b7lica\u2026 (20h)"},"content":{"rendered":"\t\t<div data-elementor-type=\"product-post\" data-elementor-id=\"3104\" class=\"elementor elementor-3104\" data-elementor-post-type=\"product\">\n\t\t\t\t<div class=\"elementor-element elementor-element-50cae97 e-flex e-con-boxed e-con e-parent\" data-id=\"50cae97\" data-element_type=\"container\" data-e-type=\"container\">\n\t\t\t\t\t<div class=\"e-con-inner\">\n\t\t\t\t<div class=\"elementor-element elementor-element-e5c549e e-n-tabs-mobile elementor-widget elementor-widget-n-tabs\" data-id=\"e5c549e\" data-element_type=\"widget\" data-e-type=\"widget\" data-settings=\"{&quot;horizontal_scroll&quot;:&quot;disable&quot;}\" data-widget_type=\"nested-tabs.default\">\n\t\t\t\t<div class=\"elementor-widget-container\">\n\t\t\t\t\t\t\t<div class=\"e-n-tabs\" data-widget-number=\"240931998\" aria-label=\"Tabuladors. Obre elements amb Retorn o Espai, tanca amb Esc i navega amb les tecles de fletxa.\">\n\t\t\t<div class=\"e-n-tabs-heading\" role=\"tablist\">\n\t\t\t\t\t<button id=\"e-n-tab-title-2409319981\" data-tab-title-id=\"e-n-tab-title-2409319981\" class=\"e-n-tab-title\" aria-selected=\"true\" data-tab-index=\"1\" role=\"tab\" tabindex=\"0\" aria-controls=\"e-n-tab-content-2409319981\" style=\"--n-tabs-title-order: 1;\">\n\t\t\t\t\t\t<span class=\"e-n-tab-title-text\">\n\t\t\t\tConvocat\u00f2ries\t\t\t<\/span>\n\t\t<\/button>\n\t\t\t\t<button id=\"e-n-tab-title-2409319982\" data-tab-title-id=\"e-n-tab-title-2409319982\" class=\"e-n-tab-title\" aria-selected=\"false\" data-tab-index=\"2\" role=\"tab\" tabindex=\"-1\" aria-controls=\"e-n-tab-content-2409319982\" style=\"--n-tabs-title-order: 2;\">\n\t\t\t\t\t\t<span class=\"e-n-tab-title-text\">\n\t\t\t\tDestinataris\t\t\t<\/span>\n\t\t<\/button>\n\t\t\t\t<button id=\"e-n-tab-title-2409319983\" data-tab-title-id=\"e-n-tab-title-2409319983\" class=\"e-n-tab-title\" aria-selected=\"false\" data-tab-index=\"3\" role=\"tab\" tabindex=\"-1\" aria-controls=\"e-n-tab-content-2409319983\" style=\"--n-tabs-title-order: 3;\">\n\t\t\t\t\t\t<span class=\"e-n-tab-title-text\">\n\t\t\t\tObjectius\t\t\t<\/span>\n\t\t<\/button>\n\t\t\t\t<button id=\"e-n-tab-title-2409319984\" data-tab-title-id=\"e-n-tab-title-2409319984\" class=\"e-n-tab-title\" aria-selected=\"false\" data-tab-index=\"4\" role=\"tab\" tabindex=\"-1\" aria-controls=\"e-n-tab-content-2409319984\" style=\"--n-tabs-title-order: 4;\">\n\t\t\t\t\t\t<span class=\"e-n-tab-title-text\">\n\t\t\t\tContinguts\t\t\t<\/span>\n\t\t<\/button>\n\t\t\t\t\t<\/div>\n\t\t\t<div class=\"e-n-tabs-content\">\n\t\t\t\t<div id=\"e-n-tab-content-2409319981\" role=\"tabpanel\" aria-labelledby=\"e-n-tab-title-2409319981\" data-tab-index=\"1\" style=\"--n-tabs-title-order: 1;\" class=\"e-active elementor-element elementor-element-eee3b58 e-con-full e-flex e-con e-child\" data-id=\"eee3b58\" data-element_type=\"container\" data-e-type=\"container\">\n\t\t<div class=\"elementor-element elementor-element-0217445 e-flex e-con-boxed e-con e-child\" data-id=\"0217445\" data-element_type=\"container\" data-e-type=\"container\">\n\t\t\t\t\t<div class=\"e-con-inner\">\n\t\t\t\t<div class=\"elementor-element elementor-element-d960327 elementor-widget elementor-widget-heading\" data-id=\"d960327\" data-element_type=\"widget\" data-e-type=\"widget\" data-widget_type=\"heading.default\">\n\t\t\t\t<div class=\"elementor-widget-container\">\n\t\t\t\t\t<h2 class=\"elementor-heading-title elementor-size-default\">Convocat\u00f2ries<\/h2>\t\t\t\t<\/div>\n\t\t\t\t<\/div>\n\t\t\t\t<div class=\"elementor-element elementor-element-5b058d9 elementor-widget elementor-widget-shortcode\" data-id=\"5b058d9\" data-element_type=\"widget\" data-e-type=\"widget\" data-widget_type=\"shortcode.default\">\n\t\t\t\t<div class=\"elementor-widget-container\">\n\t\t\t\t\t\t\t<div class=\"elementor-shortcode\"><details class=\"curs-convocatoria\" open><summary><div class=\"curs-convocatoria__icons\"><span><i class=\"fas fa-map-marker-alt\"><\/i> Manresa<\/span><span><i class=\"far fa-calendar-alt\"><\/i> <b>abril 2026:<\/b> Del 21\/04 al 24\/04<\/span><\/div><div class=\"curs-convocatoria__button\"><a href=\"https:\/\/www.mutuacat.cat\/empresa\/formacio\/oficis-metall-en-construccio-installacions-reparacions-muntatges-carpinteria-metallica-20h\/?add-to-cart=4840\">Inscriu-te<\/a><\/div><\/summary><div class=\"curs-convocatoria__content\"><div class=\"curs-convocatoria__dates\"><b>Dates<\/b>: 21, 22, 23 i 24 d'abril<\/div><div class=\"curs-convocatoria__horaris\"><b>Horari<\/b>: <br>21\/04\/2026: de 08:00 a 13:00<br>22\/04\/2026: de 08:00 a 13:00<br>23\/04\/2026: de 08:00 a 12:00<br>24\/04\/2026: de 08:00 a 14:00<\/div><div class=\"curs-convocatoria__lloc\"><b>Lloc<\/b>: c\/ Moss\u00e8n Serap\u00ed Ferrer, 37 baixos - Manresa (<a target=\"_blank\" href=\"https:\/\/www.google.com\/maps\/search\/?api=1&query=c\/ Moss\u00e8n Serap\u00ed Ferrer, 37 baixos - Manresa\">Veure mapa<\/a>)<\/div><div class=\"curs-convocatoria__preu\"><b>Preu<\/b>: <span class=\"woocommerce-Price-amount amount\"><bdi>287,00&nbsp;<span class=\"woocommerce-Price-currencySymbol\">&euro;<\/span><\/bdi><\/span><\/div><\/div><\/details>\t\t<div data-elementor-type=\"container\" data-elementor-id=\"4196\" class=\"elementor elementor-4196\" data-elementor-post-type=\"elementor_library\">\n\t\t\t\t<div class=\"elementor-element elementor-element-2c3003e2 e-flex e-con-boxed e-con e-child\" data-id=\"2c3003e2\" data-element_type=\"container\" data-e-type=\"container\" data-settings=\"{&quot;background_background&quot;:&quot;classic&quot;}\">\n\t\t\t\t\t<div class=\"e-con-inner\">\n\t\t\t\t<div class=\"elementor-element elementor-element-6f0dfdae elementor-widget elementor-widget-heading\" data-id=\"6f0dfdae\" data-element_type=\"widget\" data-e-type=\"widget\" data-widget_type=\"heading.default\">\n\t\t\t\t<div class=\"elementor-widget-container\">\n\t\t\t\t\t<h2 class=\"elementor-heading-title elementor-size-default\">Condicions del curs<\/h2>\t\t\t\t<\/div>\n\t\t\t\t<\/div>\n\t\t\t\t<div class=\"elementor-element elementor-element-302a187 elementor-widget elementor-widget-text-editor\" data-id=\"302a187\" data-element_type=\"widget\" data-e-type=\"widget\" data-widget_type=\"text-editor.default\">\n\t\t\t\t<div class=\"elementor-widget-container\">\n\t\t\t\t\t\t\t\t\t<ul><li>L&#8217;organitzaci\u00f3 es reserva la possibilitat de suspendre el curs si no s&#8217;arriba a un nombre m\u00ednim d&#8217;inscripcions.<\/li><li>El diploma es lliurar\u00e0 un cop abonat l&#8217;import de la formaci\u00f3.<\/li><li>Si l&#8217;alumne cancel\u00b7la la seva inscripci\u00f3 a menys de 72 hores de l&#8217;inici del curs, es cobrar\u00e0 l&#8217;import sencer de la formaci\u00f3.<\/li><\/ul>\t\t\t\t\t\t\t\t<\/div>\n\t\t\t\t<\/div>\n\t\t\t\t\t<\/div>\n\t\t\t\t<\/div>\n\t\t\t\t<\/div>\n\t\t<\/div>\n\t\t\t\t\t\t<\/div>\n\t\t\t\t<\/div>\n\t\t\t\t\t<\/div>\n\t\t\t\t<\/div>\n\t\t\t\t<\/div>\n\t\t<div id=\"e-n-tab-content-2409319982\" role=\"tabpanel\" aria-labelledby=\"e-n-tab-title-2409319982\" data-tab-index=\"2\" style=\"--n-tabs-title-order: 2;\" class=\" elementor-element elementor-element-e8f66fa e-flex e-con-boxed e-con e-child\" data-id=\"e8f66fa\" data-element_type=\"container\" data-e-type=\"container\">\n\t\t\t\t\t<div class=\"e-con-inner\">\n\t\t\t\t<div class=\"elementor-element elementor-element-7748b23 elementor-widget elementor-widget-heading\" data-id=\"7748b23\" data-element_type=\"widget\" data-e-type=\"widget\" data-widget_type=\"heading.default\">\n\t\t\t\t<div class=\"elementor-widget-container\">\n\t\t\t\t\t<h2 class=\"elementor-heading-title elementor-size-default\">Destinataris<\/h2>\t\t\t\t<\/div>\n\t\t\t\t<\/div>\n\t\t\t\t<div class=\"elementor-element elementor-element-dcf54f1 elementor-widget elementor-widget-text-editor\" data-id=\"dcf54f1\" data-element_type=\"widget\" data-e-type=\"widget\" data-widget_type=\"text-editor.default\">\n\t\t\t\t<div class=\"elementor-widget-container\">\n\t\t\t\t\t\t\t\t\t<p>Treballadors que desenvolupen la seva activitat en empreses enquadrades en el marc del Conveni del Sector Metall en empreses que desenvolupen la seva activitat en obres de construcci\u00f3.<\/p>\t\t\t\t\t\t\t\t<\/div>\n\t\t\t\t<\/div>\n\t\t\t\t\t<\/div>\n\t\t\t\t<\/div>\n\t\t<div id=\"e-n-tab-content-2409319983\" role=\"tabpanel\" aria-labelledby=\"e-n-tab-title-2409319983\" data-tab-index=\"3\" style=\"--n-tabs-title-order: 3;\" class=\" elementor-element elementor-element-729c061 e-flex e-con-boxed e-con e-child\" data-id=\"729c061\" data-element_type=\"container\" data-e-type=\"container\">\n\t\t\t\t\t<div class=\"e-con-inner\">\n\t\t\t\t<div class=\"elementor-element elementor-element-52bb765 elementor-widget elementor-widget-heading\" data-id=\"52bb765\" data-element_type=\"widget\" data-e-type=\"widget\" data-widget_type=\"heading.default\">\n\t\t\t\t<div class=\"elementor-widget-container\">\n\t\t\t\t\t<h2 class=\"elementor-heading-title elementor-size-default\">Objectius<\/h2>\t\t\t\t<\/div>\n\t\t\t\t<\/div>\n\t\t\t\t<div class=\"elementor-element elementor-element-2801987 elementor-widget elementor-widget-text-editor\" data-id=\"2801987\" data-element_type=\"widget\" data-e-type=\"widget\" data-widget_type=\"text-editor.default\">\n\t\t\t\t<div class=\"elementor-widget-container\">\n\t\t\t\t\t\t\t\t\t<p>Adquirir uns coneixements preventius b\u00e0sics i generals, que permetin l&#8217;aplicaci\u00f3 de t\u00e8cniques segures de treball durant l&#8217;execuci\u00f3 de les unitats d&#8217;obra que dugui a terme.<\/p>\t\t\t\t\t\t\t\t<\/div>\n\t\t\t\t<\/div>\n\t\t\t\t\t<\/div>\n\t\t\t\t<\/div>\n\t\t<div id=\"e-n-tab-content-2409319984\" role=\"tabpanel\" aria-labelledby=\"e-n-tab-title-2409319984\" data-tab-index=\"4\" style=\"--n-tabs-title-order: 4;\" class=\" elementor-element elementor-element-832f50a e-flex e-con-boxed e-con e-child\" data-id=\"832f50a\" data-element_type=\"container\" data-e-type=\"container\">\n\t\t\t\t\t<div class=\"e-con-inner\">\n\t\t<div class=\"elementor-element elementor-element-86236dd e-con-full e-flex e-con e-child\" data-id=\"86236dd\" data-element_type=\"container\" data-e-type=\"container\">\n\t\t\t\t<div class=\"elementor-element elementor-element-9b712cf elementor-widget elementor-widget-heading\" data-id=\"9b712cf\" data-element_type=\"widget\" data-e-type=\"widget\" data-widget_type=\"heading.default\">\n\t\t\t\t<div class=\"elementor-widget-container\">\n\t\t\t\t\t<h2 class=\"elementor-heading-title elementor-size-default\">Temari<\/h2>\t\t\t\t<\/div>\n\t\t\t\t<\/div>\n\t\t\t\t<div class=\"elementor-element elementor-element-1a08b20 elementor-widget elementor-widget-text-editor\" data-id=\"1a08b20\" data-element_type=\"widget\" data-e-type=\"widget\" data-widget_type=\"text-editor.default\">\n\t\t\t\t<div class=\"elementor-widget-container\">\n\t\t\t\t\t\t\t\t\t<ol><li><p><strong>Definici\u00f3 dels treballs.<\/strong><\/p><p>Depenent del lloc de treball, es podran definir els treballs seg\u00fcents: Treballs mec\u00e0nics, ferroviaris, instal\u00b7lacions d&#8217;edificis, els referits a instal\u00b7lacions de telecomunicacions, a instal\u00b7lacions de gas i aigua, aix\u00ed com altres m\u00e9s espec\u00edfics relatius a instal\u00b7lacions i manteniment urb\u00e0, muntatge i desmuntatge de bastides industrials i muntatge d&#8217;a\u00efllament industrial.<\/p><\/li><li><p><strong>T\u00e8cniques preventives espec\u00edfiques.<\/strong><\/p><ul><li><p>Identificaci\u00f3 de riscos.<\/p><\/li><li><p>Avaluaci\u00f3 de riscos del lloc (gen\u00e8rica).<\/p><\/li><li><p>Mitjans auxiliars (plataformes elevadores, bastides, escales de m\u00e0, m\u00e0quines de tir, de fre, d&#8217;empalmar, politges, gats, carros de sortida a conductors, perxes de verificaci\u00f3 d&#8217;abs\u00e8ncia de tensi\u00f3).<\/p><\/li><li><p>Equips de treball i eines: riscs i mesures preventives.<\/p><\/li><li><p>Treballs en altura.<\/p><\/li><li><p>Treballs en proximitat el\u00e8ctrica.<\/p><\/li><li><p>Espais confinats.<\/p><\/li><li><p>Manipulaci\u00f3 manual de c\u00e0rregues.<\/p><\/li><li><p>Mitjans de protecci\u00f3 col\u00b7lectiva (col\u00b7locaci\u00f3, usos i obligacions i manteniment).<\/p><\/li><li><p>Mitjans de protecci\u00f3 individual (col\u00b7locaci\u00f3, usos i obligacions i manteniment).<\/p><\/li><li><p>Materials i productes (etiquetatge, fitxes de dades de seguretat, frases R i S,\u2026).<\/p><\/li><li><p>Senyalitzaci\u00f3.<\/p><\/li><li><p>Connexions el\u00e8ctriques o mec\u00e0niques.<\/p><\/li><li><p>Manteniment i verificaci\u00f3, manual del fabricant, caracter\u00edstiques dels elements principals, dispositius de seguretat, documentaci\u00f3 i sistemes d&#8217;elevaci\u00f3.<\/p><\/li><\/ul><\/li><\/ol>\t\t\t\t\t\t\t\t<\/div>\n\t\t\t\t<\/div>\n\t\t\t\t<\/div>\n\t\t\t\t\t<\/div>\n\t\t\t\t<\/div>\n\t\t\t\t\t<\/div>\n\t\t<\/div>\n\t\t\t\t\t\t<\/div>\n\t\t\t\t<\/div>\n\t\t\t\t\t<\/div>\n\t\t\t\t<\/div>\n\t\t\t\t<\/div>\n\t\t","protected":false},"excerpt":{"rendered":"<div class=\"descripcio-breu\">Oficis metall en construcci\u00f3.<\/div>\n","protected":false},"featured_media":3105,"template":"","meta":{"_acf_changed":false},"product_brand":[],"product_cat":[59,53],"product_tag":[69],"class_list":{"0":"post-3104","1":"product","2":"type-product","3":"status-publish","4":"has-post-thumbnail","6":"product_cat-conveni-metall-construccio","7":"product_cat-prevencio-de-riscos-laborals","8":"product_tag-presencial","10":"first","11":"instock","12":"virtual","13":"product-type-simple"},"acf":[],"yoast_head":"<!-- This site is optimized with the Yoast SEO plugin v26.9 - https:\/\/yoast.com\/product\/yoast-seo-wordpress\/ -->\n<title>Oficis metall en construcci\u00f3: Instal\u00b7lacions, reparacions, muntatges, carpinteria met\u00e0l\u00b7lica\u2026 (20h) - Mutuacat Empresa<\/title>\n<meta name=\"robots\" content=\"index, follow, max-snippet:-1, max-image-preview:large, max-video-preview:-1\" \/>\n<link rel=\"canonical\" href=\"https:\/\/www.mutuacat.cat\/empresa\/formacio\/oficis-metall-en-construccio-installacions-reparacions-muntatges-carpinteria-metallica-20h\/\" \/>\n<meta property=\"og:locale\" content=\"ca_ES\" \/>\n<meta property=\"og:type\" content=\"article\" \/>\n<meta property=\"og:title\" content=\"Oficis metall en construcci\u00f3: Instal\u00b7lacions, reparacions, muntatges, carpinteria met\u00e0l\u00b7lica\u2026 (20h) - Mutuacat Empresa\" \/>\n<meta property=\"og:description\" content=\"Oficis metall en construcci\u00f3.\" \/>\n<meta property=\"og:url\" content=\"https:\/\/www.mutuacat.cat\/empresa\/formacio\/oficis-metall-en-construccio-installacions-reparacions-muntatges-carpinteria-metallica-20h\/\" \/>\n<meta property=\"og:site_name\" content=\"Mutuacat Empresa\" \/>\n<meta property=\"article:modified_time\" content=\"2026-03-27T06:59:34+00:00\" \/>\n<meta property=\"og:image\" content=\"https:\/\/www.mutuacat.cat\/empresa\/wp-content\/uploads\/2025\/11\/oficis-metall-20h.jpg\" \/>\n\t<meta property=\"og:image:width\" content=\"800\" \/>\n\t<meta property=\"og:image:height\" content=\"800\" \/>\n\t<meta property=\"og:image:type\" content=\"image\/jpeg\" \/>\n<meta name=\"twitter:card\" content=\"summary_large_image\" \/>\n<script type=\"application\/ld+json\" class=\"yoast-schema-graph\">{\"@context\":\"https:\/\/schema.org\",\"@graph\":[{\"@type\":\"WebPage\",\"@id\":\"https:\/\/www.mutuacat.cat\/empresa\/formacio\/oficis-metall-en-construccio-installacions-reparacions-muntatges-carpinteria-metallica-20h\/\",\"url\":\"https:\/\/www.mutuacat.cat\/empresa\/formacio\/oficis-metall-en-construccio-installacions-reparacions-muntatges-carpinteria-metallica-20h\/\",\"name\":\"Oficis metall en construcci\u00f3: Instal\u00b7lacions, reparacions, muntatges, carpinteria met\u00e0l\u00b7lica\u2026 (20h) - Mutuacat Empresa\",\"isPartOf\":{\"@id\":\"https:\/\/www.mutuacat.cat\/empresa\/#website\"},\"primaryImageOfPage\":{\"@id\":\"https:\/\/www.mutuacat.cat\/empresa\/formacio\/oficis-metall-en-construccio-installacions-reparacions-muntatges-carpinteria-metallica-20h\/#primaryimage\"},\"image\":{\"@id\":\"https:\/\/www.mutuacat.cat\/empresa\/formacio\/oficis-metall-en-construccio-installacions-reparacions-muntatges-carpinteria-metallica-20h\/#primaryimage\"},\"thumbnailUrl\":\"https:\/\/www.mutuacat.cat\/empresa\/wp-content\/uploads\/2025\/11\/oficis-metall-20h.jpg\",\"datePublished\":\"2025-11-11T10:38:39+00:00\",\"dateModified\":\"2026-03-27T06:59:34+00:00\",\"breadcrumb\":{\"@id\":\"https:\/\/www.mutuacat.cat\/empresa\/formacio\/oficis-metall-en-construccio-installacions-reparacions-muntatges-carpinteria-metallica-20h\/#breadcrumb\"},\"inLanguage\":\"ca\",\"potentialAction\":[{\"@type\":\"ReadAction\",\"target\":[\"https:\/\/www.mutuacat.cat\/empresa\/formacio\/oficis-metall-en-construccio-installacions-reparacions-muntatges-carpinteria-metallica-20h\/\"]}]},{\"@type\":\"ImageObject\",\"inLanguage\":\"ca\",\"@id\":\"https:\/\/www.mutuacat.cat\/empresa\/formacio\/oficis-metall-en-construccio-installacions-reparacions-muntatges-carpinteria-metallica-20h\/#primaryimage\",\"url\":\"https:\/\/www.mutuacat.cat\/empresa\/wp-content\/uploads\/2025\/11\/oficis-metall-20h.jpg\",\"contentUrl\":\"https:\/\/www.mutuacat.cat\/empresa\/wp-content\/uploads\/2025\/11\/oficis-metall-20h.jpg\",\"width\":800,\"height\":800},{\"@type\":\"BreadcrumbList\",\"@id\":\"https:\/\/www.mutuacat.cat\/empresa\/formacio\/oficis-metall-en-construccio-installacions-reparacions-muntatges-carpinteria-metallica-20h\/#breadcrumb\",\"itemListElement\":[{\"@type\":\"ListItem\",\"position\":1,\"name\":\"Inici\",\"item\":\"https:\/\/www.mutuacat.cat\/empresa\/\"},{\"@type\":\"ListItem\",\"position\":2,\"name\":\"Formaci\u00f3\",\"item\":\"https:\/\/www.mutuacat.cat\/empresa\/formacio\/\"},{\"@type\":\"ListItem\",\"position\":3,\"name\":\"Oficis metall en construcci\u00f3: Instal\u00b7lacions, reparacions, muntatges, carpinteria met\u00e0l\u00b7lica\u2026 (20h)\"}]},{\"@type\":\"WebSite\",\"@id\":\"https:\/\/www.mutuacat.cat\/empresa\/#website\",\"url\":\"https:\/\/www.mutuacat.cat\/empresa\/\",\"name\":\"Mutuacat Empresa\",\"description\":\"\",\"potentialAction\":[{\"@type\":\"SearchAction\",\"target\":{\"@type\":\"EntryPoint\",\"urlTemplate\":\"https:\/\/www.mutuacat.cat\/empresa\/?s={search_term_string}\"},\"query-input\":{\"@type\":\"PropertyValueSpecification\",\"valueRequired\":true,\"valueName\":\"search_term_string\"}}],\"inLanguage\":\"ca\"}]}<\/script>\n<!-- \/ Yoast SEO plugin. -->","yoast_head_json":{"title":"Oficis metall en construcci\u00f3: Instal\u00b7lacions, reparacions, muntatges, carpinteria met\u00e0l\u00b7lica\u2026 (20h) - Mutuacat Empresa","robots":{"index":"index","follow":"follow","max-snippet":"max-snippet:-1","max-image-preview":"max-image-preview:large","max-video-preview":"max-video-preview:-1"},"canonical":"https:\/\/www.mutuacat.cat\/empresa\/formacio\/oficis-metall-en-construccio-installacions-reparacions-muntatges-carpinteria-metallica-20h\/","og_locale":"ca_ES","og_type":"article","og_title":"Oficis metall en construcci\u00f3: Instal\u00b7lacions, reparacions, muntatges, carpinteria met\u00e0l\u00b7lica\u2026 (20h) - Mutuacat Empresa","og_description":"Oficis metall en construcci\u00f3.","og_url":"https:\/\/www.mutuacat.cat\/empresa\/formacio\/oficis-metall-en-construccio-installacions-reparacions-muntatges-carpinteria-metallica-20h\/","og_site_name":"Mutuacat Empresa","article_modified_time":"2026-03-27T06:59:34+00:00","og_image":[{"width":800,"height":800,"url":"https:\/\/www.mutuacat.cat\/empresa\/wp-content\/uploads\/2025\/11\/oficis-metall-20h.jpg","type":"image\/jpeg"}],"twitter_card":"summary_large_image","schema":{"@context":"https:\/\/schema.org","@graph":[{"@type":"WebPage","@id":"https:\/\/www.mutuacat.cat\/empresa\/formacio\/oficis-metall-en-construccio-installacions-reparacions-muntatges-carpinteria-metallica-20h\/","url":"https:\/\/www.mutuacat.cat\/empresa\/formacio\/oficis-metall-en-construccio-installacions-reparacions-muntatges-carpinteria-metallica-20h\/","name":"Oficis metall en construcci\u00f3: Instal\u00b7lacions, reparacions, muntatges, carpinteria met\u00e0l\u00b7lica\u2026 (20h) - Mutuacat Empresa","isPartOf":{"@id":"https:\/\/www.mutuacat.cat\/empresa\/#website"},"primaryImageOfPage":{"@id":"https:\/\/www.mutuacat.cat\/empresa\/formacio\/oficis-metall-en-construccio-installacions-reparacions-muntatges-carpinteria-metallica-20h\/#primaryimage"},"image":{"@id":"https:\/\/www.mutuacat.cat\/empresa\/formacio\/oficis-metall-en-construccio-installacions-reparacions-muntatges-carpinteria-metallica-20h\/#primaryimage"},"thumbnailUrl":"https:\/\/www.mutuacat.cat\/empresa\/wp-content\/uploads\/2025\/11\/oficis-metall-20h.jpg","datePublished":"2025-11-11T10:38:39+00:00","dateModified":"2026-03-27T06:59:34+00:00","breadcrumb":{"@id":"https:\/\/www.mutuacat.cat\/empresa\/formacio\/oficis-metall-en-construccio-installacions-reparacions-muntatges-carpinteria-metallica-20h\/#breadcrumb"},"inLanguage":"ca","potentialAction":[{"@type":"ReadAction","target":["https:\/\/www.mutuacat.cat\/empresa\/formacio\/oficis-metall-en-construccio-installacions-reparacions-muntatges-carpinteria-metallica-20h\/"]}]},{"@type":"ImageObject","inLanguage":"ca","@id":"https:\/\/www.mutuacat.cat\/empresa\/formacio\/oficis-metall-en-construccio-installacions-reparacions-muntatges-carpinteria-metallica-20h\/#primaryimage","url":"https:\/\/www.mutuacat.cat\/empresa\/wp-content\/uploads\/2025\/11\/oficis-metall-20h.jpg","contentUrl":"https:\/\/www.mutuacat.cat\/empresa\/wp-content\/uploads\/2025\/11\/oficis-metall-20h.jpg","width":800,"height":800},{"@type":"BreadcrumbList","@id":"https:\/\/www.mutuacat.cat\/empresa\/formacio\/oficis-metall-en-construccio-installacions-reparacions-muntatges-carpinteria-metallica-20h\/#breadcrumb","itemListElement":[{"@type":"ListItem","position":1,"name":"Inici","item":"https:\/\/www.mutuacat.cat\/empresa\/"},{"@type":"ListItem","position":2,"name":"Formaci\u00f3","item":"https:\/\/www.mutuacat.cat\/empresa\/formacio\/"},{"@type":"ListItem","position":3,"name":"Oficis metall en construcci\u00f3: Instal\u00b7lacions, reparacions, muntatges, carpinteria met\u00e0l\u00b7lica\u2026 (20h)"}]},{"@type":"WebSite","@id":"https:\/\/www.mutuacat.cat\/empresa\/#website","url":"https:\/\/www.mutuacat.cat\/empresa\/","name":"Mutuacat Empresa","description":"","potentialAction":[{"@type":"SearchAction","target":{"@type":"EntryPoint","urlTemplate":"https:\/\/www.mutuacat.cat\/empresa\/?s={search_term_string}"},"query-input":{"@type":"PropertyValueSpecification","valueRequired":true,"valueName":"search_term_string"}}],"inLanguage":"ca"}]}},"_links":{"self":[{"href":"https:\/\/www.mutuacat.cat\/empresa\/wp-json\/wp\/v2\/product\/3104","targetHints":{"allow":["GET"]}}],"collection":[{"href":"https:\/\/www.mutuacat.cat\/empresa\/wp-json\/wp\/v2\/product"}],"about":[{"href":"https:\/\/www.mutuacat.cat\/empresa\/wp-json\/wp\/v2\/types\/product"}],"version-history":[{"count":11,"href":"https:\/\/www.mutuacat.cat\/empresa\/wp-json\/wp\/v2\/product\/3104\/revisions"}],"predecessor-version":[{"id":4847,"href":"https:\/\/www.mutuacat.cat\/empresa\/wp-json\/wp\/v2\/product\/3104\/revisions\/4847"}],"wp:featuredmedia":[{"embeddable":true,"href":"https:\/\/www.mutuacat.cat\/empresa\/wp-json\/wp\/v2\/media\/3105"}],"wp:attachment":[{"href":"https:\/\/www.mutuacat.cat\/empresa\/wp-json\/wp\/v2\/media?parent=3104"}],"wp:term":[{"taxonomy":"product_brand","embeddable":true,"href":"https:\/\/www.mutuacat.cat\/empresa\/wp-json\/wp\/v2\/product_brand?post=3104"},{"taxonomy":"product_cat","embeddable":true,"href":"https:\/\/www.mutuacat.cat\/empresa\/wp-json\/wp\/v2\/product_cat?post=3104"},{"taxonomy":"product_tag","embeddable":true,"href":"https:\/\/www.mutuacat.cat\/empresa\/wp-json\/wp\/v2\/product_tag?post=3104"}],"curies":[{"name":"wp","href":"https:\/\/api.w.org\/{rel}","templated":true}]}}