{"id":3107,"date":"2025-11-11T10:45:02","date_gmt":"2025-11-11T10:45:02","guid":{"rendered":"https:\/\/www.mutuacat.cat\/empresa\/?post_type=product&#038;p=3107"},"modified":"2026-04-15T11:12:30","modified_gmt":"2026-04-15T11:12:30","slug":"oficis-metall-en-construccio-installacions-reparacions-muntatges-carpinteria-metallica-6h","status":"publish","type":"product","link":"https:\/\/www.mutuacat.cat\/empresa\/formacio\/oficis-metall-en-construccio-installacions-reparacions-muntatges-carpinteria-metallica-6h\/","title":{"rendered":"Oficis metall en construcci\u00f3: Instal\u00b7lacions, reparacions, muntatges, carpinteria met\u00e0l\u00b7lica\u2026 (6h)"},"content":{"rendered":"\t\t<div data-elementor-type=\"product-post\" data-elementor-id=\"3107\" class=\"elementor elementor-3107\" data-elementor-post-type=\"product\">\n\t\t\t\t<div class=\"elementor-element elementor-element-50cae97 e-flex e-con-boxed e-con e-parent\" data-id=\"50cae97\" data-element_type=\"container\" data-e-type=\"container\">\n\t\t\t\t\t<div class=\"e-con-inner\">\n\t\t\t\t<div class=\"elementor-element elementor-element-d1d8c76 e-n-tabs-mobile elementor-widget elementor-widget-n-tabs\" data-id=\"d1d8c76\" data-element_type=\"widget\" data-e-type=\"widget\" data-settings=\"{&quot;horizontal_scroll&quot;:&quot;disable&quot;}\" data-widget_type=\"nested-tabs.default\">\n\t\t\t\t<div class=\"elementor-widget-container\">\n\t\t\t\t\t\t\t<div class=\"e-n-tabs\" data-widget-number=\"220040310\" aria-label=\"Tabuladors. Obre elements amb Retorn o Espai, tanca amb Esc i navega amb les tecles de fletxa.\">\n\t\t\t<div class=\"e-n-tabs-heading\" role=\"tablist\">\n\t\t\t\t\t<button id=\"e-n-tab-title-2200403101\" data-tab-title-id=\"e-n-tab-title-2200403101\" class=\"e-n-tab-title\" aria-selected=\"true\" data-tab-index=\"1\" role=\"tab\" tabindex=\"0\" aria-controls=\"e-n-tab-content-2200403101\" style=\"--n-tabs-title-order: 1;\">\n\t\t\t\t\t\t<span class=\"e-n-tab-title-text\">\n\t\t\t\tConvocat\u00f2ries\t\t\t<\/span>\n\t\t<\/button>\n\t\t\t\t<button id=\"e-n-tab-title-2200403102\" data-tab-title-id=\"e-n-tab-title-2200403102\" class=\"e-n-tab-title\" aria-selected=\"false\" data-tab-index=\"2\" role=\"tab\" tabindex=\"-1\" aria-controls=\"e-n-tab-content-2200403102\" style=\"--n-tabs-title-order: 2;\">\n\t\t\t\t\t\t<span class=\"e-n-tab-title-text\">\n\t\t\t\tDestinataris\t\t\t<\/span>\n\t\t<\/button>\n\t\t\t\t<button id=\"e-n-tab-title-2200403103\" data-tab-title-id=\"e-n-tab-title-2200403103\" class=\"e-n-tab-title\" aria-selected=\"false\" data-tab-index=\"3\" role=\"tab\" tabindex=\"-1\" aria-controls=\"e-n-tab-content-2200403103\" style=\"--n-tabs-title-order: 3;\">\n\t\t\t\t\t\t<span class=\"e-n-tab-title-text\">\n\t\t\t\tObjectius\t\t\t<\/span>\n\t\t<\/button>\n\t\t\t\t<button id=\"e-n-tab-title-2200403104\" data-tab-title-id=\"e-n-tab-title-2200403104\" class=\"e-n-tab-title\" aria-selected=\"false\" data-tab-index=\"4\" role=\"tab\" tabindex=\"-1\" aria-controls=\"e-n-tab-content-2200403104\" style=\"--n-tabs-title-order: 4;\">\n\t\t\t\t\t\t<span class=\"e-n-tab-title-text\">\n\t\t\t\tContinguts\t\t\t<\/span>\n\t\t<\/button>\n\t\t\t\t\t<\/div>\n\t\t\t<div class=\"e-n-tabs-content\">\n\t\t\t\t<div id=\"e-n-tab-content-2200403101\" role=\"tabpanel\" aria-labelledby=\"e-n-tab-title-2200403101\" data-tab-index=\"1\" style=\"--n-tabs-title-order: 1;\" class=\"e-active elementor-element elementor-element-e44de9b e-con-full e-flex e-con e-child\" data-id=\"e44de9b\" data-element_type=\"container\" data-e-type=\"container\">\n\t\t<div class=\"elementor-element elementor-element-2440281 e-flex e-con-boxed e-con e-child\" data-id=\"2440281\" data-element_type=\"container\" data-e-type=\"container\">\n\t\t\t\t\t<div class=\"e-con-inner\">\n\t\t\t\t<div class=\"elementor-element elementor-element-3c0adff elementor-widget elementor-widget-heading\" data-id=\"3c0adff\" data-element_type=\"widget\" data-e-type=\"widget\" data-widget_type=\"heading.default\">\n\t\t\t\t<div class=\"elementor-widget-container\">\n\t\t\t\t\t<h2 class=\"elementor-heading-title elementor-size-default\">Convocat\u00f2ries<\/h2>\t\t\t\t<\/div>\n\t\t\t\t<\/div>\n\t\t\t\t<div class=\"elementor-element elementor-element-a3cb2ed elementor-widget elementor-widget-shortcode\" data-id=\"a3cb2ed\" data-element_type=\"widget\" data-e-type=\"widget\" data-widget_type=\"shortcode.default\">\n\t\t\t\t<div class=\"elementor-widget-container\">\n\t\t\t\t\t\t\t<div class=\"elementor-shortcode\"><details class=\"curs-convocatoria\" open><summary><div class=\"curs-convocatoria__icons\"><span><i class=\"fas fa-map-marker-alt\"><\/i> Manresa<\/span><span><i class=\"far fa-calendar-alt\"><\/i> <b>24 abril 2026<\/b><\/span><\/div><div class=\"curs-convocatoria__button\"><a href=\"https:\/\/www.mutuacat.cat\/empresa\/formacio\/oficis-metall-en-construccio-installacions-reparacions-muntatges-carpinteria-metallica-6h\/?add-to-cart=4874\">Inscriu-te<\/a><\/div><\/summary><div class=\"curs-convocatoria__content\"><div class=\"curs-convocatoria__dates\"><b>Dates<\/b>: 24 d'abril de 2026<\/div><div class=\"curs-convocatoria__horaris\"><b>Horari<\/b>: de 08:00 a 14:00h<\/div><div class=\"curs-convocatoria__lloc\"><b>Lloc<\/b>: c\/ Moss\u00e8n Serap\u00ed Ferrer, 37 baixos - Manresa (<a target=\"_blank\" href=\"https:\/\/www.google.com\/maps\/search\/?api=1&query=c\/ Moss\u00e8n Serap\u00ed Ferrer, 37 baixos - Manresa\">Veure mapa<\/a>)<\/div><div class=\"curs-convocatoria__preu\"><b>Preu<\/b>: <span class=\"woocommerce-Price-amount amount\"><bdi>110,00&nbsp;<span class=\"woocommerce-Price-currencySymbol\">&euro;<\/span><\/bdi><\/span><\/div><\/div><\/details><details class=\"curs-convocatoria\" open><summary><div class=\"curs-convocatoria__icons\"><span><i class=\"fas fa-map-marker-alt\"><\/i> Vic<\/span><span><i class=\"far fa-calendar-alt\"><\/i> <b>28 abril 2026<\/b><\/span><\/div><div class=\"curs-convocatoria__button\"><a href=\"https:\/\/www.mutuacat.cat\/empresa\/formacio\/oficis-metall-en-construccio-installacions-reparacions-muntatges-carpinteria-metallica-6h\/?add-to-cart=4716\">Inscriu-te<\/a><\/div><\/summary><div class=\"curs-convocatoria__content\"><div class=\"curs-convocatoria__dates\"><b>Dates<\/b>: 28 d'abril de 2026<\/div><div class=\"curs-convocatoria__horaris\"><b>Horari<\/b>: 14:00 - 20:00h<\/div><div class=\"curs-convocatoria__lloc\"><b>Lloc<\/b>: c\/ Mol\u00ed d'en Saborit - Planta 4 - Despatx 5 - Vic (<a target=\"_blank\" href=\"https:\/\/www.google.com\/maps\/search\/?api=1&query=c\/ Mol\u00ed d'en Saborit - Planta 4 - Despatx 5 - Vic\">Veure mapa<\/a>)<\/div><div class=\"curs-convocatoria__preu\"><b>Preu<\/b>: <span class=\"woocommerce-Price-amount amount\"><bdi>110,00&nbsp;<span class=\"woocommerce-Price-currencySymbol\">&euro;<\/span><\/bdi><\/span><\/div><\/div><\/details><details class=\"curs-convocatoria\" open><summary><div class=\"curs-convocatoria__icons\"><span><i class=\"fas fa-map-marker-alt\"><\/i> Vic<\/span><span><i class=\"far fa-calendar-alt\"><\/i> <b>28 maig 2026<\/b><\/span><\/div><div class=\"curs-convocatoria__button\"><a href=\"https:\/\/www.mutuacat.cat\/empresa\/formacio\/oficis-metall-en-construccio-installacions-reparacions-muntatges-carpinteria-metallica-6h\/?add-to-cart=4869\">Inscriu-te<\/a><\/div><\/summary><div class=\"curs-convocatoria__content\"><div class=\"curs-convocatoria__dates\"><b>Dates<\/b>: 28 de maig de 2026<\/div><div class=\"curs-convocatoria__horaris\"><b>Horari<\/b>: 14:00 - 20:00h<\/div><div class=\"curs-convocatoria__lloc\"><b>Lloc<\/b>: c\/ Mol\u00ed d'en Saborit - Planta 4 - Despatx 5 - Vic (<a target=\"_blank\" href=\"https:\/\/www.google.com\/maps\/search\/?api=1&query=c\/ Mol\u00ed d'en Saborit - Planta 4 - Despatx 5 - Vic\">Veure mapa<\/a>)<\/div><div class=\"curs-convocatoria__preu\"><b>Preu<\/b>: <span class=\"woocommerce-Price-amount amount\"><bdi>110,00&nbsp;<span class=\"woocommerce-Price-currencySymbol\">&euro;<\/span><\/bdi><\/span><\/div><\/div><\/details>\t\t<div data-elementor-type=\"container\" data-elementor-id=\"4196\" class=\"elementor elementor-4196\" data-elementor-post-type=\"elementor_library\">\n\t\t\t\t<div class=\"elementor-element elementor-element-2c3003e2 e-flex e-con-boxed e-con e-child\" data-id=\"2c3003e2\" data-element_type=\"container\" data-e-type=\"container\" data-settings=\"{&quot;background_background&quot;:&quot;classic&quot;}\">\n\t\t\t\t\t<div class=\"e-con-inner\">\n\t\t\t\t<div class=\"elementor-element elementor-element-6f0dfdae elementor-widget elementor-widget-heading\" data-id=\"6f0dfdae\" data-element_type=\"widget\" data-e-type=\"widget\" data-widget_type=\"heading.default\">\n\t\t\t\t<div class=\"elementor-widget-container\">\n\t\t\t\t\t<h2 class=\"elementor-heading-title elementor-size-default\">Condicions del curs<\/h2>\t\t\t\t<\/div>\n\t\t\t\t<\/div>\n\t\t\t\t<div class=\"elementor-element elementor-element-302a187 elementor-widget elementor-widget-text-editor\" data-id=\"302a187\" data-element_type=\"widget\" data-e-type=\"widget\" data-widget_type=\"text-editor.default\">\n\t\t\t\t<div class=\"elementor-widget-container\">\n\t\t\t\t\t\t\t\t\t<ul><li>L&#8217;organitzaci\u00f3 es reserva la possibilitat de suspendre el curs si no s&#8217;arriba a un nombre m\u00ednim d&#8217;inscripcions.<\/li><li>El diploma es lliurar\u00e0 un cop abonat l&#8217;import de la formaci\u00f3.<\/li><li>Si l&#8217;alumne cancel\u00b7la la seva inscripci\u00f3 a menys de 72 hores de l&#8217;inici del curs, es cobrar\u00e0 l&#8217;import sencer de la formaci\u00f3.<\/li><\/ul>\t\t\t\t\t\t\t\t<\/div>\n\t\t\t\t<\/div>\n\t\t\t\t\t<\/div>\n\t\t\t\t<\/div>\n\t\t\t\t<\/div>\n\t\t<\/div>\n\t\t\t\t\t\t<\/div>\n\t\t\t\t<\/div>\n\t\t\t\t\t<\/div>\n\t\t\t\t<\/div>\n\t\t\t\t<\/div>\n\t\t<div id=\"e-n-tab-content-2200403102\" role=\"tabpanel\" aria-labelledby=\"e-n-tab-title-2200403102\" data-tab-index=\"2\" style=\"--n-tabs-title-order: 2;\" class=\" elementor-element elementor-element-5cdb65e e-flex e-con-boxed e-con e-child\" data-id=\"5cdb65e\" data-element_type=\"container\" data-e-type=\"container\">\n\t\t\t\t\t<div class=\"e-con-inner\">\n\t\t\t\t<div class=\"elementor-element elementor-element-93aa27b elementor-widget elementor-widget-heading\" data-id=\"93aa27b\" data-element_type=\"widget\" data-e-type=\"widget\" data-widget_type=\"heading.default\">\n\t\t\t\t<div class=\"elementor-widget-container\">\n\t\t\t\t\t<h2 class=\"elementor-heading-title elementor-size-default\">Destinataris<\/h2>\t\t\t\t<\/div>\n\t\t\t\t<\/div>\n\t\t\t\t<div class=\"elementor-element elementor-element-2eb8dca elementor-widget elementor-widget-text-editor\" data-id=\"2eb8dca\" data-element_type=\"widget\" data-e-type=\"widget\" data-widget_type=\"text-editor.default\">\n\t\t\t\t<div class=\"elementor-widget-container\">\n\t\t\t\t\t\t\t\t\t<p>Treballadors que desenvolupen la seva activitat en empreses enquadrades en el marc del Conveni del Sector Metall en empreses que desenvolupen la seva activitat en obres de construcci\u00f3.<\/p>\t\t\t\t\t\t\t\t<\/div>\n\t\t\t\t<\/div>\n\t\t\t\t\t<\/div>\n\t\t\t\t<\/div>\n\t\t<div id=\"e-n-tab-content-2200403103\" role=\"tabpanel\" aria-labelledby=\"e-n-tab-title-2200403103\" data-tab-index=\"3\" style=\"--n-tabs-title-order: 3;\" class=\" elementor-element elementor-element-477db06 e-flex e-con-boxed e-con e-child\" data-id=\"477db06\" data-element_type=\"container\" data-e-type=\"container\">\n\t\t\t\t\t<div class=\"e-con-inner\">\n\t\t\t\t<div class=\"elementor-element elementor-element-90a0ecf elementor-widget elementor-widget-heading\" data-id=\"90a0ecf\" data-element_type=\"widget\" data-e-type=\"widget\" data-widget_type=\"heading.default\">\n\t\t\t\t<div class=\"elementor-widget-container\">\n\t\t\t\t\t<h2 class=\"elementor-heading-title elementor-size-default\">Objectius<\/h2>\t\t\t\t<\/div>\n\t\t\t\t<\/div>\n\t\t\t\t<div class=\"elementor-element elementor-element-a2673e8 elementor-widget elementor-widget-text-editor\" data-id=\"a2673e8\" data-element_type=\"widget\" data-e-type=\"widget\" data-widget_type=\"text-editor.default\">\n\t\t\t\t<div class=\"elementor-widget-container\">\n\t\t\t\t\t\t\t\t\t<p>Adquirir uns coneixements preventius b\u00e0sics i generals, que permetin l&#8217;aplicaci\u00f3 de t\u00e8cniques segures de treball durant l&#8217;execuci\u00f3 de les unitats d&#8217;obra que dugui a terme.<\/p>\t\t\t\t\t\t\t\t<\/div>\n\t\t\t\t<\/div>\n\t\t\t\t\t<\/div>\n\t\t\t\t<\/div>\n\t\t<div id=\"e-n-tab-content-2200403104\" role=\"tabpanel\" aria-labelledby=\"e-n-tab-title-2200403104\" data-tab-index=\"4\" style=\"--n-tabs-title-order: 4;\" class=\" elementor-element elementor-element-7009fcb e-flex e-con-boxed e-con e-child\" data-id=\"7009fcb\" data-element_type=\"container\" data-e-type=\"container\">\n\t\t\t\t\t<div class=\"e-con-inner\">\n\t\t<div class=\"elementor-element elementor-element-ecb3df4 e-con-full e-flex e-con e-child\" data-id=\"ecb3df4\" data-element_type=\"container\" data-e-type=\"container\">\n\t\t\t\t<div class=\"elementor-element elementor-element-abcfb96 elementor-widget elementor-widget-heading\" data-id=\"abcfb96\" data-element_type=\"widget\" data-e-type=\"widget\" data-widget_type=\"heading.default\">\n\t\t\t\t<div class=\"elementor-widget-container\">\n\t\t\t\t\t<h2 class=\"elementor-heading-title elementor-size-default\">Temari<\/h2>\t\t\t\t<\/div>\n\t\t\t\t<\/div>\n\t\t\t\t<div class=\"elementor-element elementor-element-cf27ac2 elementor-widget elementor-widget-text-editor\" data-id=\"cf27ac2\" data-element_type=\"widget\" data-e-type=\"widget\" data-widget_type=\"text-editor.default\">\n\t\t\t\t<div class=\"elementor-widget-container\">\n\t\t\t\t\t\t\t\t\t<ol><li><p><strong>Definici\u00f3 dels treballs.<\/strong><\/p><p>Depenent del lloc de treball, es podran definir els treballs seg\u00fcents: Treballs mec\u00e0nics, ferroviaris, instal\u00b7lacions d&#8217;edificis, els referits a instal\u00b7lacions de telecomunicacions, a instal\u00b7lacions de gas i aigua, aix\u00ed com altres m\u00e9s espec\u00edfics relatius a instal\u00b7lacions i manteniment urb\u00e0, muntatge i desmuntatge de bastides industrials i muntatge d&#8217;a\u00efllament industrial.<\/p><\/li><li><p><strong>T\u00e8cniques preventives espec\u00edfiques.<\/strong><\/p><ul><li><p>Identificaci\u00f3 de riscos.<\/p><\/li><li><p>Avaluaci\u00f3 de riscos del lloc (gen\u00e8rica).<\/p><\/li><li><p>Mitjans auxiliars (plataformes elevadores, bastides, escales de m\u00e0, m\u00e0quines de tir, de fre, d&#8217;empalmar, politges, gats, carros de sortida a conductors, perxes de verificaci\u00f3 d&#8217;abs\u00e8ncia de tensi\u00f3).<\/p><\/li><li><p>Equips de treball i eines: riscs i mesures preventives.<\/p><\/li><li><p>Treballs en altura.<\/p><\/li><li><p>Treballs en proximitat el\u00e8ctrica.<\/p><\/li><li><p>Espais confinats.<\/p><\/li><li><p>Manipulaci\u00f3 manual de c\u00e0rregues.<\/p><\/li><li><p>Mitjans de protecci\u00f3 col\u00b7lectiva (col\u00b7locaci\u00f3, usos i obligacions i manteniment).<\/p><\/li><li><p>Mitjans de protecci\u00f3 individual (col\u00b7locaci\u00f3, usos i obligacions i manteniment).<\/p><\/li><li><p>Materials i productes (etiquetatge, fitxes de dades de seguretat, frases R i S,\u2026).<\/p><\/li><li><p>Senyalitzaci\u00f3.<\/p><\/li><li><p>Connexions el\u00e8ctriques o mec\u00e0niques.<\/p><\/li><li><p>Manteniment i verificaci\u00f3, manual del fabricant, caracter\u00edstiques dels elements principals, dispositius de seguretat, documentaci\u00f3 i sistemes d&#8217;elevaci\u00f3.<\/p><\/li><\/ul><\/li><\/ol>\t\t\t\t\t\t\t\t<\/div>\n\t\t\t\t<\/div>\n\t\t\t\t<\/div>\n\t\t\t\t\t<\/div>\n\t\t\t\t<\/div>\n\t\t\t\t\t<\/div>\n\t\t<\/div>\n\t\t\t\t\t\t<\/div>\n\t\t\t\t<\/div>\n\t\t\t\t\t<\/div>\n\t\t\t\t<\/div>\n\t\t<div class=\"elementor-element elementor-element-12fcba2 e-flex e-con-boxed e-con e-parent\" data-id=\"12fcba2\" data-element_type=\"container\" data-e-type=\"container\">\n\t\t\t\t\t<div class=\"e-con-inner\">\n\t\t\t\t\t<\/div>\n\t\t\t\t<\/div>\n\t\t\t\t<\/div>\n\t\t","protected":false},"excerpt":{"rendered":"<div class=\"descripcio-breu\">Mitjan\u00e7ant aquesta formaci\u00f3, l&#8217;alumne adquirir\u00e0 els coneixements b\u00e0sics necessaris per identificar els riscos derivats de l&#8217;ofici i aplicar preventives a l&#8217;entorn de treball. D&#8217;aquesta manera, contribuir\u00e0 al control dels riscos i a minimitzar els danys que se&#8217;n puguin derivar.<\/div>\n","protected":false},"featured_media":3108,"template":"","meta":{"_acf_changed":false},"product_brand":[],"product_cat":[59,53],"product_tag":[69],"class_list":{"0":"post-3107","1":"product","2":"type-product","3":"status-publish","4":"has-post-thumbnail","6":"product_cat-conveni-metall-construccio","7":"product_cat-prevencio-de-riscos-laborals","8":"product_tag-presencial","10":"first","11":"instock","12":"virtual","13":"product-type-simple"},"acf":[],"yoast_head":"<!-- This site is optimized with the Yoast SEO plugin v26.9 - https:\/\/yoast.com\/product\/yoast-seo-wordpress\/ -->\n<title>Oficis metall en construcci\u00f3: Instal\u00b7lacions, reparacions, muntatges, carpinteria met\u00e0l\u00b7lica\u2026 (6h) - Mutuacat Empresa<\/title>\n<meta name=\"robots\" content=\"index, follow, max-snippet:-1, max-image-preview:large, max-video-preview:-1\" \/>\n<link rel=\"canonical\" href=\"https:\/\/www.mutuacat.cat\/empresa\/formacio\/oficis-metall-en-construccio-installacions-reparacions-muntatges-carpinteria-metallica-6h\/\" \/>\n<meta property=\"og:locale\" content=\"ca_ES\" \/>\n<meta property=\"og:type\" content=\"article\" \/>\n<meta property=\"og:title\" content=\"Oficis metall en construcci\u00f3: Instal\u00b7lacions, reparacions, muntatges, carpinteria met\u00e0l\u00b7lica\u2026 (6h) - Mutuacat Empresa\" \/>\n<meta property=\"og:description\" content=\"Mitjan\u00e7ant aquesta formaci\u00f3, l&#039;alumne adquirir\u00e0 els coneixements b\u00e0sics necessaris per identificar els riscos derivats de l&#039;ofici i aplicar preventives a l&#039;entorn de treball. D&#039;aquesta manera, contribuir\u00e0 al control dels riscos i a minimitzar els danys que se&#039;n puguin derivar.\" \/>\n<meta property=\"og:url\" content=\"https:\/\/www.mutuacat.cat\/empresa\/formacio\/oficis-metall-en-construccio-installacions-reparacions-muntatges-carpinteria-metallica-6h\/\" \/>\n<meta property=\"og:site_name\" content=\"Mutuacat Empresa\" \/>\n<meta property=\"article:modified_time\" content=\"2026-04-15T11:12:30+00:00\" \/>\n<meta property=\"og:image\" content=\"https:\/\/www.mutuacat.cat\/empresa\/wp-content\/uploads\/2025\/11\/cursos-oficis.jpg\" \/>\n\t<meta property=\"og:image:width\" content=\"800\" \/>\n\t<meta property=\"og:image:height\" content=\"800\" \/>\n\t<meta property=\"og:image:type\" content=\"image\/jpeg\" \/>\n<meta name=\"twitter:card\" content=\"summary_large_image\" \/>\n<meta name=\"twitter:label1\" content=\"Temps estimat de lectura\" \/>\n\t<meta name=\"twitter:data1\" content=\"4 minuts\" \/>\n<script type=\"application\/ld+json\" class=\"yoast-schema-graph\">{\"@context\":\"https:\/\/schema.org\",\"@graph\":[{\"@type\":\"WebPage\",\"@id\":\"https:\/\/www.mutuacat.cat\/empresa\/formacio\/oficis-metall-en-construccio-installacions-reparacions-muntatges-carpinteria-metallica-6h\/\",\"url\":\"https:\/\/www.mutuacat.cat\/empresa\/formacio\/oficis-metall-en-construccio-installacions-reparacions-muntatges-carpinteria-metallica-6h\/\",\"name\":\"Oficis metall en construcci\u00f3: Instal\u00b7lacions, reparacions, muntatges, carpinteria met\u00e0l\u00b7lica\u2026 (6h) - Mutuacat Empresa\",\"isPartOf\":{\"@id\":\"https:\/\/www.mutuacat.cat\/empresa\/#website\"},\"primaryImageOfPage\":{\"@id\":\"https:\/\/www.mutuacat.cat\/empresa\/formacio\/oficis-metall-en-construccio-installacions-reparacions-muntatges-carpinteria-metallica-6h\/#primaryimage\"},\"image\":{\"@id\":\"https:\/\/www.mutuacat.cat\/empresa\/formacio\/oficis-metall-en-construccio-installacions-reparacions-muntatges-carpinteria-metallica-6h\/#primaryimage\"},\"thumbnailUrl\":\"https:\/\/www.mutuacat.cat\/empresa\/wp-content\/uploads\/2025\/11\/cursos-oficis.jpg\",\"datePublished\":\"2025-11-11T10:45:02+00:00\",\"dateModified\":\"2026-04-15T11:12:30+00:00\",\"breadcrumb\":{\"@id\":\"https:\/\/www.mutuacat.cat\/empresa\/formacio\/oficis-metall-en-construccio-installacions-reparacions-muntatges-carpinteria-metallica-6h\/#breadcrumb\"},\"inLanguage\":\"ca\",\"potentialAction\":[{\"@type\":\"ReadAction\",\"target\":[\"https:\/\/www.mutuacat.cat\/empresa\/formacio\/oficis-metall-en-construccio-installacions-reparacions-muntatges-carpinteria-metallica-6h\/\"]}]},{\"@type\":\"ImageObject\",\"inLanguage\":\"ca\",\"@id\":\"https:\/\/www.mutuacat.cat\/empresa\/formacio\/oficis-metall-en-construccio-installacions-reparacions-muntatges-carpinteria-metallica-6h\/#primaryimage\",\"url\":\"https:\/\/www.mutuacat.cat\/empresa\/wp-content\/uploads\/2025\/11\/cursos-oficis.jpg\",\"contentUrl\":\"https:\/\/www.mutuacat.cat\/empresa\/wp-content\/uploads\/2025\/11\/cursos-oficis.jpg\",\"width\":800,\"height\":800},{\"@type\":\"BreadcrumbList\",\"@id\":\"https:\/\/www.mutuacat.cat\/empresa\/formacio\/oficis-metall-en-construccio-installacions-reparacions-muntatges-carpinteria-metallica-6h\/#breadcrumb\",\"itemListElement\":[{\"@type\":\"ListItem\",\"position\":1,\"name\":\"Inici\",\"item\":\"https:\/\/www.mutuacat.cat\/empresa\/\"},{\"@type\":\"ListItem\",\"position\":2,\"name\":\"Formaci\u00f3\",\"item\":\"https:\/\/www.mutuacat.cat\/empresa\/formacio\/\"},{\"@type\":\"ListItem\",\"position\":3,\"name\":\"Oficis metall en construcci\u00f3: Instal\u00b7lacions, reparacions, muntatges, carpinteria met\u00e0l\u00b7lica\u2026 (6h)\"}]},{\"@type\":\"WebSite\",\"@id\":\"https:\/\/www.mutuacat.cat\/empresa\/#website\",\"url\":\"https:\/\/www.mutuacat.cat\/empresa\/\",\"name\":\"Mutuacat Empresa\",\"description\":\"\",\"potentialAction\":[{\"@type\":\"SearchAction\",\"target\":{\"@type\":\"EntryPoint\",\"urlTemplate\":\"https:\/\/www.mutuacat.cat\/empresa\/?s={search_term_string}\"},\"query-input\":{\"@type\":\"PropertyValueSpecification\",\"valueRequired\":true,\"valueName\":\"search_term_string\"}}],\"inLanguage\":\"ca\"}]}<\/script>\n<!-- \/ Yoast SEO plugin. -->","yoast_head_json":{"title":"Oficis metall en construcci\u00f3: Instal\u00b7lacions, reparacions, muntatges, carpinteria met\u00e0l\u00b7lica\u2026 (6h) - Mutuacat Empresa","robots":{"index":"index","follow":"follow","max-snippet":"max-snippet:-1","max-image-preview":"max-image-preview:large","max-video-preview":"max-video-preview:-1"},"canonical":"https:\/\/www.mutuacat.cat\/empresa\/formacio\/oficis-metall-en-construccio-installacions-reparacions-muntatges-carpinteria-metallica-6h\/","og_locale":"ca_ES","og_type":"article","og_title":"Oficis metall en construcci\u00f3: Instal\u00b7lacions, reparacions, muntatges, carpinteria met\u00e0l\u00b7lica\u2026 (6h) - Mutuacat Empresa","og_description":"Mitjan\u00e7ant aquesta formaci\u00f3, l'alumne adquirir\u00e0 els coneixements b\u00e0sics necessaris per identificar els riscos derivats de l'ofici i aplicar preventives a l'entorn de treball. D'aquesta manera, contribuir\u00e0 al control dels riscos i a minimitzar els danys que se'n puguin derivar.","og_url":"https:\/\/www.mutuacat.cat\/empresa\/formacio\/oficis-metall-en-construccio-installacions-reparacions-muntatges-carpinteria-metallica-6h\/","og_site_name":"Mutuacat Empresa","article_modified_time":"2026-04-15T11:12:30+00:00","og_image":[{"width":800,"height":800,"url":"https:\/\/www.mutuacat.cat\/empresa\/wp-content\/uploads\/2025\/11\/cursos-oficis.jpg","type":"image\/jpeg"}],"twitter_card":"summary_large_image","twitter_misc":{"Temps estimat de lectura":"4 minuts"},"schema":{"@context":"https:\/\/schema.org","@graph":[{"@type":"WebPage","@id":"https:\/\/www.mutuacat.cat\/empresa\/formacio\/oficis-metall-en-construccio-installacions-reparacions-muntatges-carpinteria-metallica-6h\/","url":"https:\/\/www.mutuacat.cat\/empresa\/formacio\/oficis-metall-en-construccio-installacions-reparacions-muntatges-carpinteria-metallica-6h\/","name":"Oficis metall en construcci\u00f3: Instal\u00b7lacions, reparacions, muntatges, carpinteria met\u00e0l\u00b7lica\u2026 (6h) - Mutuacat Empresa","isPartOf":{"@id":"https:\/\/www.mutuacat.cat\/empresa\/#website"},"primaryImageOfPage":{"@id":"https:\/\/www.mutuacat.cat\/empresa\/formacio\/oficis-metall-en-construccio-installacions-reparacions-muntatges-carpinteria-metallica-6h\/#primaryimage"},"image":{"@id":"https:\/\/www.mutuacat.cat\/empresa\/formacio\/oficis-metall-en-construccio-installacions-reparacions-muntatges-carpinteria-metallica-6h\/#primaryimage"},"thumbnailUrl":"https:\/\/www.mutuacat.cat\/empresa\/wp-content\/uploads\/2025\/11\/cursos-oficis.jpg","datePublished":"2025-11-11T10:45:02+00:00","dateModified":"2026-04-15T11:12:30+00:00","breadcrumb":{"@id":"https:\/\/www.mutuacat.cat\/empresa\/formacio\/oficis-metall-en-construccio-installacions-reparacions-muntatges-carpinteria-metallica-6h\/#breadcrumb"},"inLanguage":"ca","potentialAction":[{"@type":"ReadAction","target":["https:\/\/www.mutuacat.cat\/empresa\/formacio\/oficis-metall-en-construccio-installacions-reparacions-muntatges-carpinteria-metallica-6h\/"]}]},{"@type":"ImageObject","inLanguage":"ca","@id":"https:\/\/www.mutuacat.cat\/empresa\/formacio\/oficis-metall-en-construccio-installacions-reparacions-muntatges-carpinteria-metallica-6h\/#primaryimage","url":"https:\/\/www.mutuacat.cat\/empresa\/wp-content\/uploads\/2025\/11\/cursos-oficis.jpg","contentUrl":"https:\/\/www.mutuacat.cat\/empresa\/wp-content\/uploads\/2025\/11\/cursos-oficis.jpg","width":800,"height":800},{"@type":"BreadcrumbList","@id":"https:\/\/www.mutuacat.cat\/empresa\/formacio\/oficis-metall-en-construccio-installacions-reparacions-muntatges-carpinteria-metallica-6h\/#breadcrumb","itemListElement":[{"@type":"ListItem","position":1,"name":"Inici","item":"https:\/\/www.mutuacat.cat\/empresa\/"},{"@type":"ListItem","position":2,"name":"Formaci\u00f3","item":"https:\/\/www.mutuacat.cat\/empresa\/formacio\/"},{"@type":"ListItem","position":3,"name":"Oficis metall en construcci\u00f3: Instal\u00b7lacions, reparacions, muntatges, carpinteria met\u00e0l\u00b7lica\u2026 (6h)"}]},{"@type":"WebSite","@id":"https:\/\/www.mutuacat.cat\/empresa\/#website","url":"https:\/\/www.mutuacat.cat\/empresa\/","name":"Mutuacat Empresa","description":"","potentialAction":[{"@type":"SearchAction","target":{"@type":"EntryPoint","urlTemplate":"https:\/\/www.mutuacat.cat\/empresa\/?s={search_term_string}"},"query-input":{"@type":"PropertyValueSpecification","valueRequired":true,"valueName":"search_term_string"}}],"inLanguage":"ca"}]}},"_links":{"self":[{"href":"https:\/\/www.mutuacat.cat\/empresa\/wp-json\/wp\/v2\/product\/3107","targetHints":{"allow":["GET"]}}],"collection":[{"href":"https:\/\/www.mutuacat.cat\/empresa\/wp-json\/wp\/v2\/product"}],"about":[{"href":"https:\/\/www.mutuacat.cat\/empresa\/wp-json\/wp\/v2\/types\/product"}],"version-history":[{"count":25,"href":"https:\/\/www.mutuacat.cat\/empresa\/wp-json\/wp\/v2\/product\/3107\/revisions"}],"predecessor-version":[{"id":4879,"href":"https:\/\/www.mutuacat.cat\/empresa\/wp-json\/wp\/v2\/product\/3107\/revisions\/4879"}],"wp:featuredmedia":[{"embeddable":true,"href":"https:\/\/www.mutuacat.cat\/empresa\/wp-json\/wp\/v2\/media\/3108"}],"wp:attachment":[{"href":"https:\/\/www.mutuacat.cat\/empresa\/wp-json\/wp\/v2\/media?parent=3107"}],"wp:term":[{"taxonomy":"product_brand","embeddable":true,"href":"https:\/\/www.mutuacat.cat\/empresa\/wp-json\/wp\/v2\/product_brand?post=3107"},{"taxonomy":"product_cat","embeddable":true,"href":"https:\/\/www.mutuacat.cat\/empresa\/wp-json\/wp\/v2\/product_cat?post=3107"},{"taxonomy":"product_tag","embeddable":true,"href":"https:\/\/www.mutuacat.cat\/empresa\/wp-json\/wp\/v2\/product_tag?post=3107"}],"curies":[{"name":"wp","href":"https:\/\/api.w.org\/{rel}","templated":true}]}}