{"id":3132,"date":"2025-11-11T12:22:46","date_gmt":"2025-11-11T12:22:46","guid":{"rendered":"https:\/\/www.mutuacat.cat\/empresa\/?post_type=product&#038;p=3132"},"modified":"2026-02-17T11:15:49","modified_gmt":"2026-02-17T11:15:49","slug":"prl-en-treballs-de-paleteria-6h","status":"publish","type":"product","link":"https:\/\/www.mutuacat.cat\/empresa\/formacio\/prl-en-treballs-de-paleteria-6h\/","title":{"rendered":"PRL en treballs de paleteria (6h)"},"content":{"rendered":"\t\t<div data-elementor-type=\"product-post\" data-elementor-id=\"3132\" class=\"elementor elementor-3132\" data-elementor-post-type=\"product\">\n\t\t\t\t<div class=\"elementor-element elementor-element-a2d75ab e-flex e-con-boxed e-con e-parent\" data-id=\"a2d75ab\" data-element_type=\"container\" data-e-type=\"container\">\n\t\t\t\t\t<div class=\"e-con-inner\">\n\t\t\t\t<div class=\"elementor-element elementor-element-c44da85 e-n-tabs-mobile elementor-widget elementor-widget-n-tabs\" data-id=\"c44da85\" data-element_type=\"widget\" data-e-type=\"widget\" data-settings=\"{&quot;horizontal_scroll&quot;:&quot;disable&quot;}\" data-widget_type=\"nested-tabs.default\">\n\t\t\t\t<div class=\"elementor-widget-container\">\n\t\t\t\t\t\t\t<div class=\"e-n-tabs\" data-widget-number=\"205838981\" aria-label=\"Tabuladors. Obre elements amb Retorn o Espai, tanca amb Esc i navega amb les tecles de fletxa.\">\n\t\t\t<div class=\"e-n-tabs-heading\" role=\"tablist\">\n\t\t\t\t\t<button id=\"e-n-tab-title-2058389811\" data-tab-title-id=\"e-n-tab-title-2058389811\" class=\"e-n-tab-title\" aria-selected=\"true\" data-tab-index=\"1\" role=\"tab\" tabindex=\"0\" aria-controls=\"e-n-tab-content-2058389811\" style=\"--n-tabs-title-order: 1;\">\n\t\t\t\t\t\t<span class=\"e-n-tab-title-text\">\n\t\t\t\tConvocat\u00f2ries\t\t\t<\/span>\n\t\t<\/button>\n\t\t\t\t<button id=\"e-n-tab-title-2058389812\" data-tab-title-id=\"e-n-tab-title-2058389812\" class=\"e-n-tab-title\" aria-selected=\"false\" data-tab-index=\"2\" role=\"tab\" tabindex=\"-1\" aria-controls=\"e-n-tab-content-2058389812\" style=\"--n-tabs-title-order: 2;\">\n\t\t\t\t\t\t<span class=\"e-n-tab-title-text\">\n\t\t\t\tObjectius\t\t\t<\/span>\n\t\t<\/button>\n\t\t\t\t<button id=\"e-n-tab-title-2058389813\" data-tab-title-id=\"e-n-tab-title-2058389813\" class=\"e-n-tab-title\" aria-selected=\"false\" data-tab-index=\"3\" role=\"tab\" tabindex=\"-1\" aria-controls=\"e-n-tab-content-2058389813\" style=\"--n-tabs-title-order: 3;\">\n\t\t\t\t\t\t<span class=\"e-n-tab-title-text\">\n\t\t\t\tContinguts\t\t\t<\/span>\n\t\t<\/button>\n\t\t\t\t\t<\/div>\n\t\t\t<div class=\"e-n-tabs-content\">\n\t\t\t\t<div id=\"e-n-tab-content-2058389811\" role=\"tabpanel\" aria-labelledby=\"e-n-tab-title-2058389811\" data-tab-index=\"1\" style=\"--n-tabs-title-order: 1;\" class=\"e-active elementor-element elementor-element-fb4c1a5 e-con-full e-flex e-con e-child\" data-id=\"fb4c1a5\" data-element_type=\"container\" data-e-type=\"container\">\n\t\t<div class=\"elementor-element elementor-element-4b29902 e-flex e-con-boxed e-con e-child\" data-id=\"4b29902\" data-element_type=\"container\" data-e-type=\"container\">\n\t\t\t\t\t<div class=\"e-con-inner\">\n\t\t\t\t<div class=\"elementor-element elementor-element-3116153 elementor-widget elementor-widget-heading\" data-id=\"3116153\" data-element_type=\"widget\" data-e-type=\"widget\" data-widget_type=\"heading.default\">\n\t\t\t\t<div class=\"elementor-widget-container\">\n\t\t\t\t\t<h2 class=\"elementor-heading-title elementor-size-default\">Convocat\u00f2ries<\/h2>\t\t\t\t<\/div>\n\t\t\t\t<\/div>\n\t\t\t\t\t<\/div>\n\t\t\t\t<\/div>\n\t\t\t\t<div class=\"elementor-element elementor-element-b2c9354 elementor-widget elementor-widget-shortcode\" data-id=\"b2c9354\" data-element_type=\"widget\" data-e-type=\"widget\" data-widget_type=\"shortcode.default\">\n\t\t\t\t<div class=\"elementor-widget-container\">\n\t\t\t\t\tConsulteu disponibilitat a sominfo@mutuacat.cat.\t\t<div class=\"elementor-shortcode\"><\/div>\n\t\t\t\t\t\t<\/div>\n\t\t\t\t<\/div>\n\t\t\t\t<\/div>\n\t\t<div id=\"e-n-tab-content-2058389812\" role=\"tabpanel\" aria-labelledby=\"e-n-tab-title-2058389812\" data-tab-index=\"2\" style=\"--n-tabs-title-order: 2;\" class=\" elementor-element elementor-element-750f8c9 e-flex e-con-boxed e-con e-child\" data-id=\"750f8c9\" data-element_type=\"container\" data-e-type=\"container\">\n\t\t\t\t\t<div class=\"e-con-inner\">\n\t\t\t\t<div class=\"elementor-element elementor-element-0b3c0fc elementor-widget elementor-widget-heading\" data-id=\"0b3c0fc\" data-element_type=\"widget\" data-e-type=\"widget\" data-widget_type=\"heading.default\">\n\t\t\t\t<div class=\"elementor-widget-container\">\n\t\t\t\t\t<h2 class=\"elementor-heading-title elementor-size-default\">Objectius<\/h2>\t\t\t\t<\/div>\n\t\t\t\t<\/div>\n\t\t\t\t<div class=\"elementor-element elementor-element-ed4db28 elementor-widget elementor-widget-text-editor\" data-id=\"ed4db28\" data-element_type=\"widget\" data-e-type=\"widget\" data-widget_type=\"text-editor.default\">\n\t\t\t\t<div class=\"elementor-widget-container\">\n\t\t\t\t\t\t\t\t\t<p><strong>OBJECTIU GENERAL<\/strong><\/p><p>Adquirir els coneixements necessaris, tant te\u00f2rics com pr\u00e0ctics, per a l\u2019aplicaci\u00f3 de t\u00e8cniques segures de treball durant l\u2019execuci\u00f3 de les unitats d\u2019obra que es duguin a terme.<\/p><p><strong>OBJECTIUS ESPEC\u00cdFICS<\/strong><\/p><ul><li><div class=\"x_elementToProof\" role=\"presentation\"><span class=\"x_elementToProof\" data-olk-copy-source=\"MessageBody\">Identificar les activitats, sistemes d\u2019execuci\u00f3, materials i equips de treball inclosos en l\u2019ofici de paleta.<\/span><\/div><\/li><li><div class=\"x_elementToProof\" role=\"presentation\"><span class=\"x_elementToProof\">Recon\u00e8ixer i avaluar els riscos espec\u00edfics inherents a les tasques, equips de treball i \u00e0rees d\u2019aquest ofici, aix\u00ed com con\u00e8ixer les t\u00e8cniques preventives concretes.<\/span><\/div><\/li><li><div class=\"x_elementToProof\" role=\"presentation\"><span class=\"x_elementToProof\">Con\u00e8ixer els mitjans de protecci\u00f3 col\u00b7lectiva i els equips de protecci\u00f3 individual que s\u2019utilitzen amb m\u00e9s freq\u00fc\u00e8ncia en aquest ofici, aix\u00ed com motivar i capacitar el treballador per al seu \u00fas i manteniment correctes.<\/span><\/div><\/li><li><div class=\"x_elementToProof\" role=\"presentation\"><span class=\"x_elementToProof\">Con\u00e8ixer els mecanismes per a la planificaci\u00f3 de les tasques des d\u2019un punt de vista preventiu.<\/span><\/div><\/li><li><div class=\"x_elementToProof\" role=\"presentation\"><span class=\"x_elementToProof\">Fomentar la participaci\u00f3 i la implicaci\u00f3 de cada treballador en l\u2019aplicaci\u00f3 de la prevenci\u00f3 en el seu ofici.<\/span><\/div><\/li><\/ul>\t\t\t\t\t\t\t\t<\/div>\n\t\t\t\t<\/div>\n\t\t<div class=\"elementor-element elementor-element-f9888f9 e-con-full e-flex e-con e-child\" data-id=\"f9888f9\" data-element_type=\"container\" data-e-type=\"container\">\n\t\t\t\t<\/div>\n\t\t\t\t\t<\/div>\n\t\t\t\t<\/div>\n\t\t<div id=\"e-n-tab-content-2058389813\" role=\"tabpanel\" aria-labelledby=\"e-n-tab-title-2058389813\" data-tab-index=\"3\" style=\"--n-tabs-title-order: 3;\" class=\" elementor-element elementor-element-e93bb24 e-flex e-con-boxed e-con e-child\" data-id=\"e93bb24\" data-element_type=\"container\" data-e-type=\"container\">\n\t\t\t\t\t<div class=\"e-con-inner\">\n\t\t<div class=\"elementor-element elementor-element-46829df e-con-full e-flex e-con e-child\" data-id=\"46829df\" data-element_type=\"container\" data-e-type=\"container\">\n\t\t\t\t<div class=\"elementor-element elementor-element-518b722 elementor-widget elementor-widget-heading\" data-id=\"518b722\" data-element_type=\"widget\" data-e-type=\"widget\" data-widget_type=\"heading.default\">\n\t\t\t\t<div class=\"elementor-widget-container\">\n\t\t\t\t\t<h2 class=\"elementor-heading-title elementor-size-default\">Continguts<\/h2>\t\t\t\t<\/div>\n\t\t\t\t<\/div>\n\t\t\t\t<div class=\"elementor-element elementor-element-8da8170 elementor-widget elementor-widget-text-editor\" data-id=\"8da8170\" data-element_type=\"widget\" data-e-type=\"widget\" data-widget_type=\"text-editor.default\">\n\t\t\t\t<div class=\"elementor-widget-container\">\n\t\t\t\t\t\t\t\t\t<div class=\"x_elementToProof\">Els continguts que es relacionen a continuaci\u00f3 s\u2019ajusten al que s\u2019especifica a l\u2019Annex XII, apartat 2, del Conveni General del Sector de la Construcci\u00f3.<\/div>\n<p class=\"x_elementToProof\"><strong>1. Definici\u00f3 dels treballs<\/strong><\/p>\n\n<ul>\n \t<li class=\"x_elementToProof\">Fa\u00e7anes (f\u00e0brica de ma\u00f3 i revestiment de ciment).<\/li>\n \t<li class=\"x_elementToProof\">Distribuci\u00f3 interior (envans).<\/li>\n \t<li class=\"x_elementToProof\">Materials (cer\u00e0mics, cartr\u00f3-guix, escaiola\u2026).<\/li>\n<\/ul>\n<p class=\"x_elementToProof\"><strong>2. T\u00e8cniques preventives espec\u00edfiques<\/strong><\/p>\n\n<ul>\n \t<li class=\"x_elementToProof\">Identificaci\u00f3 de riscos.<\/li>\n \t<li class=\"x_elementToProof\">Avaluaci\u00f3 de riscos del lloc de treball (gen\u00e8rica).<\/li>\n \t<li class=\"x_elementToProof\">Mitjans auxiliars: bastides, plataformes de treball\u2026<\/li>\n \t<li class=\"x_elementToProof\">Equips de treball i eines: riscos i mesures preventives.<\/li>\n \t<li class=\"x_elementToProof\">Manipulaci\u00f3 manual de c\u00e0rregues.<\/li>\n \t<li class=\"x_elementToProof\">Mitjans de protecci\u00f3 col\u00b7lectiva (col\u00b7locaci\u00f3, \u00fas, obligacions i manteniment).<\/li>\n \t<li class=\"x_elementToProof\">Equips de protecci\u00f3 individual (col\u00b7locaci\u00f3, \u00fas, obligacions i manteniment).\nMaterials i productes (etiquetatge, fitxes de dades de seguretat, frases H i P\u2026).<\/li>\n<\/ul>\t\t\t\t\t\t\t\t<\/div>\n\t\t\t\t<\/div>\n\t\t\t\t<\/div>\n\t\t\t\t\t<\/div>\n\t\t\t\t<\/div>\n\t\t\t\t\t<\/div>\n\t\t<\/div>\n\t\t\t\t\t\t<\/div>\n\t\t\t\t<\/div>\n\t\t\t\t\t<\/div>\n\t\t\t\t<\/div>\n\t\t\t\t<\/div>\n\t\t","protected":false},"excerpt":{"rendered":"<p>Prevenci\u00f3 dels riscos laborals derivats de l&#8217;ofici de paleta.<\/p>\n","protected":false},"featured_media":3133,"template":"","meta":{"_acf_changed":false},"product_brand":[],"product_cat":[59,53],"product_tag":[69],"class_list":{"0":"post-3132","1":"product","2":"type-product","3":"status-publish","4":"has-post-thumbnail","6":"product_cat-conveni-metall-construccio","7":"product_cat-prevencio-de-riscos-laborals","8":"product_tag-presencial","10":"first","11":"instock","12":"virtual","13":"product-type-simple"},"acf":[],"yoast_head":"<!-- This site is optimized with the Yoast SEO plugin v26.9 - https:\/\/yoast.com\/product\/yoast-seo-wordpress\/ -->\n<title>Curs de PRL en treballs de paleteria (6h) - Mutuacat Empresa<\/title>\n<meta name=\"robots\" content=\"index, follow, max-snippet:-1, max-image-preview:large, max-video-preview:-1\" \/>\n<link rel=\"canonical\" href=\"https:\/\/www.mutuacat.cat\/empresa\/formacio\/prl-en-treballs-de-paleteria-6h\/\" \/>\n<meta property=\"og:locale\" content=\"ca_ES\" \/>\n<meta property=\"og:type\" content=\"article\" \/>\n<meta property=\"og:title\" content=\"Curs de PRL en treballs de paleteria (6h) - Mutuacat Empresa\" \/>\n<meta property=\"og:description\" content=\"Prevenci\u00f3 dels riscos laborals derivats de l&#039;ofici de paleta.\" \/>\n<meta property=\"og:url\" content=\"https:\/\/www.mutuacat.cat\/empresa\/formacio\/prl-en-treballs-de-paleteria-6h\/\" \/>\n<meta property=\"og:site_name\" content=\"Mutuacat Empresa\" \/>\n<meta property=\"article:modified_time\" content=\"2026-02-17T11:15:49+00:00\" \/>\n<meta property=\"og:image\" content=\"https:\/\/www.mutuacat.cat\/empresa\/wp-content\/uploads\/2025\/11\/xpaleta-6h.jpg.pagespeed.ic_.kFVmpk8ReG.webp\" \/>\n\t<meta property=\"og:image:width\" content=\"800\" \/>\n\t<meta property=\"og:image:height\" content=\"800\" \/>\n\t<meta property=\"og:image:type\" content=\"image\/webp\" \/>\n<meta name=\"twitter:card\" content=\"summary_large_image\" \/>\n<script type=\"application\/ld+json\" class=\"yoast-schema-graph\">{\"@context\":\"https:\/\/schema.org\",\"@graph\":[{\"@type\":\"WebPage\",\"@id\":\"https:\/\/www.mutuacat.cat\/empresa\/formacio\/prl-en-treballs-de-paleteria-6h\/\",\"url\":\"https:\/\/www.mutuacat.cat\/empresa\/formacio\/prl-en-treballs-de-paleteria-6h\/\",\"name\":\"Curs de PRL en treballs de paleteria (6h) - Mutuacat Empresa\",\"isPartOf\":{\"@id\":\"https:\/\/www.mutuacat.cat\/empresa\/#website\"},\"primaryImageOfPage\":{\"@id\":\"https:\/\/www.mutuacat.cat\/empresa\/formacio\/prl-en-treballs-de-paleteria-6h\/#primaryimage\"},\"image\":{\"@id\":\"https:\/\/www.mutuacat.cat\/empresa\/formacio\/prl-en-treballs-de-paleteria-6h\/#primaryimage\"},\"thumbnailUrl\":\"https:\/\/www.mutuacat.cat\/empresa\/wp-content\/uploads\/2025\/11\/xpaleta-6h.jpg.pagespeed.ic_.kFVmpk8ReG.webp\",\"datePublished\":\"2025-11-11T12:22:46+00:00\",\"dateModified\":\"2026-02-17T11:15:49+00:00\",\"breadcrumb\":{\"@id\":\"https:\/\/www.mutuacat.cat\/empresa\/formacio\/prl-en-treballs-de-paleteria-6h\/#breadcrumb\"},\"inLanguage\":\"ca\",\"potentialAction\":[{\"@type\":\"ReadAction\",\"target\":[\"https:\/\/www.mutuacat.cat\/empresa\/formacio\/prl-en-treballs-de-paleteria-6h\/\"]}]},{\"@type\":\"ImageObject\",\"inLanguage\":\"ca\",\"@id\":\"https:\/\/www.mutuacat.cat\/empresa\/formacio\/prl-en-treballs-de-paleteria-6h\/#primaryimage\",\"url\":\"https:\/\/www.mutuacat.cat\/empresa\/wp-content\/uploads\/2025\/11\/xpaleta-6h.jpg.pagespeed.ic_.kFVmpk8ReG.webp\",\"contentUrl\":\"https:\/\/www.mutuacat.cat\/empresa\/wp-content\/uploads\/2025\/11\/xpaleta-6h.jpg.pagespeed.ic_.kFVmpk8ReG.webp\",\"width\":800,\"height\":800},{\"@type\":\"BreadcrumbList\",\"@id\":\"https:\/\/www.mutuacat.cat\/empresa\/formacio\/prl-en-treballs-de-paleteria-6h\/#breadcrumb\",\"itemListElement\":[{\"@type\":\"ListItem\",\"position\":1,\"name\":\"Inici\",\"item\":\"https:\/\/www.mutuacat.cat\/empresa\/\"},{\"@type\":\"ListItem\",\"position\":2,\"name\":\"Formaci\u00f3\",\"item\":\"https:\/\/www.mutuacat.cat\/empresa\/formacio\/\"},{\"@type\":\"ListItem\",\"position\":3,\"name\":\"PRL en treballs de paleteria (6h)\"}]},{\"@type\":\"WebSite\",\"@id\":\"https:\/\/www.mutuacat.cat\/empresa\/#website\",\"url\":\"https:\/\/www.mutuacat.cat\/empresa\/\",\"name\":\"Mutuacat Empresa\",\"description\":\"\",\"potentialAction\":[{\"@type\":\"SearchAction\",\"target\":{\"@type\":\"EntryPoint\",\"urlTemplate\":\"https:\/\/www.mutuacat.cat\/empresa\/?s={search_term_string}\"},\"query-input\":{\"@type\":\"PropertyValueSpecification\",\"valueRequired\":true,\"valueName\":\"search_term_string\"}}],\"inLanguage\":\"ca\"}]}<\/script>\n<!-- \/ Yoast SEO plugin. -->","yoast_head_json":{"title":"Curs de PRL en treballs de paleteria (6h) - Mutuacat Empresa","robots":{"index":"index","follow":"follow","max-snippet":"max-snippet:-1","max-image-preview":"max-image-preview:large","max-video-preview":"max-video-preview:-1"},"canonical":"https:\/\/www.mutuacat.cat\/empresa\/formacio\/prl-en-treballs-de-paleteria-6h\/","og_locale":"ca_ES","og_type":"article","og_title":"Curs de PRL en treballs de paleteria (6h) - Mutuacat Empresa","og_description":"Prevenci\u00f3 dels riscos laborals derivats de l'ofici de paleta.","og_url":"https:\/\/www.mutuacat.cat\/empresa\/formacio\/prl-en-treballs-de-paleteria-6h\/","og_site_name":"Mutuacat Empresa","article_modified_time":"2026-02-17T11:15:49+00:00","og_image":[{"width":800,"height":800,"url":"https:\/\/www.mutuacat.cat\/empresa\/wp-content\/uploads\/2025\/11\/xpaleta-6h.jpg.pagespeed.ic_.kFVmpk8ReG.webp","type":"image\/webp"}],"twitter_card":"summary_large_image","schema":{"@context":"https:\/\/schema.org","@graph":[{"@type":"WebPage","@id":"https:\/\/www.mutuacat.cat\/empresa\/formacio\/prl-en-treballs-de-paleteria-6h\/","url":"https:\/\/www.mutuacat.cat\/empresa\/formacio\/prl-en-treballs-de-paleteria-6h\/","name":"Curs de PRL en treballs de paleteria (6h) - Mutuacat Empresa","isPartOf":{"@id":"https:\/\/www.mutuacat.cat\/empresa\/#website"},"primaryImageOfPage":{"@id":"https:\/\/www.mutuacat.cat\/empresa\/formacio\/prl-en-treballs-de-paleteria-6h\/#primaryimage"},"image":{"@id":"https:\/\/www.mutuacat.cat\/empresa\/formacio\/prl-en-treballs-de-paleteria-6h\/#primaryimage"},"thumbnailUrl":"https:\/\/www.mutuacat.cat\/empresa\/wp-content\/uploads\/2025\/11\/xpaleta-6h.jpg.pagespeed.ic_.kFVmpk8ReG.webp","datePublished":"2025-11-11T12:22:46+00:00","dateModified":"2026-02-17T11:15:49+00:00","breadcrumb":{"@id":"https:\/\/www.mutuacat.cat\/empresa\/formacio\/prl-en-treballs-de-paleteria-6h\/#breadcrumb"},"inLanguage":"ca","potentialAction":[{"@type":"ReadAction","target":["https:\/\/www.mutuacat.cat\/empresa\/formacio\/prl-en-treballs-de-paleteria-6h\/"]}]},{"@type":"ImageObject","inLanguage":"ca","@id":"https:\/\/www.mutuacat.cat\/empresa\/formacio\/prl-en-treballs-de-paleteria-6h\/#primaryimage","url":"https:\/\/www.mutuacat.cat\/empresa\/wp-content\/uploads\/2025\/11\/xpaleta-6h.jpg.pagespeed.ic_.kFVmpk8ReG.webp","contentUrl":"https:\/\/www.mutuacat.cat\/empresa\/wp-content\/uploads\/2025\/11\/xpaleta-6h.jpg.pagespeed.ic_.kFVmpk8ReG.webp","width":800,"height":800},{"@type":"BreadcrumbList","@id":"https:\/\/www.mutuacat.cat\/empresa\/formacio\/prl-en-treballs-de-paleteria-6h\/#breadcrumb","itemListElement":[{"@type":"ListItem","position":1,"name":"Inici","item":"https:\/\/www.mutuacat.cat\/empresa\/"},{"@type":"ListItem","position":2,"name":"Formaci\u00f3","item":"https:\/\/www.mutuacat.cat\/empresa\/formacio\/"},{"@type":"ListItem","position":3,"name":"PRL en treballs de paleteria (6h)"}]},{"@type":"WebSite","@id":"https:\/\/www.mutuacat.cat\/empresa\/#website","url":"https:\/\/www.mutuacat.cat\/empresa\/","name":"Mutuacat Empresa","description":"","potentialAction":[{"@type":"SearchAction","target":{"@type":"EntryPoint","urlTemplate":"https:\/\/www.mutuacat.cat\/empresa\/?s={search_term_string}"},"query-input":{"@type":"PropertyValueSpecification","valueRequired":true,"valueName":"search_term_string"}}],"inLanguage":"ca"}]}},"_links":{"self":[{"href":"https:\/\/www.mutuacat.cat\/empresa\/wp-json\/wp\/v2\/product\/3132","targetHints":{"allow":["GET"]}}],"collection":[{"href":"https:\/\/www.mutuacat.cat\/empresa\/wp-json\/wp\/v2\/product"}],"about":[{"href":"https:\/\/www.mutuacat.cat\/empresa\/wp-json\/wp\/v2\/types\/product"}],"version-history":[{"count":23,"href":"https:\/\/www.mutuacat.cat\/empresa\/wp-json\/wp\/v2\/product\/3132\/revisions"}],"predecessor-version":[{"id":4341,"href":"https:\/\/www.mutuacat.cat\/empresa\/wp-json\/wp\/v2\/product\/3132\/revisions\/4341"}],"wp:featuredmedia":[{"embeddable":true,"href":"https:\/\/www.mutuacat.cat\/empresa\/wp-json\/wp\/v2\/media\/3133"}],"wp:attachment":[{"href":"https:\/\/www.mutuacat.cat\/empresa\/wp-json\/wp\/v2\/media?parent=3132"}],"wp:term":[{"taxonomy":"product_brand","embeddable":true,"href":"https:\/\/www.mutuacat.cat\/empresa\/wp-json\/wp\/v2\/product_brand?post=3132"},{"taxonomy":"product_cat","embeddable":true,"href":"https:\/\/www.mutuacat.cat\/empresa\/wp-json\/wp\/v2\/product_cat?post=3132"},{"taxonomy":"product_tag","embeddable":true,"href":"https:\/\/www.mutuacat.cat\/empresa\/wp-json\/wp\/v2\/product_tag?post=3132"}],"curies":[{"name":"wp","href":"https:\/\/api.w.org\/{rel}","templated":true}]}}