{"id":3255,"date":"2025-11-19T14:44:45","date_gmt":"2025-11-19T14:44:45","guid":{"rendered":"https:\/\/www.mutuacat.cat\/empresa\/?post_type=product&#038;p=3255"},"modified":"2026-03-02T09:46:58","modified_gmt":"2026-03-02T09:46:58","slug":"prevencio-de-riscos-especifics-treballs-de-construccio","status":"publish","type":"product","link":"https:\/\/www.mutuacat.cat\/empresa\/formacio\/prevencio-de-riscos-especifics-treballs-de-construccio\/","title":{"rendered":"Prevenci\u00f3 de riscos espec\u00edfics: treballs de construcci\u00f3"},"content":{"rendered":"\t\t<div data-elementor-type=\"product-post\" data-elementor-id=\"3255\" class=\"elementor elementor-3255\" data-elementor-post-type=\"product\">\n\t\t\t\t<div class=\"elementor-element elementor-element-71ebfa1 e-flex e-con-boxed e-con e-parent\" data-id=\"71ebfa1\" data-element_type=\"container\" data-e-type=\"container\">\n\t\t\t\t\t<div class=\"e-con-inner\">\n\t\t<div class=\"elementor-element elementor-element-a9f93df e-con-full e-flex e-con e-child\" data-id=\"a9f93df\" data-element_type=\"container\" data-e-type=\"container\">\n\t\t\t\t<div class=\"elementor-element elementor-element-d542f37 e-n-tabs-mobile elementor-widget elementor-widget-n-tabs\" data-id=\"d542f37\" data-element_type=\"widget\" data-e-type=\"widget\" data-settings=\"{&quot;horizontal_scroll&quot;:&quot;disable&quot;}\" data-widget_type=\"nested-tabs.default\">\n\t\t\t\t<div class=\"elementor-widget-container\">\n\t\t\t\t\t\t\t<div class=\"e-n-tabs\" data-widget-number=\"223620919\" aria-label=\"Tabuladors. Obre elements amb Retorn o Espai, tanca amb Esc i navega amb les tecles de fletxa.\">\n\t\t\t<div class=\"e-n-tabs-heading\" role=\"tablist\">\n\t\t\t\t\t<button id=\"e-n-tab-title-2236209191\" data-tab-title-id=\"e-n-tab-title-2236209191\" class=\"e-n-tab-title\" aria-selected=\"true\" data-tab-index=\"1\" role=\"tab\" tabindex=\"0\" aria-controls=\"e-n-tab-content-2236209191\" style=\"--n-tabs-title-order: 1;\">\n\t\t\t\t\t\t<span class=\"e-n-tab-title-text\">\n\t\t\t\tObjectius\t\t\t<\/span>\n\t\t<\/button>\n\t\t\t\t<button id=\"e-n-tab-title-2236209192\" data-tab-title-id=\"e-n-tab-title-2236209192\" class=\"e-n-tab-title\" aria-selected=\"false\" data-tab-index=\"2\" role=\"tab\" tabindex=\"-1\" aria-controls=\"e-n-tab-content-2236209192\" style=\"--n-tabs-title-order: 2;\">\n\t\t\t\t\t\t<span class=\"e-n-tab-title-text\">\n\t\t\t\tContinguts\t\t\t<\/span>\n\t\t<\/button>\n\t\t\t\t<button id=\"e-n-tab-title-2236209193\" data-tab-title-id=\"e-n-tab-title-2236209193\" class=\"e-n-tab-title\" aria-selected=\"false\" data-tab-index=\"3\" role=\"tab\" tabindex=\"-1\" aria-controls=\"e-n-tab-content-2236209193\" style=\"--n-tabs-title-order: 3;\">\n\t\t\t\t\t\t<span class=\"e-n-tab-title-text\">\n\t\t\t\tFuncionament\t\t\t<\/span>\n\t\t<\/button>\n\t\t\t\t<button id=\"e-n-tab-title-2236209194\" data-tab-title-id=\"e-n-tab-title-2236209194\" class=\"e-n-tab-title\" aria-selected=\"false\" data-tab-index=\"4\" role=\"tab\" tabindex=\"-1\" aria-controls=\"e-n-tab-content-2236209194\" style=\"--n-tabs-title-order: 4;\">\n\t\t\t\t\t\t<span class=\"e-n-tab-title-text\">\n\t\t\t\tTitulaci\u00f3\t\t\t<\/span>\n\t\t<\/button>\n\t\t\t\t\t<\/div>\n\t\t\t<div class=\"e-n-tabs-content\">\n\t\t\t\t<div id=\"e-n-tab-content-2236209191\" role=\"tabpanel\" aria-labelledby=\"e-n-tab-title-2236209191\" data-tab-index=\"1\" style=\"--n-tabs-title-order: 1;\" class=\"e-active elementor-element elementor-element-a0c58ce e-con-full e-flex e-con e-child\" data-id=\"a0c58ce\" data-element_type=\"container\" data-e-type=\"container\">\n\t\t\t\t<div class=\"elementor-element elementor-element-798ceda elementor-widget elementor-widget-heading\" data-id=\"798ceda\" data-element_type=\"widget\" data-e-type=\"widget\" data-widget_type=\"heading.default\">\n\t\t\t\t<div class=\"elementor-widget-container\">\n\t\t\t\t\t<h2 class=\"elementor-heading-title elementor-size-default\">Objectius<\/h2>\t\t\t\t<\/div>\n\t\t\t\t<\/div>\n\t\t\t\t<div class=\"elementor-element elementor-element-4008b74 elementor-widget elementor-widget-text-editor\" data-id=\"4008b74\" data-element_type=\"widget\" data-e-type=\"widget\" data-widget_type=\"text-editor.default\">\n\t\t\t\t<div class=\"elementor-widget-container\">\n\t\t\t\t\t\t\t\t\t<p>El curs s\u2019adre\u00e7a a persones que desenvolupen la seva activitat laboral en el sector de la construcci\u00f3. Aquestes necessiten una formaci\u00f3 espec\u00edfica en prevenci\u00f3 de riscos de l\u2019activitat que realitzen.<\/p><div class=\"elementor-element elementor-element-2ad0fd2f elementor-widget elementor-widget-text-editor\" data-id=\"2ad0fd2f\" data-element_type=\"widget\" data-e-type=\"widget\" data-widget_type=\"text-editor.default\"><div class=\"elementor-widget-container\"><div class=\"descripcio-breu\"><span class=\"lead\">L\u2019objectiu d\u2019aquest curs \u00e9s <strong>proporcionar a l\u2019alumne els coneixements t\u00e8cnics necessaris per desenvolupar les seves tasques d\u2019acord amb la Llei de prevenci\u00f3 de Riscos Laborals<\/strong> 31\/1995, de 8 de novembre, i a la normativa espec\u00edfica que regula la seva activitat laboral.<\/span><\/div><\/div><\/div>\t\t\t\t\t\t\t\t<\/div>\n\t\t\t\t<\/div>\n\t\t\t\t<\/div>\n\t\t<div id=\"e-n-tab-content-2236209192\" role=\"tabpanel\" aria-labelledby=\"e-n-tab-title-2236209192\" data-tab-index=\"2\" style=\"--n-tabs-title-order: 2;\" class=\" elementor-element elementor-element-c3ea040 e-con-full e-flex e-con e-child\" data-id=\"c3ea040\" data-element_type=\"container\" data-e-type=\"container\">\n\t\t\t\t<div class=\"elementor-element elementor-element-1552d6d elementor-widget elementor-widget-heading\" data-id=\"1552d6d\" data-element_type=\"widget\" data-e-type=\"widget\" data-widget_type=\"heading.default\">\n\t\t\t\t<div class=\"elementor-widget-container\">\n\t\t\t\t\t<h2 class=\"elementor-heading-title elementor-size-default\">Continguts<\/h2>\t\t\t\t<\/div>\n\t\t\t\t<\/div>\n\t\t\t\t<div class=\"elementor-element elementor-element-40316dd elementor-widget elementor-widget-text-editor\" data-id=\"40316dd\" data-element_type=\"widget\" data-e-type=\"widget\" data-widget_type=\"text-editor.default\">\n\t\t\t\t<div class=\"elementor-widget-container\">\n\t\t\t\t\t\t\t\t\t<ol><li>Introducci\u00f3 a la prevenci\u00f3 de riscos laborals.<\/li><li>Prevenci\u00f3 de riscos en el sector de la construcci\u00f3:<ol><li>Riscos de seguretat.<\/li><li>Riscos higi\u00e8nics.<\/li><li>Riscos ergon\u00f2mics.<\/li><li>Riscos psicosocials.<\/li><\/ol><\/li><li>Emerg\u00e8ncies i primers auxilis.<\/li><li>Seguretat vial.<\/li><\/ol>\t\t\t\t\t\t\t\t<\/div>\n\t\t\t\t<\/div>\n\t\t\t\t<\/div>\n\t\t<div id=\"e-n-tab-content-2236209193\" role=\"tabpanel\" aria-labelledby=\"e-n-tab-title-2236209193\" data-tab-index=\"3\" style=\"--n-tabs-title-order: 3;\" class=\" elementor-element elementor-element-7be5fc5 e-con-full e-flex e-con e-child\" data-id=\"7be5fc5\" data-element_type=\"container\" data-e-type=\"container\">\n\t\t\t\t<div class=\"elementor-element elementor-element-9cd2073 elementor-widget elementor-widget-heading\" data-id=\"9cd2073\" data-element_type=\"widget\" data-e-type=\"widget\" data-widget_type=\"heading.default\">\n\t\t\t\t<div class=\"elementor-widget-container\">\n\t\t\t\t\t<h2 class=\"elementor-heading-title elementor-size-default\">Funcionament del curs<\/h2>\t\t\t\t<\/div>\n\t\t\t\t<\/div>\n\t\t\t\t<div class=\"elementor-element elementor-element-e8d6be6 elementor-widget elementor-widget-text-editor\" data-id=\"e8d6be6\" data-element_type=\"widget\" data-e-type=\"widget\" data-widget_type=\"text-editor.default\">\n\t\t\t\t<div class=\"elementor-widget-container\">\n\t\t\t\t\t\t\t\t\t<p>El curs a trav\u00e9s d\u2019Internet (e-learning). L\u2019alumne t\u00e9 acc\u00e9s a una aula virtual on disposa dels materials del curs, les activitats d\u2019avaluaci\u00f3 i altres recursos d\u2019aprenentatge i comunicaci\u00f3.<\/p><p>L\u2019alumne compta amb el suport permanent de tutors experts, amb els quals podr\u00e0 intercanviar opinions i consultar qualsevol dubte que se li presenti.<\/p><p>\u00a0<\/p><h5>Durada del curs<\/h5><p>La metodologia online permet que l&#8217;alumne realitzi la part te\u00f2rica al seu ritme. Disposa de <strong>6 mesos<\/strong> per completar la formaci\u00f3 des del moment de l&#8217;alta a la plataforma. Si no es finalitza passat aquest termini, el curs es tanca i caldr\u00e0 contractar-lo novament per reprendre&#8217;l.<\/p>\t\t\t\t\t\t\t\t<\/div>\n\t\t\t\t<\/div>\n\t\t\t\t<\/div>\n\t\t<div id=\"e-n-tab-content-2236209194\" role=\"tabpanel\" aria-labelledby=\"e-n-tab-title-2236209194\" data-tab-index=\"4\" style=\"--n-tabs-title-order: 4;\" class=\" elementor-element elementor-element-08fd518 e-flex e-con-boxed e-con e-child\" data-id=\"08fd518\" data-element_type=\"container\" data-e-type=\"container\">\n\t\t\t\t\t<div class=\"e-con-inner\">\n\t\t\t\t<div class=\"elementor-element elementor-element-b29ca0b elementor-widget elementor-widget-heading\" data-id=\"b29ca0b\" data-element_type=\"widget\" data-e-type=\"widget\" data-widget_type=\"heading.default\">\n\t\t\t\t<div class=\"elementor-widget-container\">\n\t\t\t\t\t<h2 class=\"elementor-heading-title elementor-size-default\">Titulaci\u00f3<\/h2>\t\t\t\t<\/div>\n\t\t\t\t<\/div>\n\t\t\t\t<div class=\"elementor-element elementor-element-3042370 elementor-widget elementor-widget-text-editor\" data-id=\"3042370\" data-element_type=\"widget\" data-e-type=\"widget\" data-widget_type=\"text-editor.default\">\n\t\t\t\t<div class=\"elementor-widget-container\">\n\t\t\t\t\t\t\t\t\t<p>Quan es finalitzi el curs i superi les activitats d\u2019avaluaci\u00f3 establertes pels docents, l\u2019alumne obtindr\u00e0 un certificat de la formaci\u00f3 rebuda, d\u2019acord amb la Llei\u00a0de Prevenci\u00f3 de Riscos Laborals.<\/p>\t\t\t\t\t\t\t\t<\/div>\n\t\t\t\t<\/div>\n\t\t\t\t\t<\/div>\n\t\t\t\t<\/div>\n\t\t\t\t\t<\/div>\n\t\t<\/div>\n\t\t\t\t\t\t<\/div>\n\t\t\t\t<\/div>\n\t\t\t\t<\/div>\n\t\t\t\t\t<\/div>\n\t\t\t\t<\/div>\n\t\t\t\t<\/div>\n\t\t","protected":false},"excerpt":{"rendered":"<div class=\"elementor-element elementor-element-b1fd67a elementor-widget elementor-widget-text-editor\" data-id=\"b1fd67a\" data-element_type=\"widget\" data-widget_type=\"text-editor.default\">\n<div class=\"elementor-widget-container\">\n<div class=\"descripcio-breu\"><span class=\"lead\">L\u2019objectiu d\u2019aquest curs \u00e9s proporcionar a l\u2019alumne els coneixements t\u00e8cnics necessaris per desenvolupar les seves tasques d\u2019acord amb\u00a0la Llei\u00a0de prevenci\u00f3 de Riscos Laborals 31\/1995, de 8 de novembre, i a la normativa espec\u00edfica que regula la seva activitat laboral.<\/span><\/div>\n<\/div>\n<\/div>\n","protected":false},"featured_media":3284,"template":"","meta":{"_acf_changed":false},"product_brand":[],"product_cat":[53,60],"product_tag":[67],"class_list":{"0":"post-3255","1":"product","2":"type-product","3":"status-publish","4":"has-post-thumbnail","6":"product_cat-prevencio-de-riscos-laborals","7":"product_cat-riscos-especifics","8":"product_tag-en-linia","10":"first","11":"instock","12":"shipping-taxable","13":"product-type-simple"},"acf":[],"yoast_head":"<!-- This site is optimized with the Yoast SEO plugin v26.9 - https:\/\/yoast.com\/product\/yoast-seo-wordpress\/ -->\n<title>Curs de prevenci\u00f3 de riscos espec\u00edfics en treballs de construcci\u00f3 - Mutuacat Empresa<\/title>\n<meta name=\"robots\" content=\"index, follow, max-snippet:-1, max-image-preview:large, max-video-preview:-1\" \/>\n<link rel=\"canonical\" href=\"https:\/\/www.mutuacat.cat\/empresa\/formacio\/prevencio-de-riscos-especifics-treballs-de-construccio\/\" \/>\n<meta property=\"og:locale\" content=\"ca_ES\" \/>\n<meta property=\"og:type\" content=\"article\" \/>\n<meta property=\"og:title\" content=\"Curs de prevenci\u00f3 de riscos espec\u00edfics en treballs de construcci\u00f3 - Mutuacat Empresa\" \/>\n<meta property=\"og:description\" content=\"L\u2019objectiu d\u2019aquest curs \u00e9s proporcionar a l\u2019alumne els coneixements t\u00e8cnics necessaris per desenvolupar les seves tasques d\u2019acord amb\u00a0la Llei\u00a0de prevenci\u00f3 de Riscos Laborals 31\/1995, de 8 de novembre, i a la normativa espec\u00edfica que regula la seva activitat laboral.\" \/>\n<meta property=\"og:url\" content=\"https:\/\/www.mutuacat.cat\/empresa\/formacio\/prevencio-de-riscos-especifics-treballs-de-construccio\/\" \/>\n<meta property=\"og:site_name\" content=\"Mutuacat Empresa\" \/>\n<meta property=\"article:modified_time\" content=\"2026-03-02T09:46:58+00:00\" \/>\n<meta property=\"og:image\" content=\"https:\/\/www.mutuacat.cat\/empresa\/wp-content\/uploads\/2025\/11\/esp-construccio.jpg\" \/>\n\t<meta property=\"og:image:width\" content=\"800\" \/>\n\t<meta property=\"og:image:height\" content=\"800\" \/>\n\t<meta property=\"og:image:type\" content=\"image\/jpeg\" \/>\n<meta name=\"twitter:card\" content=\"summary_large_image\" \/>\n<script type=\"application\/ld+json\" class=\"yoast-schema-graph\">{\"@context\":\"https:\/\/schema.org\",\"@graph\":[{\"@type\":\"WebPage\",\"@id\":\"https:\/\/www.mutuacat.cat\/empresa\/formacio\/prevencio-de-riscos-especifics-treballs-de-construccio\/\",\"url\":\"https:\/\/www.mutuacat.cat\/empresa\/formacio\/prevencio-de-riscos-especifics-treballs-de-construccio\/\",\"name\":\"Curs de prevenci\u00f3 de riscos espec\u00edfics en treballs de construcci\u00f3 - Mutuacat Empresa\",\"isPartOf\":{\"@id\":\"https:\/\/www.mutuacat.cat\/empresa\/#website\"},\"primaryImageOfPage\":{\"@id\":\"https:\/\/www.mutuacat.cat\/empresa\/formacio\/prevencio-de-riscos-especifics-treballs-de-construccio\/#primaryimage\"},\"image\":{\"@id\":\"https:\/\/www.mutuacat.cat\/empresa\/formacio\/prevencio-de-riscos-especifics-treballs-de-construccio\/#primaryimage\"},\"thumbnailUrl\":\"https:\/\/www.mutuacat.cat\/empresa\/wp-content\/uploads\/2025\/11\/esp-construccio.jpg\",\"datePublished\":\"2025-11-19T14:44:45+00:00\",\"dateModified\":\"2026-03-02T09:46:58+00:00\",\"breadcrumb\":{\"@id\":\"https:\/\/www.mutuacat.cat\/empresa\/formacio\/prevencio-de-riscos-especifics-treballs-de-construccio\/#breadcrumb\"},\"inLanguage\":\"ca\",\"potentialAction\":[{\"@type\":\"ReadAction\",\"target\":[\"https:\/\/www.mutuacat.cat\/empresa\/formacio\/prevencio-de-riscos-especifics-treballs-de-construccio\/\"]}]},{\"@type\":\"ImageObject\",\"inLanguage\":\"ca\",\"@id\":\"https:\/\/www.mutuacat.cat\/empresa\/formacio\/prevencio-de-riscos-especifics-treballs-de-construccio\/#primaryimage\",\"url\":\"https:\/\/www.mutuacat.cat\/empresa\/wp-content\/uploads\/2025\/11\/esp-construccio.jpg\",\"contentUrl\":\"https:\/\/www.mutuacat.cat\/empresa\/wp-content\/uploads\/2025\/11\/esp-construccio.jpg\",\"width\":800,\"height\":800},{\"@type\":\"BreadcrumbList\",\"@id\":\"https:\/\/www.mutuacat.cat\/empresa\/formacio\/prevencio-de-riscos-especifics-treballs-de-construccio\/#breadcrumb\",\"itemListElement\":[{\"@type\":\"ListItem\",\"position\":1,\"name\":\"Inici\",\"item\":\"https:\/\/www.mutuacat.cat\/empresa\/\"},{\"@type\":\"ListItem\",\"position\":2,\"name\":\"Formaci\u00f3\",\"item\":\"https:\/\/www.mutuacat.cat\/empresa\/formacio\/\"},{\"@type\":\"ListItem\",\"position\":3,\"name\":\"Prevenci\u00f3 de riscos espec\u00edfics: treballs de construcci\u00f3\"}]},{\"@type\":\"WebSite\",\"@id\":\"https:\/\/www.mutuacat.cat\/empresa\/#website\",\"url\":\"https:\/\/www.mutuacat.cat\/empresa\/\",\"name\":\"Mutuacat Empresa\",\"description\":\"\",\"potentialAction\":[{\"@type\":\"SearchAction\",\"target\":{\"@type\":\"EntryPoint\",\"urlTemplate\":\"https:\/\/www.mutuacat.cat\/empresa\/?s={search_term_string}\"},\"query-input\":{\"@type\":\"PropertyValueSpecification\",\"valueRequired\":true,\"valueName\":\"search_term_string\"}}],\"inLanguage\":\"ca\"}]}<\/script>\n<!-- \/ Yoast SEO plugin. -->","yoast_head_json":{"title":"Curs de prevenci\u00f3 de riscos espec\u00edfics en treballs de construcci\u00f3 - Mutuacat Empresa","robots":{"index":"index","follow":"follow","max-snippet":"max-snippet:-1","max-image-preview":"max-image-preview:large","max-video-preview":"max-video-preview:-1"},"canonical":"https:\/\/www.mutuacat.cat\/empresa\/formacio\/prevencio-de-riscos-especifics-treballs-de-construccio\/","og_locale":"ca_ES","og_type":"article","og_title":"Curs de prevenci\u00f3 de riscos espec\u00edfics en treballs de construcci\u00f3 - Mutuacat Empresa","og_description":"L\u2019objectiu d\u2019aquest curs \u00e9s proporcionar a l\u2019alumne els coneixements t\u00e8cnics necessaris per desenvolupar les seves tasques d\u2019acord amb\u00a0la Llei\u00a0de prevenci\u00f3 de Riscos Laborals 31\/1995, de 8 de novembre, i a la normativa espec\u00edfica que regula la seva activitat laboral.","og_url":"https:\/\/www.mutuacat.cat\/empresa\/formacio\/prevencio-de-riscos-especifics-treballs-de-construccio\/","og_site_name":"Mutuacat Empresa","article_modified_time":"2026-03-02T09:46:58+00:00","og_image":[{"width":800,"height":800,"url":"https:\/\/www.mutuacat.cat\/empresa\/wp-content\/uploads\/2025\/11\/esp-construccio.jpg","type":"image\/jpeg"}],"twitter_card":"summary_large_image","schema":{"@context":"https:\/\/schema.org","@graph":[{"@type":"WebPage","@id":"https:\/\/www.mutuacat.cat\/empresa\/formacio\/prevencio-de-riscos-especifics-treballs-de-construccio\/","url":"https:\/\/www.mutuacat.cat\/empresa\/formacio\/prevencio-de-riscos-especifics-treballs-de-construccio\/","name":"Curs de prevenci\u00f3 de riscos espec\u00edfics en treballs de construcci\u00f3 - Mutuacat Empresa","isPartOf":{"@id":"https:\/\/www.mutuacat.cat\/empresa\/#website"},"primaryImageOfPage":{"@id":"https:\/\/www.mutuacat.cat\/empresa\/formacio\/prevencio-de-riscos-especifics-treballs-de-construccio\/#primaryimage"},"image":{"@id":"https:\/\/www.mutuacat.cat\/empresa\/formacio\/prevencio-de-riscos-especifics-treballs-de-construccio\/#primaryimage"},"thumbnailUrl":"https:\/\/www.mutuacat.cat\/empresa\/wp-content\/uploads\/2025\/11\/esp-construccio.jpg","datePublished":"2025-11-19T14:44:45+00:00","dateModified":"2026-03-02T09:46:58+00:00","breadcrumb":{"@id":"https:\/\/www.mutuacat.cat\/empresa\/formacio\/prevencio-de-riscos-especifics-treballs-de-construccio\/#breadcrumb"},"inLanguage":"ca","potentialAction":[{"@type":"ReadAction","target":["https:\/\/www.mutuacat.cat\/empresa\/formacio\/prevencio-de-riscos-especifics-treballs-de-construccio\/"]}]},{"@type":"ImageObject","inLanguage":"ca","@id":"https:\/\/www.mutuacat.cat\/empresa\/formacio\/prevencio-de-riscos-especifics-treballs-de-construccio\/#primaryimage","url":"https:\/\/www.mutuacat.cat\/empresa\/wp-content\/uploads\/2025\/11\/esp-construccio.jpg","contentUrl":"https:\/\/www.mutuacat.cat\/empresa\/wp-content\/uploads\/2025\/11\/esp-construccio.jpg","width":800,"height":800},{"@type":"BreadcrumbList","@id":"https:\/\/www.mutuacat.cat\/empresa\/formacio\/prevencio-de-riscos-especifics-treballs-de-construccio\/#breadcrumb","itemListElement":[{"@type":"ListItem","position":1,"name":"Inici","item":"https:\/\/www.mutuacat.cat\/empresa\/"},{"@type":"ListItem","position":2,"name":"Formaci\u00f3","item":"https:\/\/www.mutuacat.cat\/empresa\/formacio\/"},{"@type":"ListItem","position":3,"name":"Prevenci\u00f3 de riscos espec\u00edfics: treballs de construcci\u00f3"}]},{"@type":"WebSite","@id":"https:\/\/www.mutuacat.cat\/empresa\/#website","url":"https:\/\/www.mutuacat.cat\/empresa\/","name":"Mutuacat Empresa","description":"","potentialAction":[{"@type":"SearchAction","target":{"@type":"EntryPoint","urlTemplate":"https:\/\/www.mutuacat.cat\/empresa\/?s={search_term_string}"},"query-input":{"@type":"PropertyValueSpecification","valueRequired":true,"valueName":"search_term_string"}}],"inLanguage":"ca"}]}},"_links":{"self":[{"href":"https:\/\/www.mutuacat.cat\/empresa\/wp-json\/wp\/v2\/product\/3255","targetHints":{"allow":["GET"]}}],"collection":[{"href":"https:\/\/www.mutuacat.cat\/empresa\/wp-json\/wp\/v2\/product"}],"about":[{"href":"https:\/\/www.mutuacat.cat\/empresa\/wp-json\/wp\/v2\/types\/product"}],"version-history":[{"count":4,"href":"https:\/\/www.mutuacat.cat\/empresa\/wp-json\/wp\/v2\/product\/3255\/revisions"}],"predecessor-version":[{"id":4541,"href":"https:\/\/www.mutuacat.cat\/empresa\/wp-json\/wp\/v2\/product\/3255\/revisions\/4541"}],"wp:featuredmedia":[{"embeddable":true,"href":"https:\/\/www.mutuacat.cat\/empresa\/wp-json\/wp\/v2\/media\/3284"}],"wp:attachment":[{"href":"https:\/\/www.mutuacat.cat\/empresa\/wp-json\/wp\/v2\/media?parent=3255"}],"wp:term":[{"taxonomy":"product_brand","embeddable":true,"href":"https:\/\/www.mutuacat.cat\/empresa\/wp-json\/wp\/v2\/product_brand?post=3255"},{"taxonomy":"product_cat","embeddable":true,"href":"https:\/\/www.mutuacat.cat\/empresa\/wp-json\/wp\/v2\/product_cat?post=3255"},{"taxonomy":"product_tag","embeddable":true,"href":"https:\/\/www.mutuacat.cat\/empresa\/wp-json\/wp\/v2\/product_tag?post=3255"}],"curies":[{"name":"wp","href":"https:\/\/api.w.org\/{rel}","templated":true}]}}