{"id":3753,"date":"2025-12-22T10:02:34","date_gmt":"2025-12-22T10:02:34","guid":{"rendered":"https:\/\/www.mutuacat.cat\/empresa\/?post_type=product&#038;p=3753"},"modified":"2025-12-23T12:21:14","modified_gmt":"2025-12-23T12:21:14","slug":"suport-vital-basic-i-us-del-desfibrillador-reciclatge","status":"publish","type":"product","link":"https:\/\/www.mutuacat.cat\/empresa\/formacio\/suport-vital-basic-i-us-del-desfibrillador-reciclatge\/","title":{"rendered":"Suport Vital B\u00e0sic i \u00fas del Desfibril\u00b7lador (reciclatge)"},"content":{"rendered":"\t\t<div data-elementor-type=\"product-post\" data-elementor-id=\"3753\" class=\"elementor elementor-3753\" data-elementor-post-type=\"product\">\n\t\t\t\t<div class=\"elementor-element elementor-element-7154a53 e-flex e-con-boxed e-con e-parent\" data-id=\"7154a53\" data-element_type=\"container\" data-e-type=\"container\">\n\t\t\t\t\t<div class=\"e-con-inner\">\n\t\t\t\t<div class=\"elementor-element elementor-element-c47bb48 e-n-tabs-mobile elementor-widget elementor-widget-n-tabs\" data-id=\"c47bb48\" data-element_type=\"widget\" data-e-type=\"widget\" data-settings=\"{&quot;horizontal_scroll&quot;:&quot;disable&quot;}\" data-widget_type=\"nested-tabs.default\">\n\t\t\t\t<div class=\"elementor-widget-container\">\n\t\t\t\t\t\t\t<div class=\"e-n-tabs\" data-widget-number=\"206027592\" aria-label=\"Tabuladors. Obre elements amb Retorn o Espai, tanca amb Esc i navega amb les tecles de fletxa.\">\n\t\t\t<div class=\"e-n-tabs-heading\" role=\"tablist\">\n\t\t\t\t\t<button id=\"e-n-tab-title-2060275921\" data-tab-title-id=\"e-n-tab-title-2060275921\" class=\"e-n-tab-title\" aria-selected=\"true\" data-tab-index=\"1\" role=\"tab\" tabindex=\"0\" aria-controls=\"e-n-tab-content-2060275921\" style=\"--n-tabs-title-order: 1;\">\n\t\t\t\t\t\t<span class=\"e-n-tab-title-text\">\n\t\t\t\tObjectius\t\t\t<\/span>\n\t\t<\/button>\n\t\t\t\t<button id=\"e-n-tab-title-2060275922\" data-tab-title-id=\"e-n-tab-title-2060275922\" class=\"e-n-tab-title\" aria-selected=\"false\" data-tab-index=\"2\" role=\"tab\" tabindex=\"-1\" aria-controls=\"e-n-tab-content-2060275922\" style=\"--n-tabs-title-order: 2;\">\n\t\t\t\t\t\t<span class=\"e-n-tab-title-text\">\n\t\t\t\tDestinataris\t\t\t<\/span>\n\t\t<\/button>\n\t\t\t\t<button id=\"e-n-tab-title-2060275923\" data-tab-title-id=\"e-n-tab-title-2060275923\" class=\"e-n-tab-title\" aria-selected=\"false\" data-tab-index=\"3\" role=\"tab\" tabindex=\"-1\" aria-controls=\"e-n-tab-content-2060275923\" style=\"--n-tabs-title-order: 3;\">\n\t\t\t\t\t\t<span class=\"e-n-tab-title-text\">\n\t\t\t\tContingut\t\t\t<\/span>\n\t\t<\/button>\n\t\t\t\t<button id=\"e-n-tab-title-2060275924\" data-tab-title-id=\"e-n-tab-title-2060275924\" class=\"e-n-tab-title\" aria-selected=\"false\" data-tab-index=\"4\" role=\"tab\" tabindex=\"-1\" aria-controls=\"e-n-tab-content-2060275924\" style=\"--n-tabs-title-order: 4;\">\n\t\t\t\t\t\t<span class=\"e-n-tab-title-text\">\n\t\t\t\tAvaluaci\u00f3\t\t\t<\/span>\n\t\t<\/button>\n\t\t\t\t<button id=\"e-n-tab-title-2060275925\" data-tab-title-id=\"e-n-tab-title-2060275925\" class=\"e-n-tab-title\" aria-selected=\"false\" data-tab-index=\"5\" role=\"tab\" tabindex=\"-1\" aria-controls=\"e-n-tab-content-2060275925\" style=\"--n-tabs-title-order: 5;\">\n\t\t\t\t\t\t<span class=\"e-n-tab-title-text\">\n\t\t\t\tPreus\t\t\t<\/span>\n\t\t<\/button>\n\t\t\t\t\t<\/div>\n\t\t\t<div class=\"e-n-tabs-content\">\n\t\t\t\t<div id=\"e-n-tab-content-2060275921\" role=\"tabpanel\" aria-labelledby=\"e-n-tab-title-2060275921\" data-tab-index=\"1\" style=\"--n-tabs-title-order: 1;\" class=\"e-active elementor-element elementor-element-1931355 e-con-full e-flex e-con e-child\" data-id=\"1931355\" data-element_type=\"container\" data-e-type=\"container\">\n\t\t<div class=\"elementor-element elementor-element-b34ba4d e-flex e-con-boxed e-con e-child\" data-id=\"b34ba4d\" data-element_type=\"container\" data-e-type=\"container\">\n\t\t\t\t\t<div class=\"e-con-inner\">\n\t\t\t\t<div class=\"elementor-element elementor-element-2d185d5 elementor-view-default elementor-widget elementor-widget-icon\" data-id=\"2d185d5\" data-element_type=\"widget\" data-e-type=\"widget\" data-widget_type=\"icon.default\">\n\t\t\t\t<div class=\"elementor-widget-container\">\n\t\t\t\t\t\t\t<div class=\"elementor-icon-wrapper\">\n\t\t\t<div class=\"elementor-icon\">\n\t\t\t<i aria-hidden=\"true\" class=\"icon icon-target-2\"><\/i>\t\t\t<\/div>\n\t\t<\/div>\n\t\t\t\t\t\t<\/div>\n\t\t\t\t<\/div>\n\t\t\t\t<div class=\"elementor-element elementor-element-eca5a08 elementor-widget elementor-widget-heading\" data-id=\"eca5a08\" data-element_type=\"widget\" data-e-type=\"widget\" data-widget_type=\"heading.default\">\n\t\t\t\t<div class=\"elementor-widget-container\">\n\t\t\t\t\t<h2 class=\"elementor-heading-title elementor-size-default\">Objectius<\/h2>\t\t\t\t<\/div>\n\t\t\t\t<\/div>\n\t\t\t\t<div class=\"elementor-element elementor-element-f486175 elementor-widget elementor-widget-text-editor\" data-id=\"f486175\" data-element_type=\"widget\" data-e-type=\"widget\" data-widget_type=\"text-editor.default\">\n\t\t\t\t<div class=\"elementor-widget-container\">\n\t\t\t\t\t\t\t\t\t<p>Mantenir les compet\u00e8ncies necess\u00e0ries per practicar correctament SVB i DEA en pacients amb aturada cardiorespirat\u00f2ria que ho requereixin. At\u00e8s que aquest manteniment requereix una pr\u00e0ctica continuada, es proposa una activitat de recordatori que permeti mantenir actualitzades les esmentades compet\u00e8ncies.<\/p><h4 class=\"has-medium-font-size wp-block-heading\">\u00a0<\/h4>\t\t\t\t\t\t\t\t<\/div>\n\t\t\t\t<\/div>\n\t\t\t\t\t<\/div>\n\t\t\t\t<\/div>\n\t\t\t\t<\/div>\n\t\t<div id=\"e-n-tab-content-2060275922\" role=\"tabpanel\" aria-labelledby=\"e-n-tab-title-2060275922\" data-tab-index=\"2\" style=\"--n-tabs-title-order: 2;\" class=\" elementor-element elementor-element-0d6e5c2 e-con-full e-flex e-con e-child\" data-id=\"0d6e5c2\" data-element_type=\"container\" data-e-type=\"container\">\n\t\t\t\t<div class=\"elementor-element elementor-element-acdd226 elementor-view-default elementor-widget elementor-widget-icon\" data-id=\"acdd226\" data-element_type=\"widget\" data-e-type=\"widget\" data-widget_type=\"icon.default\">\n\t\t\t\t<div class=\"elementor-widget-container\">\n\t\t\t\t\t\t\t<div class=\"elementor-icon-wrapper\">\n\t\t\t<div class=\"elementor-icon\">\n\t\t\t<i aria-hidden=\"true\" class=\"icon icon-users\"><\/i>\t\t\t<\/div>\n\t\t<\/div>\n\t\t\t\t\t\t<\/div>\n\t\t\t\t<\/div>\n\t\t<div class=\"elementor-element elementor-element-149405d e-con-full e-flex e-con e-child\" data-id=\"149405d\" data-element_type=\"container\" data-e-type=\"container\">\n\t\t\t\t<div class=\"elementor-element elementor-element-0b9b422 elementor-widget elementor-widget-heading\" data-id=\"0b9b422\" data-element_type=\"widget\" data-e-type=\"widget\" data-widget_type=\"heading.default\">\n\t\t\t\t<div class=\"elementor-widget-container\">\n\t\t\t\t\t<h2 class=\"elementor-heading-title elementor-size-default\">Destinataris<\/h2>\t\t\t\t<\/div>\n\t\t\t\t<\/div>\n\t\t\t\t<div class=\"elementor-element elementor-element-d1451b9 elementor-widget elementor-widget-text-editor\" data-id=\"d1451b9\" data-element_type=\"widget\" data-e-type=\"widget\" data-widget_type=\"text-editor.default\">\n\t\t\t\t<div class=\"elementor-widget-container\">\n\t\t\t\t\t\t\t\t\t<p>Personal que hagi realitzat el programa de formaci\u00f3 base en SVB i DEA.<\/p>\t\t\t\t\t\t\t\t<\/div>\n\t\t\t\t<\/div>\n\t\t\t\t<\/div>\n\t\t\t\t<\/div>\n\t\t<div id=\"e-n-tab-content-2060275923\" role=\"tabpanel\" aria-labelledby=\"e-n-tab-title-2060275923\" data-tab-index=\"3\" style=\"--n-tabs-title-order: 3;\" class=\" elementor-element elementor-element-148f6b9 e-con-full e-flex e-con e-child\" data-id=\"148f6b9\" data-element_type=\"container\" data-e-type=\"container\">\n\t\t<div class=\"elementor-element elementor-element-43b18b0 e-con-full e-flex e-con e-child\" data-id=\"43b18b0\" data-element_type=\"container\" data-e-type=\"container\">\n\t\t\t\t<div class=\"elementor-element elementor-element-891d9a9 elementor-view-default elementor-widget elementor-widget-icon\" data-id=\"891d9a9\" data-element_type=\"widget\" data-e-type=\"widget\" data-widget_type=\"icon.default\">\n\t\t\t\t<div class=\"elementor-widget-container\">\n\t\t\t\t\t\t\t<div class=\"elementor-icon-wrapper\">\n\t\t\t<div class=\"elementor-icon\">\n\t\t\t<i aria-hidden=\"true\" class=\"icon icon-page-list\"><\/i>\t\t\t<\/div>\n\t\t<\/div>\n\t\t\t\t\t\t<\/div>\n\t\t\t\t<\/div>\n\t\t\t\t<div class=\"elementor-element elementor-element-0523ff7 elementor-widget elementor-widget-heading\" data-id=\"0523ff7\" data-element_type=\"widget\" data-e-type=\"widget\" data-widget_type=\"heading.default\">\n\t\t\t\t<div class=\"elementor-widget-container\">\n\t\t\t\t\t<h2 class=\"elementor-heading-title elementor-size-default\">Contingut<\/h2>\t\t\t\t<\/div>\n\t\t\t\t<\/div>\n\t\t\t\t<div class=\"elementor-element elementor-element-23ab537 elementor-widget elementor-widget-text-editor\" data-id=\"23ab537\" data-element_type=\"widget\" data-e-type=\"widget\" data-widget_type=\"text-editor.default\">\n\t\t\t\t<div class=\"elementor-widget-container\">\n\t\t\t\t\t\t\t\t\t<p>Recordatori te\u00f2ric de la seq\u00fc\u00e8ncia d\u2019actuaci\u00f3 del SVB i del DEA.<br \/>Realitzaci\u00f3 d\u2019una seq\u00fc\u00e8ncia de RCP completa segons els criteris de l\u2019European Resuscitation Council. Simulaci\u00f3 completa d\u2019una seq\u00fc\u00e8ncia d\u2019actuaci\u00f3 amb DEA.<\/p>\t\t\t\t\t\t\t\t<\/div>\n\t\t\t\t<\/div>\n\t\t\t\t<\/div>\n\t\t\t\t<\/div>\n\t\t<div id=\"e-n-tab-content-2060275924\" role=\"tabpanel\" aria-labelledby=\"e-n-tab-title-2060275924\" data-tab-index=\"4\" style=\"--n-tabs-title-order: 4;\" class=\" elementor-element elementor-element-aacbcaa e-flex e-con-boxed e-con e-child\" data-id=\"aacbcaa\" data-element_type=\"container\" data-e-type=\"container\">\n\t\t\t\t\t<div class=\"e-con-inner\">\n\t\t\t\t<div class=\"elementor-element elementor-element-4b56000 elementor-view-default elementor-widget elementor-widget-icon\" data-id=\"4b56000\" data-element_type=\"widget\" data-e-type=\"widget\" data-widget_type=\"icon.default\">\n\t\t\t\t<div class=\"elementor-widget-container\">\n\t\t\t\t\t\t\t<div class=\"elementor-icon-wrapper\">\n\t\t\t<div class=\"elementor-icon\">\n\t\t\t<i aria-hidden=\"true\" class=\"icon icon-checked1\"><\/i>\t\t\t<\/div>\n\t\t<\/div>\n\t\t\t\t\t\t<\/div>\n\t\t\t\t<\/div>\n\t\t<div class=\"elementor-element elementor-element-4ea3c78 e-con-full e-flex e-con e-child\" data-id=\"4ea3c78\" data-element_type=\"container\" data-e-type=\"container\">\n\t\t\t\t<div class=\"elementor-element elementor-element-a8c4009 elementor-widget elementor-widget-heading\" data-id=\"a8c4009\" data-element_type=\"widget\" data-e-type=\"widget\" data-widget_type=\"heading.default\">\n\t\t\t\t<div class=\"elementor-widget-container\">\n\t\t\t\t\t<h2 class=\"elementor-heading-title elementor-size-default\">Avaluaci\u00f3<\/h2>\t\t\t\t<\/div>\n\t\t\t\t<\/div>\n\t\t\t\t<div class=\"elementor-element elementor-element-a6fbd28 elementor-widget elementor-widget-text-editor\" data-id=\"a6fbd28\" data-element_type=\"widget\" data-e-type=\"widget\" data-widget_type=\"text-editor.default\">\n\t\t\t\t<div class=\"elementor-widget-container\">\n\t\t\t\t\t\t\t\t\t<ol class=\"wp-block-list\"><li>L\u2019alumne ha de realitzar una seq\u00fc\u00e8ncia completa d\u2019RCP de gran qualitat, de 2 minuts.<\/li><li>L\u2019alumne ha de realitzar una desfibril\u00b7laci\u00f3 abans de 90 segons d\u2019iniciar la ressuscitaci\u00f3.<\/li><\/ol>\t\t\t\t\t\t\t\t<\/div>\n\t\t\t\t<\/div>\n\t\t\t\t<\/div>\n\t\t\t\t\t<\/div>\n\t\t\t\t<\/div>\n\t\t<div id=\"e-n-tab-content-2060275925\" role=\"tabpanel\" aria-labelledby=\"e-n-tab-title-2060275925\" data-tab-index=\"5\" style=\"--n-tabs-title-order: 5;\" class=\" elementor-element elementor-element-fb473de e-flex e-con-boxed e-con e-child\" data-id=\"fb473de\" data-element_type=\"container\" data-e-type=\"container\">\n\t\t\t\t\t<div class=\"e-con-inner\">\n\t\t\t\t<div class=\"elementor-element elementor-element-afee40c elementor-view-default elementor-widget elementor-widget-icon\" data-id=\"afee40c\" data-element_type=\"widget\" data-e-type=\"widget\" data-widget_type=\"icon.default\">\n\t\t\t\t<div class=\"elementor-widget-container\">\n\t\t\t\t\t\t\t<div class=\"elementor-icon-wrapper\">\n\t\t\t<div class=\"elementor-icon\">\n\t\t\t<svg aria-hidden=\"true\" class=\"e-font-icon-svg e-fas-euro-sign\" viewBox=\"0 0 320 512\" xmlns=\"http:\/\/www.w3.org\/2000\/svg\"><path d=\"M310.706 413.765c-1.314-6.63-7.835-10.872-14.424-9.369-10.692 2.439-27.422 5.413-45.426 5.413-56.763 0-101.929-34.79-121.461-85.449h113.689a12 12 0 0 0 11.708-9.369l6.373-28.36c1.686-7.502-4.019-14.631-11.708-14.631H115.22c-1.21-14.328-1.414-28.287.137-42.245H261.95a12 12 0 0 0 11.723-9.434l6.512-29.755c1.638-7.484-4.061-14.566-11.723-14.566H130.184c20.633-44.991 62.69-75.03 117.619-75.03 14.486 0 28.564 2.25 37.851 4.145 6.216 1.268 12.347-2.498 14.002-8.623l11.991-44.368c1.822-6.741-2.465-13.616-9.326-14.917C290.217 34.912 270.71 32 249.635 32 152.451 32 74.03 92.252 45.075 176H12c-6.627 0-12 5.373-12 12v29.755c0 6.627 5.373 12 12 12h21.569c-1.009 13.607-1.181 29.287-.181 42.245H12c-6.627 0-12 5.373-12 12v28.36c0 6.627 5.373 12 12 12h30.114C67.139 414.692 145.264 480 249.635 480c26.301 0 48.562-4.544 61.101-7.788 6.167-1.595 10.027-7.708 8.788-13.957l-8.818-44.49z\"><\/path><\/svg>\t\t\t<\/div>\n\t\t<\/div>\n\t\t\t\t\t\t<\/div>\n\t\t\t\t<\/div>\n\t\t<div class=\"elementor-element elementor-element-0cc94aa e-con-full e-flex e-con e-child\" data-id=\"0cc94aa\" data-element_type=\"container\" data-e-type=\"container\">\n\t\t\t\t<div class=\"elementor-element elementor-element-68c6e53 elementor-widget elementor-widget-heading\" data-id=\"68c6e53\" data-element_type=\"widget\" data-e-type=\"widget\" data-widget_type=\"heading.default\">\n\t\t\t\t<div class=\"elementor-widget-container\">\n\t\t\t\t\t<h2 class=\"elementor-heading-title elementor-size-default\">Preus<\/h2>\t\t\t\t<\/div>\n\t\t\t\t<\/div>\n\t\t\t\t<div class=\"elementor-element elementor-element-8a05c3d elementor-widget elementor-widget-text-editor\" data-id=\"8a05c3d\" data-element_type=\"widget\" data-e-type=\"widget\" data-widget_type=\"text-editor.default\">\n\t\t\t\t<div class=\"elementor-widget-container\">\n\t\t\t\t\t\t\t\t\t<ul class=\"wp-block-list\"><li>Preu per alumne, curs 6-8 alumnes | 25\u20ac* \/ alumne<\/li><\/ul><p>\u00a0<\/p><p class=\"has-small-font-size\">* El preu inclou: Tramitaci\u00f3 de dades del alumne, registre i certificats, material docent, manual del CCR per cada alumne i el despla\u00e7ament.<br \/>Formaci\u00f3 exempt d\u2019IVA, d\u2019acord amb el que estableix l\u2019Article 20 u 9 de la Llei 37\/1992 de l\u2019IVA, i en l\u2019article 7 del Reial Decret 1624\/1992 del Reglament de l\u2019IVA.<\/p>\t\t\t\t\t\t\t\t<\/div>\n\t\t\t\t<\/div>\n\t\t\t\t<\/div>\n\t\t\t\t\t<\/div>\n\t\t\t\t<\/div>\n\t\t\t\t\t<\/div>\n\t\t<\/div>\n\t\t\t\t\t\t<\/div>\n\t\t\t\t<\/div>\n\t\t\t\t\t<\/div>\n\t\t\t\t<\/div>\n\t\t\t\t<\/div>\n\t\t","protected":false},"excerpt":{"rendered":"<p><span style=\"font-weight: 400;\">Curs de reciclatge per saber reaccionar i actuar correctament davant una parada cardiorespirat\u00f2ria inesperada. Impartit per experts en primers auxilis i emerg\u00e8ncies sanit\u00e0ries.<\/span><\/p>\n","protected":false},"featured_media":3754,"template":"","meta":{"_acf_changed":false},"product_brand":[],"product_cat":[76,52],"product_tag":[69],"class_list":{"0":"post-3753","1":"product","2":"type-product","3":"status-publish","4":"has-post-thumbnail","6":"product_cat-cursos-primers-auxilis-i-cardioproteccio","7":"product_cat-primers-auxilis-i-cardioproteccio","8":"product_tag-presencial","10":"first","11":"instock","12":"virtual","13":"product-type-simple"},"acf":[],"yoast_head":"<!-- This site is optimized with the Yoast SEO plugin v26.9 - https:\/\/yoast.com\/product\/yoast-seo-wordpress\/ -->\n<title>Curs de Suport Vital B\u00e0sic i \u00fas del Desfibril\u00b7lador - Mutuacat Empresa<\/title>\n<meta name=\"description\" content=\"Oferim formacions de qualitat teoricopr\u00e0ctiques, que preparen per saber reaccionar i actuar correctament davant una parada cardiorespirat\u00f2ria inesperada.\" \/>\n<meta name=\"robots\" content=\"index, follow, max-snippet:-1, max-image-preview:large, max-video-preview:-1\" \/>\n<link rel=\"canonical\" href=\"https:\/\/www.mutuacat.cat\/empresa\/formacio\/suport-vital-basic-i-us-del-desfibrillador-reciclatge\/\" \/>\n<meta property=\"og:locale\" content=\"ca_ES\" \/>\n<meta property=\"og:type\" content=\"article\" \/>\n<meta property=\"og:title\" content=\"Curs de Suport Vital B\u00e0sic i \u00fas del Desfibril\u00b7lador - Mutuacat Empresa\" \/>\n<meta property=\"og:description\" content=\"Oferim formacions de qualitat teoricopr\u00e0ctiques, que preparen per saber reaccionar i actuar correctament davant una parada cardiorespirat\u00f2ria inesperada.\" \/>\n<meta property=\"og:url\" content=\"https:\/\/www.mutuacat.cat\/empresa\/formacio\/suport-vital-basic-i-us-del-desfibrillador-reciclatge\/\" \/>\n<meta property=\"og:site_name\" content=\"Mutuacat Empresa\" \/>\n<meta property=\"article:modified_time\" content=\"2025-12-23T12:21:14+00:00\" \/>\n<meta property=\"og:image\" content=\"https:\/\/www.mutuacat.cat\/empresa\/wp-content\/uploads\/2025\/12\/Formacio-768x768-1.jpg\" \/>\n\t<meta property=\"og:image:width\" content=\"768\" \/>\n\t<meta property=\"og:image:height\" content=\"768\" \/>\n\t<meta property=\"og:image:type\" content=\"image\/jpeg\" \/>\n<meta name=\"twitter:card\" content=\"summary_large_image\" \/>\n<script type=\"application\/ld+json\" class=\"yoast-schema-graph\">{\"@context\":\"https:\/\/schema.org\",\"@graph\":[{\"@type\":\"WebPage\",\"@id\":\"https:\/\/www.mutuacat.cat\/empresa\/formacio\/suport-vital-basic-i-us-del-desfibrillador-reciclatge\/\",\"url\":\"https:\/\/www.mutuacat.cat\/empresa\/formacio\/suport-vital-basic-i-us-del-desfibrillador-reciclatge\/\",\"name\":\"Curs de Suport Vital B\u00e0sic i \u00fas del Desfibril\u00b7lador - Mutuacat Empresa\",\"isPartOf\":{\"@id\":\"https:\/\/www.mutuacat.cat\/empresa\/#website\"},\"primaryImageOfPage\":{\"@id\":\"https:\/\/www.mutuacat.cat\/empresa\/formacio\/suport-vital-basic-i-us-del-desfibrillador-reciclatge\/#primaryimage\"},\"image\":{\"@id\":\"https:\/\/www.mutuacat.cat\/empresa\/formacio\/suport-vital-basic-i-us-del-desfibrillador-reciclatge\/#primaryimage\"},\"thumbnailUrl\":\"https:\/\/www.mutuacat.cat\/empresa\/wp-content\/uploads\/2025\/12\/Formacio-768x768-1.jpg\",\"datePublished\":\"2025-12-22T10:02:34+00:00\",\"dateModified\":\"2025-12-23T12:21:14+00:00\",\"description\":\"Oferim formacions de qualitat teoricopr\u00e0ctiques, que preparen per saber reaccionar i actuar correctament davant una parada cardiorespirat\u00f2ria inesperada.\",\"breadcrumb\":{\"@id\":\"https:\/\/www.mutuacat.cat\/empresa\/formacio\/suport-vital-basic-i-us-del-desfibrillador-reciclatge\/#breadcrumb\"},\"inLanguage\":\"ca\",\"potentialAction\":[{\"@type\":\"ReadAction\",\"target\":[\"https:\/\/www.mutuacat.cat\/empresa\/formacio\/suport-vital-basic-i-us-del-desfibrillador-reciclatge\/\"]}]},{\"@type\":\"ImageObject\",\"inLanguage\":\"ca\",\"@id\":\"https:\/\/www.mutuacat.cat\/empresa\/formacio\/suport-vital-basic-i-us-del-desfibrillador-reciclatge\/#primaryimage\",\"url\":\"https:\/\/www.mutuacat.cat\/empresa\/wp-content\/uploads\/2025\/12\/Formacio-768x768-1.jpg\",\"contentUrl\":\"https:\/\/www.mutuacat.cat\/empresa\/wp-content\/uploads\/2025\/12\/Formacio-768x768-1.jpg\",\"width\":768,\"height\":768},{\"@type\":\"BreadcrumbList\",\"@id\":\"https:\/\/www.mutuacat.cat\/empresa\/formacio\/suport-vital-basic-i-us-del-desfibrillador-reciclatge\/#breadcrumb\",\"itemListElement\":[{\"@type\":\"ListItem\",\"position\":1,\"name\":\"Inici\",\"item\":\"https:\/\/www.mutuacat.cat\/empresa\/\"},{\"@type\":\"ListItem\",\"position\":2,\"name\":\"Formaci\u00f3\",\"item\":\"https:\/\/www.mutuacat.cat\/empresa\/formacio\/\"},{\"@type\":\"ListItem\",\"position\":3,\"name\":\"Suport Vital B\u00e0sic i \u00fas del Desfibril\u00b7lador (reciclatge)\"}]},{\"@type\":\"WebSite\",\"@id\":\"https:\/\/www.mutuacat.cat\/empresa\/#website\",\"url\":\"https:\/\/www.mutuacat.cat\/empresa\/\",\"name\":\"Mutuacat Empresa\",\"description\":\"\",\"potentialAction\":[{\"@type\":\"SearchAction\",\"target\":{\"@type\":\"EntryPoint\",\"urlTemplate\":\"https:\/\/www.mutuacat.cat\/empresa\/?s={search_term_string}\"},\"query-input\":{\"@type\":\"PropertyValueSpecification\",\"valueRequired\":true,\"valueName\":\"search_term_string\"}}],\"inLanguage\":\"ca\"}]}<\/script>\n<!-- \/ Yoast SEO plugin. -->","yoast_head_json":{"title":"Curs de Suport Vital B\u00e0sic i \u00fas del Desfibril\u00b7lador - Mutuacat Empresa","description":"Oferim formacions de qualitat teoricopr\u00e0ctiques, que preparen per saber reaccionar i actuar correctament davant una parada cardiorespirat\u00f2ria inesperada.","robots":{"index":"index","follow":"follow","max-snippet":"max-snippet:-1","max-image-preview":"max-image-preview:large","max-video-preview":"max-video-preview:-1"},"canonical":"https:\/\/www.mutuacat.cat\/empresa\/formacio\/suport-vital-basic-i-us-del-desfibrillador-reciclatge\/","og_locale":"ca_ES","og_type":"article","og_title":"Curs de Suport Vital B\u00e0sic i \u00fas del Desfibril\u00b7lador - Mutuacat Empresa","og_description":"Oferim formacions de qualitat teoricopr\u00e0ctiques, que preparen per saber reaccionar i actuar correctament davant una parada cardiorespirat\u00f2ria inesperada.","og_url":"https:\/\/www.mutuacat.cat\/empresa\/formacio\/suport-vital-basic-i-us-del-desfibrillador-reciclatge\/","og_site_name":"Mutuacat Empresa","article_modified_time":"2025-12-23T12:21:14+00:00","og_image":[{"width":768,"height":768,"url":"https:\/\/www.mutuacat.cat\/empresa\/wp-content\/uploads\/2025\/12\/Formacio-768x768-1.jpg","type":"image\/jpeg"}],"twitter_card":"summary_large_image","schema":{"@context":"https:\/\/schema.org","@graph":[{"@type":"WebPage","@id":"https:\/\/www.mutuacat.cat\/empresa\/formacio\/suport-vital-basic-i-us-del-desfibrillador-reciclatge\/","url":"https:\/\/www.mutuacat.cat\/empresa\/formacio\/suport-vital-basic-i-us-del-desfibrillador-reciclatge\/","name":"Curs de Suport Vital B\u00e0sic i \u00fas del Desfibril\u00b7lador - Mutuacat Empresa","isPartOf":{"@id":"https:\/\/www.mutuacat.cat\/empresa\/#website"},"primaryImageOfPage":{"@id":"https:\/\/www.mutuacat.cat\/empresa\/formacio\/suport-vital-basic-i-us-del-desfibrillador-reciclatge\/#primaryimage"},"image":{"@id":"https:\/\/www.mutuacat.cat\/empresa\/formacio\/suport-vital-basic-i-us-del-desfibrillador-reciclatge\/#primaryimage"},"thumbnailUrl":"https:\/\/www.mutuacat.cat\/empresa\/wp-content\/uploads\/2025\/12\/Formacio-768x768-1.jpg","datePublished":"2025-12-22T10:02:34+00:00","dateModified":"2025-12-23T12:21:14+00:00","description":"Oferim formacions de qualitat teoricopr\u00e0ctiques, que preparen per saber reaccionar i actuar correctament davant una parada cardiorespirat\u00f2ria inesperada.","breadcrumb":{"@id":"https:\/\/www.mutuacat.cat\/empresa\/formacio\/suport-vital-basic-i-us-del-desfibrillador-reciclatge\/#breadcrumb"},"inLanguage":"ca","potentialAction":[{"@type":"ReadAction","target":["https:\/\/www.mutuacat.cat\/empresa\/formacio\/suport-vital-basic-i-us-del-desfibrillador-reciclatge\/"]}]},{"@type":"ImageObject","inLanguage":"ca","@id":"https:\/\/www.mutuacat.cat\/empresa\/formacio\/suport-vital-basic-i-us-del-desfibrillador-reciclatge\/#primaryimage","url":"https:\/\/www.mutuacat.cat\/empresa\/wp-content\/uploads\/2025\/12\/Formacio-768x768-1.jpg","contentUrl":"https:\/\/www.mutuacat.cat\/empresa\/wp-content\/uploads\/2025\/12\/Formacio-768x768-1.jpg","width":768,"height":768},{"@type":"BreadcrumbList","@id":"https:\/\/www.mutuacat.cat\/empresa\/formacio\/suport-vital-basic-i-us-del-desfibrillador-reciclatge\/#breadcrumb","itemListElement":[{"@type":"ListItem","position":1,"name":"Inici","item":"https:\/\/www.mutuacat.cat\/empresa\/"},{"@type":"ListItem","position":2,"name":"Formaci\u00f3","item":"https:\/\/www.mutuacat.cat\/empresa\/formacio\/"},{"@type":"ListItem","position":3,"name":"Suport Vital B\u00e0sic i \u00fas del Desfibril\u00b7lador (reciclatge)"}]},{"@type":"WebSite","@id":"https:\/\/www.mutuacat.cat\/empresa\/#website","url":"https:\/\/www.mutuacat.cat\/empresa\/","name":"Mutuacat Empresa","description":"","potentialAction":[{"@type":"SearchAction","target":{"@type":"EntryPoint","urlTemplate":"https:\/\/www.mutuacat.cat\/empresa\/?s={search_term_string}"},"query-input":{"@type":"PropertyValueSpecification","valueRequired":true,"valueName":"search_term_string"}}],"inLanguage":"ca"}]}},"_links":{"self":[{"href":"https:\/\/www.mutuacat.cat\/empresa\/wp-json\/wp\/v2\/product\/3753","targetHints":{"allow":["GET"]}}],"collection":[{"href":"https:\/\/www.mutuacat.cat\/empresa\/wp-json\/wp\/v2\/product"}],"about":[{"href":"https:\/\/www.mutuacat.cat\/empresa\/wp-json\/wp\/v2\/types\/product"}],"version-history":[{"count":12,"href":"https:\/\/www.mutuacat.cat\/empresa\/wp-json\/wp\/v2\/product\/3753\/revisions"}],"predecessor-version":[{"id":3855,"href":"https:\/\/www.mutuacat.cat\/empresa\/wp-json\/wp\/v2\/product\/3753\/revisions\/3855"}],"wp:featuredmedia":[{"embeddable":true,"href":"https:\/\/www.mutuacat.cat\/empresa\/wp-json\/wp\/v2\/media\/3754"}],"wp:attachment":[{"href":"https:\/\/www.mutuacat.cat\/empresa\/wp-json\/wp\/v2\/media?parent=3753"}],"wp:term":[{"taxonomy":"product_brand","embeddable":true,"href":"https:\/\/www.mutuacat.cat\/empresa\/wp-json\/wp\/v2\/product_brand?post=3753"},{"taxonomy":"product_cat","embeddable":true,"href":"https:\/\/www.mutuacat.cat\/empresa\/wp-json\/wp\/v2\/product_cat?post=3753"},{"taxonomy":"product_tag","embeddable":true,"href":"https:\/\/www.mutuacat.cat\/empresa\/wp-json\/wp\/v2\/product_tag?post=3753"}],"curies":[{"name":"wp","href":"https:\/\/api.w.org\/{rel}","templated":true}]}}